{"id":5575,"date":"2022-08-05T17:31:52","date_gmt":"2022-08-05T09:31:52","guid":{"rendered":"https:\/\/www.focoinduction.com\/precalentamiento-por-induccion-de-extremos-de-barras-de-hierro-para-conformado-en-caliente\/"},"modified":"2023-05-15T14:46:30","modified_gmt":"2023-05-15T06:46:30","slug":"precalentamiento-por-induccion-de-extremos-de-barras-de-hierro-para-conformado-en-caliente","status":"publish","type":"page","link":"https:\/\/www.focoinduction.com\/es\/aplicaciones\/forja-por-induccion\/precalentamiento-por-induccion-de-extremos-de-barras-de-hierro-para-conformado-en-caliente\/","title":{"rendered":"Precalentamiento por inducci\u00f3n de extremos de barras de hierro para conformado en caliente"},"content":{"rendered":"<p><div class=\"fusion-fullwidth fullwidth-box fusion-builder-row-1 fusion-flex-container nonhundred-percent-fullwidth non-hundred-percent-height-scrolling\" style=\"--awb-border-sizes-bottom:1px;--awb-border-radius-top-left:0px;--awb-border-radius-top-right:0px;--awb-border-radius-bottom-right:0px;--awb-border-radius-bottom-left:0px;--awb-flex-wrap:wrap;\" ><div class=\"fusion-builder-row fusion-row fusion-flex-align-items-flex-start fusion-flex-content-wrap\" style=\"max-width:1248px;margin-left: calc(-4% \/ 2 );margin-right: calc(-4% \/ 2 );\"><div class=\"fusion-layout-column fusion_builder_column fusion-builder-column-0 fusion_builder_column_1_1 1_1 fusion-flex-column\" style=\"--awb-bg-size:cover;--awb-width-large:100%;--awb-margin-top-large:0px;--awb-spacing-right-large:1.92%;--awb-margin-bottom-large:20px;--awb-spacing-left-large:1.92%;--awb-width-medium:100%;--awb-order-medium:0;--awb-spacing-right-medium:1.92%;--awb-spacing-left-medium:1.92%;--awb-width-small:100%;--awb-order-small:0;--awb-spacing-right-small:1.92%;--awb-spacing-left-small:1.92%;\"><div class=\"fusion-column-wrapper fusion-column-has-shadow fusion-flex-justify-content-flex-start fusion-content-layout-column\"><div class=\"fusion-text fusion-text-1\"><h2>Aplicaciones de precalentamiento por inducci\u00f3n<\/h2>\n<p>Una planta de forja de barras de hierro necesitaba precalentar por inducci\u00f3n los extremos de las barras de hierro para su conformaci\u00f3n en caliente. Una punta de varilla de hierro de 30 mm de di\u00e1metro y 50 mm de longitud se calentar\u00e1 a 850 \u00b0C en 10 segundos. Seg\u00fan la velocidad de producci\u00f3n requerida por el proceso de forja posterior, utilizamos el m\u00e9todo de alimentaci\u00f3n manual en el proceso de calentamiento por inducci\u00f3n.<\/p>\n<p><strong>Los par\u00e1metros principales:<\/strong><\/p>\n<ul>\n<li>Temperatura de calentamiento: 850 \u00b0C.<\/li>\n<li>Precalentamiento de la pieza: extremo de la barra de hierro.<\/li>\n<li>Tiempo de calentamiento: 7 segundos.<\/li>\n<li>Potencia: 45 kW.<\/li>\n<\/ul>\n<p><strong>Equipo de calefacci\u00f3n:<\/strong><\/p>\n<ul>\n<li><span style=\"color: #0000ff;\"><a style=\"color: #0000ff;\" href=\"https:\/\/www.focoinduction.com\/es\/maquina-de-calentamiento-por-induccion-de-media-frecuencia\/\" target=\"_blank\" rel=\"noopener\">M\u00e1quina de calentamiento por inducci\u00f3n de frecuencia media de 45 kW.<\/a><\/span><\/li>\n<li>Bobina de inducci\u00f3n de 5 orificios personalizada.<\/li>\n<li>Term\u00f3metro de infrarrojos.<\/li>\n<\/ul>\n<p><strong>Proceso de calentamiento por inducci\u00f3n del extremo de la barra de hierro:<\/strong><\/p>\n<ol>\n<li>Inserte los extremos de las varillas de hierro en los orificios de la bobina de inducci\u00f3n en secuencia.<\/li>\n<li>La primera barra de hierro se calienta a 850 \u00b0C en 7 segundos.<\/li>\n<li>Retire la primera barra de hierro e inserte una nueva.<\/li>\n<\/ol>\n<p><strong>Conclusi\u00f3n<\/strong><\/p>\n<p>La m\u00e1quina de calentamiento por inducci\u00f3n de frecuencia media de 45 kW puede calentar el extremo de una barra de hierro de 30 mm de di\u00e1metro y 50 mm de longitud hasta 850 \u00b0C en 7 segundos. Las puntas de varilla de hierro precalentadas por inducci\u00f3n son muy eficaces para el conformado en caliente, con tiempos de calentamiento cortos y menor descarburaci\u00f3n oxidativa.<\/p>\n<p>FOCO <span style=\"color: #0000ff;\"><br \/>\n  <a style=\"color: #0000ff;\" href=\"https:\/\/www.focoinduction.com\/es\/productos\/sistema-de-calentamiento-por-induccion-para-forja\/\" target=\"_blank\" rel=\"noopener\">sistemas de calentamiento por inducci\u00f3n<\/a><br \/>\n<\/span> son adecuados para precalentar varillas de acero, hierro, cobre y aluminio. Podemos ofrecer soluciones completas para proyectos de forja en caliente.<\/p>\n<p>M\u00e1s informaci\u00f3n sobre <a href=\"https:\/\/www.focoinduction.com\/induction-heating-applications\/induction-forging\/\" target=\"_blank\" rel=\"noopener\"><br \/>\n  <span style=\"color: #0000ff;\">calentamiento por inducci\u00f3n y aplicaciones de forja<\/span><br \/>\n<\/a>.<\/p>\n<\/div><\/div><\/div><\/div><\/div><div class=\"fusion-fullwidth fullwidth-box fusion-builder-row-2 fusion-flex-container nonhundred-percent-fullwidth non-hundred-percent-height-scrolling\" style=\"--awb-border-sizes-bottom:1px;--awb-border-radius-top-left:0px;--awb-border-radius-top-right:0px;--awb-border-radius-bottom-right:0px;--awb-border-radius-bottom-left:0px;--awb-flex-wrap:wrap;\" ><div class=\"fusion-builder-row fusion-row fusion-flex-align-items-flex-start fusion-flex-content-wrap\" style=\"max-width:1248px;margin-left: calc(-4% \/ 2 );margin-right: calc(-4% \/ 2 );\"><div class=\"fusion-layout-column fusion_builder_column fusion-builder-column-1 fusion_builder_column_1_1 1_1 fusion-flex-column\" style=\"--awb-bg-size:cover;--awb-width-large:100%;--awb-margin-top-large:0px;--awb-spacing-right-large:1.92%;--awb-margin-bottom-large:20px;--awb-spacing-left-large:1.92%;--awb-width-medium:100%;--awb-order-medium:0;--awb-spacing-right-medium:1.92%;--awb-spacing-left-medium:1.92%;--awb-width-small:100%;--awb-order-small:0;--awb-spacing-right-small:1.92%;--awb-spacing-left-small:1.92%;\"><div class=\"fusion-column-wrapper fusion-column-has-shadow fusion-flex-justify-content-flex-start fusion-content-layout-column\"><div class=\"fusion-text fusion-text-2\" style=\"--awb-text-transform:none;\"><h3>V\u00eddeos de Precalentamiento por inducci\u00f3n de puntas de barras de hierro<\/h3>\n<\/div><\/div><\/div><div class=\"fusion-layout-column fusion_builder_column fusion-builder-column-2 fusion_builder_column_1_1 1_1 fusion-flex-column\" style=\"--awb-bg-size:cover;--awb-width-large:100%;--awb-margin-top-large:0px;--awb-spacing-right-large:1.92%;--awb-margin-bottom-large:20px;--awb-spacing-left-large:1.92%;--awb-width-medium:100%;--awb-order-medium:0;--awb-spacing-right-medium:1.92%;--awb-spacing-left-medium:1.92%;--awb-width-small:100%;--awb-order-small:0;--awb-spacing-right-small:1.92%;--awb-spacing-left-small:1.92%;\"><div class=\"fusion-column-wrapper fusion-column-has-shadow fusion-flex-justify-content-flex-start fusion-content-layout-column\"><div class=\"fusion-video fusion-youtube\" style=\"--awb-max-width:600px;--awb-max-height:360px;\"><div class=\"video-shortcode\"><lite-youtube videoid=\"_hPlNNhABXM\" class=\"landscape\" params=\"wmode=transparent&autoplay=1&amp;enablejsapi=1\" title=\"Induction Preheating of Iron Bar End for Hot Forming\" data-button-label=\"Play Video\" width=\"600\" height=\"360\" data-thumbnail-size=\"auto\" data-no-cookie=\"on\"><\/lite-youtube><\/div><\/div><\/div><\/div><\/div><\/div><\/p>\n","protected":false},"excerpt":{"rendered":"","protected":false},"author":1,"featured_media":4054,"parent":5715,"menu_order":0,"comment_status":"closed","ping_status":"closed","template":"","meta":{"footnotes":""},"class_list":["post-5575","page","type-page","status-publish","has-post-thumbnail","hentry"],"_links":{"self":[{"href":"https:\/\/www.focoinduction.com\/es\/wp-json\/wp\/v2\/pages\/5575","targetHints":{"allow":["GET"]}}],"collection":[{"href":"https:\/\/www.focoinduction.com\/es\/wp-json\/wp\/v2\/pages"}],"about":[{"href":"https:\/\/www.focoinduction.com\/es\/wp-json\/wp\/v2\/types\/page"}],"author":[{"embeddable":true,"href":"https:\/\/www.focoinduction.com\/es\/wp-json\/wp\/v2\/users\/1"}],"replies":[{"embeddable":true,"href":"https:\/\/www.focoinduction.com\/es\/wp-json\/wp\/v2\/comments?post=5575"}],"version-history":[{"count":0,"href":"https:\/\/www.focoinduction.com\/es\/wp-json\/wp\/v2\/pages\/5575\/revisions"}],"up":[{"embeddable":true,"href":"https:\/\/www.focoinduction.com\/es\/wp-json\/wp\/v2\/pages\/5715"}],"wp:featuredmedia":[{"embeddable":true,"href":"https:\/\/www.focoinduction.com\/es\/wp-json\/wp\/v2\/media\/4054"}],"wp:attachment":[{"href":"https:\/\/www.focoinduction.com\/es\/wp-json\/wp\/v2\/media?parent=5575"}],"curies":[{"name":"wp","href":"https:\/\/api.w.org\/{rel}","templated":true}]}}