{"id":5576,"date":"2022-05-30T15:14:46","date_gmt":"2022-05-30T07:14:46","guid":{"rendered":"https:\/\/www.focoinduction.com\/fundicion-por-induccion-de-oro-de-pepitas\/"},"modified":"2023-05-15T14:46:30","modified_gmt":"2023-05-15T06:46:30","slug":"fundicion-por-induccion-de-oro-de-pepitas","status":"publish","type":"page","link":"https:\/\/www.focoinduction.com\/es\/aplicaciones\/fusion-por-induccion\/fundicion-por-induccion-de-oro-de-pepitas\/","title":{"rendered":"Fundici\u00f3n por inducci\u00f3n de oro de pepitas"},"content":{"rendered":"<p><div class=\"fusion-fullwidth fullwidth-box fusion-builder-row-1 fusion-flex-container nonhundred-percent-fullwidth non-hundred-percent-height-scrolling\" style=\"--awb-border-radius-top-left:0px;--awb-border-radius-top-right:0px;--awb-border-radius-bottom-right:0px;--awb-border-radius-bottom-left:0px;--awb-flex-wrap:wrap;\" ><div class=\"fusion-builder-row fusion-row fusion-flex-align-items-flex-start fusion-flex-content-wrap\" style=\"max-width:1248px;margin-left: calc(-4% \/ 2 );margin-right: calc(-4% \/ 2 );\"><div class=\"fusion-layout-column fusion_builder_column fusion-builder-column-0 fusion_builder_column_1_1 1_1 fusion-flex-column\" style=\"--awb-bg-size:cover;--awb-width-large:100%;--awb-margin-top-large:0px;--awb-spacing-right-large:1.92%;--awb-margin-bottom-large:20px;--awb-spacing-left-large:1.92%;--awb-width-medium:100%;--awb-order-medium:0;--awb-spacing-right-medium:1.92%;--awb-spacing-left-medium:1.92%;--awb-width-small:100%;--awb-order-small:0;--awb-spacing-right-small:1.92%;--awb-spacing-left-small:1.92%;\"><div class=\"fusion-column-wrapper fusion-column-has-shadow fusion-flex-justify-content-flex-start fusion-content-layout-column\"><div class=\"fusion-text fusion-text-1\"><h2>Fundici\u00f3n y refinado de oro de aluvi\u00f3n con calentamiento por inducci\u00f3n<\/h2>\n<p>El cliente desea fundir 50 kg de oro aluvial de placer en 30 minutos y realizar una purificaci\u00f3n preliminar. El oro de aluvi\u00f3n es un tipo de mineral de oro. Procede de mineral aluvial. Es el oro que se forma al separar el oro y las vetas de cuarzo del oro de roca del cuerpo de monta\u00f1a lavado por el agua del r\u00edo.<\/p>\n<p>El oro es un s\u00f3lido a temperatura ambiente, con gran densidad, suavidad, brillo y resistencia a la corrosi\u00f3n. Es el metal con la mejor ductilidad, s\u00f3lo superado por el platino, y es uno de los metales m\u00e1s d\u00factiles.<\/p>\n<ul>\n<li>Punto de fusi\u00f3n del oro: 1064 \u2103.<\/li>\n<li>Densidad del oro: 19,32 g\/ cm\u00b3 (20 \u2103).<\/li>\n<\/ul>\n<\/div><\/div><\/div><\/div><\/div><div class=\"fusion-fullwidth fullwidth-box fusion-builder-row-2 fusion-flex-container nonhundred-percent-fullwidth non-hundred-percent-height-scrolling\" style=\"--awb-border-radius-top-left:0px;--awb-border-radius-top-right:0px;--awb-border-radius-bottom-right:0px;--awb-border-radius-bottom-left:0px;--awb-flex-wrap:wrap;\" ><div class=\"fusion-builder-row fusion-row fusion-flex-align-items-flex-start fusion-flex-content-wrap\" style=\"max-width:1248px;margin-left: calc(-4% \/ 2 );margin-right: calc(-4% \/ 2 );\"><div class=\"fusion-layout-column fusion_builder_column fusion-builder-column-1 fusion_builder_column_1_1 1_1 fusion-flex-column\" style=\"--awb-bg-size:cover;--awb-width-large:100%;--awb-margin-top-large:0px;--awb-spacing-right-large:1.92%;--awb-margin-bottom-large:20px;--awb-spacing-left-large:1.92%;--awb-width-medium:100%;--awb-order-medium:0;--awb-spacing-right-medium:1.92%;--awb-spacing-left-medium:1.92%;--awb-width-small:100%;--awb-order-small:0;--awb-spacing-right-small:1.92%;--awb-spacing-left-small:1.92%;\"><div class=\"fusion-column-wrapper fusion-column-has-shadow fusion-flex-justify-content-flex-start fusion-content-layout-column\"><div class=\"fusion-text fusion-text-2\"><h3>Equipo de calentamiento por inducci\u00f3n para fundir y refinar 50 kg de oro:<\/h3>\n<ul>\n<li>M\u00e1quina:<a href=\"https:\/\/www.focoinduction.com\/induction-heating-equipment\/induction-melting-furnace\/induction-gold-melting-furnace\/\" target=\"_blank\" rel=\"noopener\"><span style=\"color: #0000ff;\"> Horno de fusi\u00f3n por inducci\u00f3n<\/span><\/a> de 110 kW y 45 kW<a href=\"https:\/\/www.focoinduction.com\/induction-heating-equipment\/induction-melting-furnace\/induction-gold-melting-furnace\/\" target=\"_blank\" rel=\"noopener\"><span style=\"color: #0000ff;\"> para oro<\/span>.<\/a><\/li>\n<li>Rango de temperaturas: 1,200 \u2103 &#8211; 1,300 \u2103.<\/li>\n<li>Crisoles: Crisoles de arcilla y crisoles de grafito puro.<\/li>\n<\/ul>\n<\/div><\/div><\/div><\/div><\/div><div class=\"fusion-fullwidth fullwidth-box fusion-builder-row-3 fusion-flex-container nonhundred-percent-fullwidth non-hundred-percent-height-scrolling\" style=\"--awb-border-radius-top-left:0px;--awb-border-radius-top-right:0px;--awb-border-radius-bottom-right:0px;--awb-border-radius-bottom-left:0px;--awb-flex-wrap:wrap;\" ><div class=\"fusion-builder-row fusion-row fusion-flex-align-items-flex-start fusion-flex-content-wrap\" style=\"max-width:1248px;margin-left: calc(-4% \/ 2 );margin-right: calc(-4% \/ 2 );\"><div class=\"fusion-layout-column fusion_builder_column fusion-builder-column-2 fusion_builder_column_1_1 1_1 fusion-flex-column\" style=\"--awb-bg-size:cover;--awb-width-large:100%;--awb-margin-top-large:0px;--awb-spacing-right-large:1.92%;--awb-margin-bottom-large:20px;--awb-spacing-left-large:1.92%;--awb-width-medium:100%;--awb-order-medium:0;--awb-spacing-right-medium:1.92%;--awb-spacing-left-medium:1.92%;--awb-width-small:100%;--awb-order-small:0;--awb-spacing-right-small:1.92%;--awb-spacing-left-small:1.92%;\"><div class=\"fusion-column-wrapper fusion-column-has-shadow fusion-flex-justify-content-flex-start fusion-content-layout-column\"><div class=\"fusion-text fusion-text-3\"><h3>Fundici\u00f3n y refinado de oro:<\/h3>\n<p><strong>1. Calentamiento y fusi\u00f3n del oro de placer<\/strong><br \/>\nUtilizar un horno de fusi\u00f3n por inducci\u00f3n de 110 kW para fundir 50 kg de oro de aluvi\u00f3n y verterlo en moldes para formar lingotes de oro.<\/p>\n<ul>\n<li>Uso del crisol: crisol de grafito arcilloso.<\/li>\n<li>Tiempo de fusi\u00f3n: 25 minutos.<\/li>\n<\/ul>\n<p><strong>2. Purificaci\u00f3n de lingotes de oro<\/strong><br \/>\nUtilizar un horno de fusi\u00f3n por inducci\u00f3n de 45 kW para fundir de nuevo el lingote de oro de 20 kg y eliminar las impurezas.<\/p>\n<ul>\n<li>Uso del crisol: crisol de grafito puro.<\/li>\n<li>Tiempo de fusi\u00f3n: 20 minutos.<\/li>\n<\/ul>\n<\/div><\/div><\/div><\/div><\/div><div class=\"fusion-fullwidth fullwidth-box fusion-builder-row-4 fusion-flex-container nonhundred-percent-fullwidth non-hundred-percent-height-scrolling\" style=\"--awb-border-radius-top-left:0px;--awb-border-radius-top-right:0px;--awb-border-radius-bottom-right:0px;--awb-border-radius-bottom-left:0px;--awb-flex-wrap:wrap;\" ><div class=\"fusion-builder-row fusion-row fusion-flex-align-items-flex-start fusion-flex-content-wrap\" style=\"max-width:1248px;margin-left: calc(-4% \/ 2 );margin-right: calc(-4% \/ 2 );\"><div class=\"fusion-layout-column fusion_builder_column fusion-builder-column-3 fusion_builder_column_1_1 1_1 fusion-flex-column\" style=\"--awb-bg-size:cover;--awb-width-large:100%;--awb-margin-top-large:0px;--awb-spacing-right-large:1.92%;--awb-margin-bottom-large:20px;--awb-spacing-left-large:1.92%;--awb-width-medium:100%;--awb-order-medium:0;--awb-spacing-right-medium:1.92%;--awb-spacing-left-medium:1.92%;--awb-width-small:100%;--awb-order-small:0;--awb-spacing-right-small:1.92%;--awb-spacing-left-small:1.92%;\"><div class=\"fusion-column-wrapper fusion-column-has-shadow fusion-flex-justify-content-flex-start fusion-content-layout-column\"><div class=\"fusion-text fusion-text-4\"><h3>Sistema de refrigeraci\u00f3n por agua<\/h3>\n<p>Durante la prueba, utilizamos un sencillo sistema de refrigeraci\u00f3n por agua compuesto por una bomba de agua, tuber\u00edas y un dep\u00f3sito de agua. La bomba de agua bombea la baja temperatura del dep\u00f3sito de agua al interior de la m\u00e1quina para eliminar el calor generado por el funcionamiento de la m\u00e1quina.<\/p>\n<p>M\u00e1s informaci\u00f3n sobre <span style=\"color: #0000ff;\"><br \/>\n  <a style=\"color: #0000ff;\" href=\"https:\/\/www.focoinduction.com\/induction-heating-applications\/induction-melting\/\" target=\"_blank\" rel=\"noopener\">aplicaciones de fusi\u00f3n por inducci\u00f3n<\/a><br \/>\n<\/span>.<\/p>\n<\/div><\/div><\/div><\/div><\/div><div class=\"fusion-fullwidth fullwidth-box fusion-builder-row-5 fusion-flex-container nonhundred-percent-fullwidth non-hundred-percent-height-scrolling\" style=\"--awb-border-radius-top-left:0px;--awb-border-radius-top-right:0px;--awb-border-radius-bottom-right:0px;--awb-border-radius-bottom-left:0px;--awb-flex-wrap:wrap;\" ><div class=\"fusion-builder-row fusion-row fusion-flex-align-items-flex-start fusion-flex-content-wrap\" style=\"max-width:1248px;margin-left: calc(-4% \/ 2 );margin-right: calc(-4% \/ 2 );\"><div class=\"fusion-layout-column fusion_builder_column fusion-builder-column-4 fusion_builder_column_1_1 1_1 fusion-flex-column\" style=\"--awb-bg-size:cover;--awb-width-large:100%;--awb-margin-top-large:0px;--awb-spacing-right-large:1.92%;--awb-margin-bottom-large:20px;--awb-spacing-left-large:1.92%;--awb-width-medium:100%;--awb-order-medium:0;--awb-spacing-right-medium:1.92%;--awb-spacing-left-medium:1.92%;--awb-width-small:100%;--awb-order-small:0;--awb-spacing-right-small:1.92%;--awb-spacing-left-small:1.92%;\"><div class=\"fusion-column-wrapper fusion-column-has-shadow fusion-flex-justify-content-flex-start fusion-content-layout-column\"><div class=\"fusion-text fusion-text-5\"><h3>Fotos<\/h3>\n<\/div><div class=\"fusion-image-carousel fusion-image-carousel-auto fusion-image-carousel-1 lightbox-enabled fusion-carousel-border\"><div class=\"awb-carousel awb-swiper awb-swiper-carousel awb-carousel--carousel awb-swiper-dots-position-bottom\" data-layout=\"carousel\" data-autoplay=\"no\" data-autoplayspeed=\"3500\" data-autoplaypause=\"no\" data-columns=\"2\" data-columnsmedium=\"1\" data-columnssmall=\"1\" data-itemmargin=\"15\" data-itemwidth=\"180\" data-touchscroll=\"no\" data-freemode=\"no\" data-imagesize=\"auto\" data-scrollitems=\"0\" data-centeredslides=\"no\" data-rotationangle=\"50\" data-depth=\"100\" data-speed=\"500\" data-shadow=\"no\" data-pagination=\"bullets\" style=\"--awb-columns:2;--awb-column-spacing:15px;--awb-border-width:1px;--awb-border-color:#e9eaee;\"><div class=\"swiper-wrapper awb-image-carousel-wrapper fusion-flex-align-items-center\"><div class=\"swiper-slide\"><div class=\"fusion-carousel-item-wrapper\"><div class=\"fusion-image-wrapper hover-type-none\"><a data-rel=\"iLightbox[image_carousel_1]\" data-caption=\"Melting of Placer Gold with induction heating\" data-title=\"Melting of Placer Gold with induction heating\" aria-label=\"Melting of Placer Gold with induction heating\" href=\"https:\/\/www.focoinduction.com\/wp-content\/uploads\/2022\/05\/Melting-of-Placer-Gold-with-induction-heating.jpg\" target=\"_self\"><img decoding=\"async\" width=\"600\" height=\"400\" src=\"https:\/\/www.focoinduction.com\/wp-content\/uploads\/2022\/05\/Melting-of-Placer-Gold-with-induction-heating.jpg\" class=\"attachment-full size-full\" alt=\"Melting of Placer Gold with induction heating\" srcset=\"https:\/\/www.focoinduction.com\/wp-content\/uploads\/2022\/05\/Melting-of-Placer-Gold-with-induction-heating-200x133.jpg 200w, https:\/\/www.focoinduction.com\/wp-content\/uploads\/2022\/05\/Melting-of-Placer-Gold-with-induction-heating-400x267.jpg 400w, https:\/\/www.focoinduction.com\/wp-content\/uploads\/2022\/05\/Melting-of-Placer-Gold-with-induction-heating.jpg 600w\" sizes=\"(min-width: 2200px) 100vw, (min-width: 712px) 593px, (min-width: 640px) 712px, \" \/><\/a><\/div><\/div><\/div><div class=\"swiper-slide\"><div class=\"fusion-carousel-item-wrapper\"><div class=\"fusion-image-wrapper hover-type-none\"><a data-rel=\"iLightbox[image_carousel_1]\" data-caption=\"induction melting of 50kg placer gold\" data-title=\"induction melting of 50kg placer gold\" aria-label=\"induction melting of 50kg placer gold\" href=\"https:\/\/www.focoinduction.com\/wp-content\/uploads\/2022\/05\/induction-melting-of-50kg-placer-gold.jpg\" target=\"_self\"><img decoding=\"async\" width=\"600\" height=\"400\" src=\"https:\/\/www.focoinduction.com\/wp-content\/uploads\/2022\/05\/induction-melting-of-50kg-placer-gold.jpg\" class=\"attachment-full size-full\" alt=\"induction melting of 50kg placer gold\" srcset=\"https:\/\/www.focoinduction.com\/wp-content\/uploads\/2022\/05\/induction-melting-of-50kg-placer-gold-200x133.jpg 200w, https:\/\/www.focoinduction.com\/wp-content\/uploads\/2022\/05\/induction-melting-of-50kg-placer-gold-400x267.jpg 400w, https:\/\/www.focoinduction.com\/wp-content\/uploads\/2022\/05\/induction-melting-of-50kg-placer-gold.jpg 600w\" sizes=\"(min-width: 2200px) 100vw, (min-width: 712px) 593px, (min-width: 640px) 712px, \" \/><\/a><\/div><\/div><\/div><\/div><div class=\"awb-swiper-button awb-swiper-button-prev\"><i class=\"awb-icon-angle-left\" aria-hidden=\"true\"><\/i><\/div><div class=\"awb-swiper-button awb-swiper-button-next\"><i class=\"awb-icon-angle-right\" aria-hidden=\"true\"><\/i><\/div><\/div><\/div><\/div><\/div><\/div><\/div><\/p>\n","protected":false},"excerpt":{"rendered":"","protected":false},"author":1,"featured_media":3954,"parent":5763,"menu_order":0,"comment_status":"closed","ping_status":"closed","template":"","meta":{"footnotes":""},"class_list":["post-5576","page","type-page","status-publish","has-post-thumbnail","hentry"],"_links":{"self":[{"href":"https:\/\/www.focoinduction.com\/es\/wp-json\/wp\/v2\/pages\/5576","targetHints":{"allow":["GET"]}}],"collection":[{"href":"https:\/\/www.focoinduction.com\/es\/wp-json\/wp\/v2\/pages"}],"about":[{"href":"https:\/\/www.focoinduction.com\/es\/wp-json\/wp\/v2\/types\/page"}],"author":[{"embeddable":true,"href":"https:\/\/www.focoinduction.com\/es\/wp-json\/wp\/v2\/users\/1"}],"replies":[{"embeddable":true,"href":"https:\/\/www.focoinduction.com\/es\/wp-json\/wp\/v2\/comments?post=5576"}],"version-history":[{"count":0,"href":"https:\/\/www.focoinduction.com\/es\/wp-json\/wp\/v2\/pages\/5576\/revisions"}],"up":[{"embeddable":true,"href":"https:\/\/www.focoinduction.com\/es\/wp-json\/wp\/v2\/pages\/5763"}],"wp:featuredmedia":[{"embeddable":true,"href":"https:\/\/www.focoinduction.com\/es\/wp-json\/wp\/v2\/media\/3954"}],"wp:attachment":[{"href":"https:\/\/www.focoinduction.com\/es\/wp-json\/wp\/v2\/media?parent=5576"}],"curies":[{"name":"wp","href":"https:\/\/api.w.org\/{rel}","templated":true}]}}