{"id":5599,"date":"2022-08-11T11:37:06","date_gmt":"2022-08-11T03:37:06","guid":{"rendered":"https:\/\/www.focoinduction.com\/soldadura-por-induccion-de-tubo-de-cobre-a-valvula-de-desvio\/"},"modified":"2023-05-15T14:46:30","modified_gmt":"2023-05-15T06:46:30","slug":"soldadura-por-induccion-de-tubo-de-cobre-a-valvula-de-desvio","status":"publish","type":"page","link":"https:\/\/www.focoinduction.com\/es\/aplicaciones\/soldadura-por-induccion\/soldadura-por-induccion-de-tubo-de-cobre-a-valvula-de-desvio\/","title":{"rendered":"Soldadura por inducci\u00f3n de tubo de cobre a v\u00e1lvula de desv\u00edo"},"content":{"rendered":"<p><div class=\"fusion-fullwidth fullwidth-box fusion-builder-row-1 fusion-flex-container nonhundred-percent-fullwidth non-hundred-percent-height-scrolling\" style=\"--awb-border-sizes-bottom:1px;--awb-border-radius-top-left:0px;--awb-border-radius-top-right:0px;--awb-border-radius-bottom-right:0px;--awb-border-radius-bottom-left:0px;--awb-flex-wrap:wrap;\" ><div class=\"fusion-builder-row fusion-row fusion-flex-align-items-flex-start fusion-flex-content-wrap\" style=\"max-width:1248px;margin-left: calc(-4% \/ 2 );margin-right: calc(-4% \/ 2 );\"><div class=\"fusion-layout-column fusion_builder_column fusion-builder-column-0 fusion_builder_column_1_1 1_1 fusion-flex-column\" style=\"--awb-bg-size:cover;--awb-width-large:100%;--awb-margin-top-large:0px;--awb-spacing-right-large:1.92%;--awb-margin-bottom-large:20px;--awb-spacing-left-large:1.92%;--awb-width-medium:100%;--awb-order-medium:0;--awb-spacing-right-medium:1.92%;--awb-spacing-left-medium:1.92%;--awb-width-small:100%;--awb-order-small:0;--awb-spacing-right-small:1.92%;--awb-spacing-left-small:1.92%;\"><div class=\"fusion-column-wrapper fusion-column-has-shadow fusion-flex-justify-content-flex-start fusion-content-layout-column\"><div class=\"fusion-text fusion-text-1\"><h2>Aplicaciones de v\u00e1lvulas de desv\u00edo de soldadura por inducci\u00f3n<\/h2>\n<p>Suelde el tubo de cobre a la v\u00e1lvula desviadora mediante calentamiento por inducci\u00f3n. La soldadura por inducci\u00f3n de conjuntos de tubos de cobre puede mejorar eficazmente la eficiencia de la producci\u00f3n. La soldadura por inducci\u00f3n es un m\u00e9todo de soldadura eficaz, limpio, respetuoso con el medio ambiente y seguro. La soldadura por inducci\u00f3n del tubo de cobre de la v\u00e1lvula desviadora permite obtener resultados m\u00e1s uniformes.<\/p>\n<p><strong>Equipamiento:<\/strong><\/p>\n<p>10 kW <span style=\"color: #0000ff;\"><br \/>\n  <a style=\"color: #0000ff;\" href=\"https:\/\/www.focoinduction.com\/es\/productos\/maquinas-de-soldadura-por-induccion\/maquina-portatil-de-soldadura-por-induccion\/\" target=\"_blank\" rel=\"noopener\">M\u00e1quina port\u00e1til de soldadura por inducci\u00f3n<\/a><br \/>\n<\/span><\/p>\n<p>La m\u00e1quina de soldadura por inducci\u00f3n port\u00e1til m\u00f3vil es ideal para soldar tubos y componentes de cobre. Los equipos de soldadura por inducci\u00f3n est\u00e1n equipados con un cabezal de calentamiento por inducci\u00f3n manual y pueden equiparse con un sistema de refrigeraci\u00f3n por agua, lo que los hace ideales para trabajos de soldadura en espacios reducidos y zonas de dif\u00edcil acceso.<\/p>\n<p><strong>Proceso de soldadura fuerte:<\/strong><\/p>\n<p>Coloque la parte del tubo de cobre de la v\u00e1lvula de desv\u00edo que debe soldarse en la bobina de inducci\u00f3n. Utilizar fundente para las juntas de cobre mientras se calientan. En cuesti\u00f3n de segundos, el tubo de cobre se calienta hasta aproximadamente 800 \u00b0C, el fundente se funde y el tubo de cobre se suelda a la v\u00e1lvula desviadora del conjunto de cobre. El proceso de soldadura por inducci\u00f3n de tubos de cobre se completa en s\u00f3lo 20 segundos. Para la soldadura fuerte de tubos de cobre, el equipo de calentamiento por inducci\u00f3n FOCO puede automatizarse y garantizar resultados de soldadura fuertes y repetibles.<\/p>\n<p><strong>Ventajas de la soldadura por inducci\u00f3n<\/strong><\/p>\n<p>En comparaci\u00f3n con la soldadura tradicional con llama, la soldadura por inducci\u00f3n tiene muchas ventajas. Utilizando <span style=\"color: #0000ff;\"><br \/>\n  <a style=\"color: #0000ff;\" href=\"https:\/\/www.focoinduction.com\/es\/productos\/\" target=\"_blank\" rel=\"noopener\">equipos de calentamiento por inducci\u00f3n<\/a><br \/>\n<\/span> facilita la automatizaci\u00f3n de todo el proceso de soldadura, aumentando su productividad. Adem\u00e1s, la soldadura por inducci\u00f3n es un m\u00e9todo limpio, seguro y eficaz. Puede realizar el proceso de calentamiento a temperatura local, controlar con precisi\u00f3n la parte de calentamiento y reducir la p\u00e9rdida de energ\u00eda, por lo que es un m\u00e9todo de soldadura fuerte que ahorra energ\u00eda.<\/p>\n<p>M\u00e1s informaci\u00f3n sobre <span style=\"color: #0000ff;\"><br \/>\n  <a style=\"color: #0000ff;\" href=\"https:\/\/www.focoinduction.com\/induction-heating-applications\/induction-brazing\/\" target=\"_blank\" rel=\"noopener\">aplicaciones de la soldadura por inducci\u00f3n<\/a><br \/>\n<\/span>.<\/p>\n<\/div><\/div><\/div><\/div><\/div><div class=\"fusion-fullwidth fullwidth-box fusion-builder-row-2 fusion-flex-container nonhundred-percent-fullwidth non-hundred-percent-height-scrolling\" style=\"--awb-border-sizes-bottom:1px;--awb-border-radius-top-left:0px;--awb-border-radius-top-right:0px;--awb-border-radius-bottom-right:0px;--awb-border-radius-bottom-left:0px;--awb-flex-wrap:wrap;\" ><div class=\"fusion-builder-row fusion-row fusion-flex-align-items-flex-start fusion-flex-content-wrap\" style=\"max-width:1248px;margin-left: calc(-4% \/ 2 );margin-right: calc(-4% \/ 2 );\"><div class=\"fusion-layout-column fusion_builder_column fusion-builder-column-1 fusion_builder_column_1_1 1_1 fusion-flex-column\" style=\"--awb-bg-size:cover;--awb-width-large:100%;--awb-margin-top-large:0px;--awb-spacing-right-large:1.92%;--awb-margin-bottom-large:20px;--awb-spacing-left-large:1.92%;--awb-width-medium:100%;--awb-order-medium:0;--awb-spacing-right-medium:1.92%;--awb-spacing-left-medium:1.92%;--awb-width-small:100%;--awb-order-small:0;--awb-spacing-right-small:1.92%;--awb-spacing-left-small:1.92%;\"><div class=\"fusion-column-wrapper fusion-column-has-shadow fusion-flex-justify-content-flex-start fusion-content-layout-column\"><div class=\"fusion-text fusion-text-2\" style=\"--awb-text-transform:none;\"><h3>V\u00eddeos de soldadura por inducci\u00f3n<\/h3>\n<\/div><\/div><\/div><div class=\"fusion-layout-column fusion_builder_column fusion-builder-column-2 fusion_builder_column_1_1 1_1 fusion-flex-column\" style=\"--awb-bg-size:cover;--awb-width-large:100%;--awb-margin-top-large:0px;--awb-spacing-right-large:1.92%;--awb-margin-bottom-large:20px;--awb-spacing-left-large:1.92%;--awb-width-medium:100%;--awb-order-medium:0;--awb-spacing-right-medium:1.92%;--awb-spacing-left-medium:1.92%;--awb-width-small:100%;--awb-order-small:0;--awb-spacing-right-small:1.92%;--awb-spacing-left-small:1.92%;\"><div class=\"fusion-column-wrapper fusion-column-has-shadow fusion-flex-justify-content-flex-start fusion-content-layout-column\"><div class=\"fusion-video fusion-youtube\" style=\"--awb-max-width:600px;--awb-max-height:360px;\"><div class=\"video-shortcode\"><lite-youtube videoid=\"KkyryKdouiM\" class=\"landscape\" params=\"wmode=transparent&autoplay=1&amp;enablejsapi=1\" title=\"Induction Brzaing of Copper Tube to Diverter Valve\" data-button-label=\"Play Video\" width=\"600\" height=\"360\" data-thumbnail-size=\"auto\" data-no-cookie=\"on\"><\/lite-youtube><\/div><\/div><\/div><\/div><\/div><\/div><\/p>\n","protected":false},"excerpt":{"rendered":"","protected":false},"author":1,"featured_media":4058,"parent":5974,"menu_order":0,"comment_status":"closed","ping_status":"closed","template":"","meta":{"footnotes":""},"class_list":["post-5599","page","type-page","status-publish","has-post-thumbnail","hentry"],"_links":{"self":[{"href":"https:\/\/www.focoinduction.com\/es\/wp-json\/wp\/v2\/pages\/5599","targetHints":{"allow":["GET"]}}],"collection":[{"href":"https:\/\/www.focoinduction.com\/es\/wp-json\/wp\/v2\/pages"}],"about":[{"href":"https:\/\/www.focoinduction.com\/es\/wp-json\/wp\/v2\/types\/page"}],"author":[{"embeddable":true,"href":"https:\/\/www.focoinduction.com\/es\/wp-json\/wp\/v2\/users\/1"}],"replies":[{"embeddable":true,"href":"https:\/\/www.focoinduction.com\/es\/wp-json\/wp\/v2\/comments?post=5599"}],"version-history":[{"count":0,"href":"https:\/\/www.focoinduction.com\/es\/wp-json\/wp\/v2\/pages\/5599\/revisions"}],"up":[{"embeddable":true,"href":"https:\/\/www.focoinduction.com\/es\/wp-json\/wp\/v2\/pages\/5974"}],"wp:featuredmedia":[{"embeddable":true,"href":"https:\/\/www.focoinduction.com\/es\/wp-json\/wp\/v2\/media\/4058"}],"wp:attachment":[{"href":"https:\/\/www.focoinduction.com\/es\/wp-json\/wp\/v2\/media?parent=5599"}],"curies":[{"name":"wp","href":"https:\/\/api.w.org\/{rel}","templated":true}]}}