{"id":5658,"date":"2022-08-02T17:42:45","date_gmt":"2022-08-02T09:42:45","guid":{"rendered":"https:\/\/www.focoinduction.com\/fusion-por-induccion-de-50-kg-de-chatarra-de-cobre\/"},"modified":"2023-05-15T14:46:30","modified_gmt":"2023-05-15T06:46:30","slug":"fusion-por-induccion-de-50-kg-de-chatarra-de-cobre","status":"publish","type":"page","link":"https:\/\/www.focoinduction.com\/es\/aplicaciones\/fusion-por-induccion\/fusion-por-induccion-de-50-kg-de-chatarra-de-cobre\/","title":{"rendered":"Fusi\u00f3n por inducci\u00f3n de 50 kg de chatarra de cobre"},"content":{"rendered":"<p><div class=\"fusion-fullwidth fullwidth-box fusion-builder-row-1 fusion-flex-container nonhundred-percent-fullwidth non-hundred-percent-height-scrolling\" style=\"--awb-border-sizes-bottom:1px;--awb-border-radius-top-left:0px;--awb-border-radius-top-right:0px;--awb-border-radius-bottom-right:0px;--awb-border-radius-bottom-left:0px;--awb-flex-wrap:wrap;\" ><div class=\"fusion-builder-row fusion-row fusion-flex-align-items-flex-start fusion-flex-content-wrap\" style=\"max-width:1248px;margin-left: calc(-4% \/ 2 );margin-right: calc(-4% \/ 2 );\"><div class=\"fusion-layout-column fusion_builder_column fusion-builder-column-0 fusion_builder_column_1_1 1_1 fusion-flex-column\" style=\"--awb-bg-size:cover;--awb-width-large:100%;--awb-margin-top-large:0px;--awb-spacing-right-large:1.92%;--awb-margin-bottom-large:20px;--awb-spacing-left-large:1.92%;--awb-width-medium:100%;--awb-order-medium:0;--awb-spacing-right-medium:1.92%;--awb-spacing-left-medium:1.92%;--awb-width-small:100%;--awb-order-small:0;--awb-spacing-right-small:1.92%;--awb-spacing-left-small:1.92%;\"><div class=\"fusion-column-wrapper fusion-column-has-shadow fusion-flex-justify-content-flex-start fusion-content-layout-column\"><div class=\"fusion-text fusion-text-1\"><h2>Fusi\u00f3n de chatarra de cobre con horno de fusi\u00f3n de inducci\u00f3n basculante<\/h2>\n<p>El cliente desea fundir 50 kg de chatarra de cobre y colar lingotes de cobre para su venta. Ofrecemos un horno de fusi\u00f3n por inducci\u00f3n basculante de 45 kW que puede fundir 50 kg de cobre en 30 minutos.<\/p>\n<p><strong>Propiedades del cobre:<\/strong><\/p>\n<ul>\n<li>Punto de fusi\u00f3n: 1.083,4 \u2103.<\/li>\n<li>Densidad: 8,960 g\/cm\u00b3<\/li>\n<\/ul>\n<p><strong>Equipamiento:<\/strong><\/p>\n<ul>\n<li>45 kW <span style=\"color: #0000ff;\"><br \/>\n  <a style=\"color: #0000ff;\" href=\"https:\/\/www.focoinduction.com\/es\/productos\/hornos-de-fusion-por-induccion\/horno-de-fusion-de-induccion-basculante\/\" target=\"_blank\" rel=\"noopener\">Horno de fusi\u00f3n de inducci\u00f3n basculante.<\/a><br \/>\n<\/span><\/li>\n<li>Enfriadora industrial.<\/li>\n<\/ul>\n<p><strong>Proceso de fusi\u00f3n de 50 kg de cobre:<\/strong><\/p>\n<ol>\n<li>Encienda el interruptor del horno de fusi\u00f3n por inducci\u00f3n despu\u00e9s de que el enfriador est\u00e9 en funcionamiento. Introducir la chatarra de cobre en el horno.<\/li>\n<li>El material de chatarra de cobre debe calentarse hasta que est\u00e9 completamente fundido. El proceso completo dura unos 30 minutos.<\/li>\n<li>Una vez fundida la chatarra de cobre, ajuste la potencia de la m\u00e1quina para que el cobre quede en estado l\u00edquido.<\/li>\n<li>Vierta el cobre l\u00edquido en el recipiente o molde para fundir el lingote de cobre.<\/li>\n<\/ol>\n<p><strong>Ventajas del horno de fusi\u00f3n de inducci\u00f3n basculante:<\/strong><\/p>\n<ol>\n<li>Un proceso energ\u00e9ticamente eficiente, seguro y limpio.<\/li>\n<li>El efecto de agitaci\u00f3n electromagn\u00e9tica hace que el calentamiento sea m\u00e1s uniforme.<\/li>\n<li>La funci\u00f3n de conservaci\u00f3n del calor impedir\u00e1 que el cobre fundido se solidifique.<\/li>\n<li>Puede equiparse con un dispositivo de control remoto por infrarrojos.<\/li>\n<\/ol>\n<p>El horno de fusi\u00f3n de inducci\u00f3n tipo basculante FOCO puede fundir 10 kg en 250 kg de cobre y es la mejor opci\u00f3n para fundir 50 kg de chatarra de cobre. Fundir cobre por inducci\u00f3n es m\u00e1s r\u00e1pido y eficaz. FOCO puede suministrar <span style=\"color: #0000ff;\"><br \/>\n  <a style=\"color: #0000ff;\" href=\"https:\/\/www.focoinduction.com\/es\/productos\/hornos-de-fusion-por-induccion\/\" target=\"_blank\" rel=\"noopener\">horno de inducci\u00f3n<\/a><br \/>\n<\/span> para sus diferentes necesidades de fusi\u00f3n de metales.<\/p>\n<p>M\u00e1s informaci\u00f3n sobre <span style=\"color: #0000ff;\"><br \/>\n  <a style=\"color: #0000ff;\" href=\"https:\/\/www.focoinduction.com\/induction-heating-applications\/induction-melting\/\">aplicaciones de fusi\u00f3n por inducci\u00f3n<\/a><br \/>\n<\/span>.<\/p>\n<\/div><\/div><\/div><\/div><\/div><div class=\"fusion-fullwidth fullwidth-box fusion-builder-row-2 fusion-flex-container nonhundred-percent-fullwidth non-hundred-percent-height-scrolling\" style=\"--awb-border-sizes-bottom:1px;--awb-border-radius-top-left:0px;--awb-border-radius-top-right:0px;--awb-border-radius-bottom-right:0px;--awb-border-radius-bottom-left:0px;--awb-flex-wrap:wrap;\" ><div class=\"fusion-builder-row fusion-row fusion-flex-align-items-flex-start fusion-flex-content-wrap\" style=\"max-width:1248px;margin-left: calc(-4% \/ 2 );margin-right: calc(-4% \/ 2 );\"><div class=\"fusion-layout-column fusion_builder_column fusion-builder-column-1 fusion_builder_column_1_1 1_1 fusion-flex-column\" style=\"--awb-bg-size:cover;--awb-width-large:100%;--awb-margin-top-large:0px;--awb-spacing-right-large:1.92%;--awb-margin-bottom-large:20px;--awb-spacing-left-large:1.92%;--awb-width-medium:100%;--awb-order-medium:0;--awb-spacing-right-medium:1.92%;--awb-spacing-left-medium:1.92%;--awb-width-small:100%;--awb-order-small:0;--awb-spacing-right-small:1.92%;--awb-spacing-left-small:1.92%;\"><div class=\"fusion-column-wrapper fusion-column-has-shadow fusion-flex-justify-content-flex-start fusion-content-layout-column\"><div class=\"fusion-text fusion-text-2\" style=\"--awb-text-transform:none;\"><h3 class=\"entry-title fusion-responsive-typography-calculated\" data-fontsize=\"36\" data-lineheight=\"60.12px\">V\u00eddeos de Fusi\u00f3n por inducci\u00f3n de 50 kg de chatarra de cobre<\/h3>\n<\/div><\/div><\/div><div class=\"fusion-layout-column fusion_builder_column fusion-builder-column-2 fusion_builder_column_1_1 1_1 fusion-flex-column\" style=\"--awb-bg-size:cover;--awb-width-large:100%;--awb-margin-top-large:0px;--awb-spacing-right-large:1.92%;--awb-margin-bottom-large:20px;--awb-spacing-left-large:1.92%;--awb-width-medium:100%;--awb-order-medium:0;--awb-spacing-right-medium:1.92%;--awb-spacing-left-medium:1.92%;--awb-width-small:100%;--awb-order-small:0;--awb-spacing-right-small:1.92%;--awb-spacing-left-small:1.92%;\"><div class=\"fusion-column-wrapper fusion-column-has-shadow fusion-flex-justify-content-flex-start fusion-content-layout-column\"><div class=\"fusion-video fusion-youtube\" style=\"--awb-max-width:600px;--awb-max-height:360px;\"><div class=\"video-shortcode\"><lite-youtube videoid=\"pogH3kaiXI8\" class=\"landscape\" params=\"wmode=transparent&autoplay=1&amp;enablejsapi=1\" title=\"Induction Melting 50kg Scrap Copper\" data-button-label=\"Play Video\" width=\"600\" height=\"360\" data-thumbnail-size=\"auto\" data-no-cookie=\"on\"><\/lite-youtube><\/div><\/div><\/div><\/div><\/div><\/div><\/p>\n","protected":false},"excerpt":{"rendered":"","protected":false},"author":1,"featured_media":4046,"parent":5763,"menu_order":0,"comment_status":"closed","ping_status":"closed","template":"","meta":{"footnotes":""},"class_list":["post-5658","page","type-page","status-publish","has-post-thumbnail","hentry"],"_links":{"self":[{"href":"https:\/\/www.focoinduction.com\/es\/wp-json\/wp\/v2\/pages\/5658","targetHints":{"allow":["GET"]}}],"collection":[{"href":"https:\/\/www.focoinduction.com\/es\/wp-json\/wp\/v2\/pages"}],"about":[{"href":"https:\/\/www.focoinduction.com\/es\/wp-json\/wp\/v2\/types\/page"}],"author":[{"embeddable":true,"href":"https:\/\/www.focoinduction.com\/es\/wp-json\/wp\/v2\/users\/1"}],"replies":[{"embeddable":true,"href":"https:\/\/www.focoinduction.com\/es\/wp-json\/wp\/v2\/comments?post=5658"}],"version-history":[{"count":0,"href":"https:\/\/www.focoinduction.com\/es\/wp-json\/wp\/v2\/pages\/5658\/revisions"}],"up":[{"embeddable":true,"href":"https:\/\/www.focoinduction.com\/es\/wp-json\/wp\/v2\/pages\/5763"}],"wp:featuredmedia":[{"embeddable":true,"href":"https:\/\/www.focoinduction.com\/es\/wp-json\/wp\/v2\/media\/4046"}],"wp:attachment":[{"href":"https:\/\/www.focoinduction.com\/es\/wp-json\/wp\/v2\/media?parent=5658"}],"curies":[{"name":"wp","href":"https:\/\/api.w.org\/{rel}","templated":true}]}}