{"id":5767,"date":"2022-04-09T13:12:01","date_gmt":"2022-04-09T05:12:01","guid":{"rendered":"https:\/\/www.focoinduction.com\/soldadura-por-induccion-de-tuberias-de-cobre\/"},"modified":"2023-05-16T09:08:35","modified_gmt":"2023-05-16T01:08:35","slug":"soldadura-por-induccion-de-tuberias-de-cobre","status":"publish","type":"page","link":"https:\/\/www.focoinduction.com\/es\/aplicaciones\/soldadura-por-induccion\/soldadura-por-induccion-de-tuberias-de-cobre\/","title":{"rendered":"Soldadura por inducci\u00f3n de tuber\u00edas de cobre"},"content":{"rendered":"<p><div class=\"fusion-fullwidth fullwidth-box fusion-builder-row-1 fusion-flex-container nonhundred-percent-fullwidth non-hundred-percent-height-scrolling\" style=\"--awb-border-radius-top-left:0px;--awb-border-radius-top-right:0px;--awb-border-radius-bottom-right:0px;--awb-border-radius-bottom-left:0px;--awb-flex-wrap:wrap;\" ><div class=\"fusion-builder-row fusion-row fusion-flex-align-items-flex-start fusion-flex-content-wrap\" style=\"max-width:1248px;margin-left: calc(-4% \/ 2 );margin-right: calc(-4% \/ 2 );\"><div class=\"fusion-layout-column fusion_builder_column fusion-builder-column-0 fusion_builder_column_1_1 1_1 fusion-flex-column\" style=\"--awb-bg-size:cover;--awb-width-large:100%;--awb-margin-top-large:0px;--awb-spacing-right-large:1.92%;--awb-margin-bottom-large:20px;--awb-spacing-left-large:1.92%;--awb-width-medium:100%;--awb-order-medium:0;--awb-spacing-right-medium:1.92%;--awb-spacing-left-medium:1.92%;--awb-width-small:100%;--awb-order-small:0;--awb-spacing-right-small:1.92%;--awb-spacing-left-small:1.92%;\"><div class=\"fusion-column-wrapper fusion-column-has-shadow fusion-flex-justify-content-flex-start fusion-content-layout-column\"><div class=\"fusion-text fusion-text-1\" style=\"--awb-text-transform:none;\"><p><a href=\"https:\/\/www.focoinduction.com\/es\/productos\/maquinas-de-soldadura-por-induccion\/\" target=\"_blank\" rel=\"noopener\">Los equipos de soldadura por inducci\u00f3n<\/a> se han convertido en los equipos de alta tecnolog\u00eda m\u00e1s avanzados y eficaces para la soldadura fuerte de tubos de cobre. No s\u00f3lo automatiza el proceso de soldadura de tubos de cobre, sino que tambi\u00e9n garantiza resultados uniformes.<\/p>\n<p>Podemos controlar f\u00e1cilmente el proceso de soldadura de tubos de cobre mediante soldadura por inducci\u00f3n. En el proceso de soldadura fuerte de tubos de cobre y tubos de cobre o tubos de cobre y otros materiales, podemos controlar el tiempo necesario para la soldadura fuerte ajustando la potencia y la frecuencia del equipo, manteniendo as\u00ed la eficacia de la producci\u00f3n.<\/p>\n<p>A diferencia de la soldadura por llama, la soldadura por inducci\u00f3n s\u00f3lo calienta donde hay que soldar, lo que evita el derroche de energ\u00eda. Y su proceso es respetuoso con el medio ambiente, sin emisiones. En un proceso de soldadura repetible, la soldadura por inducci\u00f3n puede automatizarse, lo que garantiza que los resultados de la soldadura se mantengan siempre con la mejor calidad.<\/p>\n<p><strong>Equipo de soldadura por inducci\u00f3n de tubos de cobre\uff1a<\/strong><\/p>\n<ul>\n<li><span style=\"color: #0000ff;\"><a style=\"color: #0000ff;\" href=\"https:\/\/www.focoinduction.com\/es\/productos\/maquinas-de-soldadura-por-induccion\/maquina-portatil-de-soldadura-por-induccion\/\" target=\"_blank\" rel=\"noopener\">M\u00e1quina port\u00e1til de soldadura por inducci\u00f3n<\/a><\/span><\/li>\n<li><a href=\"https:\/\/www.focoinduction.com\/es\/productos\/maquinas-de-soldadura-por-induccion\/soldadora-manual-por-induccion\/\" target=\"_blank\" rel=\"noopener\"><br \/>\n  <span style=\"color: #0000ff;\">Soldadora manual por inducci\u00f3n<\/span><br \/>\n<\/a> (sistema de refrigeraci\u00f3n por agua incorporado)<\/li>\n<li><span style=\"color: #0000ff;\"><a style=\"color: #0000ff;\" href=\"https:\/\/www.focoinduction.com\/es\/productos\/maquinas-de-soldadura-por-induccion\/maquina-automatica-de-soldadura-por-induccion\/\" target=\"_blank\" rel=\"noopener\">Equipos autom\u00e1ticos de soldadura por inducci\u00f3n<\/a><\/span><\/li>\n<\/ul>\n<p>Normalmente, los equipos de soldadura por inducci\u00f3n utilizan una fuente de alimentaci\u00f3n de calentamiento por inducci\u00f3n de <a href=\"https:\/\/www.focoinduction.com\/es\/productos\/maquinas-de-calentamiento-por-induccion\/maquina-de-calentamiento-por-induccion-de-alta-frecuencia\/\" target=\"_blank\" rel=\"noopener\">alta frecuencia<\/a> o una <a href=\"https:\/\/www.focoinduction.com\/es\/productos\/maquinas-de-calentamiento-por-induccion\/maquina-de-calentamiento-por-induccion-de-frecuencia-ultraalta\/\" target=\"_blank\" rel=\"noopener\">fuente de alimentaci\u00f3n de calentamiento por inducci\u00f3n de frecuencia ultra alta<\/a>. Permiten una r\u00e1pida soldadura sin llama con resultados uniformes.<\/p>\n<p>M\u00e1s informaci\u00f3n sobre<a href=\"https:\/\/www.focoinduction.com\/induction-heating-applications\/induction-brazing\/\" target=\"_blank\" rel=\"noopener\"> <span style=\"color: #0000ff;\">aplicaciones de la soldadura por inducci\u00f3n<\/span><\/a>.<\/p>\n<\/div><\/div><\/div><\/div><\/div><div class=\"fusion-fullwidth fullwidth-box fusion-builder-row-2 fusion-flex-container nonhundred-percent-fullwidth non-hundred-percent-height-scrolling\" style=\"--awb-border-radius-top-left:0px;--awb-border-radius-top-right:0px;--awb-border-radius-bottom-right:0px;--awb-border-radius-bottom-left:0px;--awb-flex-wrap:wrap;\" ><div class=\"fusion-builder-row fusion-row fusion-flex-align-items-flex-start fusion-flex-content-wrap\" style=\"max-width:1248px;margin-left: calc(-4% \/ 2 );margin-right: calc(-4% \/ 2 );\"><div class=\"fusion-layout-column fusion_builder_column fusion-builder-column-1 fusion_builder_column_1_1 1_1 fusion-flex-column\" style=\"--awb-bg-size:cover;--awb-width-large:100%;--awb-margin-top-large:0px;--awb-spacing-right-large:1.92%;--awb-margin-bottom-large:0px;--awb-spacing-left-large:1.92%;--awb-width-medium:100%;--awb-order-medium:0;--awb-spacing-right-medium:1.92%;--awb-spacing-left-medium:1.92%;--awb-width-small:100%;--awb-order-small:0;--awb-spacing-right-small:1.92%;--awb-spacing-left-small:1.92%;\"><div class=\"fusion-column-wrapper fusion-column-has-shadow fusion-flex-justify-content-flex-start fusion-content-layout-column\"><div class=\"fusion-text fusion-text-2\" style=\"--awb-text-transform:none;\"><h2>Galer\u00eda de soldadura por inducci\u00f3n<\/h2>\n<\/div><\/div><\/div><div class=\"fusion-layout-column fusion_builder_column fusion-builder-column-2 fusion_builder_column_1_3 1_3 fusion-flex-column\" style=\"--awb-bg-size:cover;--awb-width-large:33.333333333333%;--awb-margin-top-large:0px;--awb-spacing-right-large:15px;--awb-margin-bottom-large:0px;--awb-spacing-left-large:0px;--awb-width-medium:33.333333333333%;--awb-order-medium:0;--awb-spacing-right-medium:15px;--awb-spacing-left-medium:0px;--awb-width-small:100%;--awb-order-small:0;--awb-spacing-right-small:1.92%;--awb-spacing-left-small:1.92%;\"><div class=\"fusion-column-wrapper fusion-column-has-shadow fusion-flex-justify-content-flex-start fusion-content-layout-column\"><div class=\"fusion-image-element \" style=\"text-align:center;--awb-max-width:270px;--awb-caption-title-font-family:var(--h2_typography-font-family);--awb-caption-title-font-weight:var(--h2_typography-font-weight);--awb-caption-title-font-style:var(--h2_typography-font-style);--awb-caption-title-size:var(--h2_typography-font-size);--awb-caption-title-transform:var(--h2_typography-text-transform);--awb-caption-title-line-height:var(--h2_typography-line-height);--awb-caption-title-letter-spacing:var(--h2_typography-letter-spacing);\"><span class=\" fusion-imageframe imageframe-none imageframe-1 hover-type-none\"><a href=\"https:\/\/www.focoinduction.com\/wp-content\/uploads\/2022\/04\/induction-brazing-of-heat-exchanger-copper-tube.jpg\" class=\"fusion-lightbox\" data-rel=\"iLightbox[soldadura por inducci\u00f3n de tubos de cobre de intercambiadores de calor]\" data-caption=\"induction brazing of heat exchanger copper tube\" data-title=\"induction brazing of heat exchanger copper tube\" title=\"induction brazing of heat exchanger copper tube\"><img decoding=\"async\" width=\"600\" height=\"400\" alt=\"soldadura por inducci\u00f3n de tubos de cobre de intercambiadores de calor\" src=\"https:\/\/www.focoinduction.com\/wp-content\/uploads\/2022\/04\/induction-brazing-of-heat-exchanger-copper-tube.jpg\" class=\"img-responsive wp-image-3778\" srcset=\"https:\/\/www.focoinduction.com\/wp-content\/uploads\/2022\/04\/induction-brazing-of-heat-exchanger-copper-tube-200x133.jpg 200w, https:\/\/www.focoinduction.com\/wp-content\/uploads\/2022\/04\/induction-brazing-of-heat-exchanger-copper-tube-400x267.jpg 400w, https:\/\/www.focoinduction.com\/wp-content\/uploads\/2022\/04\/induction-brazing-of-heat-exchanger-copper-tube.jpg 600w\" sizes=\"(max-width: 768px) 100vw, 400px\" \/><\/a><\/span><\/div><div class=\"fusion-text fusion-text-3\" style=\"--awb-font-size:14px;--awb-text-transform:none;\"><p>Soldadura por inducci\u00f3n de tubos de cobre para intercambiadores de calor<\/p>\n<\/div><\/div><\/div><div class=\"fusion-layout-column fusion_builder_column fusion-builder-column-3 fusion_builder_column_1_3 1_3 fusion-flex-column\" style=\"--awb-bg-size:cover;--awb-width-large:33.333333333333%;--awb-margin-top-large:0px;--awb-spacing-right-large:15px;--awb-margin-bottom-large:0px;--awb-spacing-left-large:0px;--awb-width-medium:33.333333333333%;--awb-order-medium:0;--awb-spacing-right-medium:15px;--awb-spacing-left-medium:0px;--awb-width-small:100%;--awb-order-small:0;--awb-spacing-right-small:1.92%;--awb-spacing-left-small:1.92%;\"><div class=\"fusion-column-wrapper fusion-column-has-shadow fusion-flex-justify-content-flex-start fusion-content-layout-column\"><div class=\"fusion-image-element \" style=\"text-align:center;--awb-max-width:270px;--awb-caption-title-font-family:var(--h2_typography-font-family);--awb-caption-title-font-weight:var(--h2_typography-font-weight);--awb-caption-title-font-style:var(--h2_typography-font-style);--awb-caption-title-size:var(--h2_typography-font-size);--awb-caption-title-transform:var(--h2_typography-text-transform);--awb-caption-title-line-height:var(--h2_typography-line-height);--awb-caption-title-letter-spacing:var(--h2_typography-letter-spacing);\"><span class=\" fusion-imageframe imageframe-none imageframe-2 hover-type-none\"><a href=\"https:\/\/www.focoinduction.com\/wp-content\/uploads\/2022\/04\/induction-brazing-of-20mm-copper-tubes.jpg\" class=\"fusion-lightbox\" data-rel=\"iLightbox[soldadura por inducci\u00f3n de tubos de cobre de 20 mm]\" data-caption=\"induction brazing of 20mm copper tubes\" data-title=\"induction brazing of 20mm copper tubes\" title=\"induction brazing of 20mm copper tubes\"><img decoding=\"async\" width=\"600\" height=\"400\" alt=\"soldadura por inducci\u00f3n de tubos de cobre de 20 mm\" src=\"https:\/\/www.focoinduction.com\/wp-content\/uploads\/2022\/04\/induction-brazing-of-20mm-copper-tubes.jpg\" class=\"img-responsive wp-image-3782\" srcset=\"https:\/\/www.focoinduction.com\/wp-content\/uploads\/2022\/04\/induction-brazing-of-20mm-copper-tubes-200x133.jpg 200w, https:\/\/www.focoinduction.com\/wp-content\/uploads\/2022\/04\/induction-brazing-of-20mm-copper-tubes-400x267.jpg 400w, https:\/\/www.focoinduction.com\/wp-content\/uploads\/2022\/04\/induction-brazing-of-20mm-copper-tubes.jpg 600w\" sizes=\"(max-width: 768px) 100vw, 400px\" \/><\/a><\/span><\/div><div class=\"fusion-text fusion-text-4\" style=\"--awb-font-size:14px;--awb-text-transform:none;\"><p>Soldadura por inducci\u00f3n de tubos de cobre de 20 mm<\/p>\n<\/div><\/div><\/div><div class=\"fusion-layout-column fusion_builder_column fusion-builder-column-4 fusion_builder_column_1_3 1_3 fusion-flex-column\" style=\"--awb-bg-size:cover;--awb-width-large:33.333333333333%;--awb-margin-top-large:0px;--awb-spacing-right-large:15px;--awb-margin-bottom-large:0px;--awb-spacing-left-large:0px;--awb-width-medium:33.333333333333%;--awb-order-medium:0;--awb-spacing-right-medium:15px;--awb-spacing-left-medium:0px;--awb-width-small:100%;--awb-order-small:0;--awb-spacing-right-small:1.92%;--awb-spacing-left-small:1.92%;\"><div class=\"fusion-column-wrapper fusion-column-has-shadow fusion-flex-justify-content-flex-start fusion-content-layout-column\"><div class=\"fusion-image-element \" style=\"text-align:center;--awb-max-width:270px;--awb-caption-title-font-family:var(--h2_typography-font-family);--awb-caption-title-font-weight:var(--h2_typography-font-weight);--awb-caption-title-font-style:var(--h2_typography-font-style);--awb-caption-title-size:var(--h2_typography-font-size);--awb-caption-title-transform:var(--h2_typography-text-transform);--awb-caption-title-line-height:var(--h2_typography-line-height);--awb-caption-title-letter-spacing:var(--h2_typography-letter-spacing);\"><span class=\" fusion-imageframe imageframe-none imageframe-3 hover-type-none\"><a href=\"https:\/\/www.focoinduction.com\/wp-content\/uploads\/2022\/04\/induction-brazing-of-brass-fitting-to-copper-tube.jpg\" class=\"fusion-lightbox\" data-rel=\"iLightbox[soldadura por inducci\u00f3n de accesorio de lat\u00f3n a tubo de cobre]\" data-caption=\"induction brazing of brass fitting to copper tube\" data-title=\"induction brazing of brass fitting to copper tube\" title=\"induction brazing of brass fitting to copper tube\"><img decoding=\"async\" width=\"600\" height=\"400\" alt=\"soldadura por inducci\u00f3n de accesorio de lat\u00f3n a tubo de cobre\" src=\"https:\/\/www.focoinduction.com\/wp-content\/uploads\/2022\/04\/induction-brazing-of-brass-fitting-to-copper-tube.jpg\" class=\"img-responsive wp-image-3786\" srcset=\"https:\/\/www.focoinduction.com\/wp-content\/uploads\/2022\/04\/induction-brazing-of-brass-fitting-to-copper-tube-200x133.jpg 200w, https:\/\/www.focoinduction.com\/wp-content\/uploads\/2022\/04\/induction-brazing-of-brass-fitting-to-copper-tube-400x267.jpg 400w, https:\/\/www.focoinduction.com\/wp-content\/uploads\/2022\/04\/induction-brazing-of-brass-fitting-to-copper-tube.jpg 600w\" sizes=\"(max-width: 768px) 100vw, 400px\" \/><\/a><\/span><\/div><div class=\"fusion-text fusion-text-5\" style=\"--awb-font-size:14px;--awb-text-transform:none;\"><p>Soldadura por inducci\u00f3n de accesorios de lat\u00f3n a tubos de cobre<\/p>\n<\/div><\/div><\/div><div class=\"fusion-layout-column fusion_builder_column fusion-builder-column-5 fusion_builder_column_1_3 1_3 fusion-flex-column\" style=\"--awb-bg-size:cover;--awb-width-large:33.333333333333%;--awb-margin-top-large:0px;--awb-spacing-right-large:15px;--awb-margin-bottom-large:0px;--awb-spacing-left-large:0px;--awb-width-medium:33.333333333333%;--awb-order-medium:0;--awb-spacing-right-medium:15px;--awb-spacing-left-medium:0px;--awb-width-small:100%;--awb-order-small:0;--awb-spacing-right-small:1.92%;--awb-spacing-left-small:1.92%;\"><div class=\"fusion-column-wrapper fusion-column-has-shadow fusion-flex-justify-content-flex-start fusion-content-layout-column\"><div class=\"fusion-image-element \" style=\"text-align:center;--awb-max-width:270px;--awb-caption-title-font-family:var(--h2_typography-font-family);--awb-caption-title-font-weight:var(--h2_typography-font-weight);--awb-caption-title-font-style:var(--h2_typography-font-style);--awb-caption-title-size:var(--h2_typography-font-size);--awb-caption-title-transform:var(--h2_typography-text-transform);--awb-caption-title-line-height:var(--h2_typography-line-height);--awb-caption-title-letter-spacing:var(--h2_typography-letter-spacing);\"><span class=\" fusion-imageframe imageframe-none imageframe-4 hover-type-none\"><a href=\"https:\/\/www.focoinduction.com\/wp-content\/uploads\/2022\/04\/induction-brazing-of-copper-fitting.jpg\" class=\"fusion-lightbox\" data-rel=\"iLightbox[soldadura por inducci\u00f3n de accesorios de cobre]\" data-caption=\"induction brazing of copper fitting\" data-title=\"induction brazing of copper fitting\" title=\"induction brazing of copper fitting\"><img decoding=\"async\" width=\"600\" height=\"400\" alt=\"soldadura por inducci\u00f3n de accesorios de cobre\" src=\"https:\/\/www.focoinduction.com\/wp-content\/uploads\/2022\/04\/induction-brazing-of-copper-fitting.jpg\" class=\"img-responsive wp-image-3790\" srcset=\"https:\/\/www.focoinduction.com\/wp-content\/uploads\/2022\/04\/induction-brazing-of-copper-fitting-200x133.jpg 200w, https:\/\/www.focoinduction.com\/wp-content\/uploads\/2022\/04\/induction-brazing-of-copper-fitting-400x267.jpg 400w, https:\/\/www.focoinduction.com\/wp-content\/uploads\/2022\/04\/induction-brazing-of-copper-fitting.jpg 600w\" sizes=\"(max-width: 768px) 100vw, 400px\" \/><\/a><\/span><\/div><div class=\"fusion-text fusion-text-6\" style=\"--awb-font-size:14px;--awb-text-transform:none;\"><p>Soldadura por inducci\u00f3n de accesorios de cobre<\/p>\n<\/div><\/div><\/div><div class=\"fusion-layout-column fusion_builder_column fusion-builder-column-6 fusion_builder_column_1_3 1_3 fusion-flex-column\" style=\"--awb-bg-size:cover;--awb-width-large:33.333333333333%;--awb-margin-top-large:0px;--awb-spacing-right-large:15px;--awb-margin-bottom-large:0px;--awb-spacing-left-large:0px;--awb-width-medium:33.333333333333%;--awb-order-medium:0;--awb-spacing-right-medium:15px;--awb-spacing-left-medium:0px;--awb-width-small:100%;--awb-order-small:0;--awb-spacing-right-small:1.92%;--awb-spacing-left-small:1.92%;\"><div class=\"fusion-column-wrapper fusion-column-has-shadow fusion-flex-justify-content-flex-start fusion-content-layout-column\"><div class=\"fusion-image-element \" style=\"text-align:center;--awb-max-width:270px;--awb-caption-title-font-family:var(--h2_typography-font-family);--awb-caption-title-font-weight:var(--h2_typography-font-weight);--awb-caption-title-font-style:var(--h2_typography-font-style);--awb-caption-title-size:var(--h2_typography-font-size);--awb-caption-title-transform:var(--h2_typography-text-transform);--awb-caption-title-line-height:var(--h2_typography-line-height);--awb-caption-title-letter-spacing:var(--h2_typography-letter-spacing);\"><span class=\" fusion-imageframe imageframe-none imageframe-5 hover-type-none\"><a href=\"https:\/\/www.focoinduction.com\/wp-content\/uploads\/2022\/04\/induction-brazing-of-copper-pipes-to-copper-fitting.jpg\" class=\"fusion-lightbox\" data-rel=\"iLightbox[soldadura por inducci\u00f3n de tubos de cobre con accesorios de cobre]\" data-caption=\"induction brazing of copper pipes to copper fitting\" data-title=\"induction brazing of copper pipes to copper fitting\" title=\"induction brazing of copper pipes to copper fitting\"><img decoding=\"async\" width=\"600\" height=\"400\" alt=\"soldadura por inducci\u00f3n de tubos de cobre con accesorios de cobre\" src=\"https:\/\/www.focoinduction.com\/wp-content\/uploads\/2022\/04\/induction-brazing-of-copper-pipes-to-copper-fitting.jpg\" class=\"img-responsive wp-image-3794\" srcset=\"https:\/\/www.focoinduction.com\/wp-content\/uploads\/2022\/04\/induction-brazing-of-copper-pipes-to-copper-fitting-200x133.jpg 200w, https:\/\/www.focoinduction.com\/wp-content\/uploads\/2022\/04\/induction-brazing-of-copper-pipes-to-copper-fitting-400x267.jpg 400w, https:\/\/www.focoinduction.com\/wp-content\/uploads\/2022\/04\/induction-brazing-of-copper-pipes-to-copper-fitting.jpg 600w\" sizes=\"(max-width: 768px) 100vw, 400px\" \/><\/a><\/span><\/div><div class=\"fusion-text fusion-text-7\" style=\"--awb-font-size:14px;--awb-text-transform:none;\"><p>Soldadura fuerte por inducci\u00f3n de tuber\u00edas de cobre con accesorios de cobre<\/p>\n<\/div><\/div><\/div><div class=\"fusion-layout-column fusion_builder_column fusion-builder-column-7 fusion_builder_column_1_3 1_3 fusion-flex-column\" style=\"--awb-bg-size:cover;--awb-width-large:33.333333333333%;--awb-margin-top-large:0px;--awb-spacing-right-large:15px;--awb-margin-bottom-large:0px;--awb-spacing-left-large:0px;--awb-width-medium:33.333333333333%;--awb-order-medium:0;--awb-spacing-right-medium:15px;--awb-spacing-left-medium:0px;--awb-width-small:100%;--awb-order-small:0;--awb-spacing-right-small:1.92%;--awb-spacing-left-small:1.92%;\"><div class=\"fusion-column-wrapper fusion-column-has-shadow fusion-flex-justify-content-flex-start fusion-content-layout-column\"><div class=\"fusion-image-element \" style=\"text-align:center;--awb-max-width:270px;--awb-caption-title-font-family:var(--h2_typography-font-family);--awb-caption-title-font-weight:var(--h2_typography-font-weight);--awb-caption-title-font-style:var(--h2_typography-font-style);--awb-caption-title-size:var(--h2_typography-font-size);--awb-caption-title-transform:var(--h2_typography-text-transform);--awb-caption-title-line-height:var(--h2_typography-line-height);--awb-caption-title-letter-spacing:var(--h2_typography-letter-spacing);\"><span class=\" fusion-imageframe imageframe-none imageframe-6 hover-type-none\"><a href=\"https:\/\/www.focoinduction.com\/wp-content\/uploads\/2022\/04\/induction-brazing-of-copper-tubing-for-valve-assembly.jpg\" class=\"fusion-lightbox\" data-rel=\"iLightbox[soldadura por inducci\u00f3n de tubos de cobre para montaje de v\u00e1lvulas]\" data-caption=\"induction brazing of copper tubing for valve assembly\" data-title=\"induction brazing of copper tubing for valve assembly\" title=\"induction brazing of copper tubing for valve assembly\"><img decoding=\"async\" width=\"600\" height=\"400\" alt=\"soldadura por inducci\u00f3n de tubos de cobre para montaje de v\u00e1lvulas\" src=\"https:\/\/www.focoinduction.com\/wp-content\/uploads\/2022\/04\/induction-brazing-of-copper-tubing-for-valve-assembly.jpg\" class=\"img-responsive wp-image-3798\" srcset=\"https:\/\/www.focoinduction.com\/wp-content\/uploads\/2022\/04\/induction-brazing-of-copper-tubing-for-valve-assembly-200x133.jpg 200w, https:\/\/www.focoinduction.com\/wp-content\/uploads\/2022\/04\/induction-brazing-of-copper-tubing-for-valve-assembly-400x267.jpg 400w, https:\/\/www.focoinduction.com\/wp-content\/uploads\/2022\/04\/induction-brazing-of-copper-tubing-for-valve-assembly.jpg 600w\" sizes=\"(max-width: 768px) 100vw, 400px\" \/><\/a><\/span><\/div><div class=\"fusion-text fusion-text-8\" style=\"--awb-font-size:14px;--awb-text-transform:none;\"><p>Soldadura por inducci\u00f3n de tubos de cobre para montaje de v\u00e1lvulas<\/p>\n<\/div><\/div><\/div><div class=\"fusion-layout-column fusion_builder_column fusion-builder-column-8 fusion_builder_column_1_3 1_3 fusion-flex-column\" style=\"--awb-bg-size:cover;--awb-width-large:33.333333333333%;--awb-margin-top-large:0px;--awb-spacing-right-large:15px;--awb-margin-bottom-large:0px;--awb-spacing-left-large:0px;--awb-width-medium:33.333333333333%;--awb-order-medium:0;--awb-spacing-right-medium:15px;--awb-spacing-left-medium:0px;--awb-width-small:100%;--awb-order-small:0;--awb-spacing-right-small:1.92%;--awb-spacing-left-small:1.92%;\"><div class=\"fusion-column-wrapper fusion-column-has-shadow fusion-flex-justify-content-flex-start fusion-content-layout-column\"><div class=\"fusion-image-element \" style=\"text-align:center;--awb-max-width:270px;--awb-caption-title-font-family:var(--h2_typography-font-family);--awb-caption-title-font-weight:var(--h2_typography-font-weight);--awb-caption-title-font-style:var(--h2_typography-font-style);--awb-caption-title-size:var(--h2_typography-font-size);--awb-caption-title-transform:var(--h2_typography-text-transform);--awb-caption-title-line-height:var(--h2_typography-line-height);--awb-caption-title-letter-spacing:var(--h2_typography-letter-spacing);\"><span class=\" fusion-imageframe imageframe-none imageframe-7 hover-type-none\"><a href=\"https:\/\/www.focoinduction.com\/wp-content\/uploads\/2022\/04\/induction-brazing-of-copper-tube-for-heat-exchanger.jpg\" class=\"fusion-lightbox\" data-rel=\"iLightbox[soldadura por inducci\u00f3n de tubos de cobre para intercambiadores de calor]\" data-caption=\"induction brazing of copper tube for heat exchanger\" data-title=\"induction brazing of copper tube for heat exchanger\" title=\"induction brazing of copper tube for heat exchanger\"><img decoding=\"async\" width=\"600\" height=\"400\" alt=\"soldadura por inducci\u00f3n de tubos de cobre para intercambiadores de calor\" src=\"https:\/\/www.focoinduction.com\/wp-content\/uploads\/2022\/04\/induction-brazing-of-copper-tube-for-heat-exchanger.jpg\" class=\"img-responsive wp-image-3802\" srcset=\"https:\/\/www.focoinduction.com\/wp-content\/uploads\/2022\/04\/induction-brazing-of-copper-tube-for-heat-exchanger-200x133.jpg 200w, https:\/\/www.focoinduction.com\/wp-content\/uploads\/2022\/04\/induction-brazing-of-copper-tube-for-heat-exchanger-400x267.jpg 400w, https:\/\/www.focoinduction.com\/wp-content\/uploads\/2022\/04\/induction-brazing-of-copper-tube-for-heat-exchanger.jpg 600w\" sizes=\"(max-width: 768px) 100vw, 400px\" \/><\/a><\/span><\/div><div class=\"fusion-text fusion-text-9\" style=\"--awb-font-size:14px;--awb-text-transform:none;\"><p>Soldadura por inducci\u00f3n de tubos de cobre para intercambiadores de calor<\/p>\n<\/div><\/div><\/div><\/div><\/div><\/p>\n","protected":false},"excerpt":{"rendered":"","protected":false},"author":1,"featured_media":3774,"parent":5974,"menu_order":0,"comment_status":"closed","ping_status":"closed","template":"","meta":{"footnotes":""},"class_list":["post-5767","page","type-page","status-publish","has-post-thumbnail","hentry"],"_links":{"self":[{"href":"https:\/\/www.focoinduction.com\/es\/wp-json\/wp\/v2\/pages\/5767","targetHints":{"allow":["GET"]}}],"collection":[{"href":"https:\/\/www.focoinduction.com\/es\/wp-json\/wp\/v2\/pages"}],"about":[{"href":"https:\/\/www.focoinduction.com\/es\/wp-json\/wp\/v2\/types\/page"}],"author":[{"embeddable":true,"href":"https:\/\/www.focoinduction.com\/es\/wp-json\/wp\/v2\/users\/1"}],"replies":[{"embeddable":true,"href":"https:\/\/www.focoinduction.com\/es\/wp-json\/wp\/v2\/comments?post=5767"}],"version-history":[{"count":0,"href":"https:\/\/www.focoinduction.com\/es\/wp-json\/wp\/v2\/pages\/5767\/revisions"}],"up":[{"embeddable":true,"href":"https:\/\/www.focoinduction.com\/es\/wp-json\/wp\/v2\/pages\/5974"}],"wp:featuredmedia":[{"embeddable":true,"href":"https:\/\/www.focoinduction.com\/es\/wp-json\/wp\/v2\/media\/3774"}],"wp:attachment":[{"href":"https:\/\/www.focoinduction.com\/es\/wp-json\/wp\/v2\/media?parent=5767"}],"curies":[{"name":"wp","href":"https:\/\/api.w.org\/{rel}","templated":true}]}}