{"id":5770,"date":"2023-05-12T16:33:24","date_gmt":"2023-05-12T08:33:24","guid":{"rendered":"https:\/\/www.focoinduction.com\/guia-de-la-forja-de-induccion\/"},"modified":"2023-05-16T09:08:35","modified_gmt":"2023-05-16T01:08:35","slug":"guia-de-la-forja-de-induccion","status":"publish","type":"page","link":"https:\/\/www.focoinduction.com\/es\/guia-de-la-forja-de-induccion\/","title":{"rendered":"Gu\u00eda de la forja de inducci\u00f3n"},"content":{"rendered":"<p><div class=\"fusion-fullwidth fullwidth-box fusion-builder-row-1 fusion-flex-container has-pattern-background has-mask-background nonhundred-percent-fullwidth non-hundred-percent-height-scrolling\" style=\"--awb-border-radius-top-left:0px;--awb-border-radius-top-right:0px;--awb-border-radius-bottom-right:0px;--awb-border-radius-bottom-left:0px;--awb-flex-wrap:wrap;\" ><div class=\"fusion-builder-row fusion-row fusion-flex-align-items-flex-start fusion-flex-content-wrap\" style=\"max-width:1248px;margin-left: calc(-4% \/ 2 );margin-right: calc(-4% \/ 2 );\"><div class=\"fusion-layout-column fusion_builder_column fusion-builder-column-0 fusion_builder_column_1_1 1_1 fusion-flex-column\" style=\"--awb-bg-size:cover;--awb-width-large:100%;--awb-margin-top-large:0px;--awb-spacing-right-large:1.92%;--awb-margin-bottom-large:20px;--awb-spacing-left-large:1.92%;--awb-width-medium:100%;--awb-order-medium:0;--awb-spacing-right-medium:1.92%;--awb-spacing-left-medium:1.92%;--awb-width-small:100%;--awb-order-small:0;--awb-spacing-right-small:1.92%;--awb-spacing-left-small:1.92%;\"><div class=\"fusion-column-wrapper fusion-column-has-shadow fusion-flex-justify-content-flex-start fusion-content-layout-column\"><div class=\"fusion-text fusion-text-1\"><p>Las m\u00e1quinas de forja por inducci\u00f3n son muy populares, especialmente la peque\u00f1a forja por inducci\u00f3n de 15 kW, que es adecuada para casi todas las aplicaciones de calentamiento de piezas met\u00e1licas peque\u00f1as. Muchos principiantes saben tan poco sobre los equipos de calentamiento por inducci\u00f3n que no pueden comprarlos y utilizarlos correctamente. FOCO INDUCTION, como proveedor y fabricante profesional de m\u00e1quinas de forja por inducci\u00f3n, proporcionamos esta gu\u00eda completa de forja por inducci\u00f3n para los empresarios que est\u00e1n listos para iniciar el proceso de forja por inducci\u00f3n.<\/p>\n<p>Lea la gu\u00eda de la forja por inducci\u00f3n para beneficiarse del calentamiento por inducci\u00f3n.<\/p>\n<\/div><\/div><\/div><\/div><\/div><div class=\"fusion-fullwidth fullwidth-box fusion-builder-row-2 fusion-flex-container has-pattern-background has-mask-background nonhundred-percent-fullwidth non-hundred-percent-height-scrolling\" style=\"--awb-border-radius-top-left:0px;--awb-border-radius-top-right:0px;--awb-border-radius-bottom-right:0px;--awb-border-radius-bottom-left:0px;--awb-flex-wrap:wrap;\" ><div class=\"fusion-builder-row fusion-row fusion-flex-align-items-flex-start fusion-flex-content-wrap\" style=\"max-width:1248px;margin-left: calc(-4% \/ 2 );margin-right: calc(-4% \/ 2 );\"><div class=\"fusion-layout-column fusion_builder_column fusion-builder-column-1 fusion_builder_column_1_1 1_1 fusion-flex-column\" style=\"--awb-bg-size:cover;--awb-width-large:100%;--awb-margin-top-large:0px;--awb-spacing-right-large:1.92%;--awb-margin-bottom-large:20px;--awb-spacing-left-large:1.92%;--awb-width-medium:100%;--awb-order-medium:0;--awb-spacing-right-medium:1.92%;--awb-spacing-left-medium:1.92%;--awb-width-small:100%;--awb-order-small:0;--awb-spacing-right-small:1.92%;--awb-spacing-left-small:1.92%;\"><div class=\"fusion-column-wrapper fusion-column-has-shadow fusion-flex-justify-content-flex-start fusion-content-layout-column\"><div class=\"fusion-title title fusion-title-1 fusion-sep-none fusion-title-text fusion-title-size-two\" style=\"--awb-text-color:var(--awb-custom_color_3);--awb-margin-bottom:20px;--awb-margin-top-small:10px;--awb-margin-right-small:0px;--awb-margin-bottom-small:10px;--awb-margin-left-small:0px;\"><h2 class=\"fusion-title-heading title-heading-left fusion-responsive-typography-calculated\" style=\"margin:0;--fontSize:30;line-height:1.2;\">Precios y opciones<\/h2><\/div><div class=\"fusion-text fusion-text-2\"><p>El precio de la m\u00e1quina de forja por inducci\u00f3n var\u00eda mucho en funci\u00f3n de la combinaci\u00f3n de potencia y frecuencia.<\/p>\n<\/div><div class=\"fusion-text fusion-text-3\"><h3>15 kW forja de inducci\u00f3n precio<\/h3>\n<p>La m\u00e1quina de forja por inducci\u00f3n de 15 kW de alta frecuencia m\u00e1s com\u00fan a la venta en el mercado suele costar entre 800 y 1200 d\u00f3lares, y su frecuencia suele estar entre 30 kHz y 100 kHz. Su precio var\u00eda seg\u00fan el distribuidor, pero su calidad no es muy diferente. Si lo compras directamente en China o eBay, tambi\u00e9n tendr\u00e1s que pagar los gastos de env\u00edo, que pueden suponer entre 50 y 100 d\u00f3lares m\u00e1s. Los gastos de env\u00edo no son fijos, sino que var\u00edan con el tiempo.<\/p>\n<p>Hemos visto que hay m\u00e1quinas de menos de 600 d\u00f3lares en eBay, pero no recomendar\u00edamos comprarla. Porque tras nuestra investigaci\u00f3n y estudio, estas m\u00e1quinas no pueden funcionar de forma estable durante mucho tiempo. Si lo compras, probablemente pagar\u00e1s m\u00e1s por arreglarlo en el futuro.<\/p>\n<h3>gran m\u00e1quina de forja por inducci\u00f3n<\/h3>\n<p>El precio de las grandes m\u00e1quinas de forja por inducci\u00f3n es m\u00e1s caro, lo cual es inevitable. Una m\u00e1quina de forja por inducci\u00f3n de 160 kW puede costar m\u00e1s de 10.000 d\u00f3lares en funci\u00f3n de su frecuencia.<\/p>\n<\/div><div class=\"fusion-text fusion-text-4\"><h3>Otros gastos<\/h3>\n<p>Como todos sabemos, cuando se utiliza una m\u00e1quina de forja por inducci\u00f3n, tambi\u00e9n hay que equiparla con un sistema esencial de refrigeraci\u00f3n por agua. Puede utilizar un sencillo sistema de refrigeraci\u00f3n por agua de bajo coste o un refrigerador industrial.<\/p>\n<ol>\n<li>Bomba de agua + contenedor de agua. Una m\u00e1quina de alta frecuencia de 15 kW requiere una bomba de 0,37 kW y una piscina o dep\u00f3sito de al menos 500L. Una bomba de 0,37 kW cuesta entre 80 y 120 d\u00f3lares. El precio de un dep\u00f3sito de agua de pl\u00e1stico de 500 litros es de unos 50 d\u00f3lares. Tenga en cuenta que tambi\u00e9n necesitar\u00e1 un filtro para su bomba si hay impurezas en el agua. En verano caluroso, la m\u00e1quina puede necesitar m\u00e1s agua fr\u00eda, puede aumentar el n\u00famero de dep\u00f3sitos de agua o bajar la temperatura del agua seg\u00fan la situaci\u00f3n.<\/li>\n<li>Enfriadora industrial. Un enfriador industrial capaz de satisfacer una instalaci\u00f3n de calefacci\u00f3n por inducci\u00f3n de 15 kW cuesta entre 400 y 600 d\u00f3lares.<\/li>\n<\/ol>\n<\/div><div class=\"fusion-text fusion-text-5\"><h3>\u00bfComprar en eBay o en China?<\/h3>\n<p>Si echa un vistazo a muchas forjas de inducci\u00f3n de sitios de comercio electr\u00f3nico como eBay, ver\u00e1 que casi tienen formas similares. S\u00ed, la mayor\u00eda de los calentadores de inducci\u00f3n para forja proceden de China, aunque utilizan marcas locales. Varios concesionarios se limitaron a cambiar el color y la marca de la m\u00e1quina. Una posible ventaja de comprar en eBay es que puede recibir la m\u00e1quina antes. Por supuesto, a veces tambi\u00e9n hay que esperar a que el distribuidor importe la m\u00e1quina de China.<\/p>\n<p>Tambi\u00e9n es una buena idea comprar Forja de inducci\u00f3n a fabricantes y proveedores chinos. Puede obtener directamente de los fabricantes chinos una asistencia t\u00e9cnica y un servicio posventa m\u00e1s profesionales. Es m\u00e1s, puede obtener la m\u00e1quina de forja por inducci\u00f3n a un precio de f\u00e1brica asequible, y su coste s\u00f3lo tendr\u00e1 que esperar 2 \u00f3 3 semanas.<\/p>\n<\/div><div class=\"fusion-text fusion-text-6\"><h3>\u00bfC\u00f3mo elegir una m\u00e1quina?<\/h3>\n<p>La potencia de la peque\u00f1a forja de inducci\u00f3n com\u00fan es de 15 kW, y la potencia m\u00e1xima supera los 200 kW. Si va a calentar tochos de gran tama\u00f1o, puede que incluso necesite una m\u00e1quina de m\u00e1s de 1.000 kW.<\/p>\n<p>Puede elegir la forja por inducci\u00f3n de alta frecuencia de 15 kWh o 25 kW cuando caliente piezas met\u00e1licas peque\u00f1as, como cuchillas, hoces, cuchillos de cocina, azadas, limas, leznas, tijeras, taladros, llaves, etc.<\/p>\n<p>Si va a calentar piezas relativamente grandes, como barras de acero o barras de hierro con un di\u00e1metro superior a 20 mm, entonces es m\u00e1s adecuada una m\u00e1quina de calentamiento por inducci\u00f3n de frecuencia media. Su frecuencia oscila entre 1 kHz y 10 kHz, y puede calentar directamente sobre el n\u00facleo de la varilla de acero, con una mejor penetraci\u00f3n del calor y una r\u00e1pida velocidad de calentamiento.<\/p>\n<\/div><div class=\"fusion-image-element awb-imageframe-style awb-imageframe-style-below awb-imageframe-style-1\" style=\"--awb-margin-bottom:20px;--awb-caption-title-color:var(--awb-color5);--awb-caption-text-size:14px;--awb-caption-title-font-family:var(--body_typography-font-family);--awb-caption-title-font-weight:var(--body_typography-font-weight);--awb-caption-title-font-style:var(--body_typography-font-style);--awb-caption-title-size:16px;--awb-caption-title-transform:var(--body_typography-text-transform);--awb-caption-title-line-height:var(--body_typography-line-height);--awb-caption-title-letter-spacing:var(--body_typography-letter-spacing);\"><span class=\" fusion-imageframe imageframe-none imageframe-1 hover-type-none\"><img decoding=\"async\" width=\"765\" height=\"385\" alt=\"forja por inducci\u00f3n para barras de acero\" title=\"induction forge for steel bars\" src=\"https:\/\/www.focoinduction.com\/wp-content\/uploads\/2023\/05\/induction-forge-for-steel-bars.jpg\" class=\"img-responsive wp-image-4974\" srcset=\"https:\/\/www.focoinduction.com\/wp-content\/uploads\/2023\/05\/induction-forge-for-steel-bars-200x101.jpg 200w, https:\/\/www.focoinduction.com\/wp-content\/uploads\/2023\/05\/induction-forge-for-steel-bars-400x201.jpg 400w, https:\/\/www.focoinduction.com\/wp-content\/uploads\/2023\/05\/induction-forge-for-steel-bars-600x302.jpg 600w, https:\/\/www.focoinduction.com\/wp-content\/uploads\/2023\/05\/induction-forge-for-steel-bars.jpg 765w\" sizes=\"(max-width: 768px) 100vw, 765px\" \/><\/span><div class=\"awb-imageframe-caption-container\" style=\"text-align:center;\"><div class=\"awb-imageframe-caption\"><div class=\"awb-imageframe-caption-title\">induction forge for steel bars<\/div><\/div><\/div><\/div><div class=\"fusion-text fusion-text-7\"><p>Una m\u00e1quina de forja por inducci\u00f3n de 15 kW con todo el equipamiento necesario cuesta entre 930 y 1800 d\u00f3lares. Puede elegir la m\u00e1quina en funci\u00f3n del tama\u00f1o de la pieza que desee calentar. Pero antes de comprar, confirme con el distribuidor o el fabricante que la m\u00e1quina es adecuada. Tanto si compra una forja por inducci\u00f3n en eBay como si lo hace en China, aseg\u00farese de comprobar con el vendedor en cu\u00e1nto tiempo puede recibir la m\u00e1quina.<\/p>\n<\/div><div class=\"fusion-text fusion-text-8\" style=\"--awb-font-size:18px;--awb-text-transform:capitalize;\"><p><em>Si desea obtener m\u00e1s descuentos, puede hacer clic en el bot\u00f3n de abajo para ponerse en contacto con FOCO INDUCTION.<\/em><\/p>\n<\/div><div style=\"text-align:center;\"><a class=\"fusion-button button-flat fusion-button-default-size button-default fusion-button-default button-1 fusion-button-default-span fusion-button-default-type\" target=\"_blank\" rel=\"noopener noreferrer\" href=\"https:\/\/www.focoinduction.com\/es\/contacte-con\/\"><span class=\"fusion-button-text awb-button__text awb-button__text--default\">SOLICITAR PRESUPUESTO<\/span><\/a><\/div><\/div><\/div><\/div><\/div><div class=\"fusion-fullwidth fullwidth-box fusion-builder-row-3 fusion-flex-container has-pattern-background has-mask-background nonhundred-percent-fullwidth non-hundred-percent-height-scrolling\" style=\"--awb-border-radius-top-left:0px;--awb-border-radius-top-right:0px;--awb-border-radius-bottom-right:0px;--awb-border-radius-bottom-left:0px;--awb-flex-wrap:wrap;\" ><div class=\"fusion-builder-row fusion-row fusion-flex-align-items-flex-start fusion-flex-content-wrap\" style=\"max-width:1248px;margin-left: calc(-4% \/ 2 );margin-right: calc(-4% \/ 2 );\"><div class=\"fusion-layout-column fusion_builder_column fusion-builder-column-2 fusion_builder_column_1_1 1_1 fusion-flex-column\" style=\"--awb-bg-size:cover;--awb-width-large:100%;--awb-margin-top-large:0px;--awb-spacing-right-large:1.92%;--awb-margin-bottom-large:20px;--awb-spacing-left-large:1.92%;--awb-width-medium:100%;--awb-order-medium:0;--awb-spacing-right-medium:1.92%;--awb-spacing-left-medium:1.92%;--awb-width-small:100%;--awb-order-small:0;--awb-spacing-right-small:1.92%;--awb-spacing-left-small:1.92%;\"><div class=\"fusion-column-wrapper fusion-column-has-shadow fusion-flex-justify-content-flex-start fusion-content-layout-column\"><div class=\"fusion-title title fusion-title-2 fusion-sep-none fusion-title-text fusion-title-size-two\" style=\"--awb-text-color:var(--awb-custom_color_3);--awb-margin-bottom:20px;--awb-margin-top-small:10px;--awb-margin-right-small:0px;--awb-margin-bottom-small:10px;--awb-margin-left-small:0px;\"><h2 class=\"fusion-title-heading title-heading-left fusion-responsive-typography-calculated\" style=\"margin:0;--fontSize:30;line-height:1.2;\">Lista de equipos<\/h2><\/div><div class=\"fusion-text fusion-text-9\"><h3>Lista de equipos de la forja de inducci\u00f3n de 15 kW<\/h3>\n<ul>\n<li>Calentador de inducci\u00f3n de alta frecuencia de 15 kW<\/li>\n<li>Abrazadera de manguera<\/li>\n<li>Interruptor de pedal<\/li>\n<li>Bobina de inducci\u00f3n<\/li>\n<li>Tornillo<\/li>\n<li>Tuber\u00eda de agua transparente<\/li>\n<li>L\u00ednea de se\u00f1alizaci\u00f3n<\/li>\n<\/ul>\n<h3>Lista de piezas que necesitar\u00e1<\/h3>\n<ul>\n<li>Cable el\u00e9ctrico<\/li>\n<li>Tubo de agua transparente (prolongado si es necesario)<\/li>\n<li>Sistema de refrigeraci\u00f3n por agua<\/li>\n<li>Abrazaderas de manguera (para conectar los accesorios del sistema de refrigeraci\u00f3n)<\/li>\n<\/ul>\n<\/div><\/div><\/div><\/div><\/div><\/p>\n","protected":false},"excerpt":{"rendered":"","protected":false},"author":1,"featured_media":4970,"parent":0,"menu_order":5,"comment_status":"closed","ping_status":"closed","template":"","meta":{"footnotes":""},"class_list":["post-5770","page","type-page","status-publish","has-post-thumbnail","hentry"],"_links":{"self":[{"href":"https:\/\/www.focoinduction.com\/es\/wp-json\/wp\/v2\/pages\/5770","targetHints":{"allow":["GET"]}}],"collection":[{"href":"https:\/\/www.focoinduction.com\/es\/wp-json\/wp\/v2\/pages"}],"about":[{"href":"https:\/\/www.focoinduction.com\/es\/wp-json\/wp\/v2\/types\/page"}],"author":[{"embeddable":true,"href":"https:\/\/www.focoinduction.com\/es\/wp-json\/wp\/v2\/users\/1"}],"replies":[{"embeddable":true,"href":"https:\/\/www.focoinduction.com\/es\/wp-json\/wp\/v2\/comments?post=5770"}],"version-history":[{"count":0,"href":"https:\/\/www.focoinduction.com\/es\/wp-json\/wp\/v2\/pages\/5770\/revisions"}],"wp:featuredmedia":[{"embeddable":true,"href":"https:\/\/www.focoinduction.com\/es\/wp-json\/wp\/v2\/media\/4970"}],"wp:attachment":[{"href":"https:\/\/www.focoinduction.com\/es\/wp-json\/wp\/v2\/media?parent=5770"}],"curies":[{"name":"wp","href":"https:\/\/api.w.org\/{rel}","templated":true}]}}