{"id":5795,"date":"2022-04-09T13:13:45","date_gmt":"2022-04-09T05:13:45","guid":{"rendered":"https:\/\/www.focoinduction.com\/soldadura-por-induccion-de-piezas-de-aluminio\/"},"modified":"2023-05-16T09:08:33","modified_gmt":"2023-05-16T01:08:33","slug":"soldadura-por-induccion-de-piezas-de-aluminio","status":"publish","type":"page","link":"https:\/\/www.focoinduction.com\/es\/aplicaciones\/soldadura-por-induccion\/soldadura-por-induccion-de-piezas-de-aluminio\/","title":{"rendered":"Soldadura por inducci\u00f3n de piezas de aluminio"},"content":{"rendered":"<p><div class=\"fusion-fullwidth fullwidth-box fusion-builder-row-1 fusion-flex-container nonhundred-percent-fullwidth non-hundred-percent-height-scrolling\" style=\"--awb-border-radius-top-left:0px;--awb-border-radius-top-right:0px;--awb-border-radius-bottom-right:0px;--awb-border-radius-bottom-left:0px;--awb-flex-wrap:wrap;\" ><div class=\"fusion-builder-row fusion-row fusion-flex-align-items-flex-start fusion-flex-content-wrap\" style=\"max-width:1248px;margin-left: calc(-4% \/ 2 );margin-right: calc(-4% \/ 2 );\"><div class=\"fusion-layout-column fusion_builder_column fusion-builder-column-0 fusion_builder_column_1_1 1_1 fusion-flex-column\" style=\"--awb-bg-size:cover;--awb-width-large:100%;--awb-margin-top-large:0px;--awb-spacing-right-large:1.92%;--awb-margin-bottom-large:20px;--awb-spacing-left-large:1.92%;--awb-width-medium:100%;--awb-order-medium:0;--awb-spacing-right-medium:1.92%;--awb-spacing-left-medium:1.92%;--awb-width-small:100%;--awb-order-small:0;--awb-spacing-right-small:1.92%;--awb-spacing-left-small:1.92%;\"><div class=\"fusion-column-wrapper fusion-column-has-shadow fusion-flex-justify-content-flex-start fusion-content-layout-column\"><div class=\"fusion-text fusion-text-1\" style=\"--awb-text-transform:none;\"><p>La soldadura por inducci\u00f3n puede utilizarse para soldar piezas de aluminio y aleaciones de aluminio. Utilizando rellenos de soldadura adecuados, los componentes de aluminio se unir\u00e1n r\u00e1pidamente bajo la acci\u00f3n del calentamiento por inducci\u00f3n.<\/p>\n<p>En comparaci\u00f3n con la soldadura fuerte con llama, la soldadura fuerte por inducci\u00f3n es m\u00e1s limpia y segura. Muchos componentes de aluminio y aleaciones de aluminio de los intercambiadores de calor de automoci\u00f3n se sueldan por inducci\u00f3n.<\/p>\n<\/div><\/div><\/div><\/div><\/div><div class=\"fusion-fullwidth fullwidth-box fusion-builder-row-2 fusion-flex-container nonhundred-percent-fullwidth non-hundred-percent-height-scrolling\" style=\"--awb-border-radius-top-left:0px;--awb-border-radius-top-right:0px;--awb-border-radius-bottom-right:0px;--awb-border-radius-bottom-left:0px;--awb-flex-wrap:wrap;\" ><div class=\"fusion-builder-row fusion-row fusion-flex-align-items-flex-start fusion-flex-content-wrap\" style=\"max-width:1248px;margin-left: calc(-4% \/ 2 );margin-right: calc(-4% \/ 2 );\"><div class=\"fusion-layout-column fusion_builder_column fusion-builder-column-1 fusion_builder_column_1_1 1_1 fusion-flex-column\" style=\"--awb-bg-size:cover;--awb-width-large:100%;--awb-margin-top-large:0px;--awb-spacing-right-large:1.92%;--awb-margin-bottom-large:0px;--awb-spacing-left-large:1.92%;--awb-width-medium:100%;--awb-order-medium:0;--awb-spacing-right-medium:1.92%;--awb-spacing-left-medium:1.92%;--awb-width-small:100%;--awb-order-small:0;--awb-spacing-right-small:1.92%;--awb-spacing-left-small:1.92%;\"><div class=\"fusion-column-wrapper fusion-column-has-shadow fusion-flex-justify-content-flex-start fusion-content-layout-column\"><div class=\"fusion-text fusion-text-2\" style=\"--awb-text-transform:none;\"><h2>Galer\u00eda de soldadura por inducci\u00f3n<\/h2>\n<\/div><\/div><\/div><div class=\"fusion-layout-column fusion_builder_column fusion-builder-column-2 fusion_builder_column_1_3 1_3 fusion-flex-column\" style=\"--awb-bg-size:cover;--awb-width-large:33.333333333333%;--awb-margin-top-large:0px;--awb-spacing-right-large:15px;--awb-margin-bottom-large:0px;--awb-spacing-left-large:0px;--awb-width-medium:33.333333333333%;--awb-order-medium:0;--awb-spacing-right-medium:15px;--awb-spacing-left-medium:0px;--awb-width-small:100%;--awb-order-small:0;--awb-spacing-right-small:1.92%;--awb-spacing-left-small:1.92%;\"><div class=\"fusion-column-wrapper fusion-column-has-shadow fusion-flex-justify-content-flex-start fusion-content-layout-column\"><div class=\"fusion-image-element \" style=\"text-align:center;--awb-max-width:270px;--awb-caption-title-font-family:var(--h2_typography-font-family);--awb-caption-title-font-weight:var(--h2_typography-font-weight);--awb-caption-title-font-style:var(--h2_typography-font-style);--awb-caption-title-size:var(--h2_typography-font-size);--awb-caption-title-transform:var(--h2_typography-text-transform);--awb-caption-title-line-height:var(--h2_typography-line-height);--awb-caption-title-letter-spacing:var(--h2_typography-letter-spacing);\"><span class=\" fusion-imageframe imageframe-none imageframe-1 hover-type-none\"><a href=\"https:\/\/www.focoinduction.com\/wp-content\/uploads\/2022\/04\/induction-brazing-of-aluminum-assembly.jpg\" class=\"fusion-lightbox\" data-rel=\"iLightbox[soldadura fuerte por inducci\u00f3n de conjunto de aluminio]\" data-caption=\"induction brazing of aluminum assembly\" data-title=\"induction brazing of aluminum assembly\" title=\"induction brazing of aluminum assembly\"><img decoding=\"async\" width=\"600\" height=\"400\" alt=\"soldadura fuerte por inducci\u00f3n de conjunto de aluminio\" src=\"https:\/\/www.focoinduction.com\/wp-content\/uploads\/2022\/04\/induction-brazing-of-aluminum-assembly.jpg\" class=\"img-responsive wp-image-3806\" srcset=\"https:\/\/www.focoinduction.com\/wp-content\/uploads\/2022\/04\/induction-brazing-of-aluminum-assembly-200x133.jpg 200w, https:\/\/www.focoinduction.com\/wp-content\/uploads\/2022\/04\/induction-brazing-of-aluminum-assembly-400x267.jpg 400w, https:\/\/www.focoinduction.com\/wp-content\/uploads\/2022\/04\/induction-brazing-of-aluminum-assembly.jpg 600w\" sizes=\"(max-width: 768px) 100vw, 400px\" \/><\/a><\/span><\/div><div class=\"fusion-text fusion-text-3\" style=\"--awb-font-size:14px;--awb-text-transform:none;--awb-margin-top:10px;\"><p>Soldadura por inducci\u00f3n de conjuntos de aluminio<\/p>\n<\/div><\/div><\/div><div class=\"fusion-layout-column fusion_builder_column fusion-builder-column-3 fusion_builder_column_1_3 1_3 fusion-flex-column\" style=\"--awb-bg-size:cover;--awb-width-large:33.333333333333%;--awb-margin-top-large:0px;--awb-spacing-right-large:15px;--awb-margin-bottom-large:0px;--awb-spacing-left-large:0px;--awb-width-medium:33.333333333333%;--awb-order-medium:0;--awb-spacing-right-medium:15px;--awb-spacing-left-medium:0px;--awb-width-small:100%;--awb-order-small:0;--awb-spacing-right-small:1.92%;--awb-spacing-left-small:1.92%;\"><div class=\"fusion-column-wrapper fusion-column-has-shadow fusion-flex-justify-content-flex-start fusion-content-layout-column\"><div class=\"fusion-image-element \" style=\"text-align:center;--awb-max-width:270px;--awb-caption-title-font-family:var(--h2_typography-font-family);--awb-caption-title-font-weight:var(--h2_typography-font-weight);--awb-caption-title-font-style:var(--h2_typography-font-style);--awb-caption-title-size:var(--h2_typography-font-size);--awb-caption-title-transform:var(--h2_typography-text-transform);--awb-caption-title-line-height:var(--h2_typography-line-height);--awb-caption-title-letter-spacing:var(--h2_typography-letter-spacing);\"><span class=\" fusion-imageframe imageframe-none imageframe-2 hover-type-none\"><a href=\"https:\/\/www.focoinduction.com\/wp-content\/uploads\/2022\/04\/induction-brazing-of-aluminum-bars.jpg\" class=\"fusion-lightbox\" data-rel=\"iLightbox[soldadura por inducci\u00f3n de barras de aluminio]\" data-caption=\"induction brazing of aluminum bars\" data-title=\"induction brazing of aluminum bars\" title=\"induction brazing of aluminum bars\"><img decoding=\"async\" width=\"600\" height=\"400\" alt=\"soldadura por inducci\u00f3n de barras de aluminio\" src=\"https:\/\/www.focoinduction.com\/wp-content\/uploads\/2022\/04\/induction-brazing-of-aluminum-bars.jpg\" class=\"img-responsive wp-image-3810\" srcset=\"https:\/\/www.focoinduction.com\/wp-content\/uploads\/2022\/04\/induction-brazing-of-aluminum-bars-200x133.jpg 200w, https:\/\/www.focoinduction.com\/wp-content\/uploads\/2022\/04\/induction-brazing-of-aluminum-bars-400x267.jpg 400w, https:\/\/www.focoinduction.com\/wp-content\/uploads\/2022\/04\/induction-brazing-of-aluminum-bars.jpg 600w\" sizes=\"(max-width: 768px) 100vw, 400px\" \/><\/a><\/span><\/div><div class=\"fusion-text fusion-text-4\" style=\"--awb-font-size:14px;--awb-text-transform:none;\"><p>Soldadura por inducci\u00f3n de barras de aluminio<\/p>\n<\/div><\/div><\/div><\/div><\/div><\/p>\n","protected":false},"excerpt":{"rendered":"","protected":false},"author":1,"featured_media":3814,"parent":5974,"menu_order":0,"comment_status":"closed","ping_status":"closed","template":"","meta":{"footnotes":""},"class_list":["post-5795","page","type-page","status-publish","has-post-thumbnail","hentry"],"_links":{"self":[{"href":"https:\/\/www.focoinduction.com\/es\/wp-json\/wp\/v2\/pages\/5795","targetHints":{"allow":["GET"]}}],"collection":[{"href":"https:\/\/www.focoinduction.com\/es\/wp-json\/wp\/v2\/pages"}],"about":[{"href":"https:\/\/www.focoinduction.com\/es\/wp-json\/wp\/v2\/types\/page"}],"author":[{"embeddable":true,"href":"https:\/\/www.focoinduction.com\/es\/wp-json\/wp\/v2\/users\/1"}],"replies":[{"embeddable":true,"href":"https:\/\/www.focoinduction.com\/es\/wp-json\/wp\/v2\/comments?post=5795"}],"version-history":[{"count":0,"href":"https:\/\/www.focoinduction.com\/es\/wp-json\/wp\/v2\/pages\/5795\/revisions"}],"up":[{"embeddable":true,"href":"https:\/\/www.focoinduction.com\/es\/wp-json\/wp\/v2\/pages\/5974"}],"wp:featuredmedia":[{"embeddable":true,"href":"https:\/\/www.focoinduction.com\/es\/wp-json\/wp\/v2\/media\/3814"}],"wp:attachment":[{"href":"https:\/\/www.focoinduction.com\/es\/wp-json\/wp\/v2\/media?parent=5795"}],"curies":[{"name":"wp","href":"https:\/\/api.w.org\/{rel}","templated":true}]}}