{"id":5988,"date":"2022-04-09T14:01:11","date_gmt":"2022-04-09T06:01:11","guid":{"rendered":"https:\/\/www.focoinduction.com\/endurecimiento-por-induccion-de-ejes\/"},"modified":"2023-05-16T09:08:36","modified_gmt":"2023-05-16T01:08:36","slug":"endurecimiento-por-induccion-de-ejes","status":"publish","type":"page","link":"https:\/\/www.focoinduction.com\/es\/aplicaciones\/endurecimiento-por-induccion\/endurecimiento-por-induccion-de-ejes\/","title":{"rendered":"Endurecimiento por inducci\u00f3n de ejes"},"content":{"rendered":"<p><div class=\"fusion-fullwidth fullwidth-box fusion-builder-row-1 fusion-flex-container nonhundred-percent-fullwidth non-hundred-percent-height-scrolling\" style=\"--awb-border-radius-top-left:0px;--awb-border-radius-top-right:0px;--awb-border-radius-bottom-right:0px;--awb-border-radius-bottom-left:0px;--awb-flex-wrap:wrap;\" ><div class=\"fusion-builder-row fusion-row fusion-flex-align-items-flex-start fusion-flex-content-wrap\" style=\"max-width:1248px;margin-left: calc(-4% \/ 2 );margin-right: calc(-4% \/ 2 );\"><div class=\"fusion-layout-column fusion_builder_column fusion-builder-column-0 fusion_builder_column_1_1 1_1 fusion-flex-column\" style=\"--awb-bg-size:cover;--awb-width-large:100%;--awb-margin-top-large:0px;--awb-spacing-right-large:1.92%;--awb-margin-bottom-large:20px;--awb-spacing-left-large:1.92%;--awb-width-medium:100%;--awb-order-medium:0;--awb-spacing-right-medium:1.92%;--awb-spacing-left-medium:1.92%;--awb-width-small:100%;--awb-order-small:0;--awb-spacing-right-small:1.92%;--awb-spacing-left-small:1.92%;\"><div class=\"fusion-column-wrapper fusion-column-has-shadow fusion-flex-justify-content-flex-start fusion-content-layout-column\"><div class=\"fusion-text fusion-text-1\" style=\"--awb-text-transform:none;\"><p>El calentamiento por inducci\u00f3n se ha convertido en el <a href=\"https:\/\/www.focoinduction.com\/heating-methods-for-induction-hardening\/\" target=\"_blank\" rel=\"noopener\">m\u00e9todo<\/a> m\u00e1s habitual <a href=\"https:\/\/www.focoinduction.com\/heating-methods-for-induction-hardening\/\" target=\"_blank\" rel=\"noopener\">para templar<\/a> diversos ejes. El calentamiento por inducci\u00f3n se utiliza para calentar r\u00e1pidamente el eje de acero hasta 800-1.000 \u00b0C en cuesti\u00f3n de segundos, seguido de un enfriamiento inmediato para endurecer la superficie del eje, aumentando la dureza y la resistencia al desgaste.<\/p>\n<p><strong>Equipamiento:  <\/strong><\/p>\n<p><span style=\"color: #0000ff;\"><a style=\"color: #0000ff;\" href=\"https:\/\/www.focoinduction.com\/es\/productos\/maquinas-de-temple-por-induccion\/maquina-vertical-de-temple-por-induccion\/\" target=\"_blank\" rel=\"noopener\">M\u00e1quina vertical de temple por inducci\u00f3n<\/a><\/span><\/p>\n<p>Seg\u00fan los requisitos de profundidad de la capa endurecida, utilizaremos una fuente de alimentaci\u00f3n de calentamiento por inducci\u00f3n de <a href=\"https:\/\/www.focoinduction.com\/es\/productos\/maquinas-de-calentamiento-por-induccion\/maquina-de-calentamiento-por-induccion-de-alta-frecuencia\/\" target=\"_blank\" rel=\"noopener\">alta frecuencia<\/a>, una fuente de alimentaci\u00f3n de <a href=\"https:\/\/www.focoinduction.com\/es\/productos\/maquinas-de-calentamiento-por-induccion\/maquina-de-calentamiento-por-induccion-de-alta-frecuencia\/\" target=\"_blank\" rel=\"noopener\">calentamiento por inducci\u00f3n de frecuencia media<\/a> o una <a href=\"https:\/\/www.focoinduction.com\/es\/productos\/maquinas-de-calentamiento-por-induccion\/maquina-de-calentamiento-por-induccion-de-frecuencia-ultraalta\/\" target=\"_blank\" rel=\"noopener\">fuente de alimentaci\u00f3n de calentamiento por inducci\u00f3n de frecuencia ultraalta<\/a>.<\/p>\n<p>Adem\u00e1s, podemos equiparlo con un sistema de refrigeraci\u00f3n por agua incorporado.<\/p>\n<p><strong>Ventajas:<\/strong><\/p>\n<ul>\n<li>En comparaci\u00f3n con los hornos convencionales, el endurecimiento por inducci\u00f3n es m\u00e1s r\u00e1pido, por t\u00e9rmino medio, con s\u00f3lo unos segundos o minutos por eje.<\/li>\n<li>Los sistemas de endurecimiento por inducci\u00f3n pueden integrarse en la l\u00ednea de producci\u00f3n para automatizar todo el proceso de producci\u00f3n.<\/li>\n<li>Repetibilidad y coherencia de los resultados garantizadas.<\/li>\n<li>Todo el proceso de calentamiento es controlable.<\/li>\n<\/ul>\n<p>M\u00e1s informaci\u00f3n sobre <a href=\"https:\/\/www.focoinduction.com\/es\/aplicaciones\/endurecimiento-por-induccion\/\" target=\"_blank\" rel=\"noopener\">las aplicaciones del endurecimiento por inducci\u00f3n<\/a>.<\/p>\n<\/div><\/div><\/div><\/div><\/div><div class=\"fusion-fullwidth fullwidth-box fusion-builder-row-2 fusion-flex-container nonhundred-percent-fullwidth non-hundred-percent-height-scrolling\" style=\"--awb-border-radius-top-left:0px;--awb-border-radius-top-right:0px;--awb-border-radius-bottom-right:0px;--awb-border-radius-bottom-left:0px;--awb-flex-wrap:wrap;\" ><div class=\"fusion-builder-row fusion-row fusion-flex-align-items-flex-start fusion-flex-content-wrap\" style=\"max-width:1248px;margin-left: calc(-4% \/ 2 );margin-right: calc(-4% \/ 2 );\"><div class=\"fusion-layout-column fusion_builder_column fusion-builder-column-1 fusion_builder_column_1_1 1_1 fusion-flex-column\" style=\"--awb-bg-size:cover;--awb-width-large:100%;--awb-margin-top-large:0px;--awb-spacing-right-large:1.92%;--awb-margin-bottom-large:0px;--awb-spacing-left-large:1.92%;--awb-width-medium:100%;--awb-order-medium:0;--awb-spacing-right-medium:1.92%;--awb-spacing-left-medium:1.92%;--awb-width-small:100%;--awb-order-small:0;--awb-spacing-right-small:1.92%;--awb-spacing-left-small:1.92%;\"><div class=\"fusion-column-wrapper fusion-column-has-shadow fusion-flex-justify-content-flex-start fusion-content-layout-column\"><div class=\"fusion-text fusion-text-2\" style=\"--awb-font-size:24px;--awb-text-transform:none;\"><p><strong>Galer\u00eda de ejes templados por inducci\u00f3n<\/strong><\/p>\n<\/div><\/div><\/div><div class=\"fusion-layout-column fusion_builder_column fusion-builder-column-2 fusion_builder_column_1_3 1_3 fusion-flex-column\" style=\"--awb-bg-size:cover;--awb-width-large:33.333333333333%;--awb-margin-top-large:0px;--awb-spacing-right-large:15px;--awb-margin-bottom-large:0px;--awb-spacing-left-large:0px;--awb-width-medium:33.333333333333%;--awb-order-medium:0;--awb-spacing-right-medium:15px;--awb-spacing-left-medium:0px;--awb-width-small:100%;--awb-order-small:0;--awb-spacing-right-small:1.92%;--awb-spacing-left-small:1.92%;\"><div class=\"fusion-column-wrapper fusion-column-has-shadow fusion-flex-justify-content-flex-start fusion-content-layout-column\"><div class=\"fusion-image-element \" style=\"text-align:center;--awb-max-width:270px;--awb-caption-title-font-family:var(--h2_typography-font-family);--awb-caption-title-font-weight:var(--h2_typography-font-weight);--awb-caption-title-font-style:var(--h2_typography-font-style);--awb-caption-title-size:var(--h2_typography-font-size);--awb-caption-title-transform:var(--h2_typography-text-transform);--awb-caption-title-line-height:var(--h2_typography-line-height);--awb-caption-title-letter-spacing:var(--h2_typography-letter-spacing);\"><span class=\" fusion-imageframe imageframe-none imageframe-1 hover-type-none\"><a href=\"https:\/\/www.focoinduction.com\/wp-content\/uploads\/2022\/04\/hardening-of-large-steel-shaft.jpg\" class=\"fusion-lightbox\" data-rel=\"iLightbox[endurecimiento de grandes ejes de acero]\" data-caption=\"hardening of large steel shaft\" data-title=\"hardening of large steel shaft\" title=\"hardening of large steel shaft\"><img decoding=\"async\" width=\"600\" height=\"400\" alt=\"endurecimiento de grandes ejes de acero\" src=\"https:\/\/www.focoinduction.com\/wp-content\/uploads\/2022\/04\/hardening-of-large-steel-shaft.jpg\" class=\"img-responsive wp-image-3866\" srcset=\"https:\/\/www.focoinduction.com\/wp-content\/uploads\/2022\/04\/hardening-of-large-steel-shaft-200x133.jpg 200w, https:\/\/www.focoinduction.com\/wp-content\/uploads\/2022\/04\/hardening-of-large-steel-shaft-400x267.jpg 400w, https:\/\/www.focoinduction.com\/wp-content\/uploads\/2022\/04\/hardening-of-large-steel-shaft.jpg 600w\" sizes=\"(max-width: 768px) 100vw, 400px\" \/><\/a><\/span><\/div><div class=\"fusion-text fusion-text-3\" style=\"--awb-font-size:14px;--awb-text-transform:none;\"><p>Endurecimiento de grandes ejes de acero<\/p>\n<\/div><\/div><\/div><div class=\"fusion-layout-column fusion_builder_column fusion-builder-column-3 fusion_builder_column_1_3 1_3 fusion-flex-column\" style=\"--awb-bg-size:cover;--awb-width-large:33.333333333333%;--awb-margin-top-large:0px;--awb-spacing-right-large:15px;--awb-margin-bottom-large:0px;--awb-spacing-left-large:0px;--awb-width-medium:33.333333333333%;--awb-order-medium:0;--awb-spacing-right-medium:15px;--awb-spacing-left-medium:0px;--awb-width-small:100%;--awb-order-small:0;--awb-spacing-right-small:1.92%;--awb-spacing-left-small:1.92%;\"><div class=\"fusion-column-wrapper fusion-column-has-shadow fusion-flex-justify-content-flex-start fusion-content-layout-column\"><div class=\"fusion-image-element \" style=\"text-align:center;--awb-max-width:270px;--awb-caption-title-font-family:var(--h2_typography-font-family);--awb-caption-title-font-weight:var(--h2_typography-font-weight);--awb-caption-title-font-style:var(--h2_typography-font-style);--awb-caption-title-size:var(--h2_typography-font-size);--awb-caption-title-transform:var(--h2_typography-text-transform);--awb-caption-title-line-height:var(--h2_typography-line-height);--awb-caption-title-letter-spacing:var(--h2_typography-letter-spacing);\"><span class=\" fusion-imageframe imageframe-none imageframe-2 hover-type-none\"><a href=\"https:\/\/www.focoinduction.com\/wp-content\/uploads\/2022\/04\/hardening-of-shaft-with-induction-heating.jpg\" class=\"fusion-lightbox\" data-rel=\"iLightbox[endurecimiento del eje con calentamiento por inducci\u00f3n]\" data-caption=\"hardening of shaft with induction heating\" data-title=\"hardening of shaft with induction heating\" title=\"hardening of shaft with induction heating\"><img decoding=\"async\" width=\"600\" height=\"400\" alt=\"endurecimiento del eje con calentamiento por inducci\u00f3n\" src=\"https:\/\/www.focoinduction.com\/wp-content\/uploads\/2022\/04\/hardening-of-shaft-with-induction-heating.jpg\" class=\"img-responsive wp-image-3870\" srcset=\"https:\/\/www.focoinduction.com\/wp-content\/uploads\/2022\/04\/hardening-of-shaft-with-induction-heating-200x133.jpg 200w, https:\/\/www.focoinduction.com\/wp-content\/uploads\/2022\/04\/hardening-of-shaft-with-induction-heating-400x267.jpg 400w, https:\/\/www.focoinduction.com\/wp-content\/uploads\/2022\/04\/hardening-of-shaft-with-induction-heating.jpg 600w\" sizes=\"(max-width: 768px) 100vw, 400px\" \/><\/a><\/span><\/div><div class=\"fusion-text fusion-text-4\" style=\"--awb-font-size:14px;--awb-text-transform:none;\"><p>Endurecimiento de ejes con calentamiento por inducci\u00f3n<\/p>\n<\/div><\/div><\/div><div class=\"fusion-layout-column fusion_builder_column fusion-builder-column-4 fusion_builder_column_1_3 1_3 fusion-flex-column\" style=\"--awb-bg-size:cover;--awb-width-large:33.333333333333%;--awb-margin-top-large:0px;--awb-spacing-right-large:15px;--awb-margin-bottom-large:0px;--awb-spacing-left-large:0px;--awb-width-medium:33.333333333333%;--awb-order-medium:0;--awb-spacing-right-medium:15px;--awb-spacing-left-medium:0px;--awb-width-small:100%;--awb-order-small:0;--awb-spacing-right-small:1.92%;--awb-spacing-left-small:1.92%;\"><div class=\"fusion-column-wrapper fusion-column-has-shadow fusion-flex-justify-content-flex-start fusion-content-layout-column\"><div class=\"fusion-image-element \" style=\"text-align:center;--awb-max-width:270px;--awb-caption-title-font-family:var(--h2_typography-font-family);--awb-caption-title-font-weight:var(--h2_typography-font-weight);--awb-caption-title-font-style:var(--h2_typography-font-style);--awb-caption-title-size:var(--h2_typography-font-size);--awb-caption-title-transform:var(--h2_typography-text-transform);--awb-caption-title-line-height:var(--h2_typography-line-height);--awb-caption-title-letter-spacing:var(--h2_typography-letter-spacing);\"><span class=\" fusion-imageframe imageframe-none imageframe-3 hover-type-none\"><a href=\"https:\/\/www.focoinduction.com\/wp-content\/uploads\/2022\/04\/hardening-of-steel-shaft.jpg\" class=\"fusion-lightbox\" data-rel=\"iLightbox[endurecimiento del eje de acero]\" data-caption=\"hardening of steel shaft\" data-title=\"hardening of steel shaft\" title=\"hardening of steel shaft\"><img decoding=\"async\" width=\"600\" height=\"400\" alt=\"endurecimiento del eje de acero\" src=\"https:\/\/www.focoinduction.com\/wp-content\/uploads\/2022\/04\/hardening-of-steel-shaft.jpg\" class=\"img-responsive wp-image-3874\" srcset=\"https:\/\/www.focoinduction.com\/wp-content\/uploads\/2022\/04\/hardening-of-steel-shaft-200x133.jpg 200w, https:\/\/www.focoinduction.com\/wp-content\/uploads\/2022\/04\/hardening-of-steel-shaft-400x267.jpg 400w, https:\/\/www.focoinduction.com\/wp-content\/uploads\/2022\/04\/hardening-of-steel-shaft.jpg 600w\" sizes=\"(max-width: 768px) 100vw, 400px\" \/><\/a><\/span><\/div><div class=\"fusion-text fusion-text-5\" style=\"--awb-font-size:14px;--awb-text-transform:none;\"><p>Endurecimiento del eje de acero<\/p>\n<\/div><\/div><\/div><div class=\"fusion-layout-column fusion_builder_column fusion-builder-column-5 fusion_builder_column_1_3 1_3 fusion-flex-column\" style=\"--awb-bg-size:cover;--awb-width-large:33.333333333333%;--awb-margin-top-large:0px;--awb-spacing-right-large:15px;--awb-margin-bottom-large:0px;--awb-spacing-left-large:0px;--awb-width-medium:33.333333333333%;--awb-order-medium:0;--awb-spacing-right-medium:15px;--awb-spacing-left-medium:0px;--awb-width-small:100%;--awb-order-small:0;--awb-spacing-right-small:1.92%;--awb-spacing-left-small:1.92%;\"><div class=\"fusion-column-wrapper fusion-column-has-shadow fusion-flex-justify-content-flex-start fusion-content-layout-column\"><div class=\"fusion-image-element \" style=\"text-align:center;--awb-max-width:270px;--awb-caption-title-font-family:var(--h2_typography-font-family);--awb-caption-title-font-weight:var(--h2_typography-font-weight);--awb-caption-title-font-style:var(--h2_typography-font-style);--awb-caption-title-size:var(--h2_typography-font-size);--awb-caption-title-transform:var(--h2_typography-text-transform);--awb-caption-title-line-height:var(--h2_typography-line-height);--awb-caption-title-letter-spacing:var(--h2_typography-letter-spacing);\"><span class=\" fusion-imageframe imageframe-none imageframe-4 hover-type-none\"><a href=\"https:\/\/www.focoinduction.com\/wp-content\/uploads\/2022\/04\/shaft-scan-hardening.jpg\" class=\"fusion-lightbox\" data-rel=\"iLightbox[endurecimiento por exploraci\u00f3n del eje]\" data-caption=\"shaft scan hardening\" data-title=\"shaft scan hardening\" title=\"shaft scan hardening\"><img decoding=\"async\" width=\"600\" height=\"400\" alt=\"endurecimiento por exploraci\u00f3n del eje\" src=\"https:\/\/www.focoinduction.com\/wp-content\/uploads\/2022\/04\/shaft-scan-hardening.jpg\" class=\"img-responsive wp-image-3878\" srcset=\"https:\/\/www.focoinduction.com\/wp-content\/uploads\/2022\/04\/shaft-scan-hardening-200x133.jpg 200w, https:\/\/www.focoinduction.com\/wp-content\/uploads\/2022\/04\/shaft-scan-hardening-400x267.jpg 400w, https:\/\/www.focoinduction.com\/wp-content\/uploads\/2022\/04\/shaft-scan-hardening.jpg 600w\" sizes=\"(max-width: 768px) 100vw, 400px\" \/><\/a><\/span><\/div><div class=\"fusion-text fusion-text-6\" style=\"--awb-font-size:14px;--awb-text-transform:none;\"><p>Endurecimiento del eje<\/p>\n<\/div><\/div><\/div><div class=\"fusion-layout-column fusion_builder_column fusion-builder-column-6 fusion_builder_column_1_3 1_3 fusion-flex-column\" style=\"--awb-bg-size:cover;--awb-width-large:33.333333333333%;--awb-margin-top-large:0px;--awb-spacing-right-large:15px;--awb-margin-bottom-large:0px;--awb-spacing-left-large:0px;--awb-width-medium:33.333333333333%;--awb-order-medium:0;--awb-spacing-right-medium:15px;--awb-spacing-left-medium:0px;--awb-width-small:100%;--awb-order-small:0;--awb-spacing-right-small:1.92%;--awb-spacing-left-small:1.92%;\"><div class=\"fusion-column-wrapper fusion-column-has-shadow fusion-flex-justify-content-flex-start fusion-content-layout-column\"><div class=\"fusion-image-element \" style=\"text-align:center;--awb-max-width:270px;--awb-caption-title-font-family:var(--h2_typography-font-family);--awb-caption-title-font-weight:var(--h2_typography-font-weight);--awb-caption-title-font-style:var(--h2_typography-font-style);--awb-caption-title-size:var(--h2_typography-font-size);--awb-caption-title-transform:var(--h2_typography-text-transform);--awb-caption-title-line-height:var(--h2_typography-line-height);--awb-caption-title-letter-spacing:var(--h2_typography-letter-spacing);\"><span class=\" fusion-imageframe imageframe-none imageframe-5 hover-type-none\"><a href=\"https:\/\/www.focoinduction.com\/wp-content\/uploads\/2022\/04\/shaft-hardening-with-horizontal-induction-hardening-machine.jpg\" class=\"fusion-lightbox\" data-rel=\"iLightbox[temple de ejes con m\u00e1quina horizontal de temple por inducci\u00f3n]\" data-caption=\"shaft hardening with horizontal induction hardening machine\" data-title=\"shaft hardening with horizontal induction hardening machine\" title=\"shaft hardening with horizontal induction hardening machine\"><img decoding=\"async\" width=\"600\" height=\"400\" alt=\"temple de ejes con m\u00e1quina horizontal de temple por inducci\u00f3n\" src=\"https:\/\/www.focoinduction.com\/wp-content\/uploads\/2022\/04\/shaft-hardening-with-horizontal-induction-hardening-machine.jpg\" class=\"img-responsive wp-image-3882\" srcset=\"https:\/\/www.focoinduction.com\/wp-content\/uploads\/2022\/04\/shaft-hardening-with-horizontal-induction-hardening-machine-200x133.jpg 200w, https:\/\/www.focoinduction.com\/wp-content\/uploads\/2022\/04\/shaft-hardening-with-horizontal-induction-hardening-machine-400x267.jpg 400w, https:\/\/www.focoinduction.com\/wp-content\/uploads\/2022\/04\/shaft-hardening-with-horizontal-induction-hardening-machine.jpg 600w\" sizes=\"(max-width: 768px) 100vw, 400px\" \/><\/a><\/span><\/div><div class=\"fusion-text fusion-text-7\" style=\"--awb-font-size:14px;--awb-text-transform:none;\"><p>Temple de ejes con m\u00e1quina horizontal de temple por inducci\u00f3n<\/p>\n<\/div><\/div><\/div><\/div><\/div><\/p>\n","protected":false},"excerpt":{"rendered":"","protected":false},"author":1,"featured_media":3862,"parent":5980,"menu_order":0,"comment_status":"closed","ping_status":"closed","template":"","meta":{"footnotes":""},"class_list":["post-5988","page","type-page","status-publish","has-post-thumbnail","hentry"],"_links":{"self":[{"href":"https:\/\/www.focoinduction.com\/es\/wp-json\/wp\/v2\/pages\/5988","targetHints":{"allow":["GET"]}}],"collection":[{"href":"https:\/\/www.focoinduction.com\/es\/wp-json\/wp\/v2\/pages"}],"about":[{"href":"https:\/\/www.focoinduction.com\/es\/wp-json\/wp\/v2\/types\/page"}],"author":[{"embeddable":true,"href":"https:\/\/www.focoinduction.com\/es\/wp-json\/wp\/v2\/users\/1"}],"replies":[{"embeddable":true,"href":"https:\/\/www.focoinduction.com\/es\/wp-json\/wp\/v2\/comments?post=5988"}],"version-history":[{"count":0,"href":"https:\/\/www.focoinduction.com\/es\/wp-json\/wp\/v2\/pages\/5988\/revisions"}],"up":[{"embeddable":true,"href":"https:\/\/www.focoinduction.com\/es\/wp-json\/wp\/v2\/pages\/5980"}],"wp:featuredmedia":[{"embeddable":true,"href":"https:\/\/www.focoinduction.com\/es\/wp-json\/wp\/v2\/media\/3862"}],"wp:attachment":[{"href":"https:\/\/www.focoinduction.com\/es\/wp-json\/wp\/v2\/media?parent=5988"}],"curies":[{"name":"wp","href":"https:\/\/api.w.org\/{rel}","templated":true}]}}