{"id":6273,"date":"2022-12-03T09:56:10","date_gmt":"2022-12-03T01:56:10","guid":{"rendered":"https:\/\/www.focoinduction.com\/industrias\/"},"modified":"2023-05-16T09:08:56","modified_gmt":"2023-05-16T01:08:56","slug":"industrias","status":"publish","type":"page","link":"https:\/\/www.focoinduction.com\/es\/industrias\/","title":{"rendered":"Industrias"},"content":{"rendered":"<p><div class=\"fusion-fullwidth fullwidth-box fusion-builder-row-1 fusion-flex-container has-pattern-background has-mask-background nonhundred-percent-fullwidth non-hundred-percent-height-scrolling\" style=\"--awb-border-radius-top-left:0px;--awb-border-radius-top-right:0px;--awb-border-radius-bottom-right:0px;--awb-border-radius-bottom-left:0px;--awb-flex-wrap:wrap;\" ><div class=\"fusion-builder-row fusion-row fusion-flex-align-items-flex-start fusion-flex-content-wrap\" style=\"max-width:1248px;margin-left: calc(-4% \/ 2 );margin-right: calc(-4% \/ 2 );\"><div class=\"fusion-layout-column fusion_builder_column fusion-builder-column-0 fusion_builder_column_1_1 1_1 fusion-flex-column\" style=\"--awb-bg-size:cover;--awb-width-large:100%;--awb-margin-top-large:0px;--awb-spacing-right-large:1.92%;--awb-margin-bottom-large:20px;--awb-spacing-left-large:1.92%;--awb-width-medium:100%;--awb-order-medium:0;--awb-spacing-right-medium:1.92%;--awb-spacing-left-medium:1.92%;--awb-width-small:100%;--awb-order-small:0;--awb-spacing-right-small:1.92%;--awb-spacing-left-small:1.92%;\"><div class=\"fusion-column-wrapper fusion-column-has-shadow fusion-flex-justify-content-flex-start fusion-content-layout-column\"><div class=\"fusion-text fusion-text-1\"><p>FOCO induction ofrece soluciones de calentamiento por inducci\u00f3n para una amplia gama de industrias. El calentamiento por inducci\u00f3n es la forma m\u00e1s rentable de calefacci\u00f3n industrial en la industria moderna. Se caracteriza por su alta eficacia, fiabilidad, seguridad y funcionamiento sin problemas. Lo mejor de todo es que es f\u00e1cil de integrar en su l\u00ednea de producci\u00f3n automatizada. Nuestros ingenieros profesionales evaluar\u00e1n sus necesidades individuales de calefacci\u00f3n y le proporcionar\u00e1n un sistema de calentamiento por inducci\u00f3n que cumpla los requisitos espec\u00edficos de su proceso de calentamiento.<\/p>\n<\/div><\/div><\/div><\/div><\/div><div class=\"fusion-fullwidth fullwidth-box fusion-builder-row-2 fusion-flex-container has-pattern-background has-mask-background nonhundred-percent-fullwidth non-hundred-percent-height-scrolling\" style=\"--awb-border-radius-top-left:0px;--awb-border-radius-top-right:0px;--awb-border-radius-bottom-right:0px;--awb-border-radius-bottom-left:0px;--awb-flex-wrap:wrap;\" ><div class=\"fusion-builder-row fusion-row fusion-flex-align-items-flex-start fusion-flex-content-wrap\" style=\"max-width:1248px;margin-left: calc(-4% \/ 2 );margin-right: calc(-4% \/ 2 );\"><div class=\"fusion-layout-column fusion_builder_column fusion-builder-column-1 fusion_builder_column_1_3 1_3 fusion-flex-column\" style=\"--awb-bg-size:cover;--awb-border-color:#e2e2e2;--awb-border-top:1px;--awb-border-right:1px;--awb-border-bottom:1px;--awb-border-left:1px;--awb-border-style:solid;--awb-width-large:33.333333333333%;--awb-margin-top-large:0px;--awb-spacing-right-large:5.76%;--awb-margin-bottom-large:20px;--awb-spacing-left-large:5.76%;--awb-width-medium:33.333333333333%;--awb-order-medium:0;--awb-spacing-right-medium:5.76%;--awb-spacing-left-medium:5.76%;--awb-width-small:100%;--awb-order-small:0;--awb-spacing-right-small:1.92%;--awb-spacing-left-small:1.92%;\"><div class=\"fusion-column-wrapper fusion-column-has-shadow fusion-flex-justify-content-flex-start fusion-content-layout-column\"><div class=\"fusion-image-element \" style=\"--awb-liftup-border-radius:0px;--awb-margin-top:0px;--awb-margin-right:0px;--awb-margin-left:0px;--awb-caption-title-font-family:var(--h2_typography-font-family);--awb-caption-title-font-weight:var(--h2_typography-font-weight);--awb-caption-title-font-style:var(--h2_typography-font-style);--awb-caption-title-size:var(--h2_typography-font-size);--awb-caption-title-transform:var(--h2_typography-text-transform);--awb-caption-title-line-height:var(--h2_typography-line-height);--awb-caption-title-letter-spacing:var(--h2_typography-letter-spacing);\"><div class=\"awb-image-frame awb-image-frame-1 imageframe-liftup\"><span class=\" fusion-imageframe imageframe-none imageframe-1\"><a class=\"fusion-no-lightbox\" href=\"https:\/\/www.focoinduction.com\/industries\/automotive-industry\/\" target=\"_blank\" aria-label=\"Automotive Industry\" rel=\"noopener noreferrer\"><img decoding=\"async\" width=\"600\" height=\"229\" alt=\"Industria del autom\u00f3vil\" src=\"https:\/\/www.focoinduction.com\/wp-content\/uploads\/2022\/12\/Automotive-Industry-600x229.jpg\" class=\"img-responsive wp-image-4774\" srcset=\"https:\/\/www.focoinduction.com\/wp-content\/uploads\/2022\/12\/Automotive-Industry-200x76.jpg 200w, https:\/\/www.focoinduction.com\/wp-content\/uploads\/2022\/12\/Automotive-Industry-400x152.jpg 400w, https:\/\/www.focoinduction.com\/wp-content\/uploads\/2022\/12\/Automotive-Industry-600x229.jpg 600w, https:\/\/www.focoinduction.com\/wp-content\/uploads\/2022\/12\/Automotive-Industry-800x305.jpg 800w, https:\/\/www.focoinduction.com\/wp-content\/uploads\/2022\/12\/Automotive-Industry.jpg 1050w\" sizes=\"(max-width: 768px) 100vw, 400px\" \/><\/a><\/span><\/div><\/div><div class=\"fusion-text fusion-text-2\" style=\"--awb-margin-top:10px;\"><p style=\"text-align: center;\"><a href=\"https:\/\/www.focoinduction.com\/industries\/automotive-industry\/\" target=\"_blank\" rel=\"noopener\">Industria del autom\u00f3vil<\/a><\/p>\n<\/div><\/div><\/div><div class=\"fusion-layout-column fusion_builder_column fusion-builder-column-2 fusion_builder_column_1_3 1_3 fusion-flex-column\" style=\"--awb-bg-size:cover;--awb-border-color:#e2e2e2;--awb-border-top:1px;--awb-border-right:1px;--awb-border-bottom:1px;--awb-border-left:1px;--awb-border-style:solid;--awb-width-large:33.333333333333%;--awb-margin-top-large:0px;--awb-spacing-right-large:5.76%;--awb-margin-bottom-large:20px;--awb-spacing-left-large:5.76%;--awb-width-medium:33.333333333333%;--awb-order-medium:0;--awb-spacing-right-medium:5.76%;--awb-spacing-left-medium:5.76%;--awb-width-small:100%;--awb-order-small:0;--awb-spacing-right-small:1.92%;--awb-spacing-left-small:1.92%;\"><div class=\"fusion-column-wrapper fusion-column-has-shadow fusion-flex-justify-content-flex-start fusion-content-layout-column\"><div class=\"fusion-image-element \" style=\"--awb-liftup-border-radius:0px;--awb-margin-top:0px;--awb-margin-right:0px;--awb-margin-left:0px;--awb-caption-title-font-family:var(--h2_typography-font-family);--awb-caption-title-font-weight:var(--h2_typography-font-weight);--awb-caption-title-font-style:var(--h2_typography-font-style);--awb-caption-title-size:var(--h2_typography-font-size);--awb-caption-title-transform:var(--h2_typography-text-transform);--awb-caption-title-line-height:var(--h2_typography-line-height);--awb-caption-title-letter-spacing:var(--h2_typography-letter-spacing);\"><div class=\"awb-image-frame awb-image-frame-2 imageframe-liftup\"><span class=\" fusion-imageframe imageframe-none imageframe-2\"><a class=\"fusion-no-lightbox\" href=\"https:\/\/www.focoinduction.com\/es\/calentamiento-por-induccion-en-la-industria-energetica\/\" target=\"_blank\" aria-label=\"induction heating for energy industry\" rel=\"noopener noreferrer\"><img decoding=\"async\" width=\"600\" height=\"229\" alt=\"industria energ\u00e9tica\" src=\"https:\/\/www.focoinduction.com\/wp-content\/uploads\/2022\/12\/induction-heating-for-energy-industry-600x229.jpg\" class=\"img-responsive wp-image-4778\" srcset=\"https:\/\/www.focoinduction.com\/wp-content\/uploads\/2022\/12\/induction-heating-for-energy-industry-200x76.jpg 200w, https:\/\/www.focoinduction.com\/wp-content\/uploads\/2022\/12\/induction-heating-for-energy-industry-400x152.jpg 400w, https:\/\/www.focoinduction.com\/wp-content\/uploads\/2022\/12\/induction-heating-for-energy-industry-600x229.jpg 600w, https:\/\/www.focoinduction.com\/wp-content\/uploads\/2022\/12\/induction-heating-for-energy-industry-800x305.jpg 800w, https:\/\/www.focoinduction.com\/wp-content\/uploads\/2022\/12\/induction-heating-for-energy-industry.jpg 1050w\" sizes=\"(max-width: 768px) 100vw, 400px\" \/><\/a><\/span><\/div><\/div><div class=\"fusion-text fusion-text-3\" style=\"--awb-margin-top:10px;\"><p style=\"text-align: center;\"><a href=\"https:\/\/www.focoinduction.com\/es\/calentamiento-por-induccion-en-la-industria-energetica\/\" target=\"_blank\" rel=\"noopener\">Industria energ\u00e9tica<\/a><\/p>\n<\/div><\/div><\/div><div class=\"fusion-layout-column fusion_builder_column fusion-builder-column-3 fusion_builder_column_1_3 1_3 fusion-flex-column\" style=\"--awb-bg-size:cover;--awb-border-color:#e2e2e2;--awb-border-top:1px;--awb-border-right:1px;--awb-border-bottom:1px;--awb-border-left:1px;--awb-border-style:solid;--awb-width-large:33.333333333333%;--awb-margin-top-large:0px;--awb-spacing-right-large:5.76%;--awb-margin-bottom-large:20px;--awb-spacing-left-large:5.76%;--awb-width-medium:33.333333333333%;--awb-order-medium:0;--awb-spacing-right-medium:5.76%;--awb-spacing-left-medium:5.76%;--awb-width-small:100%;--awb-order-small:0;--awb-spacing-right-small:1.92%;--awb-spacing-left-small:1.92%;\"><div class=\"fusion-column-wrapper fusion-column-has-shadow fusion-flex-justify-content-flex-start fusion-content-layout-column\"><div class=\"fusion-image-element \" style=\"--awb-liftup-border-radius:0px;--awb-margin-top:0px;--awb-margin-right:0px;--awb-margin-left:0px;--awb-caption-title-font-family:var(--h2_typography-font-family);--awb-caption-title-font-weight:var(--h2_typography-font-weight);--awb-caption-title-font-style:var(--h2_typography-font-style);--awb-caption-title-size:var(--h2_typography-font-size);--awb-caption-title-transform:var(--h2_typography-text-transform);--awb-caption-title-line-height:var(--h2_typography-line-height);--awb-caption-title-letter-spacing:var(--h2_typography-letter-spacing);\"><div class=\"awb-image-frame awb-image-frame-3 imageframe-liftup\"><span class=\" fusion-imageframe imageframe-none imageframe-3\"><a class=\"fusion-no-lightbox\" href=\"https:\/\/www.focoinduction.com\/es\/calentamiento-por-induccion-en-la-industria-alimentaria-y-de-bebidas\/\" target=\"_blank\" aria-label=\"Induction Heating for Food and Beverage Industry\" rel=\"noopener noreferrer\"><img decoding=\"async\" width=\"600\" height=\"229\" alt=\" Industria alimentaria\" src=\"https:\/\/www.focoinduction.com\/wp-content\/uploads\/2022\/12\/Induction-Heating-for-Food-and-Beverage-Industry-600x229.jpg\" class=\"img-responsive wp-image-4782\" srcset=\"https:\/\/www.focoinduction.com\/wp-content\/uploads\/2022\/12\/Induction-Heating-for-Food-and-Beverage-Industry-200x76.jpg 200w, https:\/\/www.focoinduction.com\/wp-content\/uploads\/2022\/12\/Induction-Heating-for-Food-and-Beverage-Industry-400x152.jpg 400w, https:\/\/www.focoinduction.com\/wp-content\/uploads\/2022\/12\/Induction-Heating-for-Food-and-Beverage-Industry-600x229.jpg 600w, https:\/\/www.focoinduction.com\/wp-content\/uploads\/2022\/12\/Induction-Heating-for-Food-and-Beverage-Industry-800x305.jpg 800w, https:\/\/www.focoinduction.com\/wp-content\/uploads\/2022\/12\/Induction-Heating-for-Food-and-Beverage-Industry.jpg 1050w\" sizes=\"(max-width: 768px) 100vw, 400px\" \/><\/a><\/span><\/div><\/div><div class=\"fusion-text fusion-text-4\" style=\"--awb-margin-top:10px;\"><p style=\"text-align: center;\"><a href=\"https:\/\/www.focoinduction.com\/es\/calentamiento-por-induccion-en-la-industria-alimentaria-y-de-bebidas\/\" target=\"_blank\" rel=\"noopener\">Industria alimentaria<\/a><\/p>\n<\/div><\/div><\/div><div class=\"fusion-layout-column fusion_builder_column fusion-builder-column-4 fusion_builder_column_1_3 1_3 fusion-flex-column\" style=\"--awb-bg-size:cover;--awb-border-color:#e2e2e2;--awb-border-top:1px;--awb-border-right:1px;--awb-border-bottom:1px;--awb-border-left:1px;--awb-border-style:solid;--awb-width-large:33.333333333333%;--awb-margin-top-large:0px;--awb-spacing-right-large:5.76%;--awb-margin-bottom-large:20px;--awb-spacing-left-large:5.76%;--awb-width-medium:33.333333333333%;--awb-order-medium:0;--awb-spacing-right-medium:5.76%;--awb-spacing-left-medium:5.76%;--awb-width-small:100%;--awb-order-small:0;--awb-spacing-right-small:1.92%;--awb-spacing-left-small:1.92%;\"><div class=\"fusion-column-wrapper fusion-column-has-shadow fusion-flex-justify-content-flex-start fusion-content-layout-column\"><div class=\"fusion-image-element \" style=\"--awb-liftup-border-radius:0px;--awb-margin-top:0px;--awb-margin-right:0px;--awb-margin-left:0px;--awb-caption-title-font-family:var(--h2_typography-font-family);--awb-caption-title-font-weight:var(--h2_typography-font-weight);--awb-caption-title-font-style:var(--h2_typography-font-style);--awb-caption-title-size:var(--h2_typography-font-size);--awb-caption-title-transform:var(--h2_typography-text-transform);--awb-caption-title-line-height:var(--h2_typography-line-height);--awb-caption-title-letter-spacing:var(--h2_typography-letter-spacing);\"><div class=\"awb-image-frame awb-image-frame-4 imageframe-liftup\"><span class=\" fusion-imageframe imageframe-none imageframe-4\"><a class=\"fusion-no-lightbox\" href=\"https:\/\/www.focoinduction.com\/es\/calentamiento-por-induccion-en-la-industria-del-petroleo-y-el-gas\/\" target=\"_blank\" aria-label=\"induction heating for oil and gas industry\" rel=\"noopener noreferrer\"><img decoding=\"async\" width=\"600\" height=\"229\" alt=\"industria petrolera y del gas\" src=\"https:\/\/www.focoinduction.com\/wp-content\/uploads\/2022\/12\/induction-heating-for-oil-and-gas-industry-600x229.jpg\" class=\"img-responsive wp-image-4786\" srcset=\"https:\/\/www.focoinduction.com\/wp-content\/uploads\/2022\/12\/induction-heating-for-oil-and-gas-industry-200x76.jpg 200w, https:\/\/www.focoinduction.com\/wp-content\/uploads\/2022\/12\/induction-heating-for-oil-and-gas-industry-400x152.jpg 400w, https:\/\/www.focoinduction.com\/wp-content\/uploads\/2022\/12\/induction-heating-for-oil-and-gas-industry-600x229.jpg 600w, https:\/\/www.focoinduction.com\/wp-content\/uploads\/2022\/12\/induction-heating-for-oil-and-gas-industry-800x305.jpg 800w, https:\/\/www.focoinduction.com\/wp-content\/uploads\/2022\/12\/induction-heating-for-oil-and-gas-industry.jpg 1050w\" sizes=\"(max-width: 768px) 100vw, 400px\" \/><\/a><\/span><\/div><\/div><div class=\"fusion-text fusion-text-5\" style=\"--awb-margin-top:10px;\"><p style=\"text-align: center;\"><a href=\"https:\/\/www.focoinduction.com\/es\/calentamiento-por-induccion-en-la-industria-del-petroleo-y-el-gas\/\" target=\"_blank\" rel=\"noopener\">Petr\u00f3leo y gas<\/a><\/p>\n<\/div><\/div><\/div><div class=\"fusion-layout-column fusion_builder_column fusion-builder-column-5 fusion_builder_column_1_3 1_3 fusion-flex-column\" style=\"--awb-bg-size:cover;--awb-border-color:#e2e2e2;--awb-border-top:1px;--awb-border-right:1px;--awb-border-bottom:1px;--awb-border-left:1px;--awb-border-style:solid;--awb-width-large:33.333333333333%;--awb-margin-top-large:0px;--awb-spacing-right-large:5.76%;--awb-margin-bottom-large:20px;--awb-spacing-left-large:5.76%;--awb-width-medium:33.333333333333%;--awb-order-medium:0;--awb-spacing-right-medium:5.76%;--awb-spacing-left-medium:5.76%;--awb-width-small:100%;--awb-order-small:0;--awb-spacing-right-small:1.92%;--awb-spacing-left-small:1.92%;\"><div class=\"fusion-column-wrapper fusion-column-has-shadow fusion-flex-justify-content-flex-start fusion-content-layout-column\"><div class=\"fusion-image-element \" style=\"--awb-liftup-border-radius:0px;--awb-margin-top:0px;--awb-margin-right:0px;--awb-margin-left:0px;--awb-caption-title-font-family:var(--h2_typography-font-family);--awb-caption-title-font-weight:var(--h2_typography-font-weight);--awb-caption-title-font-style:var(--h2_typography-font-style);--awb-caption-title-size:var(--h2_typography-font-size);--awb-caption-title-transform:var(--h2_typography-text-transform);--awb-caption-title-line-height:var(--h2_typography-line-height);--awb-caption-title-letter-spacing:var(--h2_typography-letter-spacing);\"><div class=\"awb-image-frame awb-image-frame-5 imageframe-liftup\"><span class=\" fusion-imageframe imageframe-none imageframe-5\"><a class=\"fusion-no-lightbox\" href=\"https:\/\/www.focoinduction.com\/es\/industrias\/calentamiento-por-induccion-en-la-industria-farmaceutica\/\" target=\"_blank\" aria-label=\"Induction Heating for Pharmaceutical Industry\" rel=\"noopener noreferrer\"><img decoding=\"async\" width=\"600\" height=\"229\" alt=\"Industria farmac\u00e9utica\" src=\"https:\/\/www.focoinduction.com\/wp-content\/uploads\/2022\/12\/Induction-Heating-for-Pharmaceutical-Industry-600x229.jpg\" class=\"img-responsive wp-image-4790\" srcset=\"https:\/\/www.focoinduction.com\/wp-content\/uploads\/2022\/12\/Induction-Heating-for-Pharmaceutical-Industry-200x76.jpg 200w, https:\/\/www.focoinduction.com\/wp-content\/uploads\/2022\/12\/Induction-Heating-for-Pharmaceutical-Industry-400x152.jpg 400w, https:\/\/www.focoinduction.com\/wp-content\/uploads\/2022\/12\/Induction-Heating-for-Pharmaceutical-Industry-600x229.jpg 600w, https:\/\/www.focoinduction.com\/wp-content\/uploads\/2022\/12\/Induction-Heating-for-Pharmaceutical-Industry-800x305.jpg 800w, https:\/\/www.focoinduction.com\/wp-content\/uploads\/2022\/12\/Induction-Heating-for-Pharmaceutical-Industry.jpg 1050w\" sizes=\"(max-width: 768px) 100vw, 400px\" \/><\/a><\/span><\/div><\/div><div class=\"fusion-text fusion-text-6\" style=\"--awb-margin-top:10px;\"><p style=\"text-align: center;\"><a href=\"https:\/\/www.focoinduction.com\/industries\/pharmaceutical-industry\/\" target=\"_blank\" rel=\"noopener\">Industria farmac\u00e9utica<\/a><\/p>\n<\/div><\/div><\/div><div class=\"fusion-layout-column fusion_builder_column fusion-builder-column-6 fusion_builder_column_1_3 1_3 fusion-flex-column\" style=\"--awb-bg-size:cover;--awb-border-color:#e2e2e2;--awb-border-top:1px;--awb-border-right:1px;--awb-border-bottom:1px;--awb-border-left:1px;--awb-border-style:solid;--awb-width-large:33.333333333333%;--awb-margin-top-large:0px;--awb-spacing-right-large:5.76%;--awb-margin-bottom-large:20px;--awb-spacing-left-large:5.76%;--awb-width-medium:33.333333333333%;--awb-order-medium:0;--awb-spacing-right-medium:5.76%;--awb-spacing-left-medium:5.76%;--awb-width-small:100%;--awb-order-small:0;--awb-spacing-right-small:1.92%;--awb-spacing-left-small:1.92%;\"><div class=\"fusion-column-wrapper fusion-column-has-shadow fusion-flex-justify-content-flex-start fusion-content-layout-column\"><div class=\"fusion-image-element \" style=\"--awb-liftup-border-radius:0px;--awb-margin-top:0px;--awb-margin-right:0px;--awb-margin-left:0px;--awb-caption-title-font-family:var(--h2_typography-font-family);--awb-caption-title-font-weight:var(--h2_typography-font-weight);--awb-caption-title-font-style:var(--h2_typography-font-style);--awb-caption-title-size:var(--h2_typography-font-size);--awb-caption-title-transform:var(--h2_typography-text-transform);--awb-caption-title-line-height:var(--h2_typography-line-height);--awb-caption-title-letter-spacing:var(--h2_typography-letter-spacing);\"><div class=\"awb-image-frame awb-image-frame-6 imageframe-liftup\"><span class=\" fusion-imageframe imageframe-none imageframe-6\"><a class=\"fusion-no-lightbox\" href=\"https:\/\/www.focoinduction.com\/industries\/pipe-tubing-industry\/\" target=\"_blank\" aria-label=\"Induction Heating for Pipe and Tubing Industry\" rel=\"noopener noreferrer\"><img decoding=\"async\" width=\"600\" height=\"229\" alt=\"Industria de tubos y tuber\u00edas\" src=\"https:\/\/www.focoinduction.com\/wp-content\/uploads\/2022\/12\/Induction-Heating-for-Pipe-and-Tubing-Industry-600x229.jpg\" class=\"img-responsive wp-image-4794\" srcset=\"https:\/\/www.focoinduction.com\/wp-content\/uploads\/2022\/12\/Induction-Heating-for-Pipe-and-Tubing-Industry-200x76.jpg 200w, https:\/\/www.focoinduction.com\/wp-content\/uploads\/2022\/12\/Induction-Heating-for-Pipe-and-Tubing-Industry-400x152.jpg 400w, https:\/\/www.focoinduction.com\/wp-content\/uploads\/2022\/12\/Induction-Heating-for-Pipe-and-Tubing-Industry-600x229.jpg 600w, https:\/\/www.focoinduction.com\/wp-content\/uploads\/2022\/12\/Induction-Heating-for-Pipe-and-Tubing-Industry-800x305.jpg 800w, https:\/\/www.focoinduction.com\/wp-content\/uploads\/2022\/12\/Induction-Heating-for-Pipe-and-Tubing-Industry.jpg 1050w\" sizes=\"(max-width: 768px) 100vw, 400px\" \/><\/a><\/span><\/div><\/div><div class=\"fusion-text fusion-text-7\" style=\"--awb-margin-top:10px;\"><p style=\"text-align: center;\"><a href=\"https:\/\/www.focoinduction.com\/industries\/pipe-tubing-industry\/\" target=\"_blank\" rel=\"noopener\">Industria de tuber\u00edas<\/a><\/p>\n<\/div><\/div><\/div><div class=\"fusion-layout-column fusion_builder_column fusion-builder-column-7 fusion_builder_column_1_3 1_3 fusion-flex-column\" style=\"--awb-bg-size:cover;--awb-border-color:#e2e2e2;--awb-border-top:1px;--awb-border-right:1px;--awb-border-bottom:1px;--awb-border-left:1px;--awb-border-style:solid;--awb-width-large:33.333333333333%;--awb-margin-top-large:0px;--awb-spacing-right-large:5.76%;--awb-margin-bottom-large:20px;--awb-spacing-left-large:5.76%;--awb-width-medium:33.333333333333%;--awb-order-medium:0;--awb-spacing-right-medium:5.76%;--awb-spacing-left-medium:5.76%;--awb-width-small:100%;--awb-order-small:0;--awb-spacing-right-small:1.92%;--awb-spacing-left-small:1.92%;\"><div class=\"fusion-column-wrapper fusion-column-has-shadow fusion-flex-justify-content-flex-start fusion-content-layout-column\"><div class=\"fusion-image-element \" style=\"--awb-liftup-border-radius:0px;--awb-margin-top:0px;--awb-margin-right:0px;--awb-margin-left:0px;--awb-caption-title-font-family:var(--h2_typography-font-family);--awb-caption-title-font-weight:var(--h2_typography-font-weight);--awb-caption-title-font-style:var(--h2_typography-font-style);--awb-caption-title-size:var(--h2_typography-font-size);--awb-caption-title-transform:var(--h2_typography-text-transform);--awb-caption-title-line-height:var(--h2_typography-line-height);--awb-caption-title-letter-spacing:var(--h2_typography-letter-spacing);\"><div class=\"awb-image-frame awb-image-frame-7 imageframe-liftup\"><span class=\" fusion-imageframe imageframe-none imageframe-7\"><a class=\"fusion-no-lightbox\" href=\"https:\/\/www.focoinduction.com\/es\/calefaccion-por-induccion-en-la-industria-de-las-energias-renovables\/\" target=\"_blank\" aria-label=\"Induction Heating for Renewable Energy Industry\" rel=\"noopener noreferrer\"><img decoding=\"async\" width=\"600\" height=\"229\" alt=\"Industria de las energ\u00edas renovables\" src=\"https:\/\/www.focoinduction.com\/wp-content\/uploads\/2022\/12\/Induction-Heating-for-Renewable-Energy-Industry-600x229.jpg\" class=\"img-responsive wp-image-4798\" srcset=\"https:\/\/www.focoinduction.com\/wp-content\/uploads\/2022\/12\/Induction-Heating-for-Renewable-Energy-Industry-200x76.jpg 200w, https:\/\/www.focoinduction.com\/wp-content\/uploads\/2022\/12\/Induction-Heating-for-Renewable-Energy-Industry-400x152.jpg 400w, https:\/\/www.focoinduction.com\/wp-content\/uploads\/2022\/12\/Induction-Heating-for-Renewable-Energy-Industry-600x229.jpg 600w, https:\/\/www.focoinduction.com\/wp-content\/uploads\/2022\/12\/Induction-Heating-for-Renewable-Energy-Industry-800x305.jpg 800w, https:\/\/www.focoinduction.com\/wp-content\/uploads\/2022\/12\/Induction-Heating-for-Renewable-Energy-Industry.jpg 1050w\" sizes=\"(max-width: 768px) 100vw, 400px\" \/><\/a><\/span><\/div><\/div><div class=\"fusion-text fusion-text-8\" style=\"--awb-margin-top:10px;\"><p style=\"text-align: center;\"><a href=\"https:\/\/www.focoinduction.com\/es\/calefaccion-por-induccion-en-la-industria-de-las-energias-renovables\/\" target=\"_blank\" rel=\"noopener\">Industria de las energ\u00edas renovables<\/a><\/p>\n<\/div><\/div><\/div><\/div><\/div><\/p>\n","protected":false},"excerpt":{"rendered":"","protected":false},"author":1,"featured_media":4810,"parent":0,"menu_order":0,"comment_status":"closed","ping_status":"closed","template":"","meta":{"footnotes":""},"class_list":["post-6273","page","type-page","status-publish","has-post-thumbnail","hentry"],"_links":{"self":[{"href":"https:\/\/www.focoinduction.com\/es\/wp-json\/wp\/v2\/pages\/6273","targetHints":{"allow":["GET"]}}],"collection":[{"href":"https:\/\/www.focoinduction.com\/es\/wp-json\/wp\/v2\/pages"}],"about":[{"href":"https:\/\/www.focoinduction.com\/es\/wp-json\/wp\/v2\/types\/page"}],"author":[{"embeddable":true,"href":"https:\/\/www.focoinduction.com\/es\/wp-json\/wp\/v2\/users\/1"}],"replies":[{"embeddable":true,"href":"https:\/\/www.focoinduction.com\/es\/wp-json\/wp\/v2\/comments?post=6273"}],"version-history":[{"count":0,"href":"https:\/\/www.focoinduction.com\/es\/wp-json\/wp\/v2\/pages\/6273\/revisions"}],"wp:featuredmedia":[{"embeddable":true,"href":"https:\/\/www.focoinduction.com\/es\/wp-json\/wp\/v2\/media\/4810"}],"wp:attachment":[{"href":"https:\/\/www.focoinduction.com\/es\/wp-json\/wp\/v2\/media?parent=6273"}],"curies":[{"name":"wp","href":"https:\/\/api.w.org\/{rel}","templated":true}]}}