{"id":6381,"date":"2022-10-12T10:43:56","date_gmt":"2022-10-12T02:43:56","guid":{"rendered":"https:\/\/www.focoinduction.com\/bobina-de-calentamiento-por-induccion-a-medida\/"},"modified":"2023-05-16T09:09:09","modified_gmt":"2023-05-16T01:09:09","slug":"bobina-de-calentamiento-por-induccion-a-medida","status":"publish","type":"page","link":"https:\/\/www.focoinduction.com\/es\/servicios-de-calefaccion-por-induccion\/bobina-de-calentamiento-por-induccion-a-medida\/","title":{"rendered":"Bobina de calentamiento por inducci\u00f3n a medida"},"content":{"rendered":"<p><div class=\"fusion-fullwidth fullwidth-box fusion-builder-row-1 fusion-flex-container has-pattern-background has-mask-background nonhundred-percent-fullwidth non-hundred-percent-height-scrolling\" style=\"--awb-border-radius-top-left:0px;--awb-border-radius-top-right:0px;--awb-border-radius-bottom-right:0px;--awb-border-radius-bottom-left:0px;--awb-flex-wrap:wrap;\" ><div class=\"fusion-builder-row fusion-row fusion-flex-align-items-flex-start fusion-flex-content-wrap\" style=\"max-width:1248px;margin-left: calc(-4% \/ 2 );margin-right: calc(-4% \/ 2 );\"><div class=\"fusion-layout-column fusion_builder_column fusion-builder-column-0 fusion_builder_column_1_1 1_1 fusion-flex-column\" style=\"--awb-bg-size:cover;--awb-width-large:100%;--awb-margin-top-large:0px;--awb-spacing-right-large:1.92%;--awb-margin-bottom-large:20px;--awb-spacing-left-large:1.92%;--awb-width-medium:100%;--awb-order-medium:0;--awb-spacing-right-medium:1.92%;--awb-spacing-left-medium:1.92%;--awb-width-small:100%;--awb-order-small:0;--awb-spacing-right-small:1.92%;--awb-spacing-left-small:1.92%;\"><div class=\"fusion-column-wrapper fusion-column-has-shadow fusion-flex-justify-content-flex-start fusion-content-layout-column\"><div class=\"fusion-text fusion-text-1\"><p>La construcci\u00f3n adecuada de la bobina de calentamiento por inducci\u00f3n es la clave para obtener el m\u00e1ximo rendimiento de su proceso, y nuestra experiencia nos diferencia de otros en el negocio del calentamiento por inducci\u00f3n personalizado. Gracias a nuestro avanzado software de dise\u00f1o de bobinas, aprovechamos los par\u00e1metros de proceso que usted especifica y los datos de los planos de las piezas para dise\u00f1ar el tama\u00f1o y la forma de bobina \u00f3ptimos para su aplicaci\u00f3n.<\/p>\n<p>Fabricamos sistemas de inducci\u00f3n completos, asequibles y de alta calidad, integrados con sistemas de manipulaci\u00f3n de materiales, sistemas de refrigeraci\u00f3n, controles y sistemas de supervisi\u00f3n de la calidad, todo ello en torno a un proceso de calentamiento\/fusi\u00f3n por inducci\u00f3n.<\/p>\n<\/div><\/div><\/div><\/div><\/div><div class=\"fusion-fullwidth fullwidth-box fusion-builder-row-2 fusion-flex-container has-pattern-background has-mask-background nonhundred-percent-fullwidth non-hundred-percent-height-scrolling\" style=\"--awb-border-radius-top-left:0px;--awb-border-radius-top-right:0px;--awb-border-radius-bottom-right:0px;--awb-border-radius-bottom-left:0px;--awb-flex-wrap:wrap;\" ><div class=\"fusion-builder-row fusion-row fusion-flex-align-items-flex-start fusion-flex-content-wrap\" style=\"max-width:1248px;margin-left: calc(-4% \/ 2 );margin-right: calc(-4% \/ 2 );\"><div class=\"fusion-layout-column fusion_builder_column fusion-builder-column-1 fusion_builder_column_1_1 1_1 fusion-flex-column\" style=\"--awb-bg-size:cover;--awb-width-large:100%;--awb-margin-top-large:0px;--awb-spacing-right-large:1.92%;--awb-margin-bottom-large:20px;--awb-spacing-left-large:1.92%;--awb-width-medium:100%;--awb-order-medium:0;--awb-spacing-right-medium:1.92%;--awb-spacing-left-medium:1.92%;--awb-width-small:100%;--awb-order-small:0;--awb-spacing-right-small:1.92%;--awb-spacing-left-small:1.92%;\"><div class=\"fusion-column-wrapper fusion-column-has-shadow fusion-flex-justify-content-flex-start fusion-content-layout-column\"><div class=\"fusion-text fusion-text-2\"><h2>Renovaci\u00f3n de bobinas<\/h2>\n<p>FOCO se especializa en el reacondicionamiento y la fabricaci\u00f3n de inductores a medida. Trabajamos con una amplia variedad de bobinas para aplicaciones de fusi\u00f3n por inducci\u00f3n.<\/p>\n<p>Como resultado, FOCO puede adaptar su paquete de bobinas para maximizar el rendimiento y la calidad del producto para satisfacer sus requisitos precisos de calefacci\u00f3n y aplicaci\u00f3n. FOCO tambi\u00e9n puede ofrecer dise\u00f1os multi-bobina para calentar numerosos lugares o piezas simult\u00e1neamente.<\/p>\n<p>Nuestra experiencia garantiza un funcionamiento fiable y eficaz, ya se trate de aplicaciones de calentamiento y fusi\u00f3n por inducci\u00f3n est\u00e1ndar o personalizadas.<\/p>\n<\/div><\/div><\/div><\/div><\/div><div class=\"fusion-fullwidth fullwidth-box fusion-builder-row-3 fusion-flex-container has-pattern-background has-mask-background nonhundred-percent-fullwidth non-hundred-percent-height-scrolling\" style=\"--awb-border-radius-top-left:0px;--awb-border-radius-top-right:0px;--awb-border-radius-bottom-right:0px;--awb-border-radius-bottom-left:0px;--awb-flex-wrap:wrap;\" ><div class=\"fusion-builder-row fusion-row fusion-flex-align-items-flex-start fusion-flex-content-wrap\" style=\"max-width:1248px;margin-left: calc(-4% \/ 2 );margin-right: calc(-4% \/ 2 );\"><div class=\"fusion-layout-column fusion_builder_column fusion-builder-column-2 fusion_builder_column_1_1 1_1 fusion-flex-column\" style=\"--awb-bg-size:cover;--awb-width-large:100%;--awb-margin-top-large:0px;--awb-spacing-right-large:1.92%;--awb-margin-bottom-large:20px;--awb-spacing-left-large:1.92%;--awb-width-medium:100%;--awb-order-medium:0;--awb-spacing-right-medium:1.92%;--awb-spacing-left-medium:1.92%;--awb-width-small:100%;--awb-order-small:0;--awb-spacing-right-small:1.92%;--awb-spacing-left-small:1.92%;\"><div class=\"fusion-column-wrapper fusion-column-has-shadow fusion-flex-justify-content-flex-start fusion-content-layout-column\"><div class=\"fusion-text fusion-text-3\"><h2>Reparaci\u00f3n de bobinas<\/h2>\n<p>El proceso de reparaci\u00f3n de una bobina de inducci\u00f3n comienza con el env\u00edo de las cerraduras da\u00f1adas a las instalaciones de FOCO, donde son examinadas antes de ser reparadas. Nuestro compromiso con la calidad y la rapidez de respuesta en las reparaciones de bobinas de inducci\u00f3n le permitir\u00e1n ponerse en marcha r\u00e1pidamente.<\/p>\n<\/div><div class=\"fusion-text fusion-text-4\" style=\"--awb-text-transform:capitalize;\"><p><em><a href=\"https:\/\/www.focoinduction.com\/lean-about-induction-heating\/induction-coil-copper-pipe-maintenance\/\" target=\"_blank\" rel=\"noopener\">Aprenda a mantener su bobina de inducci\u00f3n.<\/a><\/em><\/p>\n<\/div><\/div><\/div><\/div><\/div><div class=\"fusion-fullwidth fullwidth-box fusion-builder-row-4 fusion-flex-container has-pattern-background has-mask-background nonhundred-percent-fullwidth non-hundred-percent-height-scrolling\" style=\"--awb-border-radius-top-left:0px;--awb-border-radius-top-right:0px;--awb-border-radius-bottom-right:0px;--awb-border-radius-bottom-left:0px;--awb-flex-wrap:wrap;\" ><div class=\"fusion-builder-row fusion-row fusion-flex-align-items-flex-start fusion-flex-content-wrap\" style=\"max-width:1248px;margin-left: calc(-4% \/ 2 );margin-right: calc(-4% \/ 2 );\"><div class=\"fusion-layout-column fusion_builder_column fusion-builder-column-3 fusion_builder_column_1_1 1_1 fusion-flex-column\" style=\"--awb-bg-size:cover;--awb-width-large:100%;--awb-margin-top-large:0px;--awb-spacing-right-large:1.92%;--awb-margin-bottom-large:20px;--awb-spacing-left-large:1.92%;--awb-width-medium:100%;--awb-order-medium:0;--awb-spacing-right-medium:1.92%;--awb-spacing-left-medium:1.92%;--awb-width-small:100%;--awb-order-small:0;--awb-spacing-right-small:1.92%;--awb-spacing-left-small:1.92%;\"><div class=\"fusion-column-wrapper fusion-column-has-shadow fusion-flex-justify-content-flex-start fusion-content-layout-column\"><div class=\"fusion-text fusion-text-5\"><h2>El hardware de terceros no es un problema<\/h2>\n<p>Si utiliza un equipo de inducci\u00f3n de otra empresa, podemos proporcionarle una bobina nueva de mayor eficacia. Adem\u00e1s, ofrecemos un servicio de alta calidad, desde el dise\u00f1o y la construcci\u00f3n de nuevas bobinas hasta el reacondicionamiento de sus bobinas existentes, pasando por la fabricaci\u00f3n de una bobina de pr\u00e9stamo. Dise\u00f1amos, construimos y reparamos equipos de calentamiento por inducci\u00f3n de alta calidad, llave en mano, totalmente automatizados y de uso general.<\/p>\n<p>Si decide que sustituir su bobina es m\u00e1s rentable que renovarla, le fabricaremos una bobina nueva a partir de un dise\u00f1o m\u00e1s antiguo. Podemos reducir los costosos tiempos de inactividad de sus instalaciones renovando o sustituyendo r\u00e1pidamente sus bobinas -de cualquier forma, tama\u00f1o o marca- independientemente de que las fabriquemos nosotros o uno de nuestros competidores.<\/p>\n<\/div><\/div><\/div><\/div><\/div><div class=\"fusion-fullwidth fullwidth-box fusion-builder-row-5 fusion-flex-container has-pattern-background has-mask-background nonhundred-percent-fullwidth non-hundred-percent-height-scrolling\" style=\"--awb-border-radius-top-left:0px;--awb-border-radius-top-right:0px;--awb-border-radius-bottom-right:0px;--awb-border-radius-bottom-left:0px;--awb-flex-wrap:wrap;\" ><div class=\"fusion-builder-row fusion-row fusion-flex-align-items-flex-start fusion-flex-content-wrap\" style=\"max-width:1248px;margin-left: calc(-4% \/ 2 );margin-right: calc(-4% \/ 2 );\"><div class=\"fusion-layout-column fusion_builder_column fusion-builder-column-4 fusion_builder_column_1_1 1_1 fusion-flex-column\" style=\"--awb-bg-size:cover;--awb-width-large:100%;--awb-margin-top-large:0px;--awb-spacing-right-large:1.92%;--awb-margin-bottom-large:20px;--awb-spacing-left-large:1.92%;--awb-width-medium:100%;--awb-order-medium:0;--awb-spacing-right-medium:1.92%;--awb-spacing-left-medium:1.92%;--awb-width-small:100%;--awb-order-small:0;--awb-spacing-right-small:1.92%;--awb-spacing-left-small:1.92%;\"><div class=\"fusion-column-wrapper fusion-column-has-shadow fusion-flex-justify-content-flex-start fusion-content-layout-column\"><div class=\"fusion-text fusion-text-6\"><h2>Consulta<\/h2>\n<p>FOCO ofrece <a href=\"https:\/\/www.focoinduction.com\/services\/consulting\/\" target=\"_blank\" rel=\"noopener\">servicios de consultor\u00eda en tecnolog\u00eda de inducci\u00f3n<\/a> para ayudar a nuestros clientes. Proponemos a peque\u00f1as y grandes empresas diversos m\u00e9todos pr\u00e1cticos y probados de calentamiento por inducci\u00f3n. Analizamos detenidamente los requisitos de su aplicaci\u00f3n y, a continuaci\u00f3n, le hacemos recomendaciones sobre los procesos \u00f3ptimos de inducci\u00f3n, automatizaci\u00f3n y fabricaci\u00f3n total para sus aplicaciones.<\/p>\n<\/div><\/div><\/div><\/div><\/div><div class=\"fusion-fullwidth fullwidth-box fusion-builder-row-6 fusion-flex-container has-pattern-background has-mask-background nonhundred-percent-fullwidth non-hundred-percent-height-scrolling\" style=\"--awb-border-radius-top-left:0px;--awb-border-radius-top-right:0px;--awb-border-radius-bottom-right:0px;--awb-border-radius-bottom-left:0px;--awb-flex-wrap:wrap;\" ><div class=\"fusion-builder-row fusion-row fusion-flex-align-items-flex-start fusion-flex-content-wrap\" style=\"max-width:1248px;margin-left: calc(-4% \/ 2 );margin-right: calc(-4% \/ 2 );\"><div class=\"fusion-layout-column fusion_builder_column fusion-builder-column-5 fusion_builder_column_1_1 1_1 fusion-flex-column\" style=\"--awb-bg-size:cover;--awb-width-large:100%;--awb-margin-top-large:0px;--awb-spacing-right-large:1.92%;--awb-margin-bottom-large:20px;--awb-spacing-left-large:1.92%;--awb-width-medium:100%;--awb-order-medium:0;--awb-spacing-right-medium:1.92%;--awb-spacing-left-medium:1.92%;--awb-width-small:100%;--awb-order-small:0;--awb-spacing-right-small:1.92%;--awb-spacing-left-small:1.92%;\"><div class=\"fusion-column-wrapper fusion-column-has-shadow fusion-flex-justify-content-flex-start fusion-content-layout-column\"><div class=\"fusion-text fusion-text-7\"><h2>Pr\u00e9stamos<\/h2>\n<p>En FOCO, fabricamos una bobina de inducci\u00f3n de pr\u00e9stamo, en la que construimos una bobina duplicada a partir del equipo de nuestro cliente, que almacenamos en un estante, y la prestamos cuando trabajamos en sus reparaciones de bobinas de inducci\u00f3n.<\/p>\n<p>Nuestra experiencia garantiza un funcionamiento fiable y eficaz, ya se trate de aplicaciones de calentamiento y fusi\u00f3n por inducci\u00f3n est\u00e1ndar o personalizadas.<\/p>\n<\/div><\/div><\/div><\/div><\/div><div class=\"fusion-fullwidth fullwidth-box fusion-builder-row-7 fusion-flex-container has-pattern-background has-mask-background nonhundred-percent-fullwidth non-hundred-percent-height-scrolling\" style=\"--awb-border-radius-top-left:0px;--awb-border-radius-top-right:0px;--awb-border-radius-bottom-right:0px;--awb-border-radius-bottom-left:0px;--awb-flex-wrap:wrap;\" ><div class=\"fusion-builder-row fusion-row fusion-flex-align-items-flex-start fusion-flex-content-wrap\" style=\"max-width:1248px;margin-left: calc(-4% \/ 2 );margin-right: calc(-4% \/ 2 );\"><div class=\"fusion-layout-column fusion_builder_column fusion-builder-column-6 fusion_builder_column_1_1 1_1 fusion-flex-column\" style=\"--awb-bg-size:cover;--awb-width-large:100%;--awb-margin-top-large:0px;--awb-spacing-right-large:1.92%;--awb-margin-bottom-large:20px;--awb-spacing-left-large:1.92%;--awb-width-medium:100%;--awb-order-medium:0;--awb-spacing-right-medium:1.92%;--awb-spacing-left-medium:1.92%;--awb-width-small:100%;--awb-order-small:0;--awb-spacing-right-small:1.92%;--awb-spacing-left-small:1.92%;\"><div class=\"fusion-column-wrapper fusion-column-has-shadow fusion-flex-justify-content-flex-start fusion-content-layout-column\"><div class=\"fusion-text fusion-text-8\"><h2>Dise\u00f1os personalizados de bobinas de calentamiento por inducci\u00f3n<\/h2>\n<p>El dise\u00f1o de las bobinas de inducci\u00f3n puede afectar significativamente a la calidad de la pieza, la eficacia del proceso y los costes de producci\u00f3n. El dise\u00f1o de la bobina de inducci\u00f3n \u00f3ptima requiere un an\u00e1lisis exhaustivo de las piezas, las especificaciones del tratamiento t\u00e9rmico, la velocidad de fabricaci\u00f3n, la secuencia de funcionamiento, la manipulaci\u00f3n de los materiales, los par\u00e1metros del sistema de inducci\u00f3n, las condiciones ambientales en las que funcionar\u00e1 la bobina de inducci\u00f3n y el dise\u00f1o de la refrigeraci\u00f3n. Una bobina de inducci\u00f3n industrial bien dise\u00f1ada puede durar hasta 30 veces m\u00e1s en funci\u00f3n de la aplicaci\u00f3n, el cuidado y el entorno, en comparaci\u00f3n con una bobina barata, y puede ser la diferencia entre piezas conformes y no conformes.<\/p>\n<p>Nuestros t\u00e9cnicos est\u00e1n altamente capacitados, habiendo estado examinando, reacondicionando y reconstruyendo bobinas durante m\u00e1s de 20 a\u00f1os aqu\u00ed en Zhengzhou. Adem\u00e1s, el personal de FOCO trabaja directamente con los clientes para dise\u00f1ar programas completos de mantenimiento de bobinas.<\/p>\n<\/div><div class=\"fusion-text fusion-text-9\" style=\"--awb-text-transform:capitalize;\"><p><a href=\"https:\/\/www.focoinduction.com\/es\/contacte-con\/\" target=\"_blank\" rel=\"noopener\"><em>P\u00f3ngase en contacto con nosotros hoy mismo para hablar de sus necesidades de mantenimiento de bobinas de inducci\u00f3n.<\/em><\/a><\/p>\n<\/div><\/div><\/div><\/div><\/div><\/p>\n","protected":false},"excerpt":{"rendered":"","protected":false},"author":1,"featured_media":4722,"parent":6579,"menu_order":0,"comment_status":"closed","ping_status":"closed","template":"","meta":{"footnotes":""},"class_list":["post-6381","page","type-page","status-publish","has-post-thumbnail","hentry"],"_links":{"self":[{"href":"https:\/\/www.focoinduction.com\/es\/wp-json\/wp\/v2\/pages\/6381","targetHints":{"allow":["GET"]}}],"collection":[{"href":"https:\/\/www.focoinduction.com\/es\/wp-json\/wp\/v2\/pages"}],"about":[{"href":"https:\/\/www.focoinduction.com\/es\/wp-json\/wp\/v2\/types\/page"}],"author":[{"embeddable":true,"href":"https:\/\/www.focoinduction.com\/es\/wp-json\/wp\/v2\/users\/1"}],"replies":[{"embeddable":true,"href":"https:\/\/www.focoinduction.com\/es\/wp-json\/wp\/v2\/comments?post=6381"}],"version-history":[{"count":0,"href":"https:\/\/www.focoinduction.com\/es\/wp-json\/wp\/v2\/pages\/6381\/revisions"}],"up":[{"embeddable":true,"href":"https:\/\/www.focoinduction.com\/es\/wp-json\/wp\/v2\/pages\/6579"}],"wp:featuredmedia":[{"embeddable":true,"href":"https:\/\/www.focoinduction.com\/es\/wp-json\/wp\/v2\/media\/4722"}],"wp:attachment":[{"href":"https:\/\/www.focoinduction.com\/es\/wp-json\/wp\/v2\/media?parent=6381"}],"curies":[{"name":"wp","href":"https:\/\/api.w.org\/{rel}","templated":true}]}}