{"id":6403,"date":"2022-10-09T15:10:09","date_gmt":"2022-10-09T07:10:09","guid":{"rendered":"https:\/\/www.focoinduction.com\/mantenimiento-de-bobinas-de-induccion-y-tuberias-de-cobre\/"},"modified":"2023-05-16T09:09:07","modified_gmt":"2023-05-16T01:09:07","slug":"mantenimiento-de-bobinas-de-induccion-y-tuberias-de-cobre","status":"publish","type":"page","link":"https:\/\/www.focoinduction.com\/es\/lean-sobre-el-calentamiento-por-induccion\/mantenimiento-de-bobinas-de-induccion-y-tuberias-de-cobre\/","title":{"rendered":"Mantenimiento de bobinas de inducci\u00f3n y tuber\u00edas de cobre"},"content":{"rendered":"<div class=\"fusion-fullwidth fullwidth-box fusion-builder-row-1 fusion-flex-container has-pattern-background has-mask-background nonhundred-percent-fullwidth non-hundred-percent-height-scrolling\" style=\"--awb-border-radius-top-left:0px;--awb-border-radius-top-right:0px;--awb-border-radius-bottom-right:0px;--awb-border-radius-bottom-left:0px;--awb-flex-wrap:wrap;\" ><div class=\"fusion-builder-row fusion-row fusion-flex-align-items-flex-start fusion-flex-content-wrap\" style=\"max-width:1248px;margin-left: calc(-4% \/ 2 );margin-right: calc(-4% \/ 2 );\"><div class=\"fusion-layout-column fusion_builder_column fusion-builder-column-0 fusion_builder_column_1_1 1_1 fusion-flex-column\" style=\"--awb-bg-size:cover;--awb-width-large:100%;--awb-margin-top-large:0px;--awb-spacing-right-large:1.92%;--awb-margin-bottom-large:20px;--awb-spacing-left-large:1.92%;--awb-width-medium:100%;--awb-order-medium:0;--awb-spacing-right-medium:1.92%;--awb-spacing-left-medium:1.92%;--awb-width-small:100%;--awb-order-small:0;--awb-spacing-right-small:1.92%;--awb-spacing-left-small:1.92%;\"><div class=\"fusion-column-wrapper fusion-column-has-shadow fusion-flex-justify-content-flex-start fusion-content-layout-column\"><div class=\"fusion-text fusion-text-1\"><p>Las bobinas de calentamiento por inducci\u00f3n se someten a un uso intensivo que puede acortar su vida \u00fatil. El mantenimiento de las bobinas de inducci\u00f3n FOCO es una buena manera de prolongar la vida de estas valiosas herramientas.<\/p>\n<\/div><\/div><\/div><div class=\"fusion-layout-column fusion_builder_column fusion-builder-column-1 fusion_builder_column_1_1 1_1 fusion-flex-column\" style=\"--awb-bg-size:cover;--awb-width-large:100%;--awb-margin-top-large:0px;--awb-spacing-right-large:1.92%;--awb-margin-bottom-large:20px;--awb-spacing-left-large:1.92%;--awb-width-medium:100%;--awb-order-medium:0;--awb-spacing-right-medium:1.92%;--awb-spacing-left-medium:1.92%;--awb-width-small:100%;--awb-order-small:0;--awb-spacing-right-small:1.92%;--awb-spacing-left-small:1.92%;\"><div class=\"fusion-column-wrapper fusion-column-has-shadow fusion-flex-justify-content-flex-start fusion-content-layout-column\"><div class=\"fusion-text fusion-text-2\"><h2>El mantenimiento de la bobina de inducci\u00f3n evita reparaciones<\/h2>\n<p>FOCO se ha establecido con orgullo como uno de los principales proveedores de servicios de bobinas de calentamiento por inducci\u00f3n en la industria actual. Nuestros t\u00e9cnicos tienen amplios conocimientos y experiencia en todo lo relacionado con los inductores, lo que les permite proporcionar un excelente nivel de servicio al cliente para cada cliente individual. FOCO se esfuerza por ofrecer soluciones r\u00e1pidas a un alto nivel. Con s\u00f3lo una llamada o un correo electr\u00f3nico, haremos todo lo necesario para que reciba nuestros servicios con rapidez y eficacia, sin comprometer la calidad por la cantidad.<\/p>\n<p>Los servicios de reparaci\u00f3n y redise\u00f1o de bobinas de inducci\u00f3n incluyen:<\/p>\n<ul>\n<li>Inspecci\u00f3n y pruebas<\/li>\n<li>Limpieza de bobinas, mangueras, bus de trabajo y utillaje<\/li>\n<li>Limpieza de los barriles de enfriamiento y de las superficies de contacto<\/li>\n<li>Apriete el utillaje<\/li>\n<li>Inspeccionar y limpiar la fuente de alimentaci\u00f3n<\/li>\n<li>Tratar las zonas con signos de corrosi\u00f3n<\/li>\n<\/ul>\n<\/div><\/div><\/div><div class=\"fusion-layout-column fusion_builder_column fusion-builder-column-2 fusion_builder_column_1_1 1_1 fusion-flex-column\" style=\"--awb-bg-size:cover;--awb-width-large:100%;--awb-margin-top-large:0px;--awb-spacing-right-large:1.92%;--awb-margin-bottom-large:20px;--awb-spacing-left-large:1.92%;--awb-width-medium:100%;--awb-order-medium:0;--awb-spacing-right-medium:1.92%;--awb-spacing-left-medium:1.92%;--awb-width-small:100%;--awb-order-small:0;--awb-spacing-right-small:1.92%;--awb-spacing-left-small:1.92%;\"><div class=\"fusion-column-wrapper fusion-column-has-shadow fusion-flex-justify-content-flex-start fusion-content-layout-column\"><div class=\"fusion-text fusion-text-3\"><h2>Consejos de mantenimiento de la bobina de inducci\u00f3n<\/h2>\n<p>Los inductores son fr\u00e1giles. Gu\u00e1rdalos cuando no los utilices. Si se dejan cerca del borde de un espacio de trabajo, podr\u00edan caerse, romperse, deformarse o dejar de funcionar. Esto es especialmente cierto en el caso de las herramientas manuales de soldadura fuerte.<\/p>\n<p>Cuando realice una operaci\u00f3n, aseg\u00farese de utilizar siempre agua limpia para evitar la contaminaci\u00f3n del elemento calefactor. Calentar con agua inadecuada o sucia acortar\u00e1 la vida \u00fatil de la bater\u00eda, as\u00ed que no olvide limpiarla despu\u00e9s de cada uso. Una acumulaci\u00f3n de part\u00edculas en estas bobinas puede provocar un cortocircuito y que se quemen r\u00e1pidamente. Limpiar las bobinas con regularidad es una forma sencilla de evitar este problema. Limpia el polvo y la suciedad con una toalla seca y un poco de aire comprimido para eliminar los restos de suciedad. Y no se olvide nunca de revisar tambi\u00e9n los puntos de conexi\u00f3n el\u00e9ctrica, ya que son una de las piezas que probablemente no se hayan tocado, pero que est\u00e1n esperando a que se acumulen restos.<\/p>\n<p>Inspeccione el aislamiento entre los dos hilos de cobre antes de utilizarlo para evitar cortocircuitos.<\/p>\n<p>Las manchas negras en el cobre indican que la bobina ha estado expuesta a un calor extremo; es una se\u00f1al peligrosa. Examine la bobina de cobre en busca de decoloraci\u00f3n, grietas y calor excesivo, indicado por una coloraci\u00f3n azul o roja en el cobre. Limpie cualquier escoria o viruta met\u00e1lica de la carcasa del horno y compruebe si hay indicios de que el metal fundido haya penetrado en la bobina de cobre.<\/p>\n<p>El bajo caudal se identifica a veces por el ennegrecimiento del cobre, en tonos p\u00farpura, en el lado de retorno de refrigeraci\u00f3n de la bobina. Por lo tanto, un bajo caudal de agua puede dar lugar a un vapor de vapor atrapado en el interior de la bobina inductora, provocando una grieta en la uni\u00f3n de soldadura a trav\u00e9s de la tuber\u00eda de la bobina inductora fabricada o grietas en el cobre que dejan al descubierto una c\u00e1mara de refrigeraci\u00f3n. Por lo tanto, el agua de refrigeraci\u00f3n debe proceder de una fuente de agua limpia con unidades de filtrado de 25 micras colocadas inmediatamente antes de entrar en la bobina inductora. En las aplicaciones industriales, la corriente que pasa por una bobina de trabajo es suficiente para que sea necesaria la refrigeraci\u00f3n por agua; por lo tanto, la configuraci\u00f3n de base contiene un dispositivo de refrigeraci\u00f3n por agua.<\/p>\n<p>Un protector coaxial proteger\u00e1 a\u00fan m\u00e1s sus bobinas. Es un peque\u00f1o adaptador que conecta el transformador coaxial a la bobina de inducci\u00f3n. Cualquier da\u00f1o que pueda producirse por sobrecarga ocurrir\u00e1 en el adaptador, que es mucho menos costoso que una bobina o transformador nuevos.<\/p>\n<p>Siga estos consejos para conservar sus inductores:<\/p>\n<ul>\n<li>Gu\u00e1rdelos cuando no los utilice<\/li>\n<li>Agua limpia significa resultados limpios<\/li>\n<li>Limpie y sople las bobinas despu\u00e9s de usarlas<\/li>\n<li>Utiliza un protector coaxial<\/li>\n<\/ul>\n<\/div><\/div><\/div><\/div><\/div>\n","protected":false},"excerpt":{"rendered":"","protected":false},"author":1,"featured_media":4686,"parent":6614,"menu_order":0,"comment_status":"closed","ping_status":"closed","template":"","meta":{"footnotes":""},"class_list":["post-6403","page","type-page","status-publish","has-post-thumbnail","hentry"],"_links":{"self":[{"href":"https:\/\/www.focoinduction.com\/es\/wp-json\/wp\/v2\/pages\/6403","targetHints":{"allow":["GET"]}}],"collection":[{"href":"https:\/\/www.focoinduction.com\/es\/wp-json\/wp\/v2\/pages"}],"about":[{"href":"https:\/\/www.focoinduction.com\/es\/wp-json\/wp\/v2\/types\/page"}],"author":[{"embeddable":true,"href":"https:\/\/www.focoinduction.com\/es\/wp-json\/wp\/v2\/users\/1"}],"replies":[{"embeddable":true,"href":"https:\/\/www.focoinduction.com\/es\/wp-json\/wp\/v2\/comments?post=6403"}],"version-history":[{"count":0,"href":"https:\/\/www.focoinduction.com\/es\/wp-json\/wp\/v2\/pages\/6403\/revisions"}],"up":[{"embeddable":true,"href":"https:\/\/www.focoinduction.com\/es\/wp-json\/wp\/v2\/pages\/6614"}],"wp:featuredmedia":[{"embeddable":true,"href":"https:\/\/www.focoinduction.com\/es\/wp-json\/wp\/v2\/media\/4686"}],"wp:attachment":[{"href":"https:\/\/www.focoinduction.com\/es\/wp-json\/wp\/v2\/media?parent=6403"}],"curies":[{"name":"wp","href":"https:\/\/api.w.org\/{rel}","templated":true}]}}