{"id":6445,"date":"2022-10-11T09:57:53","date_gmt":"2022-10-11T01:57:53","guid":{"rendered":"https:\/\/www.focoinduction.com\/formacion-sobre-equipos-de-induccion\/"},"modified":"2023-05-16T09:09:09","modified_gmt":"2023-05-16T01:09:09","slug":"formacion-sobre-equipos-de-induccion","status":"publish","type":"page","link":"https:\/\/www.focoinduction.com\/es\/servicios-de-calefaccion-por-induccion\/formacion-sobre-equipos-de-induccion\/","title":{"rendered":"Formaci\u00f3n sobre equipos de inducci\u00f3n"},"content":{"rendered":"<p><div class=\"fusion-fullwidth fullwidth-box fusion-builder-row-1 fusion-flex-container has-pattern-background has-mask-background nonhundred-percent-fullwidth non-hundred-percent-height-scrolling\" style=\"--awb-border-radius-top-left:0px;--awb-border-radius-top-right:0px;--awb-border-radius-bottom-right:0px;--awb-border-radius-bottom-left:0px;--awb-flex-wrap:wrap;\" ><div class=\"fusion-builder-row fusion-row fusion-flex-align-items-flex-start fusion-flex-content-wrap\" style=\"max-width:1248px;margin-left: calc(-4% \/ 2 );margin-right: calc(-4% \/ 2 );\"><div class=\"fusion-layout-column fusion_builder_column fusion-builder-column-0 fusion_builder_column_1_1 1_1 fusion-flex-column\" style=\"--awb-bg-size:cover;--awb-width-large:100%;--awb-margin-top-large:0px;--awb-spacing-right-large:1.92%;--awb-margin-bottom-large:20px;--awb-spacing-left-large:1.92%;--awb-width-medium:100%;--awb-order-medium:0;--awb-spacing-right-medium:1.92%;--awb-spacing-left-medium:1.92%;--awb-width-small:100%;--awb-order-small:0;--awb-spacing-right-small:1.92%;--awb-spacing-left-small:1.92%;\"><div class=\"fusion-column-wrapper fusion-column-has-shadow fusion-flex-justify-content-flex-start fusion-content-layout-column\"><div class=\"fusion-text fusion-text-1\"><p>La formaci\u00f3n FOCO abarca desde los fundamentos del calentamiento por inducci\u00f3n hasta la teor\u00eda avanzada sobre el dise\u00f1o de inductores, desde el mantenimiento preventivo del sistema hasta la formaci\u00f3n para las operaciones del usuario del sistema. La formaci\u00f3n personalizada de los operarios tambi\u00e9n puede adaptarse a su equipo y entorno de producci\u00f3n espec\u00edficos. Los estudiantes aprender\u00e1n de nuestros t\u00e9cnicos altamente cualificados, con a\u00f1os de experiencia pr\u00e1ctica y una amplia base de conocimientos. Los cursos est\u00e1n disponibles para todos los niveles y pueden adaptarse a sus necesidades.<\/p>\n<\/div><\/div><\/div><div class=\"fusion-layout-column fusion_builder_column fusion-builder-column-1 fusion_builder_column_1_1 1_1 fusion-flex-column\" style=\"--awb-bg-size:cover;--awb-width-large:100%;--awb-margin-top-large:0px;--awb-spacing-right-large:1.92%;--awb-margin-bottom-large:20px;--awb-spacing-left-large:1.92%;--awb-width-medium:100%;--awb-order-medium:0;--awb-spacing-right-medium:1.92%;--awb-spacing-left-medium:1.92%;--awb-width-small:100%;--awb-order-small:0;--awb-spacing-right-small:1.92%;--awb-spacing-left-small:1.92%;\"><div class=\"fusion-column-wrapper fusion-column-has-shadow fusion-flex-justify-content-flex-start fusion-content-layout-column\"><div class=\"fusion-text fusion-text-2\"><p>Formar a los nuevos empleados evita errores costosos, pero ponerlos al d\u00eda puede ser todo un reto. Es por eso que FOCO ofrece formaci\u00f3n sobre el funcionamiento de los sistemas de calefacci\u00f3n por inducci\u00f3n. Reciba formaci\u00f3n pr\u00e1ctica en nuestras instalaciones de [LOCATION]. Sus empleados aprender\u00e1n a alcanzar niveles \u00f3ptimos de rendimiento individualmente o en peque\u00f1os grupos.<\/p>\n<\/div><\/div><\/div><div class=\"fusion-layout-column fusion_builder_column fusion-builder-column-2 fusion_builder_column_1_1 1_1 fusion-flex-column\" style=\"--awb-bg-size:cover;--awb-width-large:100%;--awb-margin-top-large:0px;--awb-spacing-right-large:1.92%;--awb-margin-bottom-large:20px;--awb-spacing-left-large:1.92%;--awb-width-medium:100%;--awb-order-medium:0;--awb-spacing-right-medium:1.92%;--awb-spacing-left-medium:1.92%;--awb-width-small:100%;--awb-order-small:0;--awb-spacing-right-small:1.92%;--awb-spacing-left-small:1.92%;\"><div class=\"fusion-column-wrapper fusion-column-has-shadow fusion-flex-justify-content-flex-start fusion-content-layout-column\"><div class=\"fusion-text fusion-text-3\"><p>Tanto si sus nuevos empleados necesitan un nivel b\u00e1sico de formaci\u00f3n como uno avanzado, puede evitar tiempos de inactividad innecesarios, lesiones y decepciones programando una sesi\u00f3n de formaci\u00f3n de operadores con FOCO. P\u00f3ngase en contacto con nosotros para hablar de su proyecto espec\u00edfico. El mantenimiento y los cuidados adecuados prolongan considerablemente la vida \u00fatil de la m\u00e1quina.<\/p>\n<\/div><\/div><\/div><\/div><\/div><div class=\"fusion-fullwidth fullwidth-box fusion-builder-row-2 fusion-flex-container has-pattern-background has-mask-background nonhundred-percent-fullwidth non-hundred-percent-height-scrolling\" style=\"--awb-border-radius-top-left:0px;--awb-border-radius-top-right:0px;--awb-border-radius-bottom-right:0px;--awb-border-radius-bottom-left:0px;--awb-flex-wrap:wrap;\" ><div class=\"fusion-builder-row fusion-row fusion-flex-align-items-flex-start fusion-flex-content-wrap\" style=\"max-width:1248px;margin-left: calc(-4% \/ 2 );margin-right: calc(-4% \/ 2 );\"><div class=\"fusion-layout-column fusion_builder_column fusion-builder-column-3 fusion_builder_column_1_1 1_1 fusion-flex-column\" style=\"--awb-bg-size:cover;--awb-width-large:100%;--awb-margin-top-large:0px;--awb-spacing-right-large:1.92%;--awb-margin-bottom-large:20px;--awb-spacing-left-large:1.92%;--awb-width-medium:100%;--awb-order-medium:0;--awb-spacing-right-medium:1.92%;--awb-spacing-left-medium:1.92%;--awb-width-small:100%;--awb-order-small:0;--awb-spacing-right-small:1.92%;--awb-spacing-left-small:1.92%;\"><div class=\"fusion-column-wrapper fusion-column-has-shadow fusion-flex-justify-content-flex-start fusion-content-layout-column\"><div class=\"fusion-text fusion-text-4\"><h2>Formaci\u00f3n inicial sobre mantenimiento<\/h2>\n<p>Para evitar tiempos de inactividad y mantener los niveles de producci\u00f3n, ofrecemos cursos de formaci\u00f3n en mantenimiento en los que sus t\u00e9cnicos de servicio aprenden t\u00e1cticas de mantenimiento preventivo para garantizar que sus sistemas de fabricaci\u00f3n est\u00e9n siempre en funcionamiento. Bobinas de inducci\u00f3n de FOCO. Puesto que creemos que el dise\u00f1o y la calidad del inductor son fundamentales para cada sistema FOCO. Por ello, ofrecemos formaci\u00f3n espec\u00edfica en mecanizado de inductores. La formaci\u00f3n se divide en secciones te\u00f3ricas y pr\u00e1cticas. En primer lugar, ense\u00f1amos los principios te\u00f3ricos de un buen dise\u00f1o y pasamos a los ejercicios pr\u00e1cticos. Aprendieron a construir bobinas adecuadas en funci\u00f3n de las frecuencias, los materiales y las densidades de potencia.<\/p>\n<\/div><\/div><\/div><\/div><\/div><div class=\"fusion-fullwidth fullwidth-box fusion-builder-row-3 fusion-flex-container has-pattern-background has-mask-background nonhundred-percent-fullwidth non-hundred-percent-height-scrolling\" style=\"--awb-border-radius-top-left:0px;--awb-border-radius-top-right:0px;--awb-border-radius-bottom-right:0px;--awb-border-radius-bottom-left:0px;--awb-flex-wrap:wrap;\" ><div class=\"fusion-builder-row fusion-row fusion-flex-align-items-flex-start fusion-flex-content-wrap\" style=\"max-width:1248px;margin-left: calc(-4% \/ 2 );margin-right: calc(-4% \/ 2 );\"><div class=\"fusion-layout-column fusion_builder_column fusion-builder-column-4 fusion_builder_column_1_1 1_1 fusion-flex-column\" style=\"--awb-bg-size:cover;--awb-width-large:100%;--awb-margin-top-large:0px;--awb-spacing-right-large:1.92%;--awb-margin-bottom-large:20px;--awb-spacing-left-large:1.92%;--awb-width-medium:100%;--awb-order-medium:0;--awb-spacing-right-medium:1.92%;--awb-spacing-left-medium:1.92%;--awb-width-small:100%;--awb-order-small:0;--awb-spacing-right-small:1.92%;--awb-spacing-left-small:1.92%;\"><div class=\"fusion-column-wrapper fusion-column-has-shadow fusion-flex-justify-content-flex-start fusion-content-layout-column\"><div class=\"fusion-text fusion-text-5\"><h2>Formaci\u00f3n a medida<\/h2>\n<p>Adaptaremos la formaci\u00f3n a su entorno de producci\u00f3n, sus piezas y los niveles de cualificaci\u00f3n de su personal. Ll\u00e1menos hoy mismo y le ayudaremos a sacar el m\u00e1ximo partido de sus sistemas de calefacci\u00f3n por inducci\u00f3n. H\u00e1blenos de sus operaciones y necesidades, y dise\u00f1aremos un programa de formaci\u00f3n en calentamiento por inducci\u00f3n a su medida.<\/p>\n<\/div><\/div><\/div><\/div><\/div><div class=\"fusion-fullwidth fullwidth-box fusion-builder-row-4 fusion-flex-container has-pattern-background has-mask-background nonhundred-percent-fullwidth non-hundred-percent-height-scrolling\" style=\"--awb-border-radius-top-left:0px;--awb-border-radius-top-right:0px;--awb-border-radius-bottom-right:0px;--awb-border-radius-bottom-left:0px;--awb-flex-wrap:wrap;\" ><div class=\"fusion-builder-row fusion-row fusion-flex-align-items-flex-start fusion-flex-content-wrap\" style=\"max-width:1248px;margin-left: calc(-4% \/ 2 );margin-right: calc(-4% \/ 2 );\"><div class=\"fusion-layout-column fusion_builder_column fusion-builder-column-5 fusion_builder_column_1_1 1_1 fusion-flex-column\" style=\"--awb-bg-size:cover;--awb-width-large:100%;--awb-margin-top-large:0px;--awb-spacing-right-large:1.92%;--awb-margin-bottom-large:20px;--awb-spacing-left-large:1.92%;--awb-width-medium:100%;--awb-order-medium:0;--awb-spacing-right-medium:1.92%;--awb-spacing-left-medium:1.92%;--awb-width-small:100%;--awb-order-small:0;--awb-spacing-right-small:1.92%;--awb-spacing-left-small:1.92%;\"><div class=\"fusion-column-wrapper fusion-column-has-shadow fusion-flex-justify-content-flex-start fusion-content-layout-column\"><div class=\"fusion-text fusion-text-6\"><h2>Instructores profesionales<\/h2>\n<p>Nuestros instructores son profesionales formados en f\u00e1brica y con gran experiencia que combinan su conocimiento de los sistemas de inducci\u00f3n con una excelente capacidad para ense\u00f1ar con eficacia. Aunque la mayor\u00eda de nuestros cursos de formaci\u00f3n se centran en las partes m\u00e1s t\u00e9cnicas de un sistema de inducci\u00f3n, tambi\u00e9n ofrecemos clases de servicio personalizadas que abarcan todo el sistema y formaci\u00f3n en seguridad de equipos y operarios.<\/p>\n<p>La formaci\u00f3n FOCO le proporciona herramientas para comprender mejor los procesos y equipos de calentamiento por inducci\u00f3n, algo esencial para obtener el m\u00e1ximo rendimiento y amortizaci\u00f3n de su inversi\u00f3n. Cuanto mejor conozca su equipo de inducci\u00f3n, mejor amortizar\u00e1 su inversi\u00f3n. P\u00f3ngase en contacto con nosotros hoy mismo. Hablaremos de c\u00f3mo FOCO formar\u00e1 a su personal para exprimir al m\u00e1ximo el rendimiento de su equipo de inducci\u00f3n.<\/p>\n<\/div><\/div><\/div><\/div><\/div><\/p>\n","protected":false},"excerpt":{"rendered":"","protected":false},"author":1,"featured_media":4694,"parent":6579,"menu_order":0,"comment_status":"closed","ping_status":"closed","template":"","meta":{"footnotes":""},"class_list":["post-6445","page","type-page","status-publish","has-post-thumbnail","hentry"],"_links":{"self":[{"href":"https:\/\/www.focoinduction.com\/es\/wp-json\/wp\/v2\/pages\/6445","targetHints":{"allow":["GET"]}}],"collection":[{"href":"https:\/\/www.focoinduction.com\/es\/wp-json\/wp\/v2\/pages"}],"about":[{"href":"https:\/\/www.focoinduction.com\/es\/wp-json\/wp\/v2\/types\/page"}],"author":[{"embeddable":true,"href":"https:\/\/www.focoinduction.com\/es\/wp-json\/wp\/v2\/users\/1"}],"replies":[{"embeddable":true,"href":"https:\/\/www.focoinduction.com\/es\/wp-json\/wp\/v2\/comments?post=6445"}],"version-history":[{"count":0,"href":"https:\/\/www.focoinduction.com\/es\/wp-json\/wp\/v2\/pages\/6445\/revisions"}],"up":[{"embeddable":true,"href":"https:\/\/www.focoinduction.com\/es\/wp-json\/wp\/v2\/pages\/6579"}],"wp:featuredmedia":[{"embeddable":true,"href":"https:\/\/www.focoinduction.com\/es\/wp-json\/wp\/v2\/media\/4694"}],"wp:attachment":[{"href":"https:\/\/www.focoinduction.com\/es\/wp-json\/wp\/v2\/media?parent=6445"}],"curies":[{"name":"wp","href":"https:\/\/api.w.org\/{rel}","templated":true}]}}