{"id":6453,"date":"2022-09-30T14:28:06","date_gmt":"2022-09-30T06:28:06","guid":{"rendered":"https:\/\/www.focoinduction.com\/aplicaciones\/soldadura-por-induccion\/soldadura-por-induccion-de-fresas-laterales\/"},"modified":"2023-05-16T09:28:23","modified_gmt":"2023-05-16T01:28:23","slug":"soldadura-por-induccion-de-fresas-laterales","status":"publish","type":"page","link":"https:\/\/www.focoinduction.com\/es\/aplicaciones\/soldadura-por-induccion\/soldadura-por-induccion-de-fresas-laterales\/","title":{"rendered":"Soldadura por inducci\u00f3n de fresas laterales"},"content":{"rendered":"<p><div class=\"fusion-fullwidth fullwidth-box fusion-builder-row-1 fusion-flex-container has-pattern-background has-mask-background nonhundred-percent-fullwidth non-hundred-percent-height-scrolling\" style=\"--awb-border-sizes-bottom:1px;--awb-border-radius-top-left:0px;--awb-border-radius-top-right:0px;--awb-border-radius-bottom-right:0px;--awb-border-radius-bottom-left:0px;--awb-flex-wrap:wrap;\" ><div class=\"fusion-builder-row fusion-row fusion-flex-align-items-flex-start fusion-flex-content-wrap\" style=\"max-width:1248px;margin-left: calc(-4% \/ 2 );margin-right: calc(-4% \/ 2 );\"><div class=\"fusion-layout-column fusion_builder_column fusion-builder-column-0 fusion_builder_column_1_1 1_1 fusion-flex-column\" style=\"--awb-bg-size:cover;--awb-width-large:100%;--awb-margin-top-large:0px;--awb-spacing-right-large:1.92%;--awb-margin-bottom-large:20px;--awb-spacing-left-large:1.92%;--awb-width-medium:100%;--awb-order-medium:0;--awb-spacing-right-medium:1.92%;--awb-spacing-left-medium:1.92%;--awb-width-small:100%;--awb-order-small:0;--awb-spacing-right-small:1.92%;--awb-spacing-left-small:1.92%;\"><div class=\"fusion-column-wrapper fusion-column-has-shadow fusion-flex-justify-content-flex-start fusion-content-layout-column\"><div class=\"fusion-text fusion-text-1\"><h2>Braseado de fresas laterales mediante calentamiento por inducci\u00f3ng<\/h2>\n<p>Una peque\u00f1a f\u00e1brica necesita fresas laterales para soldadura por inducci\u00f3n. El objetivo del cliente es completar el proceso de soldadura en 20 segundos. Dado que no se requieren altas velocidades de producci\u00f3n, ofrecemos a nuestros clientes m\u00e1quinas de soldadura por inducci\u00f3n de alta frecuencia. Tiene la mejor relaci\u00f3n coste-eficacia econ\u00f3mica.<\/p>\n<p><strong>Equipamiento:<\/strong><br \/>\nM\u00e1quina de calentamiento por inducci\u00f3n de alta frecuencia de 15kW.<\/p>\n<p>Las m\u00e1quinas de calentamiento por inducci\u00f3n de alta frecuencia est\u00e1n equipadas con bobinas de inducci\u00f3n fijas. La bobina de inducci\u00f3n se dise\u00f1a en funci\u00f3n de la forma de la pieza calentada. Para facilitar el acceso a la pieza, utilizamos una bobina en forma de U en este proceso de calentamiento. Unas bobinas adecuadamente dise\u00f1adas son beneficiosas para mejorar la eficacia de la producci\u00f3n y contribuyen a garantizar el efecto de calentamiento.<\/p>\n<p><strong>Proceso de soldadura fuerte:<\/strong><\/p>\n<ol>\n<li>Instale las fresas laterales en el \u00fatil y ajuste la distancia entre \u00e9ste y la bobina.<\/li>\n<li>Aplique fundente y masilla en el lugar de la soldadura.<\/li>\n<li>Iniciar el calentamiento y terminar la soldadura despu\u00e9s de 20 segundos.<\/li>\n<\/ol>\n<p><strong>Ventajas:<\/strong><\/p>\n<ul>\n<li>La operaci\u00f3n es sencilla y no requiere trabajadores profesionales cualificados.<\/li>\n<li>El proceso de soldadura por inducci\u00f3n es muy r\u00e1pido y productivo.<\/li>\n<li>Con las fijaciones y la bobina de inducci\u00f3n estacionaria, la habilidad del operario apenas influye en la calidad de la soldadura.<\/li>\n<li>Procesos repetibles y resultados coherentes.<\/li>\n<\/ul>\n<p><strong>Conclusi\u00f3n:<\/strong><\/p>\n<p>FOCO 15 kW m\u00e1quina de calentamiento por inducci\u00f3n de alta frecuencia complet\u00f3 con \u00e9xito la soldadura por inducci\u00f3n de fresa lateral en 20 segundos. Las fuentes de alimentaci\u00f3n de calentamiento por inducci\u00f3n de alta frecuencia se utilizan habitualmente para la soldadura fuerte de diversas piezas peque\u00f1as de metal y aleaciones. Para la soldadura fuerte de fresas laterales, hojas de sierra de aleaci\u00f3n, herramientas de ferreter\u00eda, brocas de aleaci\u00f3n, etc., podemos proporcionar un sistema completo de soldadura fuerte por inducci\u00f3n.<\/p>\n<p>M\u00e1s informaci\u00f3n sobre las aplicaciones de la soldadura por inducci\u00f3n.<\/p>\n<\/div><\/div><\/div><\/div><\/div><div class=\"fusion-fullwidth fullwidth-box fusion-builder-row-2 fusion-flex-container has-pattern-background has-mask-background nonhundred-percent-fullwidth non-hundred-percent-height-scrolling\" style=\"--awb-border-radius-top-left:0px;--awb-border-radius-top-right:0px;--awb-border-radius-bottom-right:0px;--awb-border-radius-bottom-left:0px;--awb-flex-wrap:wrap;\" ><div class=\"fusion-builder-row fusion-row fusion-flex-align-items-flex-start fusion-flex-content-wrap\" style=\"max-width:1248px;margin-left: calc(-4% \/ 2 );margin-right: calc(-4% \/ 2 );\"><div class=\"fusion-layout-column fusion_builder_column fusion-builder-column-1 fusion_builder_column_1_1 1_1 fusion-flex-column\" style=\"--awb-bg-size:cover;--awb-width-large:100%;--awb-margin-top-large:0px;--awb-spacing-right-large:1.92%;--awb-margin-bottom-large:20px;--awb-spacing-left-large:1.92%;--awb-width-medium:100%;--awb-order-medium:0;--awb-spacing-right-medium:1.92%;--awb-spacing-left-medium:1.92%;--awb-width-small:100%;--awb-order-small:0;--awb-spacing-right-small:1.92%;--awb-spacing-left-small:1.92%;\"><div class=\"fusion-column-wrapper fusion-column-has-shadow fusion-flex-justify-content-flex-start fusion-content-layout-column\"><div class=\"fusion-text fusion-text-2\"><h3><strong>V\u00eddeo de soldadura por inducci\u00f3n<\/strong><\/h3>\n<\/div><div class=\"fusion-video fusion-youtube\" style=\"--awb-max-width:600px;--awb-max-height:360px;\"><div class=\"video-shortcode\"><lite-youtube videoid=\"HXa5IeLhWt4\" class=\"landscape\" params=\"wmode=transparent&autoplay=1&amp;enablejsapi=1\" title=\"Induction Brazing of Side Milling Cutters\" data-button-label=\"Play Video\" width=\"600\" height=\"360\" data-thumbnail-size=\"auto\" data-no-cookie=\"on\"><\/lite-youtube><\/div><\/div><\/div><\/div><\/div><\/div><\/p>\n","protected":false},"excerpt":{"rendered":"","protected":false},"author":1,"featured_media":4630,"parent":5974,"menu_order":0,"comment_status":"closed","ping_status":"closed","template":"","meta":{"footnotes":""},"class_list":["post-6453","page","type-page","status-publish","has-post-thumbnail","hentry"],"_links":{"self":[{"href":"https:\/\/www.focoinduction.com\/es\/wp-json\/wp\/v2\/pages\/6453","targetHints":{"allow":["GET"]}}],"collection":[{"href":"https:\/\/www.focoinduction.com\/es\/wp-json\/wp\/v2\/pages"}],"about":[{"href":"https:\/\/www.focoinduction.com\/es\/wp-json\/wp\/v2\/types\/page"}],"author":[{"embeddable":true,"href":"https:\/\/www.focoinduction.com\/es\/wp-json\/wp\/v2\/users\/1"}],"replies":[{"embeddable":true,"href":"https:\/\/www.focoinduction.com\/es\/wp-json\/wp\/v2\/comments?post=6453"}],"version-history":[{"count":0,"href":"https:\/\/www.focoinduction.com\/es\/wp-json\/wp\/v2\/pages\/6453\/revisions"}],"up":[{"embeddable":true,"href":"https:\/\/www.focoinduction.com\/es\/wp-json\/wp\/v2\/pages\/5974"}],"wp:featuredmedia":[{"embeddable":true,"href":"https:\/\/www.focoinduction.com\/es\/wp-json\/wp\/v2\/media\/4630"}],"wp:attachment":[{"href":"https:\/\/www.focoinduction.com\/es\/wp-json\/wp\/v2\/media?parent=6453"}],"curies":[{"name":"wp","href":"https:\/\/api.w.org\/{rel}","templated":true}]}}