{"id":6498,"date":"2022-10-08T16:52:36","date_gmt":"2022-10-08T08:52:36","guid":{"rendered":"https:\/\/www.focoinduction.com\/sistema-de-refrigeracion-para-equipos-de-induccion\/"},"modified":"2023-05-16T09:28:30","modified_gmt":"2023-05-16T01:28:30","slug":"sistema-de-refrigeracion-para-equipos-de-induccion","status":"publish","type":"page","link":"https:\/\/www.focoinduction.com\/es\/lean-sobre-el-calentamiento-por-induccion\/sistema-de-refrigeracion-para-equipos-de-induccion\/","title":{"rendered":"Sistema de refrigeraci\u00f3n para equipos de inducci\u00f3n"},"content":{"rendered":"<div class=\"fusion-fullwidth fullwidth-box fusion-builder-row-1 fusion-flex-container has-pattern-background has-mask-background nonhundred-percent-fullwidth non-hundred-percent-height-scrolling\" style=\"--awb-border-radius-top-left:0px;--awb-border-radius-top-right:0px;--awb-border-radius-bottom-right:0px;--awb-border-radius-bottom-left:0px;--awb-flex-wrap:wrap;\" ><div class=\"fusion-builder-row fusion-row fusion-flex-align-items-flex-start fusion-flex-content-wrap\" style=\"max-width:1248px;margin-left: calc(-4% \/ 2 );margin-right: calc(-4% \/ 2 );\"><div class=\"fusion-layout-column fusion_builder_column fusion-builder-column-0 fusion_builder_column_1_1 1_1 fusion-flex-column\" style=\"--awb-bg-size:cover;--awb-width-large:100%;--awb-margin-top-large:0px;--awb-spacing-right-large:1.92%;--awb-margin-bottom-large:20px;--awb-spacing-left-large:1.92%;--awb-width-medium:100%;--awb-order-medium:0;--awb-spacing-right-medium:1.92%;--awb-spacing-left-medium:1.92%;--awb-width-small:100%;--awb-order-small:0;--awb-spacing-right-small:1.92%;--awb-spacing-left-small:1.92%;\"><div class=\"fusion-column-wrapper fusion-column-has-shadow fusion-flex-justify-content-flex-start fusion-content-layout-column\"><div class=\"fusion-text fusion-text-1\"><p>A la hora de elegir un sistema de refrigeraci\u00f3n para el proceso de calentamiento por inducci\u00f3n, hay que tener en cuenta muchos factores, como el coste, el espacio disponible, los servicios existentes, el consumo de energ\u00eda y agua, la ubicaci\u00f3n del equipo, el potencial de congelaci\u00f3n, la fiabilidad y el mantenimiento.<\/p>\n<\/div><\/div><\/div><div class=\"fusion-layout-column fusion_builder_column fusion-builder-column-1 fusion_builder_column_1_1 1_1 fusion-flex-column\" style=\"--awb-bg-size:cover;--awb-width-large:100%;--awb-margin-top-large:0px;--awb-spacing-right-large:1.92%;--awb-margin-bottom-large:20px;--awb-spacing-left-large:1.92%;--awb-width-medium:100%;--awb-order-medium:0;--awb-spacing-right-medium:1.92%;--awb-spacing-left-medium:1.92%;--awb-width-small:100%;--awb-order-small:0;--awb-spacing-right-small:1.92%;--awb-spacing-left-small:1.92%;\"><div class=\"fusion-column-wrapper fusion-column-has-shadow fusion-flex-justify-content-flex-start fusion-content-layout-column\"><div class=\"fusion-text fusion-text-2\"><h2>Tipos de sistemas de refrigeraci\u00f3n<\/h2>\n<p>Para la refrigeraci\u00f3n por inducci\u00f3n se requiere un sistema \u00fanico de refrigeraci\u00f3n en bucle cerrado, y todos los componentes est\u00e1n fabricados con materiales no ferrosos (acero inoxidable, pl\u00e1stico, PVC, bronce o un tubo no conductor).<\/p>\n<p>Los sistemas m\u00e1s complejos controlan la conductividad y pueden incorporar filtraci\u00f3n y desionizadores de lecho mixto para pulir el agua. Las m\u00e1quinas de bombeo m\u00e1s peque\u00f1as suelen utilizar un intercambiador de calor con placas agua-agua y un refrigerador que enfr\u00eda el aire en el punto de servicio. Las instalaciones de refrigeraci\u00f3n por inducci\u00f3n de mayor tama\u00f1o incluyen:<\/p>\n<ul>\n<li>Torres de evaporaci\u00f3n al aire libre<\/li>\n<li>Intercambiadores de calor refrigerados por aire (dry coolers)<\/li>\n<li>Enfriadoras de circuito cerrado<\/li>\n<li>Sistemas de refrigeraci\u00f3n h\u00edbridos que utilizan una torre de circuito cerrado con free-coolers o una combinaci\u00f3n de enfriador y free-cooler para reducir el consumo de energ\u00eda y agua.<\/li>\n<\/ul>\n<\/div><\/div><\/div><div class=\"fusion-layout-column fusion_builder_column fusion-builder-column-2 fusion_builder_column_1_1 1_1 fusion-flex-column\" style=\"--awb-bg-size:cover;--awb-width-large:100%;--awb-margin-top-large:0px;--awb-spacing-right-large:1.92%;--awb-margin-bottom-large:20px;--awb-spacing-left-large:1.92%;--awb-width-medium:100%;--awb-order-medium:0;--awb-spacing-right-medium:1.92%;--awb-spacing-left-medium:1.92%;--awb-width-small:100%;--awb-order-small:0;--awb-spacing-right-small:1.92%;--awb-spacing-left-small:1.92%;\"><div class=\"fusion-column-wrapper fusion-column-has-shadow fusion-flex-justify-content-flex-start fusion-content-layout-column\"><div class=\"fusion-text fusion-text-3\"><h2>\u00bfQu\u00e9 recomendamos?<\/h2>\n<p>Recomendamos uno de los tres sistemas de refrigeraci\u00f3n en funci\u00f3n de sus requisitos de espacio, necesidades industriales y presupuesto:<\/p>\n<\/div><\/div><\/div><div class=\"fusion-layout-column fusion_builder_column fusion-builder-column-3 fusion_builder_column_1_2 1_2 fusion-flex-column\" style=\"--awb-bg-size:cover;--awb-width-large:50%;--awb-margin-top-large:0px;--awb-spacing-right-large:3.84%;--awb-margin-bottom-large:20px;--awb-spacing-left-large:3.84%;--awb-width-medium:50%;--awb-order-medium:0;--awb-spacing-right-medium:3.84%;--awb-spacing-left-medium:3.84%;--awb-width-small:100%;--awb-order-small:0;--awb-spacing-right-small:1.92%;--awb-spacing-left-small:1.92%;\"><div class=\"fusion-column-wrapper fusion-column-has-shadow fusion-flex-justify-content-flex-start fusion-content-layout-column\"><div class=\"fusion-image-element \" style=\"--awb-caption-title-font-family:var(--h2_typography-font-family);--awb-caption-title-font-weight:var(--h2_typography-font-weight);--awb-caption-title-font-style:var(--h2_typography-font-style);--awb-caption-title-size:var(--h2_typography-font-size);--awb-caption-title-transform:var(--h2_typography-text-transform);--awb-caption-title-line-height:var(--h2_typography-line-height);--awb-caption-title-letter-spacing:var(--h2_typography-letter-spacing);\"><span class=\" fusion-imageframe imageframe-none imageframe-1 hover-type-none\"><img decoding=\"async\" width=\"400\" height=\"260\" alt=\"Sistema sencillo de refrigeraci\u00f3n por agua\" title=\"Simple Water Cooling System\" src=\"https:\/\/www.focoinduction.com\/wp-content\/uploads\/2022\/10\/Simple-Water-Cooling-System.jpg\" class=\"img-responsive wp-image-4698\" srcset=\"https:\/\/www.focoinduction.com\/wp-content\/uploads\/2022\/10\/Simple-Water-Cooling-System-200x130.jpg 200w, https:\/\/www.focoinduction.com\/wp-content\/uploads\/2022\/10\/Simple-Water-Cooling-System.jpg 400w\" sizes=\"(max-width: 768px) 100vw, 400px\" \/><\/span><\/div><\/div><\/div><div class=\"fusion-layout-column fusion_builder_column fusion-builder-column-4 fusion_builder_column_1_2 1_2 fusion-flex-column\" style=\"--awb-bg-size:cover;--awb-width-large:50%;--awb-margin-top-large:0px;--awb-spacing-right-large:3.84%;--awb-margin-bottom-large:20px;--awb-spacing-left-large:3.84%;--awb-width-medium:50%;--awb-order-medium:0;--awb-spacing-right-medium:3.84%;--awb-spacing-left-medium:3.84%;--awb-width-small:100%;--awb-order-small:0;--awb-spacing-right-small:1.92%;--awb-spacing-left-small:1.92%;\"><div class=\"fusion-column-wrapper fusion-column-has-shadow fusion-flex-justify-content-flex-start fusion-content-layout-column\"><div class=\"fusion-text fusion-text-4\"><ol>\n<li>Sistema sencillo de refrigeraci\u00f3n por agua<\/li>\n<\/ol>\n<p>El sistema de refrigeraci\u00f3n por agua m\u00e1s sencillo para el calentamiento por inducci\u00f3n es un dep\u00f3sito de agua con una bomba para mover el agua. Es incre\u00edblemente f\u00e1cil de instalar y tiene un coste de inversi\u00f3n muy reducido. Esto lo hace perfecto para clientes con presupuestos m\u00e1s reducidos que a\u00fan as\u00ed quieren obtener grandes resultados de su calentador de inducci\u00f3n.<\/p>\n<\/div><\/div><\/div><div class=\"fusion-layout-column fusion_builder_column fusion-builder-column-5 fusion_builder_column_1_2 1_2 fusion-flex-column\" style=\"--awb-bg-size:cover;--awb-width-large:50%;--awb-margin-top-large:0px;--awb-spacing-right-large:3.84%;--awb-margin-bottom-large:20px;--awb-spacing-left-large:3.84%;--awb-width-medium:50%;--awb-order-medium:0;--awb-spacing-right-medium:3.84%;--awb-spacing-left-medium:3.84%;--awb-width-small:100%;--awb-order-small:0;--awb-spacing-right-small:1.92%;--awb-spacing-left-small:1.92%;\"><div class=\"fusion-column-wrapper fusion-column-has-shadow fusion-flex-justify-content-flex-start fusion-content-layout-column\"><div class=\"fusion-text fusion-text-5\"><ol start=\"2\">\n<li>Torre cerrada de refrigeraci\u00f3n por agua.<\/li>\n<\/ol>\n<p>La torre de refrigeraci\u00f3n por agua cerrada es ideal para los clientes que necesitan reducir al m\u00e1ximo el espacio que ocupan y, al mismo tiempo, mantener sus sistemas lo suficientemente fr\u00edos para que funcionen correctamente. Es menos caro que un enfriador pero funciona igual de bien. Y lo que es m\u00e1s importante, ocupa mucho menos espacio que el sistema de refrigeraci\u00f3n por agua sugerido de dep\u00f3sito y bomba de agua. Los clientes con presupuesto suficiente pueden optar por esta opci\u00f3n en lugar de una enfriadora o una torre de refrigeraci\u00f3n de circuito abierto, que son m\u00e1s caras.<\/p>\n<\/div><\/div><\/div><div class=\"fusion-layout-column fusion_builder_column fusion-builder-column-6 fusion_builder_column_1_2 1_2 fusion-flex-column\" style=\"--awb-bg-size:cover;--awb-width-large:50%;--awb-margin-top-large:0px;--awb-spacing-right-large:3.84%;--awb-margin-bottom-large:20px;--awb-spacing-left-large:3.84%;--awb-width-medium:50%;--awb-order-medium:0;--awb-spacing-right-medium:3.84%;--awb-spacing-left-medium:3.84%;--awb-width-small:100%;--awb-order-small:0;--awb-spacing-right-small:1.92%;--awb-spacing-left-small:1.92%;\"><div class=\"fusion-column-wrapper fusion-column-has-shadow fusion-flex-justify-content-flex-start fusion-content-layout-column\"><div class=\"fusion-image-element \" style=\"--awb-caption-title-font-family:var(--h2_typography-font-family);--awb-caption-title-font-weight:var(--h2_typography-font-weight);--awb-caption-title-font-style:var(--h2_typography-font-style);--awb-caption-title-size:var(--h2_typography-font-size);--awb-caption-title-transform:var(--h2_typography-text-transform);--awb-caption-title-line-height:var(--h2_typography-line-height);--awb-caption-title-letter-spacing:var(--h2_typography-letter-spacing);\"><span class=\" fusion-imageframe imageframe-none imageframe-2 hover-type-none\"><img decoding=\"async\" width=\"400\" height=\"260\" alt=\"Torre de refrigeraci\u00f3n de agua cerrada\" title=\"Closed Water Cooling Tower\" src=\"https:\/\/www.focoinduction.com\/wp-content\/uploads\/2022\/10\/Closed-Water-Cooling-Tower.jpg\" class=\"img-responsive wp-image-4702\" srcset=\"https:\/\/www.focoinduction.com\/wp-content\/uploads\/2022\/10\/Closed-Water-Cooling-Tower-200x130.jpg 200w, https:\/\/www.focoinduction.com\/wp-content\/uploads\/2022\/10\/Closed-Water-Cooling-Tower.jpg 400w\" sizes=\"(max-width: 768px) 100vw, 400px\" \/><\/span><\/div><\/div><\/div><div class=\"fusion-layout-column fusion_builder_column fusion-builder-column-7 fusion_builder_column_1_1 1_1 fusion-flex-column\" style=\"--awb-bg-size:cover;--awb-width-large:100%;--awb-margin-top-large:0px;--awb-spacing-right-large:1.92%;--awb-margin-bottom-large:20px;--awb-spacing-left-large:1.92%;--awb-width-medium:100%;--awb-order-medium:0;--awb-spacing-right-medium:1.92%;--awb-spacing-left-medium:1.92%;--awb-width-small:100%;--awb-order-small:0;--awb-spacing-right-small:1.92%;--awb-spacing-left-small:1.92%;\"><div class=\"fusion-column-wrapper fusion-column-has-shadow fusion-flex-justify-content-flex-start fusion-content-layout-column\"><div class=\"fusion-text fusion-text-6\"><p>Puede ajustar con precisi\u00f3n la transferencia de calor entre el agua de refrigeraci\u00f3n y el agua interior. Por ejemplo, la temperatura del refrigerante en un sistema de bucle cerrado viene determinada por la temperatura cercana al aire dise\u00f1ada para el intercambiador de calor y la temperatura m\u00e1xima de entrada del l\u00edquido refrigerante. A continuaci\u00f3n, la mezcla pasa al intercambiador de calor, donde el calor se transfiere a otro fluido refrigerante, como glicol\/agua.<\/p>\n<\/div><\/div><\/div><div class=\"fusion-layout-column fusion_builder_column fusion-builder-column-8 fusion_builder_column_1_2 1_2 fusion-flex-column\" style=\"--awb-bg-size:cover;--awb-width-large:50%;--awb-margin-top-large:0px;--awb-spacing-right-large:3.84%;--awb-margin-bottom-large:20px;--awb-spacing-left-large:3.84%;--awb-width-medium:50%;--awb-order-medium:0;--awb-spacing-right-medium:3.84%;--awb-spacing-left-medium:3.84%;--awb-width-small:100%;--awb-order-small:0;--awb-spacing-right-small:1.92%;--awb-spacing-left-small:1.92%;\"><div class=\"fusion-column-wrapper fusion-column-has-shadow fusion-flex-justify-content-flex-start fusion-content-layout-column\"><div class=\"fusion-image-element \" style=\"--awb-caption-title-font-family:var(--h2_typography-font-family);--awb-caption-title-font-weight:var(--h2_typography-font-weight);--awb-caption-title-font-style:var(--h2_typography-font-style);--awb-caption-title-size:var(--h2_typography-font-size);--awb-caption-title-transform:var(--h2_typography-text-transform);--awb-caption-title-line-height:var(--h2_typography-line-height);--awb-caption-title-letter-spacing:var(--h2_typography-letter-spacing);\"><span class=\" fusion-imageframe imageframe-none imageframe-3 hover-type-none\"><img decoding=\"async\" width=\"400\" height=\"260\" alt=\"Enfriadoras industriales\" title=\"Industrial Chiller\" src=\"https:\/\/www.focoinduction.com\/wp-content\/uploads\/2022\/10\/Industrial-Chiller.jpg\" class=\"img-responsive wp-image-4706\" srcset=\"https:\/\/www.focoinduction.com\/wp-content\/uploads\/2022\/10\/Industrial-Chiller-200x130.jpg 200w, https:\/\/www.focoinduction.com\/wp-content\/uploads\/2022\/10\/Industrial-Chiller.jpg 400w\" sizes=\"(max-width: 768px) 100vw, 400px\" \/><\/span><\/div><\/div><\/div><div class=\"fusion-layout-column fusion_builder_column fusion-builder-column-9 fusion_builder_column_1_2 1_2 fusion-flex-column\" style=\"--awb-bg-size:cover;--awb-width-large:50%;--awb-margin-top-large:0px;--awb-spacing-right-large:3.84%;--awb-margin-bottom-large:20px;--awb-spacing-left-large:3.84%;--awb-width-medium:50%;--awb-order-medium:0;--awb-spacing-right-medium:3.84%;--awb-spacing-left-medium:3.84%;--awb-width-small:100%;--awb-order-small:0;--awb-spacing-right-small:1.92%;--awb-spacing-left-small:1.92%;\"><div class=\"fusion-column-wrapper fusion-column-has-shadow fusion-flex-justify-content-flex-start fusion-content-layout-column\"><div class=\"fusion-text fusion-text-7\"><ol start=\"3\">\n<li>Enfriadoras industriales.<\/li>\n<\/ol>\n<p>Un enfriador industrial es un sistema de refrigeraci\u00f3n que reduce la temperatura en m\u00e1quinas, espacios industriales y l\u00edquidos de proceso, eliminando el calor de un sistema y traslad\u00e1ndolo a otro lugar. Es caro, pero ocupa muy poco espacio y es adecuado para clientes con poco espacio en laboratorios o f\u00e1bricas.<\/p>\n<\/div><\/div><\/div><div class=\"fusion-layout-column fusion_builder_column fusion-builder-column-10 fusion_builder_column_1_1 1_1 fusion-flex-column\" style=\"--awb-bg-size:cover;--awb-width-large:100%;--awb-margin-top-large:0px;--awb-spacing-right-large:1.92%;--awb-margin-bottom-large:20px;--awb-spacing-left-large:1.92%;--awb-width-medium:100%;--awb-order-medium:0;--awb-spacing-right-medium:1.92%;--awb-spacing-left-medium:1.92%;--awb-width-small:100%;--awb-order-small:0;--awb-spacing-right-small:1.92%;--awb-spacing-left-small:1.92%;\"><div class=\"fusion-column-wrapper fusion-column-has-shadow fusion-flex-justify-content-flex-start fusion-content-layout-column\"><div class=\"fusion-text fusion-text-8\"><p>Los tipos de enfriadoras de agua son las enfriadas por agua y por aire, divididas en enfriadoras por absorci\u00f3n de vapor y por compresi\u00f3n de vapor, que utilizan distintos m\u00e9todos para extraer el calor recogido. Una enfriadora utiliza un sistema de refrigeraci\u00f3n mec\u00e1nica por compresi\u00f3n de vapor, que se conecta a un sistema de agua de proceso a trav\u00e9s de un dispositivo denominado evaporador. Una enfriadora por compresi\u00f3n de vapor utiliza un refrigerante para absorber el calor del espacio y devolverlo al evaporador, que le quita calor, utilizando ventiladores para las enfriadoras por aire o agua para las enfriadas por agua.<\/p>\n<\/div><\/div><\/div><div class=\"fusion-layout-column fusion_builder_column fusion-builder-column-11 fusion_builder_column_1_1 1_1 fusion-flex-column\" style=\"--awb-bg-size:cover;--awb-width-large:100%;--awb-margin-top-large:0px;--awb-spacing-right-large:1.92%;--awb-margin-bottom-large:20px;--awb-spacing-left-large:1.92%;--awb-width-medium:100%;--awb-order-medium:0;--awb-spacing-right-medium:1.92%;--awb-spacing-left-medium:1.92%;--awb-width-small:100%;--awb-order-small:0;--awb-spacing-right-small:1.92%;--awb-spacing-left-small:1.92%;\"><div class=\"fusion-column-wrapper fusion-column-has-shadow fusion-flex-justify-content-flex-start fusion-content-layout-column\"><div class=\"fusion-text fusion-text-9\"><h2>Uso del agua<\/h2>\n<p>El agua de refrigeraci\u00f3n, que circula por la mayor parte del sistema de inducci\u00f3n, est\u00e1 expuesta a CEM y potenciales de alta tensi\u00f3n, lo que da lugar a zonas propensas a la erosi\u00f3n y la corrosi\u00f3n.<\/p>\n<p>La mala calidad del agua conduce r\u00e1pidamente a la obstrucci\u00f3n de los canales de refrigeraci\u00f3n, lo que hace que el dispositivo funcione a mayor temperatura, provocando la formaci\u00f3n de arcos el\u00e9ctricos y un elevado coste de sustituci\u00f3n. Por lo tanto, debe utilizar agua limpia y de baja conductividad y comprobar su calidad con regularidad. Los clientes suelen a\u00f1adir agua destilada en botella a los sistemas de refrigeraci\u00f3n m\u00e1s peque\u00f1os y sustituirla peri\u00f3dicamente para asegurarse de que est\u00e1 limpia. Adem\u00e1s, los clientes pueden utilizar agua desionizada o de \u00f3smosis inversa (OI) para las instalaciones m\u00e1s grandes, tratada con un inhibidor de la corrosi\u00f3n o un glicol reductor de la corrosi\u00f3n.<\/p>\n<p>El agua no tratada, ya sea agua directamente desionizada o agua sin minerales, actuar\u00e1 como un limpiador agresivo y eliminar\u00e1 los metales del dispositivo. Por lo tanto, tambi\u00e9n debe evitarse el uso de agua municipal o de pozo.<\/p>\n<\/div><\/div><\/div><div class=\"fusion-layout-column fusion_builder_column fusion-builder-column-12 fusion_builder_column_1_1 1_1 fusion-flex-column\" style=\"--awb-bg-size:cover;--awb-width-large:100%;--awb-margin-top-large:0px;--awb-spacing-right-large:1.92%;--awb-margin-bottom-large:20px;--awb-spacing-left-large:1.92%;--awb-width-medium:100%;--awb-order-medium:0;--awb-spacing-right-medium:1.92%;--awb-spacing-left-medium:1.92%;--awb-width-small:100%;--awb-order-small:0;--awb-spacing-right-small:1.92%;--awb-spacing-left-small:1.92%;\"><div class=\"fusion-column-wrapper fusion-column-has-shadow fusion-flex-justify-content-flex-start fusion-content-layout-column\"><div class=\"fusion-text fusion-text-10\"><h2>Intercambiador de placas<\/h2>\n<p>Cuando los tubos est\u00e1n dispuestos en contracorriente, un intercambiador de calor de placas es muy eficaz para transferir calor. Un intercambiador de calor de placas soldadas es una alternativa de menor coste que suele utilizarse en aplicaciones de menor caudal y que normalmente se sustituye en lugar de limpiarse.<\/p>\n<p>Una enfriadora refrigerada por aire utiliza circuitos mec\u00e1nicos de refrigeraci\u00f3n para evacuar el calor del agua de inducci\u00f3n al aire ambiente. Todo el calor generado por el proceso de conducci\u00f3n tiene que pasar por las bobinas de refrigeraci\u00f3n antes de ser expulsado de nuevo al aire ambiente.<\/p>\n<p>El refrigerador debe tener un tama\u00f1o preciso. Adem\u00e1s, es mejor dimensionar la enfriadora para que funcione durante largos periodos de tiempo para permitir una buena circulaci\u00f3n en el ciclo de refrigeraci\u00f3n y garantizar que la enfriadora alcance temperaturas de funcionamiento estables.<\/p>\n<p>Las enfriadoras requieren un mantenimiento regular y piezas de repuesto, que pueden resultar costosas.<\/p>\n<p>En consecuencia, deben aplicarse buenos programas de control y tratamiento para vigilar la calidad del agua y mantener buenos controles de corrosi\u00f3n para proteger los equipos y los sistemas de tuber\u00edas. Adem\u00e1s, el tratamiento del agua y el lavado (drenaje) son necesarios para evitar que la corrosi\u00f3n, la cal y los organismos se desarrollen dentro del sistema.<\/p>\n<p>Los sistemas de baja potencia suelen necesitar un intercambiador de calor aire-agua compacto, mientras que un sistema de mayor potencia podr\u00eda necesitar un intercambiador aire-agua o de refrigeraci\u00f3n m\u00e1s grande. Las m\u00e1quinas de conducci\u00f3n m\u00e1s peque\u00f1as suelen utilizar intercambiadores de calor de placas con una disposici\u00f3n agua-agua y enfriadoras de punto de servicio refrigeradas por aire.<\/p>\n<p>El sistema de refrigeraci\u00f3n de circuito cerrado tiene unos costes de capital moderados, un bajo mantenimiento y no requiere agua de reposici\u00f3n ni tratamientos qu\u00edmicos continuos.<\/p>\n<p>Un controlador inteligente en su sistema de refrigeraci\u00f3n puede utilizarse para establecer la temperatura m\u00ednima y m\u00e1xima del agua, con alarmas.<\/p>\n<\/div><\/div><\/div><\/div><\/div>\n","protected":false},"excerpt":{"rendered":"","protected":false},"author":1,"featured_media":4710,"parent":6614,"menu_order":0,"comment_status":"closed","ping_status":"closed","template":"","meta":{"footnotes":""},"class_list":["post-6498","page","type-page","status-publish","has-post-thumbnail","hentry"],"_links":{"self":[{"href":"https:\/\/www.focoinduction.com\/es\/wp-json\/wp\/v2\/pages\/6498","targetHints":{"allow":["GET"]}}],"collection":[{"href":"https:\/\/www.focoinduction.com\/es\/wp-json\/wp\/v2\/pages"}],"about":[{"href":"https:\/\/www.focoinduction.com\/es\/wp-json\/wp\/v2\/types\/page"}],"author":[{"embeddable":true,"href":"https:\/\/www.focoinduction.com\/es\/wp-json\/wp\/v2\/users\/1"}],"replies":[{"embeddable":true,"href":"https:\/\/www.focoinduction.com\/es\/wp-json\/wp\/v2\/comments?post=6498"}],"version-history":[{"count":0,"href":"https:\/\/www.focoinduction.com\/es\/wp-json\/wp\/v2\/pages\/6498\/revisions"}],"up":[{"embeddable":true,"href":"https:\/\/www.focoinduction.com\/es\/wp-json\/wp\/v2\/pages\/6614"}],"wp:featuredmedia":[{"embeddable":true,"href":"https:\/\/www.focoinduction.com\/es\/wp-json\/wp\/v2\/media\/4710"}],"wp:attachment":[{"href":"https:\/\/www.focoinduction.com\/es\/wp-json\/wp\/v2\/media?parent=6498"}],"curies":[{"name":"wp","href":"https:\/\/api.w.org\/{rel}","templated":true}]}}