{"id":6509,"date":"2022-10-04T09:57:54","date_gmt":"2022-10-04T01:57:54","guid":{"rendered":"https:\/\/www.focoinduction.com\/que-es-la-soldadura-por-induccion\/"},"modified":"2023-05-16T09:28:28","modified_gmt":"2023-05-16T01:28:28","slug":"que-es-la-soldadura-por-induccion","status":"publish","type":"page","link":"https:\/\/www.focoinduction.com\/es\/lean-sobre-el-calentamiento-por-induccion\/que-es-la-soldadura-por-induccion\/","title":{"rendered":"Qu\u00e9 es la soldadura por inducci\u00f3n"},"content":{"rendered":"<div class=\"fusion-fullwidth fullwidth-box fusion-builder-row-1 fusion-flex-container has-pattern-background has-mask-background nonhundred-percent-fullwidth non-hundred-percent-height-scrolling\" style=\"--awb-border-radius-top-left:0px;--awb-border-radius-top-right:0px;--awb-border-radius-bottom-right:0px;--awb-border-radius-bottom-left:0px;--awb-flex-wrap:wrap;\" ><div class=\"fusion-builder-row fusion-row fusion-flex-align-items-flex-start fusion-flex-content-wrap\" style=\"max-width:1248px;margin-left: calc(-4% \/ 2 );margin-right: calc(-4% \/ 2 );\"><div class=\"fusion-layout-column fusion_builder_column fusion-builder-column-0 fusion_builder_column_1_1 1_1 fusion-flex-column\" style=\"--awb-bg-size:cover;--awb-width-large:100%;--awb-margin-top-large:0px;--awb-spacing-right-large:1.92%;--awb-margin-bottom-large:20px;--awb-spacing-left-large:1.92%;--awb-width-medium:100%;--awb-order-medium:0;--awb-spacing-right-medium:1.92%;--awb-spacing-left-medium:1.92%;--awb-width-small:100%;--awb-order-small:0;--awb-spacing-right-small:1.92%;--awb-spacing-left-small:1.92%;\"><div class=\"fusion-column-wrapper fusion-column-has-shadow fusion-flex-justify-content-flex-start fusion-content-layout-column\"><div class=\"fusion-text fusion-text-1\"><p>FOCO ofrece una soldadura limpia y repetible en varias piezas. Dado que los ciclos de calentamiento por inducci\u00f3n son mucho m\u00e1s cortos que los de soldadura con llama, se pueden procesar m\u00e1s componentes en un tiempo similar, con menos emisi\u00f3n de calor al entorno. Tampoco hay llama abierta, lo que puede requerir ventilaci\u00f3n adicional. Como resultado, las tecnolog\u00edas de inducci\u00f3n son mucho m\u00e1s seguras para los operarios.<\/p>\n<\/div><\/div><\/div><div class=\"fusion-layout-column fusion_builder_column fusion-builder-column-1 fusion_builder_column_1_1 1_1 fusion-flex-column\" style=\"--awb-bg-size:cover;--awb-width-large:100%;--awb-margin-top-large:0px;--awb-spacing-right-large:1.92%;--awb-margin-bottom-large:20px;--awb-spacing-left-large:1.92%;--awb-width-medium:100%;--awb-order-medium:0;--awb-spacing-right-medium:1.92%;--awb-spacing-left-medium:1.92%;--awb-width-small:100%;--awb-order-small:0;--awb-spacing-right-small:1.92%;--awb-spacing-left-small:1.92%;\"><div class=\"fusion-column-wrapper fusion-column-has-shadow fusion-flex-justify-content-flex-start fusion-content-layout-column\"><div class=\"fusion-text fusion-text-2\"><h2>\u00bfQu\u00e9 es la soldadura por inducci\u00f3n y c\u00f3mo funciona?<\/h2>\n<p>La soldadura por inducci\u00f3n consiste en unir diferentes objetos met\u00e1licos fundi\u00e9ndolos y dejando que el metal de aportaci\u00f3n (soldadura) fluya a trav\u00e9s de la interfaz de la uni\u00f3n. El metal de aportaci\u00f3n (soldadura) tiene una temperatura de fusi\u00f3n inferior a la de la pieza que se ensambla. La soldadura por inducci\u00f3n calienta una pieza sobre una placa de radiofrecuencia (RF), sin hacer contacto f\u00edsico con la pieza.<\/p>\n<\/div><\/div><\/div><div class=\"fusion-layout-column fusion_builder_column fusion-builder-column-2 fusion_builder_column_1_1 1_1 fusion-flex-column\" style=\"--awb-bg-size:cover;--awb-width-large:100%;--awb-margin-top-large:0px;--awb-spacing-right-large:1.92%;--awb-margin-bottom-large:20px;--awb-spacing-left-large:1.92%;--awb-width-medium:100%;--awb-order-medium:0;--awb-spacing-right-medium:1.92%;--awb-spacing-left-medium:1.92%;--awb-width-small:100%;--awb-order-small:0;--awb-spacing-right-small:1.92%;--awb-spacing-left-small:1.92%;\"><div class=\"fusion-column-wrapper fusion-column-has-shadow fusion-flex-justify-content-flex-start fusion-content-layout-column\"><div class=\"fusion-text fusion-text-3\"><h2>Aplicaci\u00f3n de la soldadura por inducci\u00f3n<\/h2>\n<p>La soldadura se ha utilizado durante siglos por su capacidad para unir dos piezas de metal de forma permanente. Presente en muchos sectores, desde la ingenier\u00eda hasta la fontaner\u00eda, la soldadura es insustituible por su versatilidad y flexibilidad de aplicaci\u00f3n. La soldadura por inducci\u00f3n tiene aplicaciones muy variadas, sobre todo en los sectores de automoci\u00f3n, circuitos impresos, tuber\u00edas, joyer\u00eda y calefacci\u00f3n, ventilaci\u00f3n y aire acondicionado.<\/p>\n<\/div><\/div><\/div><div class=\"fusion-layout-column fusion_builder_column fusion-builder-column-3 fusion_builder_column_1_1 1_1 fusion-flex-column\" style=\"--awb-bg-size:cover;--awb-width-large:100%;--awb-margin-top-large:0px;--awb-spacing-right-large:1.92%;--awb-margin-bottom-large:20px;--awb-spacing-left-large:1.92%;--awb-width-medium:100%;--awb-order-medium:0;--awb-spacing-right-medium:1.92%;--awb-spacing-left-medium:1.92%;--awb-width-small:100%;--awb-order-small:0;--awb-spacing-right-small:1.92%;--awb-spacing-left-small:1.92%;\"><div class=\"fusion-column-wrapper fusion-column-has-shadow fusion-flex-justify-content-flex-start fusion-content-layout-column\"><div class=\"fusion-text fusion-text-4\"><h2>Ventajas de la soldadura<\/h2>\n<p>Las aplicaciones de soldadura tienen un tiempo de calentamiento mucho m\u00e1s r\u00e1pido que el calentamiento por llama o por horno. Esa es una de las razones por las que la soldadura puede beneficiar a las piezas m\u00e1s peque\u00f1as y delicadas, que pueden da\u00f1arse con temperaturas m\u00e1s altas. La inducci\u00f3n ofrece varias ventajas m\u00e1s cuando se trata de aplicaciones de soldadura.<\/p>\n<ul>\n<li>Los procesos de soldadura por inducci\u00f3n pueden repetirse.<\/li>\n<li>Las uniones soldadas son cada vez m\u00e1s uniformes.<\/li>\n<li>Una uni\u00f3n uniforme puede ser cr\u00edtica en piezas que conducen energ\u00eda el\u00e9ctrica.<\/li>\n<li>El calentamiento por inducci\u00f3n para aplicaciones de soldadura se adapta f\u00e1cilmente a los m\u00e9todos de l\u00ednea de montaje, permitiendo la colocaci\u00f3n estrat\u00e9gica del aparato en una l\u00ednea de montaje y, en su caso, el calentamiento bajo control remoto.<\/li>\n<li>La soldadura por inducci\u00f3n ofrece uniones lisas y bien rellenas, de buen aspecto y gran fiabilidad.<\/li>\n<\/ul>\n<\/div><\/div><\/div><div class=\"fusion-layout-column fusion_builder_column fusion-builder-column-4 fusion_builder_column_1_1 1_1 fusion-flex-column\" style=\"--awb-bg-size:cover;--awb-width-large:100%;--awb-margin-top-large:0px;--awb-spacing-right-large:1.92%;--awb-margin-bottom-large:20px;--awb-spacing-left-large:1.92%;--awb-width-medium:100%;--awb-order-medium:0;--awb-spacing-right-medium:1.92%;--awb-spacing-left-medium:1.92%;--awb-width-small:100%;--awb-order-small:0;--awb-spacing-right-small:1.92%;--awb-spacing-left-small:1.92%;\"><div class=\"fusion-column-wrapper fusion-column-has-shadow fusion-flex-justify-content-flex-start fusion-content-layout-column\"><div class=\"fusion-text fusion-text-5\"><h2>Diferencia entre soldadura fuerte y blanda<\/h2>\n<p>La soldadura consiste en fundir una aleaci\u00f3n de uni\u00f3n entre las piezas met\u00e1licas que se van a unir. Si las superficies son lisas, se establecen contactos y la aleaci\u00f3n de uni\u00f3n se mezcla en cada superficie, creando una uni\u00f3n que se endurece al enfriarse.<\/p>\n<p>La soldadura por inducci\u00f3n ha demostrado ser una valiosa ayuda en los procesos de uni\u00f3n por muchas razones. Entre ellas destacan el calentamiento r\u00e1pido y el control preciso del calor. El calentamiento r\u00e1pido y el control preciso del calor proporcionan capacidad de calentamiento localizado para unir componentes de mayor resistencia, requiriendo un adelgazamiento m\u00ednimo.<\/p>\n<p>La <a href=\"https:\/\/www.focoinduction.com\/lean-about-induction-heating\/induction-brazing\/\" target=\"_blank\" rel=\"noopener\">soldadura fuerte<\/a> implica la generaci\u00f3n de calor en el interior de una pieza, a diferencia de los hornos o el calentamiento por llama, en los que s\u00f3lo se calienta la superficie por convecci\u00f3n. La precisi\u00f3n de la soldadura fuerte permite calentar peque\u00f1as secciones de piezas. Tanto en la soldadura fuerte como en la soldadura blanda, se utiliza un metal de aportaci\u00f3n con una temperatura de fusi\u00f3n inferior a la de la soldadura de las piezas met\u00e1licas unidas. La bobina crea un campo magn\u00e9tico que calienta el material base, fundiendo el metal de aportaci\u00f3n.<\/p>\n<\/div><div class=\"fusion-text fusion-text-6\" style=\"--awb-text-transform:capitalize;\"><p><em><a href=\"https:\/\/www.focoinduction.com\/es\/contacte-con\/\" target=\"_blank\" rel=\"noopener\">P\u00f3ngase en contacto con nosotros hoy mismo para hablar de su proyecto de soldadura.<\/a><\/em><\/p>\n<\/div><\/div><\/div><\/div><\/div>\n","protected":false},"excerpt":{"rendered":"","protected":false},"author":1,"featured_media":4682,"parent":6614,"menu_order":0,"comment_status":"closed","ping_status":"closed","template":"","meta":{"footnotes":""},"class_list":["post-6509","page","type-page","status-publish","has-post-thumbnail","hentry"],"_links":{"self":[{"href":"https:\/\/www.focoinduction.com\/es\/wp-json\/wp\/v2\/pages\/6509","targetHints":{"allow":["GET"]}}],"collection":[{"href":"https:\/\/www.focoinduction.com\/es\/wp-json\/wp\/v2\/pages"}],"about":[{"href":"https:\/\/www.focoinduction.com\/es\/wp-json\/wp\/v2\/types\/page"}],"author":[{"embeddable":true,"href":"https:\/\/www.focoinduction.com\/es\/wp-json\/wp\/v2\/users\/1"}],"replies":[{"embeddable":true,"href":"https:\/\/www.focoinduction.com\/es\/wp-json\/wp\/v2\/comments?post=6509"}],"version-history":[{"count":0,"href":"https:\/\/www.focoinduction.com\/es\/wp-json\/wp\/v2\/pages\/6509\/revisions"}],"up":[{"embeddable":true,"href":"https:\/\/www.focoinduction.com\/es\/wp-json\/wp\/v2\/pages\/6614"}],"wp:featuredmedia":[{"embeddable":true,"href":"https:\/\/www.focoinduction.com\/es\/wp-json\/wp\/v2\/media\/4682"}],"wp:attachment":[{"href":"https:\/\/www.focoinduction.com\/es\/wp-json\/wp\/v2\/media?parent=6509"}],"curies":[{"name":"wp","href":"https:\/\/api.w.org\/{rel}","templated":true}]}}