{"id":6612,"date":"2022-09-29T09:18:23","date_gmt":"2022-09-29T01:18:23","guid":{"rendered":"https:\/\/www.focoinduction.com\/aplicaciones\/soldadura-por-induccion\/soldadura-por-induccion-de-valvula-de-inversion-de-cuatro-vias\/"},"modified":"2023-05-16T09:28:55","modified_gmt":"2023-05-16T01:28:55","slug":"soldadura-por-induccion-de-valvula-de-inversion-de-cuatro-vias","status":"publish","type":"page","link":"https:\/\/www.focoinduction.com\/es\/aplicaciones\/soldadura-por-induccion\/soldadura-por-induccion-de-valvula-de-inversion-de-cuatro-vias\/","title":{"rendered":"Soldadura por inducci\u00f3n de v\u00e1lvula de inversi\u00f3n de cuatro v\u00edas"},"content":{"rendered":"<p><div class=\"fusion-fullwidth fullwidth-box fusion-builder-row-1 fusion-flex-container has-pattern-background has-mask-background nonhundred-percent-fullwidth non-hundred-percent-height-scrolling\" style=\"--awb-border-radius-top-left:0px;--awb-border-radius-top-right:0px;--awb-border-radius-bottom-right:0px;--awb-border-radius-bottom-left:0px;--awb-flex-wrap:wrap;\" ><div class=\"fusion-builder-row fusion-row fusion-flex-align-items-flex-start fusion-flex-content-wrap\" style=\"max-width:1248px;margin-left: calc(-4% \/ 2 );margin-right: calc(-4% \/ 2 );\"><div class=\"fusion-layout-column fusion_builder_column fusion-builder-column-0 fusion_builder_column_1_1 1_1 fusion-flex-column\" style=\"--awb-bg-size:cover;--awb-width-large:100%;--awb-margin-top-large:0px;--awb-spacing-right-large:1.92%;--awb-margin-bottom-large:20px;--awb-spacing-left-large:1.92%;--awb-width-medium:100%;--awb-order-medium:0;--awb-spacing-right-medium:1.92%;--awb-spacing-left-medium:1.92%;--awb-width-small:100%;--awb-order-small:0;--awb-spacing-right-small:1.92%;--awb-spacing-left-small:1.92%;\"><div class=\"fusion-column-wrapper fusion-column-has-shadow fusion-flex-justify-content-flex-start fusion-content-layout-column\"><div class=\"fusion-text fusion-text-1\"><h2>Soldadura fuerte de v\u00e1lvula de inversi\u00f3n de cuatro v\u00edas por inducci\u00f3n<\/h2>\n<p>A petici\u00f3n de un gran fabricante de aires acondicionados, ofrecemos a nuestros clientes una m\u00e1quina de soldadura por inducci\u00f3n de tubos de cobre para v\u00e1lvulas de inversi\u00f3n de cuatro v\u00edas. Los clientes desean utilizar la soldadura por inducci\u00f3n en lugar de la soldadura por llama para una soldadura m\u00e1s segura y eficaz de las v\u00e1lvulas de inversi\u00f3n de cuatro v\u00edas.<\/p>\n<p>La v\u00e1lvula de inversi\u00f3n de cuatro v\u00edas es un componente importante de la bomba de calor. Cambia la direcci\u00f3n del flujo del refrigerante cambiando el tubo de flujo del refrigerante para realizar las funciones de refrigeraci\u00f3n y calefacci\u00f3n del aire acondicionado. Adem\u00e1s, tambi\u00e9n puede conseguir una descongelaci\u00f3n r\u00e1pida de los intercambiadores de calor cambiando el flujo de refrigerante.<\/p>\n<p><strong>Equipamiento:<\/strong><\/p>\n<p><span style=\"color: #0000ff;\"><br \/>\n  <a style=\"color: #0000ff;\" href=\"https:\/\/www.focoinduction.com\/es\/productos\/maquinas-de-soldadura-por-induccion\/\" target=\"_blank\" rel=\"noopener\">M\u00e1quina de soldadura por inducci\u00f3n<\/a><br \/>\n<\/span>.<\/p>\n<p>Para aplicaciones de soldadura por inducci\u00f3n de v\u00e1lvulas direccionales de cuatro v\u00edas, ofrecemos <a href=\"https:\/\/www.focoinduction.com\/es\/productos\/maquinas-de-soldadura-por-induccion\/maquina-automatica-de-soldadura-por-induccion\/\" target=\"_blank\" rel=\"noopener\">m\u00e1quinas de soldadura por inducci\u00f3n automatizadas<\/a> y <a href=\"https:\/\/www.focoinduction.com\/es\/productos\/maquinas-de-soldadura-por-induccion\/maquina-portatil-de-soldadura-por-induccion\/\" target=\"_blank\" rel=\"noopener\">m\u00e1quinas de soldadura por inducci\u00f3n port\u00e1tiles<\/a>. Las m\u00e1quinas autom\u00e1ticas de soldadura por inducci\u00f3n FOCO automatizan el proceso de soldadura con brazos rob\u00f3ticos y dispositivos espec\u00edficos. Las bobinas de calentamiento de las m\u00e1quinas de soldadura por inducci\u00f3n port\u00e1tiles pueden acceder a lugares de dif\u00edcil acceso o con poco espacio.<\/p>\n<p><strong>Proceso de soldadura fuerte:<\/strong><\/p>\n<p>El fundente para soldadura fuerte se utiliza para rellenar las juntas de cobre en la soldadura fuerte por inducci\u00f3n. La bobina de inducci\u00f3n de tipo C se cierra al tubo de cobre para iniciar el calentamiento. El fundente se fundi\u00f3 en 10 segundos y el proceso de soldadura fuerte se complet\u00f3 con una potencia de 30 kW y una temperatura de unos 600 \u00b0C-700 \u00b0C. El proceso de calentamiento por inducci\u00f3n sin contacto es r\u00e1pido, seguro y m\u00e1s limpio que la soldadura fuerte con llama.<\/p>\n<p>Conclusi\u00f3n:<br \/>\nLa <a href=\"https:\/\/www.focoinduction.com\/es\/productos\/maquinas-de-soldadura-por-induccion\/soldadora-manual-por-induccion\/\" target=\"_blank\" rel=\"noopener\">m\u00e1quina de soldadura por inducci\u00f3n manual<\/a> FOCO de 30 kW complet\u00f3 con \u00e9xito la soldadura por inducci\u00f3n de una v\u00e1lvula de inversi\u00f3n de cuatro v\u00edas en 10 segundos. El proceso de soldadura es muy r\u00e1pido. El nivel de destreza del operario tiene un efecto m\u00ednimo en la calidad de la soldadura una vez que el tubo de cobre est\u00e1 sujeto con las pinzas. La soldadura por inducci\u00f3n garantiza procesos repetibles y resultados uniformes.<\/p>\n<p>M\u00e1s informaci\u00f3n <span style=\"color: #0000ff;\"><br \/>\n  <a style=\"color: #0000ff;\" href=\"https:\/\/www.focoinduction.com\/es\/aplicaciones\/soldadura-por-induccion\/\" target=\"_blank\" rel=\"noopener\">Aplicaciones de la soldadura por inducci\u00f3n<\/a><br \/>\n<\/span>.<\/p>\n<\/div><\/div><\/div><\/div><\/div><div class=\"fusion-fullwidth fullwidth-box fusion-builder-row-2 fusion-flex-container has-pattern-background has-mask-background nonhundred-percent-fullwidth non-hundred-percent-height-scrolling\" style=\"--awb-border-radius-top-left:0px;--awb-border-radius-top-right:0px;--awb-border-radius-bottom-right:0px;--awb-border-radius-bottom-left:0px;--awb-margin-bottom:40px;--awb-flex-wrap:wrap;\" ><div class=\"fusion-builder-row fusion-row fusion-flex-align-items-flex-start fusion-flex-content-wrap\" style=\"max-width:1248px;margin-left: calc(-4% \/ 2 );margin-right: calc(-4% \/ 2 );\"><div class=\"fusion-layout-column fusion_builder_column fusion-builder-column-1 fusion_builder_column_1_1 1_1 fusion-flex-column\" style=\"--awb-bg-size:cover;--awb-width-large:100%;--awb-margin-top-large:0px;--awb-spacing-right-large:1.92%;--awb-margin-bottom-large:0px;--awb-spacing-left-large:1.92%;--awb-width-medium:100%;--awb-order-medium:0;--awb-spacing-right-medium:1.92%;--awb-spacing-left-medium:1.92%;--awb-width-small:100%;--awb-order-small:0;--awb-spacing-right-small:1.92%;--awb-spacing-left-small:1.92%;\"><div class=\"fusion-column-wrapper fusion-column-has-shadow fusion-flex-justify-content-flex-start fusion-content-layout-column\"><div class=\"fusion-text fusion-text-2\" style=\"--awb-font-size:24px;--awb-text-transform:capitalize;\"><p><strong>Galer\u00eda<\/strong><\/p>\n<\/div><\/div><\/div><div class=\"fusion-layout-column fusion_builder_column fusion-builder-column-2 fusion_builder_column_1_1 1_1 fusion-flex-column\" style=\"--awb-bg-size:cover;--awb-width-large:100%;--awb-margin-top-large:0px;--awb-spacing-right-large:1.92%;--awb-margin-bottom-large:20px;--awb-spacing-left-large:1.92%;--awb-width-medium:100%;--awb-order-medium:0;--awb-spacing-right-medium:1.92%;--awb-spacing-left-medium:1.92%;--awb-width-small:100%;--awb-order-small:0;--awb-spacing-right-small:1.92%;--awb-spacing-left-small:1.92%;\"><div class=\"fusion-column-wrapper fusion-column-has-shadow fusion-flex-justify-content-flex-start fusion-content-layout-column\"><div class=\"fusion-image-carousel fusion-image-carousel-auto fusion-image-carousel-1 lightbox-enabled fusion-carousel-border\"><div class=\"awb-carousel awb-swiper awb-swiper-carousel awb-carousel--carousel awb-swiper-dots-position-bottom\" data-layout=\"carousel\" data-autoplay=\"no\" data-autoplayspeed=\"3500\" data-autoplaypause=\"no\" data-columns=\"2\" data-columnsmedium=\"1\" data-columnssmall=\"1\" data-itemmargin=\"15\" data-itemwidth=\"180\" data-touchscroll=\"no\" data-freemode=\"no\" data-imagesize=\"auto\" data-scrollitems=\"0\" data-centeredslides=\"no\" data-rotationangle=\"50\" data-depth=\"100\" data-speed=\"500\" data-shadow=\"no\" data-pagination=\"bullets\" style=\"--awb-columns:2;--awb-column-spacing:15px;--awb-border-width:1px;--awb-border-color:#e9eaee;\"><div class=\"swiper-wrapper awb-image-carousel-wrapper fusion-flex-align-items-center\"><div class=\"swiper-slide\"><div class=\"fusion-carousel-item-wrapper\"><div class=\"fusion-image-wrapper hover-type-none\"><a data-rel=\"iLightbox[image_carousel_1]\" data-caption=\"Brazing of Four Way Reversing Valve with Induction Heating\" data-title=\"Brazing of Four Way Reversing Valve with Induction Heating\" aria-label=\"Brazing of Four Way Reversing Valve with Induction Heating\" href=\"https:\/\/www.focoinduction.com\/wp-content\/uploads\/2022\/09\/Brazing-of-Four-Way-Reversing-Valve-with-Induction-Heating.jpg\" target=\"_self\"><img decoding=\"async\" width=\"600\" height=\"400\" src=\"https:\/\/www.focoinduction.com\/wp-content\/uploads\/2022\/09\/Brazing-of-Four-Way-Reversing-Valve-with-Induction-Heating.jpg\" class=\"attachment-full size-full\" alt=\"Soldadura fuerte de v\u00e1lvula de inversi\u00f3n de cuatro v\u00edas con calentamiento por inducci\u00f3n\" srcset=\"https:\/\/www.focoinduction.com\/wp-content\/uploads\/2022\/09\/Brazing-of-Four-Way-Reversing-Valve-with-Induction-Heating-200x133.jpg 200w, https:\/\/www.focoinduction.com\/wp-content\/uploads\/2022\/09\/Brazing-of-Four-Way-Reversing-Valve-with-Induction-Heating-400x267.jpg 400w, https:\/\/www.focoinduction.com\/wp-content\/uploads\/2022\/09\/Brazing-of-Four-Way-Reversing-Valve-with-Induction-Heating.jpg 600w\" sizes=\"(min-width: 2200px) 100vw, (min-width: 712px) 593px, (min-width: 640px) 712px, \" \/><\/a><\/div><\/div><\/div><div class=\"swiper-slide\"><div class=\"fusion-carousel-item-wrapper\"><div class=\"fusion-image-wrapper hover-type-none\"><a data-rel=\"iLightbox[image_carousel_1]\" data-caption=\"brazing of Four Way Reversing Valve\" data-title=\"brazing of Four Way Reversing Valve\" aria-label=\"brazing of Four Way Reversing Valve\" href=\"https:\/\/www.focoinduction.com\/wp-content\/uploads\/2022\/09\/brazing-of-Four-Way-Reversing-Valve.jpg\" target=\"_self\"><img decoding=\"async\" width=\"600\" height=\"400\" src=\"https:\/\/www.focoinduction.com\/wp-content\/uploads\/2022\/09\/brazing-of-Four-Way-Reversing-Valve.jpg\" class=\"attachment-full size-full\" alt=\"soldadura fuerte de v\u00e1lvula de inversi\u00f3n de cuatro v\u00edas\" srcset=\"https:\/\/www.focoinduction.com\/wp-content\/uploads\/2022\/09\/brazing-of-Four-Way-Reversing-Valve-200x133.jpg 200w, https:\/\/www.focoinduction.com\/wp-content\/uploads\/2022\/09\/brazing-of-Four-Way-Reversing-Valve-400x267.jpg 400w, https:\/\/www.focoinduction.com\/wp-content\/uploads\/2022\/09\/brazing-of-Four-Way-Reversing-Valve.jpg 600w\" sizes=\"(min-width: 2200px) 100vw, (min-width: 712px) 593px, (min-width: 640px) 712px, \" \/><\/a><\/div><\/div><\/div><div class=\"swiper-slide\"><div class=\"fusion-carousel-item-wrapper\"><div class=\"fusion-image-wrapper hover-type-none\"><a data-rel=\"iLightbox[image_carousel_1]\" data-caption=\"induction brazing of Reversing Valve\" data-title=\"induction brazing of Reversing Valve\" aria-label=\"induction brazing of Reversing Valve\" href=\"https:\/\/www.focoinduction.com\/wp-content\/uploads\/2022\/09\/induction-brazing-of-Reversing-Valve.jpg\" target=\"_self\"><img decoding=\"async\" width=\"600\" height=\"400\" src=\"https:\/\/www.focoinduction.com\/wp-content\/uploads\/2022\/09\/induction-brazing-of-Reversing-Valve.jpg\" class=\"attachment-full size-full\" alt=\"soldadura por inducci\u00f3n de v\u00e1lvula de inversi\u00f3n\" srcset=\"https:\/\/www.focoinduction.com\/wp-content\/uploads\/2022\/09\/induction-brazing-of-Reversing-Valve-200x133.jpg 200w, https:\/\/www.focoinduction.com\/wp-content\/uploads\/2022\/09\/induction-brazing-of-Reversing-Valve-400x267.jpg 400w, https:\/\/www.focoinduction.com\/wp-content\/uploads\/2022\/09\/induction-brazing-of-Reversing-Valve.jpg 600w\" sizes=\"(min-width: 2200px) 100vw, (min-width: 712px) 593px, (min-width: 640px) 712px, \" \/><\/a><\/div><\/div><\/div><div class=\"swiper-slide\"><div class=\"fusion-carousel-item-wrapper\"><div class=\"fusion-image-wrapper hover-type-none\"><a data-rel=\"iLightbox[image_carousel_1]\" data-caption=\"induction brazing Four Way Reversing Valve\" data-title=\"induction brazing Four Way Reversing Valve\" aria-label=\"induction brazing Four Way Reversing Valve\" href=\"https:\/\/www.focoinduction.com\/wp-content\/uploads\/2022\/09\/induction-brazing-Four-Way-Reversing-Valve.jpg\" target=\"_self\"><img decoding=\"async\" width=\"600\" height=\"400\" src=\"https:\/\/www.focoinduction.com\/wp-content\/uploads\/2022\/09\/induction-brazing-Four-Way-Reversing-Valve.jpg\" class=\"attachment-full size-full\" alt=\"soldadura por inducci\u00f3n V\u00e1lvula de inversi\u00f3n de cuatro v\u00edas\" srcset=\"https:\/\/www.focoinduction.com\/wp-content\/uploads\/2022\/09\/induction-brazing-Four-Way-Reversing-Valve-200x133.jpg 200w, https:\/\/www.focoinduction.com\/wp-content\/uploads\/2022\/09\/induction-brazing-Four-Way-Reversing-Valve-400x267.jpg 400w, https:\/\/www.focoinduction.com\/wp-content\/uploads\/2022\/09\/induction-brazing-Four-Way-Reversing-Valve.jpg 600w\" sizes=\"(min-width: 2200px) 100vw, (min-width: 712px) 593px, (min-width: 640px) 712px, \" \/><\/a><\/div><\/div><\/div><\/div><div class=\"awb-swiper-button awb-swiper-button-prev\"><i class=\"awb-icon-angle-left\" aria-hidden=\"true\"><\/i><\/div><div class=\"awb-swiper-button awb-swiper-button-next\"><i class=\"awb-icon-angle-right\" aria-hidden=\"true\"><\/i><\/div><\/div><\/div><div style=\"text-align:center;\"><a class=\"fusion-button button-flat fusion-button-default-size button-default fusion-button-default button-1 fusion-button-default-span fusion-button-default-type\" target=\"_blank\" rel=\"noopener noreferrer\" href=\"https:\/\/www.focoinduction.com\/es\/contacte-con\/\"><span class=\"fusion-button-text awb-button__text awb-button__text--default\">Obtenga ayuda sobre aplicaciones y equipos de soldadura por inducci\u00f3n<\/span><\/a><\/div><\/div><\/div><\/div><\/div><\/p>\n","protected":false},"excerpt":{"rendered":"","protected":false},"author":1,"featured_media":4626,"parent":5974,"menu_order":0,"comment_status":"closed","ping_status":"closed","template":"","meta":{"footnotes":""},"class_list":["post-6612","page","type-page","status-publish","has-post-thumbnail","hentry"],"_links":{"self":[{"href":"https:\/\/www.focoinduction.com\/es\/wp-json\/wp\/v2\/pages\/6612","targetHints":{"allow":["GET"]}}],"collection":[{"href":"https:\/\/www.focoinduction.com\/es\/wp-json\/wp\/v2\/pages"}],"about":[{"href":"https:\/\/www.focoinduction.com\/es\/wp-json\/wp\/v2\/types\/page"}],"author":[{"embeddable":true,"href":"https:\/\/www.focoinduction.com\/es\/wp-json\/wp\/v2\/users\/1"}],"replies":[{"embeddable":true,"href":"https:\/\/www.focoinduction.com\/es\/wp-json\/wp\/v2\/comments?post=6612"}],"version-history":[{"count":0,"href":"https:\/\/www.focoinduction.com\/es\/wp-json\/wp\/v2\/pages\/6612\/revisions"}],"up":[{"embeddable":true,"href":"https:\/\/www.focoinduction.com\/es\/wp-json\/wp\/v2\/pages\/5974"}],"wp:featuredmedia":[{"embeddable":true,"href":"https:\/\/www.focoinduction.com\/es\/wp-json\/wp\/v2\/media\/4626"}],"wp:attachment":[{"href":"https:\/\/www.focoinduction.com\/es\/wp-json\/wp\/v2\/media?parent=6612"}],"curies":[{"name":"wp","href":"https:\/\/api.w.org\/{rel}","templated":true}]}}