{"id":6628,"date":"2022-08-16T15:27:05","date_gmt":"2022-08-16T07:27:05","guid":{"rendered":"https:\/\/www.focoinduction.com\/fusion-por-induccion\/fundicion-de-300-kg-de-plata-por-induccion\/"},"modified":"2023-05-16T09:28:55","modified_gmt":"2023-05-16T01:28:55","slug":"fundicion-de-300-kg-de-plata-por-induccion","status":"publish","type":"page","link":"https:\/\/www.focoinduction.com\/es\/aplicaciones\/fusion-por-induccion\/fundicion-de-300-kg-de-plata-por-induccion\/","title":{"rendered":"Fundici\u00f3n de 300 kg de plata por inducci\u00f3n"},"content":{"rendered":"<p><div class=\"fusion-fullwidth fullwidth-box fusion-builder-row-1 fusion-flex-container nonhundred-percent-fullwidth non-hundred-percent-height-scrolling\" style=\"--awb-border-radius-top-left:0px;--awb-border-radius-top-right:0px;--awb-border-radius-bottom-right:0px;--awb-border-radius-bottom-left:0px;--awb-flex-wrap:wrap;\" ><div class=\"fusion-builder-row fusion-row fusion-flex-align-items-flex-start fusion-flex-content-wrap\" style=\"max-width:1248px;margin-left: calc(-4% \/ 2 );margin-right: calc(-4% \/ 2 );\"><div class=\"fusion-layout-column fusion_builder_column fusion-builder-column-0 fusion_builder_column_1_1 1_1 fusion-flex-column\" style=\"--awb-bg-size:cover;--awb-width-large:100%;--awb-margin-top-large:0px;--awb-spacing-right-large:1.92%;--awb-margin-bottom-large:20px;--awb-spacing-left-large:1.92%;--awb-width-medium:100%;--awb-order-medium:0;--awb-spacing-right-medium:1.92%;--awb-spacing-left-medium:1.92%;--awb-width-small:100%;--awb-order-small:0;--awb-spacing-right-small:1.92%;--awb-spacing-left-small:1.92%;\"><div class=\"fusion-column-wrapper fusion-column-has-shadow fusion-flex-justify-content-flex-start fusion-content-layout-column\"><div class=\"fusion-text fusion-text-1\"><h2>Horno de fusi\u00f3n de inducci\u00f3n para fundir 300 kg de plata<\/h2>\n<p>Una peque\u00f1a fundici\u00f3n necesita utilizar el calentamiento por inducci\u00f3n para fundir 300 kg de plata y luego colar lingotes de plata. Dado que la plata es un metal precioso, FOCO pone a disposici\u00f3n de sus clientes un horno de fusi\u00f3n de oro por inducci\u00f3n que utiliza un horno fijo para reducir las p\u00e9rdidas causadas por las salpicaduras de l\u00edquido durante el vertido. El operario debe utilizar la pinza del crisol para extraerlo y verter la plata fundida en el molde.<\/p>\n<\/div><\/div><\/div><\/div><\/div><div class=\"fusion-fullwidth fullwidth-box fusion-builder-row-2 fusion-flex-container nonhundred-percent-fullwidth non-hundred-percent-height-scrolling\" style=\"--awb-border-radius-top-left:0px;--awb-border-radius-top-right:0px;--awb-border-radius-bottom-right:0px;--awb-border-radius-bottom-left:0px;--awb-padding-top:30px;--awb-padding-right:30px;--awb-padding-bottom:30px;--awb-padding-left:30px;--awb-margin-bottom:40px;--awb-background-color:#d3d3d3;--awb-flex-wrap:wrap;\" ><div class=\"fusion-builder-row fusion-row fusion-flex-align-items-flex-start fusion-flex-content-wrap\" style=\"max-width:1248px;margin-left: calc(-4% \/ 2 );margin-right: calc(-4% \/ 2 );\"><div class=\"fusion-layout-column fusion_builder_column fusion-builder-column-1 fusion_builder_column_1_2 1_2 fusion-flex-column\" style=\"--awb-padding-right:30px;--awb-bg-size:cover;--awb-width-large:50%;--awb-margin-top-large:0px;--awb-spacing-right-large:3.84%;--awb-margin-bottom-large:20px;--awb-spacing-left-large:3.84%;--awb-width-medium:50%;--awb-order-medium:0;--awb-spacing-right-medium:3.84%;--awb-spacing-left-medium:3.84%;--awb-width-small:100%;--awb-order-small:0;--awb-spacing-right-small:1.92%;--awb-spacing-left-small:1.92%;\"><div class=\"fusion-column-wrapper fusion-column-has-shadow fusion-flex-justify-content-flex-start fusion-content-layout-column\"><div class=\"fusion-text fusion-text-2\"><p><strong>Equipamiento:<\/strong><\/p>\n<ul>\n<li><span style=\"color: #0000ff;\"><a style=\"color: #0000ff;\" href=\"https:\/\/www.focoinduction.com\/induction-heating-equipment\/induction-melting-furnace\/induction-gold-melting-furnace\/\" target=\"_blank\" rel=\"noopener\">Horno de fusi\u00f3n de oro por inducci\u00f3n de 160 kW<\/a><\/span><\/li>\n<\/ul>\n<p>Se trata de un horno de fusi\u00f3n por inducci\u00f3n dise\u00f1ado por FOCO y se utiliza especialmente para fundir metales preciosos como el oro y la plata. Est\u00e1 equipado con un crisol de carburo de silicio, que tiene una velocidad de calentamiento r\u00e1pida y una larga vida \u00fatil. La parte del cuerpo del horno (el crisol) se instala directamente en el suelo, no sobre un estante que pueda voltearse.<\/p>\n<div class=\"fusion-button-wrapper\"><a class=\"fusion-button button-flat fusion-button-default-size button-custom fusion-button-default button-1 fusion-button-default-span fusion-button-default-type\" style=\"--button_accent_color:#ffffff;--button_accent_hover_color:#222222;--button_border_hover_color:rgba(255,255,255,0);--button_gradient_top_color:#ff9600;--button_gradient_bottom_color:#ff9600;--button_gradient_top_color_hover:#eeeeee;--button_gradient_bottom_color_hover:#eeeeee;\" target=\"_blank\" rel=\"noopener noreferrer\" title=\"horno de induccion para fundir oro\" aria-label=\"horno de induccion para fundir oro\" href=\"https:\/\/www.focoinduction.com\/induction-heating-equipment\/induction-melting-furnace\/induction-gold-melting-furnace\/\"><span class=\"fusion-button-text awb-button__text awb-button__text--default\">M\u00e1s informaci\u00f3n<\/span><\/a><\/div>\n<\/div><\/div><\/div><div class=\"fusion-layout-column fusion_builder_column fusion-builder-column-2 fusion_builder_column_1_2 1_2 fusion-flex-column\" style=\"--awb-bg-size:cover;--awb-width-large:50%;--awb-margin-top-large:0px;--awb-spacing-right-large:3.84%;--awb-margin-bottom-large:20px;--awb-spacing-left-large:3.84%;--awb-width-medium:50%;--awb-order-medium:0;--awb-spacing-right-medium:3.84%;--awb-spacing-left-medium:3.84%;--awb-width-small:100%;--awb-order-small:0;--awb-spacing-right-small:1.92%;--awb-spacing-left-small:1.92%;\"><div class=\"fusion-column-wrapper fusion-column-has-shadow fusion-flex-justify-content-flex-start fusion-content-layout-column\"><div class=\"fusion-image-element \" style=\"--awb-max-width:320px;--awb-caption-title-font-family:var(--h2_typography-font-family);--awb-caption-title-font-weight:var(--h2_typography-font-weight);--awb-caption-title-font-style:var(--h2_typography-font-style);--awb-caption-title-size:var(--h2_typography-font-size);--awb-caption-title-transform:var(--h2_typography-text-transform);--awb-caption-title-line-height:var(--h2_typography-line-height);--awb-caption-title-letter-spacing:var(--h2_typography-letter-spacing);\"><span class=\" fusion-imageframe imageframe-none imageframe-1 hover-type-none\"><a href=\"https:\/\/www.focoinduction.com\/wp-content\/uploads\/2022\/08\/induction-melting-furnace-for-gold-and-silver.jpg\" class=\"fusion-lightbox\" data-rel=\"iLightbox[horno de fusi\u00f3n por inducci\u00f3n para oro y plata]\" data-caption=\"induction melting furnace for gold and silver\" data-title=\"induction melting furnace for gold and silver\" title=\"induction melting furnace for gold and silver\"><img decoding=\"async\" width=\"420\" height=\"460\" alt=\"horno de fusi\u00f3n por inducci\u00f3n para oro y plata\" src=\"https:\/\/www.focoinduction.com\/wp-content\/uploads\/2022\/08\/induction-melting-furnace-for-gold-and-silver.jpg\" class=\"img-responsive wp-image-4078\" srcset=\"https:\/\/www.focoinduction.com\/wp-content\/uploads\/2022\/08\/induction-melting-furnace-for-gold-and-silver-200x219.jpg 200w, https:\/\/www.focoinduction.com\/wp-content\/uploads\/2022\/08\/induction-melting-furnace-for-gold-and-silver-400x438.jpg 400w, https:\/\/www.focoinduction.com\/wp-content\/uploads\/2022\/08\/induction-melting-furnace-for-gold-and-silver.jpg 420w\" sizes=\"(max-width: 768px) 100vw, 420px\" \/><\/a><\/span><\/div><\/div><\/div><\/div><\/div><div class=\"fusion-fullwidth fullwidth-box fusion-builder-row-3 fusion-flex-container nonhundred-percent-fullwidth non-hundred-percent-height-scrolling\" style=\"--awb-border-sizes-bottom:1px;--awb-border-radius-top-left:0px;--awb-border-radius-top-right:0px;--awb-border-radius-bottom-right:0px;--awb-border-radius-bottom-left:0px;--awb-flex-wrap:wrap;\" ><div class=\"fusion-builder-row fusion-row fusion-flex-align-items-flex-start fusion-flex-content-wrap\" style=\"max-width:1248px;margin-left: calc(-4% \/ 2 );margin-right: calc(-4% \/ 2 );\"><div class=\"fusion-layout-column fusion_builder_column fusion-builder-column-3 fusion_builder_column_1_1 1_1 fusion-flex-column\" style=\"--awb-bg-size:cover;--awb-width-large:100%;--awb-margin-top-large:0px;--awb-spacing-right-large:1.92%;--awb-margin-bottom-large:20px;--awb-spacing-left-large:1.92%;--awb-width-medium:100%;--awb-order-medium:0;--awb-spacing-right-medium:1.92%;--awb-spacing-left-medium:1.92%;--awb-width-small:100%;--awb-order-small:0;--awb-spacing-right-small:1.92%;--awb-spacing-left-small:1.92%;\"><div class=\"fusion-column-wrapper fusion-column-has-shadow fusion-flex-justify-content-flex-start fusion-content-layout-column\"><div class=\"fusion-text fusion-text-3\"><p><strong>Proceso de fusi\u00f3n:<\/strong><\/p>\n<ol>\n<li>Coloca la pepita de plata en el crisol.<\/li>\n<li>La pepita de plata se fundir\u00e1 en 50 minutos.<\/li>\n<li>Utilice el soporte del crisol para extraerlo.<\/li>\n<li>Verter plata fundida en moldes para fundir lingotes de plata.<\/li>\n<\/ol>\n<p>La fusi\u00f3n por inducci\u00f3n se utiliza habitualmente en la industria de la joyer\u00eda, como el oro y la plata. Fundir plata y oro por inducci\u00f3n es r\u00e1pido, seguro y limpio.<\/p>\n<p>Disponemos de hornos profesionales de fusi\u00f3n por inducci\u00f3n para fundir oro y plata. Nuestros productos incluyen <span style=\"color: #0000ff;\"><br \/>\n  <a style=\"color: #0000ff;\" href=\"https:\/\/www.focoinduction.com\/es\/productos\/hornos-de-fusion-por-induccion\/horno-de-fusion-por-induccion-portatil\/\" target=\"_blank\" rel=\"noopener\">hornos de fusi\u00f3n port\u00e1tiles<\/a><br \/>\n<\/span> de 1 kg a 3 kg y <span style=\"color: #0000ff;\"><br \/>\n  <a style=\"color: #0000ff;\" href=\"https:\/\/www.focoinduction.com\/es\/productos\/hornos-de-fusion-por-induccion\/horno-de-fusion-de-induccion-basculante\/\" target=\"_blank\" rel=\"noopener\">hornos de fusi\u00f3n por inducci\u00f3n de frecuencia media<\/a><br \/>\n<\/span> con capacidades de 5 kg a 300 kg. Tanto si se trata de una peque\u00f1a joyer\u00eda como de una gran empresa de metales preciosos, FOCO puede suministrar un completo <span style=\"color: #0000ff;\"><br \/>\n  <a style=\"color: #0000ff;\" href=\"https:\/\/www.focoinduction.com\/es\/productos\/hornos-de-fusion-por-induccion\/\" target=\"_blank\" rel=\"noopener\">horno de inducci\u00f3n<\/a><br \/>\n<\/span> para sus necesidades de fundici\u00f3n.<\/p>\n<p>M\u00e1s informaci\u00f3n sobre <span style=\"color: #0000ff;\"><br \/>\n  <a style=\"color: #0000ff;\" href=\"https:\/\/www.focoinduction.com\/es\/fusion-por-induccion\/\" target=\"_blank\" rel=\"noopener\">aplicaciones de fusi\u00f3n por inducci\u00f3n<\/a><br \/>\n<\/span>.<\/p>\n<p><a href=\"https:\/\/www.focoinduction.com\/es\/contacte-con\/\" target=\"_blank\" rel=\"noopener\"><em><span style=\"color: #0000ff;\">P\u00f3ngase en contacto con nosotros para obtener una soluci\u00f3n para fundir oro o plata por inducci\u00f3n.<\/span><\/em><\/a><\/p>\n<\/div><\/div><\/div><\/div><\/div><div class=\"fusion-fullwidth fullwidth-box fusion-builder-row-4 fusion-flex-container nonhundred-percent-fullwidth non-hundred-percent-height-scrolling\" style=\"--awb-border-sizes-bottom:1px;--awb-border-radius-top-left:0px;--awb-border-radius-top-right:0px;--awb-border-radius-bottom-right:0px;--awb-border-radius-bottom-left:0px;--awb-flex-wrap:wrap;\" ><div class=\"fusion-builder-row fusion-row fusion-flex-align-items-flex-start fusion-flex-content-wrap\" style=\"max-width:1248px;margin-left: calc(-4% \/ 2 );margin-right: calc(-4% \/ 2 );\"><div class=\"fusion-layout-column fusion_builder_column fusion-builder-column-4 fusion_builder_column_1_1 1_1 fusion-flex-column\" style=\"--awb-bg-size:cover;--awb-width-large:100%;--awb-margin-top-large:0px;--awb-spacing-right-large:1.92%;--awb-margin-bottom-large:20px;--awb-spacing-left-large:1.92%;--awb-width-medium:100%;--awb-order-medium:0;--awb-spacing-right-medium:1.92%;--awb-spacing-left-medium:1.92%;--awb-width-small:100%;--awb-order-small:0;--awb-spacing-right-small:1.92%;--awb-spacing-left-small:1.92%;\"><div class=\"fusion-column-wrapper fusion-column-has-shadow fusion-flex-justify-content-flex-start fusion-content-layout-column\"><div class=\"fusion-text fusion-text-4\" style=\"--awb-text-transform:none;\"><h3>V\u00eddeos de fusi\u00f3n por inducci\u00f3n<\/h3>\n<\/div><\/div><\/div><div class=\"fusion-layout-column fusion_builder_column fusion-builder-column-5 fusion_builder_column_1_1 1_1 fusion-flex-column\" style=\"--awb-bg-size:cover;--awb-width-large:100%;--awb-margin-top-large:0px;--awb-spacing-right-large:1.92%;--awb-margin-bottom-large:20px;--awb-spacing-left-large:1.92%;--awb-width-medium:100%;--awb-order-medium:0;--awb-spacing-right-medium:1.92%;--awb-spacing-left-medium:1.92%;--awb-width-small:100%;--awb-order-small:0;--awb-spacing-right-small:1.92%;--awb-spacing-left-small:1.92%;\"><div class=\"fusion-column-wrapper fusion-column-has-shadow fusion-flex-justify-content-flex-start fusion-content-layout-column\"><div class=\"fusion-video fusion-youtube\" style=\"--awb-max-width:600px;--awb-max-height:360px;\"><div class=\"video-shortcode\"><lite-youtube videoid=\"m2EDOOuXDmA\" class=\"landscape\" params=\"wmode=transparent&autoplay=1&amp;enablejsapi=1\" title=\"Melting Silver 300kg with Induction Heating\" data-button-label=\"Play Video\" width=\"600\" height=\"360\" data-thumbnail-size=\"auto\" data-no-cookie=\"on\"><\/lite-youtube><\/div><\/div><\/div><\/div><\/div><\/div><\/p>\n","protected":false},"excerpt":{"rendered":"","protected":false},"author":1,"featured_media":4082,"parent":5763,"menu_order":0,"comment_status":"closed","ping_status":"closed","template":"","meta":{"footnotes":""},"class_list":["post-6628","page","type-page","status-publish","has-post-thumbnail","hentry"],"_links":{"self":[{"href":"https:\/\/www.focoinduction.com\/es\/wp-json\/wp\/v2\/pages\/6628","targetHints":{"allow":["GET"]}}],"collection":[{"href":"https:\/\/www.focoinduction.com\/es\/wp-json\/wp\/v2\/pages"}],"about":[{"href":"https:\/\/www.focoinduction.com\/es\/wp-json\/wp\/v2\/types\/page"}],"author":[{"embeddable":true,"href":"https:\/\/www.focoinduction.com\/es\/wp-json\/wp\/v2\/users\/1"}],"replies":[{"embeddable":true,"href":"https:\/\/www.focoinduction.com\/es\/wp-json\/wp\/v2\/comments?post=6628"}],"version-history":[{"count":0,"href":"https:\/\/www.focoinduction.com\/es\/wp-json\/wp\/v2\/pages\/6628\/revisions"}],"up":[{"embeddable":true,"href":"https:\/\/www.focoinduction.com\/es\/wp-json\/wp\/v2\/pages\/5763"}],"wp:featuredmedia":[{"embeddable":true,"href":"https:\/\/www.focoinduction.com\/es\/wp-json\/wp\/v2\/media\/4082"}],"wp:attachment":[{"href":"https:\/\/www.focoinduction.com\/es\/wp-json\/wp\/v2\/media?parent=6628"}],"curies":[{"name":"wp","href":"https:\/\/api.w.org\/{rel}","templated":true}]}}