{"id":6634,"date":"2022-08-22T12:17:43","date_gmt":"2022-08-22T04:17:43","guid":{"rendered":"https:\/\/www.focoinduction.com\/fusion-por-induccion\/fundicion-por-induccion-500-kg-hierro\/"},"modified":"2023-05-16T09:28:54","modified_gmt":"2023-05-16T01:28:54","slug":"fundicion-por-induccion-500-kg-hierro","status":"publish","type":"page","link":"https:\/\/www.focoinduction.com\/es\/aplicaciones\/fusion-por-induccion\/fundicion-por-induccion-500-kg-hierro\/","title":{"rendered":"Fundici\u00f3n por inducci\u00f3n 500 kg Hierro"},"content":{"rendered":"<p><div class=\"fusion-fullwidth fullwidth-box fusion-builder-row-1 fusion-flex-container nonhundred-percent-fullwidth non-hundred-percent-height-scrolling\" style=\"--awb-border-sizes-bottom:1px;--awb-border-radius-top-left:0px;--awb-border-radius-top-right:0px;--awb-border-radius-bottom-right:0px;--awb-border-radius-bottom-left:0px;--awb-flex-wrap:wrap;\" ><div class=\"fusion-builder-row fusion-row fusion-flex-align-items-flex-start fusion-flex-content-wrap\" style=\"max-width:1248px;margin-left: calc(-4% \/ 2 );margin-right: calc(-4% \/ 2 );\"><div class=\"fusion-layout-column fusion_builder_column fusion-builder-column-0 fusion_builder_column_1_1 1_1 fusion-flex-column\" style=\"--awb-bg-size:cover;--awb-width-large:100%;--awb-margin-top-large:0px;--awb-spacing-right-large:1.92%;--awb-margin-bottom-large:20px;--awb-spacing-left-large:1.92%;--awb-width-medium:100%;--awb-order-medium:0;--awb-spacing-right-medium:1.92%;--awb-spacing-left-medium:1.92%;--awb-width-small:100%;--awb-order-small:0;--awb-spacing-right-small:1.92%;--awb-spacing-left-small:1.92%;\"><div class=\"fusion-column-wrapper fusion-column-has-shadow fusion-flex-justify-content-flex-start fusion-content-layout-column\"><div class=\"fusion-text fusion-text-1\"><p>Una fundici\u00f3n necesita fundir 500 kg de hierro colado por hora. FOCO pone a disposici\u00f3n de sus clientes un horno de fusi\u00f3n por inducci\u00f3n con carcasa de aluminio de 300 kW, que puede fundir 500 kg de hierro, fundici\u00f3n y arrabio en 50 minutos. Tambi\u00e9n equipamos a los clientes con equipos de eliminaci\u00f3n de polvo para recoger las part\u00edculas flotantes generadas durante el proceso de fusi\u00f3n y mejorar el entorno de trabajo.<\/p>\n<p><strong>Propiedades del hierro:<\/strong><\/p>\n<ul>\n<li>Punto de fusi\u00f3n: 1538 \u2103.<\/li>\n<li>Densidad: 7,86 g\/cm\u00b3.<\/li>\n<li>Capacidad calor\u00edfica espec\u00edfica: 460J\/(kg \u2103).<\/li>\n<li>Aspecto y forma: El hierro puro es un cristal met\u00e1lico con un brillo met\u00e1lico blanco plateado, generalmente gris a gris-negro part\u00edculas finas amorfas o polvo. Tiene buena ductilidad, conductividad el\u00e9ctrica y conductividad t\u00e9rmica. Tiene un fuerte ferromagnetismo y pertenece a los materiales magn\u00e9ticos.<\/li>\n<\/ul>\n<p><strong>Equipamiento:<\/strong><\/p>\n<ul>\n<li>300 kW <span style=\"color: #0000ff;\"><br \/>\n  <a style=\"color: #0000ff;\" href=\"https:\/\/www.focoinduction.com\/es\/productos\/hornos-de-fusion-por-induccion\/horno-de-fusion-por-induccion-de-cascara-de-aluminio\/\" target=\"_blank\" rel=\"noopener\">horno de fusi\u00f3n por inducci\u00f3n de c\u00e1scara de aluminio<\/a><br \/>\n<\/span>.<\/li>\n<li>Equipo de eliminaci\u00f3n de polvo.<\/li>\n<\/ul>\n<p>El horno de fusi\u00f3n por inducci\u00f3n de c\u00e1scara de aluminio adopta una fuente de alimentaci\u00f3n de calentamiento por inducci\u00f3n GWJ y un cuerpo de horno de fusi\u00f3n por inducci\u00f3n sin n\u00facleo de 500 kg. Est\u00e1 equipada con dos cuerpos de horno para fundir hierro. Un cuerpo del horno funciona y otro est\u00e1 en espera. En caso de mantenimiento de uno de los cuerpos del horno, puede activarse el cuerpo de repuesto para garantizar una producci\u00f3n continua.<\/p>\n<p>Tambi\u00e9n est\u00e1 equipado con un mando a distancia para controlar la inversi\u00f3n del cuerpo del horno, lo que hace m\u00e1s seguro verter el hierro fundido. Los humos y el polvo generados durante el proceso de fusi\u00f3n pueden eliminarse utilizando equipos de eliminaci\u00f3n de polvo.<\/p>\n<p><strong>Proceso de fusi\u00f3n:<\/strong><\/p>\n<ol>\n<li>Coloque el bloque de hierro en el cuerpo del horno de fusi\u00f3n por inducci\u00f3n.<\/li>\n<li>El bloque de hierro de 500 kg se fundir\u00e1 en 50 minutos.<\/li>\n<li>Vierte el hierro fundido.<\/li>\n<\/ol>\n<p><strong>Fundiciones m\u00e1s eficientes y seguras:<\/strong><\/p>\n<p>Las numerosas ventajas del calentamiento por inducci\u00f3n demuestran que <span style=\"color: #0000ff;\"><br \/>\n  <a style=\"color: #0000ff;\" href=\"https:\/\/www.focoinduction.com\/es\/productos\/hornos-de-fusion-por-induccion\/\" target=\"_blank\" rel=\"noopener\">hornos de fusi\u00f3n por inducci\u00f3n<\/a><br \/>\n<\/span> pueden proporcionar un proceso de producci\u00f3n m\u00e1s seguro y eficiente. Los sistemas de calentamiento y fusi\u00f3n por inducci\u00f3n FOCO ofrecen la mejor soluci\u00f3n rentable para su proyecto de fusi\u00f3n.<\/p>\n<p>M\u00e1s informaci\u00f3n sobre <span style=\"color: #0000ff;\"><br \/>\n  <a style=\"color: #0000ff;\" href=\"https:\/\/www.focoinduction.com\/es\/fusion-por-induccion\/\" target=\"_blank\" rel=\"noopener\">aplicaciones de fusi\u00f3n por inducci\u00f3n<\/a><br \/>\n<\/span>.<\/p>\n<\/div><\/div><\/div><\/div><\/div><div class=\"fusion-fullwidth fullwidth-box fusion-builder-row-2 fusion-flex-container nonhundred-percent-fullwidth non-hundred-percent-height-scrolling\" style=\"--awb-border-sizes-bottom:1px;--awb-border-radius-top-left:0px;--awb-border-radius-top-right:0px;--awb-border-radius-bottom-right:0px;--awb-border-radius-bottom-left:0px;--awb-flex-wrap:wrap;\" ><div class=\"fusion-builder-row fusion-row fusion-flex-align-items-flex-start fusion-flex-content-wrap\" style=\"max-width:1248px;margin-left: calc(-4% \/ 2 );margin-right: calc(-4% \/ 2 );\"><div class=\"fusion-layout-column fusion_builder_column fusion-builder-column-1 fusion_builder_column_1_1 1_1 fusion-flex-column\" style=\"--awb-bg-size:cover;--awb-width-large:100%;--awb-margin-top-large:0px;--awb-spacing-right-large:1.92%;--awb-margin-bottom-large:20px;--awb-spacing-left-large:1.92%;--awb-width-medium:100%;--awb-order-medium:0;--awb-spacing-right-medium:1.92%;--awb-spacing-left-medium:1.92%;--awb-width-small:100%;--awb-order-small:0;--awb-spacing-right-small:1.92%;--awb-spacing-left-small:1.92%;\"><div class=\"fusion-column-wrapper fusion-column-has-shadow fusion-flex-justify-content-flex-start fusion-content-layout-column\"><div class=\"fusion-text fusion-text-2\" style=\"--awb-text-transform:none;\"><h3>V\u00eddeos de Fusi\u00f3n por inducci\u00f3n de 500 kg de hierro<\/h3>\n<\/div><\/div><\/div><div class=\"fusion-layout-column fusion_builder_column fusion-builder-column-2 fusion_builder_column_1_1 1_1 fusion-flex-column\" style=\"--awb-bg-size:cover;--awb-width-large:100%;--awb-margin-top-large:0px;--awb-spacing-right-large:1.92%;--awb-margin-bottom-large:20px;--awb-spacing-left-large:1.92%;--awb-width-medium:100%;--awb-order-medium:0;--awb-spacing-right-medium:1.92%;--awb-spacing-left-medium:1.92%;--awb-width-small:100%;--awb-order-small:0;--awb-spacing-right-small:1.92%;--awb-spacing-left-small:1.92%;\"><div class=\"fusion-column-wrapper fusion-column-has-shadow fusion-flex-justify-content-flex-start fusion-content-layout-column\"><div class=\"fusion-video fusion-youtube\" style=\"--awb-max-width:600px;--awb-max-height:360px;\"><div class=\"video-shortcode\"><lite-youtube videoid=\"NV-ZPF-eha4\" class=\"landscape\" params=\"wmode=transparent&autoplay=1&amp;enablejsapi=1\" title=\"Induction Melting 500 kg Iron\" data-button-label=\"Play Video\" width=\"600\" height=\"360\" data-thumbnail-size=\"auto\" data-no-cookie=\"on\"><\/lite-youtube><\/div><\/div><\/div><\/div><\/div><\/div><\/p>\n","protected":false},"excerpt":{"rendered":"","protected":false},"author":1,"featured_media":4086,"parent":5763,"menu_order":0,"comment_status":"closed","ping_status":"closed","template":"","meta":{"footnotes":""},"class_list":["post-6634","page","type-page","status-publish","has-post-thumbnail","hentry"],"_links":{"self":[{"href":"https:\/\/www.focoinduction.com\/es\/wp-json\/wp\/v2\/pages\/6634","targetHints":{"allow":["GET"]}}],"collection":[{"href":"https:\/\/www.focoinduction.com\/es\/wp-json\/wp\/v2\/pages"}],"about":[{"href":"https:\/\/www.focoinduction.com\/es\/wp-json\/wp\/v2\/types\/page"}],"author":[{"embeddable":true,"href":"https:\/\/www.focoinduction.com\/es\/wp-json\/wp\/v2\/users\/1"}],"replies":[{"embeddable":true,"href":"https:\/\/www.focoinduction.com\/es\/wp-json\/wp\/v2\/comments?post=6634"}],"version-history":[{"count":0,"href":"https:\/\/www.focoinduction.com\/es\/wp-json\/wp\/v2\/pages\/6634\/revisions"}],"up":[{"embeddable":true,"href":"https:\/\/www.focoinduction.com\/es\/wp-json\/wp\/v2\/pages\/5763"}],"wp:featuredmedia":[{"embeddable":true,"href":"https:\/\/www.focoinduction.com\/es\/wp-json\/wp\/v2\/media\/4086"}],"wp:attachment":[{"href":"https:\/\/www.focoinduction.com\/es\/wp-json\/wp\/v2\/media?parent=6634"}],"curies":[{"name":"wp","href":"https:\/\/api.w.org\/{rel}","templated":true}]}}