{"id":6668,"date":"2022-08-24T16:45:07","date_gmt":"2022-08-24T08:45:07","guid":{"rendered":"https:\/\/www.focoinduction.com\/fusion-por-induccion\/acero-fundido-por-induccion-600-kg\/"},"modified":"2023-05-16T09:28:54","modified_gmt":"2023-05-16T01:28:54","slug":"acero-fundido-por-induccion-600-kg","status":"publish","type":"page","link":"https:\/\/www.focoinduction.com\/es\/aplicaciones\/fusion-por-induccion\/acero-fundido-por-induccion-600-kg\/","title":{"rendered":"Acero fundido por inducci\u00f3n 600 kg"},"content":{"rendered":"<p><div class=\"fusion-fullwidth fullwidth-box fusion-builder-row-1 fusion-flex-container nonhundred-percent-fullwidth non-hundred-percent-height-scrolling\" style=\"--awb-border-sizes-bottom:1px;--awb-border-radius-top-left:0px;--awb-border-radius-top-right:0px;--awb-border-radius-bottom-right:0px;--awb-border-radius-bottom-left:0px;--awb-flex-wrap:wrap;\" ><div class=\"fusion-builder-row fusion-row fusion-flex-align-items-flex-start fusion-flex-content-wrap\" style=\"max-width:1248px;margin-left: calc(-4% \/ 2 );margin-right: calc(-4% \/ 2 );\"><div class=\"fusion-layout-column fusion_builder_column fusion-builder-column-0 fusion_builder_column_1_1 1_1 fusion-flex-column\" style=\"--awb-bg-size:cover;--awb-width-large:100%;--awb-margin-top-large:0px;--awb-spacing-right-large:1.92%;--awb-margin-bottom-large:20px;--awb-spacing-left-large:1.92%;--awb-width-medium:100%;--awb-order-medium:0;--awb-spacing-right-medium:1.92%;--awb-spacing-left-medium:1.92%;--awb-width-small:100%;--awb-order-small:0;--awb-spacing-right-small:1.92%;--awb-spacing-left-small:1.92%;\"><div class=\"fusion-column-wrapper fusion-column-has-shadow fusion-flex-justify-content-flex-start fusion-content-layout-column\"><div class=\"fusion-text fusion-text-1\"><h2>Aplicaci\u00f3n del acero de fusi\u00f3n por inducci\u00f3n<\/h2>\n<p>Una peque\u00f1a fundici\u00f3n de acero necesita fundir por inducci\u00f3n 600 kg de acero en 50 minutos y se ve obligada a reducir la producci\u00f3n a 300 kg por hora durante la temporada baja. Proporcionamos a los clientes dos fuentes de alimentaci\u00f3n de calentamiento por inducci\u00f3n de 250 kW, equipadas con tres cuerpos de horno de 300 kg, uno de los cuales es un cuerpo de horno de repuesto.<\/p>\n<\/div><div class=\"fusion-text fusion-text-2\"><p><strong>Propiedades del acero:<\/strong><\/p>\n<ul>\n<li>Densidad del acero: 7,85 g\/cm\u00b3.<\/li>\n<li>Punto de fusi\u00f3n del acero: 1.500 \u2103<\/li>\n<li>Acero es un t\u00e9rmino general para designar las aleaciones de hierro y carbono con un contenido de carbono comprendido entre el 0,02% y el 2,11% en masa. El acero se utiliza ampliamente en la construcci\u00f3n, la fabricaci\u00f3n y otros campos industriales.<\/li>\n<\/ul>\n<\/div><div class=\"fusion-text fusion-text-3\"><p><strong>Equipamiento:<\/strong><\/p>\n<ul>\n<li>Dos hornos de fusi\u00f3n <span style=\"color: #0000ff;\"><br \/>\n  <a style=\"color: #0000ff;\" href=\"https:\/\/www.focoinduction.com\/es\/productos\/hornos-de-fusion-por-induccion\/horno-de-fusion-por-induccion-de-cascara-de-aluminio\/\" target=\"_blank\" rel=\"noopener\">hornos de fusi\u00f3n por inducci\u00f3n de carcasa de aluminio<\/a><br \/>\n<\/span> est\u00e1n equipados con tres cuerpos de horno de estructura de carcasa de aluminio.<\/li>\n<li>Un juego de equipos de eliminaci\u00f3n de polvo.<\/li>\n<\/ul>\n<p>Dos hornos de fusi\u00f3n por inducci\u00f3n pueden trabajar simult\u00e1neamente, con una capacidad total m\u00e1xima de 600 kg de hierro por hora. En la temporada baja de producci\u00f3n, se puede desconectar la alimentaci\u00f3n de la calefacci\u00f3n por inducci\u00f3n para garantizar una capacidad de producci\u00f3n m\u00ednima de 300 kg por hora. Durante el mantenimiento y la reparaci\u00f3n del cuerpo del horno, se puede utilizar el cuerpo del horno de repuesto para garantizar la continuidad de la producci\u00f3n.<\/p>\n<p>Los equipos de eliminaci\u00f3n de polvo pueden eliminar eficazmente las part\u00edculas de humo generadas en el proceso de fusi\u00f3n, proteger el medio ambiente y reducir la contaminaci\u00f3n.<\/p>\n<\/div><div class=\"fusion-text fusion-text-4\"><p><strong>Proceso de fusi\u00f3n:<\/strong><\/p>\n<ol>\n<li>El bloque de acero se introduce en el horno de fusi\u00f3n por inducci\u00f3n.<\/li>\n<li>El bloque de acero se funde con \u00e9xito en 50 minutos.<\/li>\n<li>Controla el cuerpo del horno para verter el acero fundido.<\/li>\n<\/ol>\n<\/div><div class=\"fusion-text fusion-text-5\"><p>La fusi\u00f3n del acero por inducci\u00f3n es un proceso r\u00e1pido y seguro. FOCO <span style=\"color: #0000ff;\"><br \/>\n  <a style=\"color: #0000ff;\" href=\"https:\/\/www.focoinduction.com\/es\/productos\/hornos-de-fusion-por-induccion\/\" target=\"_blank\" rel=\"noopener\">hornos de fusi\u00f3n por inducci\u00f3n<\/a><br \/>\n<\/span> pueden fundir de 5 kg a 5.000 kg de acero. Proporcionamos soluciones completas, incluida la fuente de alimentaci\u00f3n del calentamiento por inducci\u00f3n, el cuerpo del horno, el equipo de eliminaci\u00f3n de polvo y el sistema de refrigeraci\u00f3n por agua.<\/p>\n<p>M\u00e1s informaci\u00f3n sobre <span style=\"color: #0000ff;\"><br \/>\n  <a style=\"color: #0000ff;\" href=\"https:\/\/www.focoinduction.com\/es\/fusion-por-induccion\/\" target=\"_blank\" rel=\"noopener\">aplicaciones de fusi\u00f3n por inducci\u00f3n<\/a><br \/>\n<\/span>.<\/p>\n<p><span style=\"color: #0000ff;\"><a style=\"color: #0000ff;\" href=\"https:\/\/www.focoinduction.com\/es\/contacte-con\/\" target=\"_blank\" rel=\"noopener\">Obtenga una cotizaci\u00f3n de Horno de fusi\u00f3n por inducci\u00f3n.<\/a><\/span><\/p>\n<\/div><\/div><\/div><\/div><\/div><div class=\"fusion-fullwidth fullwidth-box fusion-builder-row-2 fusion-flex-container nonhundred-percent-fullwidth non-hundred-percent-height-scrolling\" style=\"--awb-border-sizes-bottom:1px;--awb-border-radius-top-left:0px;--awb-border-radius-top-right:0px;--awb-border-radius-bottom-right:0px;--awb-border-radius-bottom-left:0px;--awb-flex-wrap:wrap;\" ><div class=\"fusion-builder-row fusion-row fusion-flex-align-items-flex-start fusion-flex-content-wrap\" style=\"max-width:1248px;margin-left: calc(-4% \/ 2 );margin-right: calc(-4% \/ 2 );\"><div class=\"fusion-layout-column fusion_builder_column fusion-builder-column-1 fusion_builder_column_1_1 1_1 fusion-flex-column\" style=\"--awb-bg-size:cover;--awb-width-large:100%;--awb-margin-top-large:0px;--awb-spacing-right-large:1.92%;--awb-margin-bottom-large:20px;--awb-spacing-left-large:1.92%;--awb-width-medium:100%;--awb-order-medium:0;--awb-spacing-right-medium:1.92%;--awb-spacing-left-medium:1.92%;--awb-width-small:100%;--awb-order-small:0;--awb-spacing-right-small:1.92%;--awb-spacing-left-small:1.92%;\"><div class=\"fusion-column-wrapper fusion-column-has-shadow fusion-flex-justify-content-flex-start fusion-content-layout-column\"><div class=\"fusion-text fusion-text-6\" style=\"--awb-text-transform:none;\"><h3>V\u00eddeos sobre la fusi\u00f3n del acero<\/h3>\n<\/div><\/div><\/div><div class=\"fusion-layout-column fusion_builder_column fusion-builder-column-2 fusion_builder_column_1_1 1_1 fusion-flex-column\" style=\"--awb-bg-size:cover;--awb-width-large:100%;--awb-margin-top-large:0px;--awb-spacing-right-large:1.92%;--awb-margin-bottom-large:20px;--awb-spacing-left-large:1.92%;--awb-width-medium:100%;--awb-order-medium:0;--awb-spacing-right-medium:1.92%;--awb-spacing-left-medium:1.92%;--awb-width-small:100%;--awb-order-small:0;--awb-spacing-right-small:1.92%;--awb-spacing-left-small:1.92%;\"><div class=\"fusion-column-wrapper fusion-column-has-shadow fusion-flex-justify-content-flex-start fusion-content-layout-column\"><div class=\"fusion-video fusion-youtube\" style=\"--awb-max-width:600px;--awb-max-height:360px;\"><div class=\"video-shortcode\"><lite-youtube videoid=\"IpjqbXQI4ZE\" class=\"landscape\" params=\"wmode=transparent&autoplay=1&amp;enablejsapi=1\" title=\"Induction Melting Steel\" data-button-label=\"Play Video\" width=\"600\" height=\"360\" data-thumbnail-size=\"auto\" data-no-cookie=\"on\"><\/lite-youtube><\/div><\/div><\/div><\/div><\/div><\/div><\/p>\n","protected":false},"excerpt":{"rendered":"","protected":false},"author":1,"featured_media":4114,"parent":5763,"menu_order":0,"comment_status":"closed","ping_status":"closed","template":"","meta":{"footnotes":""},"class_list":["post-6668","page","type-page","status-publish","has-post-thumbnail","hentry"],"_links":{"self":[{"href":"https:\/\/www.focoinduction.com\/es\/wp-json\/wp\/v2\/pages\/6668","targetHints":{"allow":["GET"]}}],"collection":[{"href":"https:\/\/www.focoinduction.com\/es\/wp-json\/wp\/v2\/pages"}],"about":[{"href":"https:\/\/www.focoinduction.com\/es\/wp-json\/wp\/v2\/types\/page"}],"author":[{"embeddable":true,"href":"https:\/\/www.focoinduction.com\/es\/wp-json\/wp\/v2\/users\/1"}],"replies":[{"embeddable":true,"href":"https:\/\/www.focoinduction.com\/es\/wp-json\/wp\/v2\/comments?post=6668"}],"version-history":[{"count":0,"href":"https:\/\/www.focoinduction.com\/es\/wp-json\/wp\/v2\/pages\/6668\/revisions"}],"up":[{"embeddable":true,"href":"https:\/\/www.focoinduction.com\/es\/wp-json\/wp\/v2\/pages\/5763"}],"wp:featuredmedia":[{"embeddable":true,"href":"https:\/\/www.focoinduction.com\/es\/wp-json\/wp\/v2\/media\/4114"}],"wp:attachment":[{"href":"https:\/\/www.focoinduction.com\/es\/wp-json\/wp\/v2\/media?parent=6668"}],"curies":[{"name":"wp","href":"https:\/\/api.w.org\/{rel}","templated":true}]}}