{"id":6670,"date":"2022-10-02T10:50:38","date_gmt":"2022-10-02T02:50:38","guid":{"rendered":"https:\/\/www.focoinduction.com\/lean-sobre-el-calentamiento-por-induccion\/que-es-el-recocido-por-induccion\/"},"modified":"2023-05-16T09:28:53","modified_gmt":"2023-05-16T01:28:53","slug":"que-es-el-recocido-por-induccion","status":"publish","type":"page","link":"https:\/\/www.focoinduction.com\/es\/lean-sobre-el-calentamiento-por-induccion\/que-es-el-recocido-por-induccion\/","title":{"rendered":"\u00bfQu\u00e9 es el recocido por inducci\u00f3n?"},"content":{"rendered":"<div class=\"fusion-fullwidth fullwidth-box fusion-builder-row-1 fusion-flex-container has-pattern-background has-mask-background nonhundred-percent-fullwidth non-hundred-percent-height-scrolling\" style=\"--awb-border-radius-top-left:0px;--awb-border-radius-top-right:0px;--awb-border-radius-bottom-right:0px;--awb-border-radius-bottom-left:0px;--awb-flex-wrap:wrap;\" ><div class=\"fusion-builder-row fusion-row fusion-flex-align-items-flex-start fusion-flex-content-wrap\" style=\"max-width:1248px;margin-left: calc(-4% \/ 2 );margin-right: calc(-4% \/ 2 );\"><div class=\"fusion-layout-column fusion_builder_column fusion-builder-column-0 fusion_builder_column_1_1 1_1 fusion-flex-column\" style=\"--awb-bg-size:cover;--awb-width-large:100%;--awb-margin-top-large:0px;--awb-spacing-right-large:1.92%;--awb-margin-bottom-large:20px;--awb-spacing-left-large:1.92%;--awb-width-medium:100%;--awb-order-medium:0;--awb-spacing-right-medium:1.92%;--awb-spacing-left-medium:1.92%;--awb-width-small:100%;--awb-order-small:0;--awb-spacing-right-small:1.92%;--awb-spacing-left-small:1.92%;\"><div class=\"fusion-column-wrapper fusion-column-has-shadow fusion-flex-justify-content-flex-start fusion-content-layout-column\"><div class=\"fusion-text fusion-text-1\"><p>El recocido elimina las tensiones y deformaciones de un metal que pueden producirse durante los procesos de trabajo, evitando que la pieza se deforme o agriete durante su vida \u00fatil. La fiabilidad y repetibilidad del proceso son las dos grandes razones para utilizar el recocido por inducci\u00f3n para aliviar la tensi\u00f3n de una pieza met\u00e1lica y eliminar impurezas.<\/p>\n<\/div><\/div><\/div><div class=\"fusion-layout-column fusion_builder_column fusion-builder-column-1 fusion_builder_column_1_1 1_1 fusion-flex-column\" style=\"--awb-bg-size:cover;--awb-width-large:100%;--awb-margin-top-large:0px;--awb-spacing-right-large:1.92%;--awb-margin-bottom-large:20px;--awb-spacing-left-large:1.92%;--awb-width-medium:100%;--awb-order-medium:0;--awb-spacing-right-medium:1.92%;--awb-spacing-left-medium:1.92%;--awb-width-small:100%;--awb-order-small:0;--awb-spacing-right-small:1.92%;--awb-spacing-left-small:1.92%;\"><div class=\"fusion-column-wrapper fusion-column-has-shadow fusion-flex-justify-content-flex-start fusion-content-layout-column\"><div class=\"fusion-text fusion-text-2\"><h2>El proceso de recocido por inducci\u00f3n<\/h2>\n<p>El proceso de recocido consta de tres etapas.<\/p>\n<ol>\n<li>La fase de recuperaci\u00f3n<\/li>\n<li>Etapa de recristalizaci\u00f3n<\/li>\n<li>Fase de crecimiento del grano<\/li>\n<\/ol>\n<p>En la etapa de recuperaci\u00f3n, el material se calienta a temperatura, recuperando la dureza intr\u00ednseca del material. A continuaci\u00f3n, en la etapa de recristalizaci\u00f3n, la temperatura se mantiene el tiempo suficiente para permitir la formaci\u00f3n de nuevos granos. Por \u00faltimo, en la fase de crecimiento del grano, el material se enfr\u00eda lentamente para dar tiempo a que se formen nuevos granos. La velocidad a la que se deja enfriar el material determina la rapidez con la que crecen los granos.<\/p>\n<p>El recocido por inducci\u00f3n suele realizarse sin atm\u00f3sfera controlada porque el calor por inducci\u00f3n suele requerir s\u00f3lo unos segundos, y el recocido de una pieza se realiza antes de que pueda formarse el \u00f3xido.<\/p>\n<\/div><\/div><\/div><div class=\"fusion-layout-column fusion_builder_column fusion-builder-column-2 fusion_builder_column_1_1 1_1 fusion-flex-column\" style=\"--awb-bg-size:cover;--awb-width-large:100%;--awb-margin-top-large:0px;--awb-spacing-right-large:1.92%;--awb-margin-bottom-large:20px;--awb-spacing-left-large:1.92%;--awb-width-medium:100%;--awb-order-medium:0;--awb-spacing-right-medium:1.92%;--awb-spacing-left-medium:1.92%;--awb-width-small:100%;--awb-order-small:0;--awb-spacing-right-small:1.92%;--awb-spacing-left-small:1.92%;\"><div class=\"fusion-column-wrapper fusion-column-has-shadow fusion-flex-justify-content-flex-start fusion-content-layout-column\"><div class=\"fusion-text fusion-text-3\"><h2>Uso en la industria<\/h2>\n<p>El recocido por inducci\u00f3n puede utilizarse para controlar las propiedades materiales de los metales en distintos escenarios de fabricaci\u00f3n. El proceso de recocido por inducci\u00f3n permite un control preciso y fiable de las propiedades materiales de los metales en el interior de una pieza, incluidas la <a href=\"https:\/\/www.focoinduction.com\/what-is-the-hardness-of-the-induction-hardened-steel-parts\/\" target=\"_blank\" rel=\"noopener\">dureza<\/a>, la rigidez y la tensi\u00f3n en el interior. A diferencia de los m\u00e9todos convencionales, el recocido por inducci\u00f3n produce calor directamente en el interior de una pieza mediante campos electromagn\u00e9ticos alternos.<\/p>\n<p>Puede utilizar la inducci\u00f3n para recocer r\u00e1pidamente piezas en una l\u00ednea continua en movimiento. Puede realizarse en piezas individuales, como carcasas, o en l\u00ednea con la fresadora para dibujar alambres o tubos. La eliminaci\u00f3n de un cuello de botella causado por los hornos de la l\u00ednea de fabricaci\u00f3n permite a los fabricantes una mayor flexibilidad a la hora de controlar la velocidad de sus l\u00edneas y reducir los tiempos muertos en otras fases del proceso.<\/p>\n<p>La industria del alambre y el cable suele utilizar dispositivos de recocido por inducci\u00f3n para recocido de alambre entre y despu\u00e9s de la etapa de recocido para mejorar la maleabilidad y la conductividad el\u00e9ctrica.<\/p>\n<p>Se encuentra como en casa en las modernas l\u00edneas de bobinado y enrollado de alta velocidad. La fabricaci\u00f3n de tubos suele requerir el recocido en el momento o despu\u00e9s del conformado o pintado. Tanto los <a href=\"https:\/\/www.focoinduction.com\/what-are-the-benefits-of-induction-annealing-of-steel-pipe-welds\/\" target=\"_blank\" rel=\"noopener\">tubos con costura como los tubos sin costura pueden necesitar recocido<\/a> para garantizar que los productos tengan las propiedades uniformes y met\u00e1licas deseadas.<\/p>\n<\/div><div class=\"fusion-text fusion-text-4\"><p><a href=\"https:\/\/www.focoinduction.com\/es\/recocido-por-induccion\/\" target=\"_blank\" rel=\"noopener\"><em>Vea nuestros proyectos de recocido por inducci\u00f3n.<\/em><\/a><\/p>\n<\/div><\/div><\/div><div class=\"fusion-layout-column fusion_builder_column fusion-builder-column-3 fusion_builder_column_1_1 1_1 fusion-flex-column\" style=\"--awb-bg-size:cover;--awb-width-large:100%;--awb-margin-top-large:0px;--awb-spacing-right-large:1.92%;--awb-margin-bottom-large:20px;--awb-spacing-left-large:1.92%;--awb-width-medium:100%;--awb-order-medium:0;--awb-spacing-right-medium:1.92%;--awb-spacing-left-medium:1.92%;--awb-width-small:100%;--awb-order-small:0;--awb-spacing-right-small:1.92%;--awb-spacing-left-small:1.92%;\"><div class=\"fusion-column-wrapper fusion-column-has-shadow fusion-flex-justify-content-flex-start fusion-content-layout-column\"><div class=\"fusion-text fusion-text-5\"><h2>Ventajas del recocido por inducci\u00f3n<\/h2>\n<p>Aunque se utiliza principalmente para el recocido con materiales m\u00e1s blandos y que alivian tensiones, la inducci\u00f3n ofrece excelentes <a href=\"https:\/\/www.focoinduction.com\/what-are-the-benefits-of-induction-annealing\/\" target=\"_blank\" rel=\"noopener\">ventajas<\/a> sobre los m\u00e9todos convencionales.<\/p>\n<p>El calentamiento por inducci\u00f3n consume menos energ\u00eda que las t\u00e9cnicas de calentamiento a base de llama y horno. Sin embargo, produce temperaturas controladas con precisi\u00f3n y puede variar el calor con exactitud en toda la longitud de la carcasa.<\/p>\n<p>El calentamiento por inducci\u00f3n garantiza un recocido de calidad en todos los casos, reduciendo las variaciones y los da\u00f1os habituales en los procesos de recocido en masa.<\/p>\n<\/div><\/div><\/div><\/div><\/div>\n","protected":false},"excerpt":{"rendered":"","protected":false},"author":1,"featured_media":3902,"parent":6614,"menu_order":0,"comment_status":"closed","ping_status":"closed","template":"","meta":{"footnotes":""},"class_list":["post-6670","page","type-page","status-publish","has-post-thumbnail","hentry"],"_links":{"self":[{"href":"https:\/\/www.focoinduction.com\/es\/wp-json\/wp\/v2\/pages\/6670","targetHints":{"allow":["GET"]}}],"collection":[{"href":"https:\/\/www.focoinduction.com\/es\/wp-json\/wp\/v2\/pages"}],"about":[{"href":"https:\/\/www.focoinduction.com\/es\/wp-json\/wp\/v2\/types\/page"}],"author":[{"embeddable":true,"href":"https:\/\/www.focoinduction.com\/es\/wp-json\/wp\/v2\/users\/1"}],"replies":[{"embeddable":true,"href":"https:\/\/www.focoinduction.com\/es\/wp-json\/wp\/v2\/comments?post=6670"}],"version-history":[{"count":0,"href":"https:\/\/www.focoinduction.com\/es\/wp-json\/wp\/v2\/pages\/6670\/revisions"}],"up":[{"embeddable":true,"href":"https:\/\/www.focoinduction.com\/es\/wp-json\/wp\/v2\/pages\/6614"}],"wp:featuredmedia":[{"embeddable":true,"href":"https:\/\/www.focoinduction.com\/es\/wp-json\/wp\/v2\/media\/3902"}],"wp:attachment":[{"href":"https:\/\/www.focoinduction.com\/es\/wp-json\/wp\/v2\/media?parent=6670"}],"curies":[{"name":"wp","href":"https:\/\/api.w.org\/{rel}","templated":true}]}}