{"id":6726,"date":"2022-08-29T11:08:56","date_gmt":"2022-08-29T03:08:56","guid":{"rendered":"https:\/\/www.focoinduction.com\/aplicaciones\/endurecimiento-por-induccion\/endurecimiento-por-induccion-de-bujes-de-acero\/"},"modified":"2023-05-16T09:28:54","modified_gmt":"2023-05-16T01:28:54","slug":"endurecimiento-por-induccion-de-bujes-de-acero","status":"publish","type":"page","link":"https:\/\/www.focoinduction.com\/es\/aplicaciones\/endurecimiento-por-induccion\/endurecimiento-por-induccion-de-bujes-de-acero\/","title":{"rendered":"Endurecimiento por inducci\u00f3n de bujes de acero"},"content":{"rendered":"<p><div class=\"fusion-fullwidth fullwidth-box fusion-builder-row-1 fusion-flex-container has-pattern-background has-mask-background nonhundred-percent-fullwidth non-hundred-percent-height-scrolling\" style=\"--awb-border-sizes-bottom:1px;--awb-border-radius-top-left:0px;--awb-border-radius-top-right:0px;--awb-border-radius-bottom-right:0px;--awb-border-radius-bottom-left:0px;--awb-flex-wrap:wrap;\" ><div class=\"fusion-builder-row fusion-row fusion-flex-align-items-flex-start fusion-flex-content-wrap\" style=\"max-width:1248px;margin-left: calc(-4% \/ 2 );margin-right: calc(-4% \/ 2 );\"><div class=\"fusion-layout-column fusion_builder_column fusion-builder-column-0 fusion_builder_column_1_1 1_1 fusion-flex-column\" style=\"--awb-bg-size:cover;--awb-width-large:100%;--awb-margin-top-large:0px;--awb-spacing-right-large:1.92%;--awb-margin-bottom-large:20px;--awb-spacing-left-large:1.92%;--awb-width-medium:100%;--awb-order-medium:0;--awb-spacing-right-medium:1.92%;--awb-spacing-left-medium:1.92%;--awb-width-small:100%;--awb-order-small:0;--awb-spacing-right-small:1.92%;--awb-spacing-left-small:1.92%;\"><div class=\"fusion-column-wrapper fusion-column-has-shadow fusion-flex-justify-content-flex-start fusion-content-layout-column\"><div class=\"fusion-text fusion-text-1\"><p>Un gran fabricante de piezas de autom\u00f3vil quer\u00eda endurecer por inducci\u00f3n la pared interior de los casquillos de acero. Nuestros ingenieros dise\u00f1an m\u00e1quinas semiautom\u00e1ticas de temple por inducci\u00f3n para los clientes, que est\u00e1n equipadas con cuatro posiciones para las piezas de trabajo y pueden completar el temple de un casquillo en 20 segundos.<\/p>\n<p>Los casquillos de acero son una parte importante de la mayor\u00eda de los equipos mec\u00e1nicos. Deben tener una gran dureza, resistencia a la fatiga y resistencia al desgaste. El endurecimiento por inducci\u00f3n puede aumentar considerablemente la dureza y la resistencia al desgaste del casquillo y prolongar su vida \u00fatil.<\/p>\n<p><strong>Indicadores t\u00e9cnicos de endurecimiento de casquillos de acero:<\/strong><\/p>\n<ul>\n<li>Material del casquillo: acero dulce<\/li>\n<li>Profundidad de endurecimiento: 1-3 mm<\/li>\n<li>Dureza: 50HRC-55HRC<\/li>\n<li>Velocidad de producci\u00f3n: 180 piezas por hora<\/li>\n<\/ul>\n<\/div><\/div><\/div><div class=\"fusion-layout-column fusion_builder_column fusion-builder-column-1 fusion_builder_column_1_1 1_1 fusion-flex-column\" style=\"--awb-bg-size:cover;--awb-width-large:100%;--awb-margin-top-large:0px;--awb-spacing-right-large:1.92%;--awb-margin-bottom-large:20px;--awb-spacing-left-large:1.92%;--awb-width-medium:100%;--awb-order-medium:0;--awb-spacing-right-medium:1.92%;--awb-spacing-left-medium:1.92%;--awb-width-small:100%;--awb-order-small:0;--awb-spacing-right-small:1.92%;--awb-spacing-left-small:1.92%;\"><div class=\"fusion-column-wrapper fusion-column-has-shadow fusion-flex-justify-content-flex-start fusion-content-layout-column\"><div class=\"fusion-text fusion-text-2\"><p><strong>Equipamiento<\/strong><\/p>\n<p><span style=\"color: #0000ff;\"><a style=\"color: #0000ff;\" href=\"https:\/\/www.focoinduction.com\/es\/productos\/maquinas-de-temple-por-induccion\/maquina-automatica-de-temple-por-induccion\/\" target=\"_blank\" rel=\"noopener\">M\u00e1quina de temple por inducci\u00f3n personalizada<\/a><\/span><\/p>\n<p>Las m\u00e1quinas de temple por inducci\u00f3n FOCO est\u00e1n especialmente dise\u00f1adas para las piezas de trabajo \u00fanicas de nuestros clientes. Est\u00e1n equipadas con una <a href=\"https:\/\/www.focoinduction.com\/es\/productos\/maquinas-de-calentamiento-por-induccion\/maquina-de-calentamiento-por-induccion-de-alta-frecuencia\/\" target=\"_blank\" rel=\"noopener\">fuente de alimentaci\u00f3n de calentamiento por inducci\u00f3n de alta frecuencia<\/a>, una plataforma giratoria de 4 estaciones y un sistema independiente de refrigeraci\u00f3n por agua.<\/p>\n<p>Hemos reservado una interfaz de instalaci\u00f3n robotizada para este equipo de endurecimiento por inducci\u00f3n, que puede utilizar un brazo robotizado para realizar la alimentaci\u00f3n autom\u00e1tica.<\/p>\n<\/div><\/div><\/div><div class=\"fusion-layout-column fusion_builder_column fusion-builder-column-2 fusion_builder_column_1_1 1_1 fusion-flex-column\" style=\"--awb-bg-size:cover;--awb-width-large:100%;--awb-margin-top-large:0px;--awb-spacing-right-large:1.92%;--awb-margin-bottom-large:20px;--awb-spacing-left-large:1.92%;--awb-width-medium:100%;--awb-order-medium:0;--awb-spacing-right-medium:1.92%;--awb-spacing-left-medium:1.92%;--awb-width-small:100%;--awb-order-small:0;--awb-spacing-right-small:1.92%;--awb-spacing-left-small:1.92%;\"><div class=\"fusion-column-wrapper fusion-column-has-shadow fusion-flex-justify-content-flex-start fusion-content-layout-column\"><div class=\"fusion-text fusion-text-3\"><p><strong>Beneficios<\/strong><\/p>\n<ul>\n<li>El temple por inducci\u00f3n tiene un tiempo de calentamiento corto y una menor oxidaci\u00f3n y descarburaci\u00f3n de la superficie de la pieza.<\/li>\n<li>El endurecimiento por inducci\u00f3n puede endurecer la superficie del casquillo y controlar con precisi\u00f3n la profundidad de la capa endurecida.<\/li>\n<li>El sistema de endurecimiento por inducci\u00f3n adopta un control PLC programable, que es f\u00e1cil de automatizar.<\/li>\n<li>Los resultados de calentamiento repetibles y constantes garantizan la calidad de endurecimiento del casquillo.<\/li>\n<\/ul>\n<p>El calentamiento por inducci\u00f3n es un m\u00e9todo r\u00e1pido y controlado de endurecimiento de superficies met\u00e1licas. FOCO puede suministrar <span style=\"color: #0000ff;\"><br \/>\n  <a style=\"color: #0000ff;\" href=\"https:\/\/www.focoinduction.com\/es\/productos\/maquinas-de-temple-por-induccion\/\" target=\"_blank\" rel=\"noopener\">equipos de temple por inducci\u00f3n<\/a><br \/>\n<\/span> para sus manguitos de ejes, engranajes, ejes largos y otras piezas de equipos mec\u00e1nicos.<\/p>\n<p>M\u00e1s informaci\u00f3n sobre <span style=\"color: #0000ff;\"><br \/>\n  <a style=\"color: #0000ff;\" href=\"https:\/\/www.focoinduction.com\/es\/aplicaciones\/endurecimiento-por-induccion\/\" target=\"_blank\" rel=\"noopener\">aplicaciones del temple por inducci\u00f3n<\/a><br \/>\n<\/span>.<\/p>\n<\/div><\/div><\/div><\/div><\/div><div class=\"fusion-fullwidth fullwidth-box fusion-builder-row-2 fusion-flex-container nonhundred-percent-fullwidth non-hundred-percent-height-scrolling\" style=\"--awb-border-sizes-bottom:1px;--awb-border-radius-top-left:0px;--awb-border-radius-top-right:0px;--awb-border-radius-bottom-right:0px;--awb-border-radius-bottom-left:0px;--awb-flex-wrap:wrap;\" ><div class=\"fusion-builder-row fusion-row fusion-flex-align-items-flex-start fusion-flex-content-wrap\" style=\"max-width:1248px;margin-left: calc(-4% \/ 2 );margin-right: calc(-4% \/ 2 );\"><div class=\"fusion-layout-column fusion_builder_column fusion-builder-column-3 fusion_builder_column_1_1 1_1 fusion-flex-column\" style=\"--awb-bg-size:cover;--awb-width-large:100%;--awb-margin-top-large:0px;--awb-spacing-right-large:1.92%;--awb-margin-bottom-large:20px;--awb-spacing-left-large:1.92%;--awb-width-medium:100%;--awb-order-medium:0;--awb-spacing-right-medium:1.92%;--awb-spacing-left-medium:1.92%;--awb-width-small:100%;--awb-order-small:0;--awb-spacing-right-small:1.92%;--awb-spacing-left-small:1.92%;\"><div class=\"fusion-column-wrapper fusion-column-has-shadow fusion-flex-justify-content-flex-start fusion-content-layout-column\"><div class=\"fusion-text fusion-text-4\" style=\"--awb-text-transform:none;\"><h3>V\u00eddeos de casquillos templados por inducci\u00f3n<\/h3>\n<\/div><\/div><\/div><div class=\"fusion-layout-column fusion_builder_column fusion-builder-column-4 fusion_builder_column_1_1 1_1 fusion-flex-column\" style=\"--awb-bg-size:cover;--awb-width-large:100%;--awb-margin-top-large:0px;--awb-spacing-right-large:1.92%;--awb-margin-bottom-large:20px;--awb-spacing-left-large:1.92%;--awb-width-medium:100%;--awb-order-medium:0;--awb-spacing-right-medium:1.92%;--awb-spacing-left-medium:1.92%;--awb-width-small:100%;--awb-order-small:0;--awb-spacing-right-small:1.92%;--awb-spacing-left-small:1.92%;\"><div class=\"fusion-column-wrapper fusion-column-has-shadow fusion-flex-justify-content-flex-start fusion-content-layout-column\"><div class=\"fusion-video fusion-youtube\" style=\"--awb-max-width:600px;--awb-max-height:360px;\"><div class=\"video-shortcode\"><lite-youtube videoid=\"Sk7b8VocIi8\" class=\"landscape\" params=\"wmode=transparent&autoplay=1&amp;enablejsapi=1\" title=\"Induction Hardening of Steel Bushing\" data-button-label=\"Play Video\" width=\"600\" height=\"360\" data-thumbnail-size=\"auto\" data-no-cookie=\"on\"><\/lite-youtube><\/div><\/div><\/div><\/div><\/div><\/div><\/p>\n","protected":false},"excerpt":{"rendered":"","protected":false},"author":1,"featured_media":4166,"parent":5980,"menu_order":0,"comment_status":"closed","ping_status":"closed","template":"","meta":{"footnotes":""},"class_list":["post-6726","page","type-page","status-publish","has-post-thumbnail","hentry"],"_links":{"self":[{"href":"https:\/\/www.focoinduction.com\/es\/wp-json\/wp\/v2\/pages\/6726","targetHints":{"allow":["GET"]}}],"collection":[{"href":"https:\/\/www.focoinduction.com\/es\/wp-json\/wp\/v2\/pages"}],"about":[{"href":"https:\/\/www.focoinduction.com\/es\/wp-json\/wp\/v2\/types\/page"}],"author":[{"embeddable":true,"href":"https:\/\/www.focoinduction.com\/es\/wp-json\/wp\/v2\/users\/1"}],"replies":[{"embeddable":true,"href":"https:\/\/www.focoinduction.com\/es\/wp-json\/wp\/v2\/comments?post=6726"}],"version-history":[{"count":0,"href":"https:\/\/www.focoinduction.com\/es\/wp-json\/wp\/v2\/pages\/6726\/revisions"}],"up":[{"embeddable":true,"href":"https:\/\/www.focoinduction.com\/es\/wp-json\/wp\/v2\/pages\/5980"}],"wp:featuredmedia":[{"embeddable":true,"href":"https:\/\/www.focoinduction.com\/es\/wp-json\/wp\/v2\/media\/4166"}],"wp:attachment":[{"href":"https:\/\/www.focoinduction.com\/es\/wp-json\/wp\/v2\/media?parent=6726"}],"curies":[{"name":"wp","href":"https:\/\/api.w.org\/{rel}","templated":true}]}}