{"id":6794,"date":"2022-08-15T16:39:48","date_gmt":"2022-08-15T08:39:48","guid":{"rendered":"https:\/\/www.focoinduction.com\/forja-por-induccion\/barra-de-hierro-para-forja-calentada-por-induccion\/"},"modified":"2023-05-16T09:28:55","modified_gmt":"2023-05-16T01:28:55","slug":"barra-de-hierro-para-forja-calentada-por-induccion","status":"publish","type":"page","link":"https:\/\/www.focoinduction.com\/es\/aplicaciones\/forja-por-induccion\/barra-de-hierro-para-forja-calentada-por-induccion\/","title":{"rendered":"Barra de hierro para forja calentada por inducci\u00f3n"},"content":{"rendered":"<p><div class=\"fusion-fullwidth fullwidth-box fusion-builder-row-1 fusion-flex-container nonhundred-percent-fullwidth non-hundred-percent-height-scrolling\" style=\"--awb-border-sizes-bottom:1px;--awb-border-radius-top-left:0px;--awb-border-radius-top-right:0px;--awb-border-radius-bottom-right:0px;--awb-border-radius-bottom-left:0px;--awb-flex-wrap:wrap;\" ><div class=\"fusion-builder-row fusion-row fusion-flex-align-items-flex-start fusion-flex-content-wrap\" style=\"max-width:1248px;margin-left: calc(-4% \/ 2 );margin-right: calc(-4% \/ 2 );\"><div class=\"fusion-layout-column fusion_builder_column fusion-builder-column-0 fusion_builder_column_1_1 1_1 fusion-flex-column\" style=\"--awb-bg-size:cover;--awb-width-large:100%;--awb-margin-top-large:0px;--awb-spacing-right-large:1.92%;--awb-margin-bottom-large:20px;--awb-spacing-left-large:1.92%;--awb-width-medium:100%;--awb-order-medium:0;--awb-spacing-right-medium:1.92%;--awb-spacing-left-medium:1.92%;--awb-width-small:100%;--awb-order-small:0;--awb-spacing-right-small:1.92%;--awb-spacing-left-small:1.92%;\"><div class=\"fusion-column-wrapper fusion-column-has-shadow fusion-flex-justify-content-flex-start fusion-content-layout-column\"><div class=\"fusion-text fusion-text-1\"><h2>Calentamiento por inducci\u00f3n Barra de hierro Aplicaci\u00f3n<\/h2>\n<p>El calentamiento por inducci\u00f3n de la barra de hierro es un m\u00e9todo eficaz y que ahorra energ\u00eda para precalentarla antes de forjarla. De acuerdo con los requisitos de forja de las barras de hierro, nuestros ingenieros calientan barras de hierro con un di\u00e1metro de 25 mm y una longitud de 150 mm en el laboratorio de inducci\u00f3n FOCO. Seg\u00fan los resultados experimentales, la barra de hierro se calent\u00f3 a unos 900 \u00b0C en 5 segundos.<\/p>\n<p><strong>Equipamiento\uff1a<\/strong><\/p>\n<p>160 kW MF <span style=\"color: #0000ff;\"><br \/>\n  <a style=\"color: #0000ff;\" href=\"https:\/\/www.focoinduction.com\/es\/productos\/maquinas-de-calentamiento-por-induccion\/maquina-de-calentamiento-por-induccion-de-media-frecuencia\/\" target=\"_blank\" rel=\"noopener\">m\u00e1quina de calentamiento por inducci\u00f3n<\/a><br \/>\n<\/span> y term\u00f3metro de infrarrojos.<\/p>\n<p>La m\u00e1quina de calentamiento por inducci\u00f3n de frecuencia media tiene una gran profundidad de calentamiento y se utiliza a menudo para calentar barras de hierro, barras de acero, palanquillas, etc. Para calentar y precalentar las barras antes de forjarlas, hemos dise\u00f1ado un <span style=\"color: #0000ff;\"><br \/>\n  <a style=\"color: #0000ff;\" href=\"https:\/\/www.focoinduction.com\/es\/productos\/sistema-de-calentamiento-por-induccion-para-forja\/\" target=\"_blank\" rel=\"noopener\">sistema de calentamiento por inducci\u00f3n<\/a><br \/>\n<\/span>.<\/p>\n<p><strong>Proceso de calentamiento\uff1a<\/strong><\/p>\n<ol>\n<li>Inserte las barras de hierro en la bobina de inducci\u00f3n en secuencia.<\/li>\n<li>Cada una de las barras de hierro se calienta a 900 \u00b0C durante 5 segundos.<\/li>\n<li>Las barras de hierro se retiran de la bobina de inducci\u00f3n.<\/li>\n<\/ol>\n<p><strong>Beneficios\uff1a<\/strong><\/p>\n<p>El calentamiento por inducci\u00f3n es un m\u00e9todo r\u00e1pido y seguro de calentar barras de hierro. En comparaci\u00f3n con el calentamiento por llama o por horno de resistencia, es m\u00e1s eficiente desde el punto de vista energ\u00e9tico y m\u00e1s seguro de realizar. Tambi\u00e9n puede preprogramarse para integrar m\u00e1quinas de calentamiento por inducci\u00f3n en su l\u00ednea de producci\u00f3n para una producci\u00f3n automatizada. Ajustando el tiempo y la temperatura de calentamiento, el calentamiento por inducci\u00f3n puede garantizar resultados uniformes.<\/p>\n<p>M\u00e1s informaci\u00f3n sobre <span style=\"color: #0000ff;\"><br \/>\n  <a style=\"color: #0000ff;\" href=\"https:\/\/www.focoinduction.com\/es\/forja-por-induccion\/\" target=\"_blank\" rel=\"noopener\">calentamiento por inducci\u00f3n y aplicaciones de forja<\/a><br \/>\n<\/span>.<\/p>\n<p>Consulte los sistemas de calentamiento por inducci\u00f3n personalizados y <span style=\"color: #0000ff;\"><br \/>\n  <a style=\"color: #0000ff;\" href=\"https:\/\/www.focoinduction.com\/es\/contacte-con\/\" target=\"_blank\" rel=\"noopener\">obtener un presupuesto<\/a><br \/>\n<\/span>.<\/p>\n<\/div><\/div><\/div><\/div><\/div><div class=\"fusion-fullwidth fullwidth-box fusion-builder-row-2 fusion-flex-container nonhundred-percent-fullwidth non-hundred-percent-height-scrolling\" style=\"--awb-border-sizes-bottom:1px;--awb-border-radius-top-left:0px;--awb-border-radius-top-right:0px;--awb-border-radius-bottom-right:0px;--awb-border-radius-bottom-left:0px;--awb-flex-wrap:wrap;\" ><div class=\"fusion-builder-row fusion-row fusion-flex-align-items-flex-start fusion-flex-content-wrap\" style=\"max-width:1248px;margin-left: calc(-4% \/ 2 );margin-right: calc(-4% \/ 2 );\"><div class=\"fusion-layout-column fusion_builder_column fusion-builder-column-1 fusion_builder_column_1_1 1_1 fusion-flex-column\" style=\"--awb-bg-size:cover;--awb-width-large:100%;--awb-margin-top-large:0px;--awb-spacing-right-large:1.92%;--awb-margin-bottom-large:20px;--awb-spacing-left-large:1.92%;--awb-width-medium:100%;--awb-order-medium:0;--awb-spacing-right-medium:1.92%;--awb-spacing-left-medium:1.92%;--awb-width-small:100%;--awb-order-small:0;--awb-spacing-right-small:1.92%;--awb-spacing-left-small:1.92%;\"><div class=\"fusion-column-wrapper fusion-column-has-shadow fusion-flex-justify-content-flex-start fusion-content-layout-column\"><div class=\"fusion-text fusion-text-2\" style=\"--awb-text-transform:none;\"><h3>V\u00eddeos sobre el calentamiento por inducci\u00f3n<\/h3>\n<\/div><\/div><\/div><div class=\"fusion-layout-column fusion_builder_column fusion-builder-column-2 fusion_builder_column_1_1 1_1 fusion-flex-column\" style=\"--awb-bg-size:cover;--awb-width-large:100%;--awb-margin-top-large:0px;--awb-spacing-right-large:1.92%;--awb-margin-bottom-large:20px;--awb-spacing-left-large:1.92%;--awb-width-medium:100%;--awb-order-medium:0;--awb-spacing-right-medium:1.92%;--awb-spacing-left-medium:1.92%;--awb-width-small:100%;--awb-order-small:0;--awb-spacing-right-small:1.92%;--awb-spacing-left-small:1.92%;\"><div class=\"fusion-column-wrapper fusion-column-has-shadow fusion-flex-justify-content-flex-start fusion-content-layout-column\"><div class=\"fusion-video fusion-youtube\" style=\"--awb-max-width:600px;--awb-max-height:360px;\"><div class=\"video-shortcode\"><lite-youtube videoid=\"nyaixAMaFJQ\" class=\"landscape\" params=\"wmode=transparent&autoplay=1&amp;enablejsapi=1\" title=\"Induction Heating Iron Bar for Forging\" data-button-label=\"Play Video\" width=\"600\" height=\"360\" data-thumbnail-size=\"auto\" data-no-cookie=\"on\"><\/lite-youtube><\/div><\/div><\/div><\/div><\/div><\/div><\/p>\n","protected":false},"excerpt":{"rendered":"","protected":false},"author":1,"featured_media":4074,"parent":5715,"menu_order":0,"comment_status":"closed","ping_status":"closed","template":"","meta":{"footnotes":""},"class_list":["post-6794","page","type-page","status-publish","has-post-thumbnail","hentry"],"_links":{"self":[{"href":"https:\/\/www.focoinduction.com\/es\/wp-json\/wp\/v2\/pages\/6794","targetHints":{"allow":["GET"]}}],"collection":[{"href":"https:\/\/www.focoinduction.com\/es\/wp-json\/wp\/v2\/pages"}],"about":[{"href":"https:\/\/www.focoinduction.com\/es\/wp-json\/wp\/v2\/types\/page"}],"author":[{"embeddable":true,"href":"https:\/\/www.focoinduction.com\/es\/wp-json\/wp\/v2\/users\/1"}],"replies":[{"embeddable":true,"href":"https:\/\/www.focoinduction.com\/es\/wp-json\/wp\/v2\/comments?post=6794"}],"version-history":[{"count":0,"href":"https:\/\/www.focoinduction.com\/es\/wp-json\/wp\/v2\/pages\/6794\/revisions"}],"up":[{"embeddable":true,"href":"https:\/\/www.focoinduction.com\/es\/wp-json\/wp\/v2\/pages\/5715"}],"wp:featuredmedia":[{"embeddable":true,"href":"https:\/\/www.focoinduction.com\/es\/wp-json\/wp\/v2\/media\/4074"}],"wp:attachment":[{"href":"https:\/\/www.focoinduction.com\/es\/wp-json\/wp\/v2\/media?parent=6794"}],"curies":[{"name":"wp","href":"https:\/\/api.w.org\/{rel}","templated":true}]}}