{"id":8660,"date":"2024-12-27T16:10:15","date_gmt":"2024-12-27T08:10:15","guid":{"rendered":"https:\/\/www.focoinduction.com\/aplicaciones\/soldadura-por-induccion\/soldadura-de-placas-de-cobre-por-induccion\/"},"modified":"2024-12-27T16:18:43","modified_gmt":"2024-12-27T08:18:43","slug":"soldadura-de-placas-de-cobre-por-induccion","status":"publish","type":"page","link":"https:\/\/www.focoinduction.com\/es\/aplicaciones\/soldadura-por-induccion\/soldadura-de-placas-de-cobre-por-induccion\/","title":{"rendered":"Soldadura de placas de cobre por inducci\u00f3n"},"content":{"rendered":"<p><div class=\"fusion-fullwidth fullwidth-box fusion-builder-row-1 fusion-flex-container has-pattern-background has-mask-background nonhundred-percent-fullwidth non-hundred-percent-height-scrolling\" style=\"--awb-border-sizes-bottom:1px;--awb-border-radius-top-left:0px;--awb-border-radius-top-right:0px;--awb-border-radius-bottom-right:0px;--awb-border-radius-bottom-left:0px;--awb-flex-wrap:wrap;\" ><div class=\"fusion-builder-row fusion-row fusion-flex-align-items-flex-start fusion-flex-content-wrap\" style=\"max-width:1248px;margin-left: calc(-4% \/ 2 );margin-right: calc(-4% \/ 2 );\"><div class=\"fusion-layout-column fusion_builder_column fusion-builder-column-0 fusion_builder_column_1_1 1_1 fusion-flex-column\" style=\"--awb-bg-size:cover;--awb-width-large:100%;--awb-margin-top-large:0px;--awb-spacing-right-large:1.92%;--awb-margin-bottom-large:20px;--awb-spacing-left-large:1.92%;--awb-width-medium:100%;--awb-order-medium:0;--awb-spacing-right-medium:1.92%;--awb-spacing-left-medium:1.92%;--awb-width-small:100%;--awb-order-small:0;--awb-spacing-right-small:1.92%;--awb-spacing-left-small:1.92%;\"><div class=\"fusion-column-wrapper fusion-column-has-shadow fusion-flex-justify-content-flex-start fusion-content-layout-column\"><div class=\"fusion-text fusion-text-1\"><h2>Soldadura de placas de cobre de motor con una m\u00e1quina port\u00e1til de calentamiento por inducci\u00f3n<\/h2>\n<p>Nuestra m\u00e1quina port\u00e1til de soldadura por inducci\u00f3n es muy adecuada para soldar placas de cobre y extremos de mazos de cables de cobre. Gracias al r\u00e1pido y eficaz calentamiento por inducci\u00f3n, reduce la oxidaci\u00f3n de la superficie de cobre y proporciona una mayor calidad de soldadura,<\/p>\n<p>La soldadura de plata de placas de cobre es un proceso importante en la fabricaci\u00f3n de motores el\u00e9ctricos. Las placas de cobre pueden tener diferentes grosores y anchuras, y a menudo es necesario soldar dos o m\u00e1s conductores de cobre entre s\u00ed. <a href=\"https:\/\/www.focoinduction.com\/es\/servicios-de-calefaccion-por-induccion\/bobina-de-calentamiento-por-induccion-a-medida\/\"><span style=\"color: #0000ff;\">bobinas de inducci\u00f3n<\/span><\/a> o bobinas de inducci\u00f3n abiertas en forma de U.<\/p>\n<p>En este proyecto de soldadura fuerte de placas de cobre, utilizamos 8 placas de cobre de 12\u00d74 mm y 50 mm de longitud. La soldadura se extiende hasta una profundidad de unos 20 mm.<br \/>\nM\u00e1quina de soldar utilizada: <span style=\"color: #0000ff;\"><a style=\"color: #0000ff;\" href=\"https:\/\/www.focoinduction.com\/es\/productos\/maquinas-de-soldadura-por-induccion\/maquina-portatil-de-soldadura-por-induccion\/\">M\u00e1quina port\u00e1til de calentamiento por inducci\u00f3n HF-35KW<\/a><\/span><\/p>\n<p><strong>Proceso de soldadura:<\/strong><br \/>\nPon en marcha la m\u00e1quina de soldadura por inducci\u00f3n port\u00e1til de 35KW despu\u00e9s de que funcione el enfriador industrial, utiliza las bobinas personalizadas para calentar las 8 placas de cobre que ya est\u00e1n fijadas, Todo el proceso de soldadura dura unos 20 segundos.<\/p>\n<p><strong>Resultados:<\/strong><br \/>\nLa m\u00e1quina port\u00e1til de calentamiento por inducci\u00f3n de 35 kW termin\u00f3 de soldar la placa de cobre en unos 20 segundos,<\/p>\n<p>Nuestra m\u00e1quina port\u00e1til de calentamiento por inducci\u00f3n hace que el proceso de soldadura fuerte de placas de cobre y extremos de mazos de cables de motores sea mucho m\u00e1s f\u00e1cil, A petici\u00f3n del cliente, podemos proporcionar<a href=\"https:\/\/www.focoinduction.com\/es\/productos\/maquinas-de-soldadura-por-induccion\/soldadora-manual-por-induccion\/\"><span style=\"color: #0000ff;\"> m\u00e1quinas port\u00e1tiles de soldadura por inducci\u00f3n<\/span><\/a> con refrigerador industrial incorporado y sistema de control PLC.<\/p>\n<p>M\u00e1s informaci\u00f3n sobre<a href=\"https:\/\/www.focoinduction.com\/es\/aplicaciones\/soldadura-por-induccion\/\" target=\"_blank\" rel=\"noopener\"> <span style=\"color: #0000ff;\">aplicaciones de la soldadura por inducci\u00f3n<\/span><\/a>.<\/p>\n<\/div><\/div><\/div><\/div><\/div><div class=\"fusion-fullwidth fullwidth-box fusion-builder-row-2 fusion-flex-container has-pattern-background has-mask-background nonhundred-percent-fullwidth non-hundred-percent-height-scrolling\" style=\"--awb-border-radius-top-left:0px;--awb-border-radius-top-right:0px;--awb-border-radius-bottom-right:0px;--awb-border-radius-bottom-left:0px;--awb-flex-wrap:wrap;\" ><div class=\"fusion-builder-row fusion-row fusion-flex-align-items-flex-start fusion-flex-content-wrap\" style=\"max-width:1248px;margin-left: calc(-4% \/ 2 );margin-right: calc(-4% \/ 2 );\"><div class=\"fusion-layout-column fusion_builder_column fusion-builder-column-1 fusion_builder_column_1_1 1_1 fusion-flex-column\" style=\"--awb-bg-size:cover;--awb-width-large:100%;--awb-margin-top-large:0px;--awb-spacing-right-large:1.92%;--awb-margin-bottom-large:20px;--awb-spacing-left-large:1.92%;--awb-width-medium:100%;--awb-order-medium:0;--awb-spacing-right-medium:1.92%;--awb-spacing-left-medium:1.92%;--awb-width-small:100%;--awb-order-small:0;--awb-spacing-right-small:1.92%;--awb-spacing-left-small:1.92%;\"><div class=\"fusion-column-wrapper fusion-column-has-shadow fusion-flex-justify-content-flex-start fusion-content-layout-column\"><div class=\"fusion-text fusion-text-2\"><h3><strong>Video of Induction Brazing<\/strong><\/h3>\n<\/div><div class=\"fusion-video fusion-youtube\" style=\"--awb-max-width:600px;--awb-max-height:360px;\"><div class=\"video-shortcode\"><lite-youtube videoid=\"9YYBxtog73w\" class=\"landscape\" params=\"wmode=transparent&autoplay=1&amp;enablejsapi=1\" title=\"Induction Brazing Copper Plate\" data-button-label=\"Play Video\" width=\"600\" height=\"360\" data-thumbnail-size=\"auto\" data-no-cookie=\"on\"><\/lite-youtube><\/div><\/div><\/div><\/div><\/div><\/div><\/p>\n","protected":false},"excerpt":{"rendered":"","protected":false},"author":1,"featured_media":8632,"parent":5974,"menu_order":0,"comment_status":"closed","ping_status":"closed","template":"","meta":{"footnotes":""},"class_list":["post-8660","page","type-page","status-publish","has-post-thumbnail","hentry"],"_links":{"self":[{"href":"https:\/\/www.focoinduction.com\/es\/wp-json\/wp\/v2\/pages\/8660","targetHints":{"allow":["GET"]}}],"collection":[{"href":"https:\/\/www.focoinduction.com\/es\/wp-json\/wp\/v2\/pages"}],"about":[{"href":"https:\/\/www.focoinduction.com\/es\/wp-json\/wp\/v2\/types\/page"}],"author":[{"embeddable":true,"href":"https:\/\/www.focoinduction.com\/es\/wp-json\/wp\/v2\/users\/1"}],"replies":[{"embeddable":true,"href":"https:\/\/www.focoinduction.com\/es\/wp-json\/wp\/v2\/comments?post=8660"}],"version-history":[{"count":0,"href":"https:\/\/www.focoinduction.com\/es\/wp-json\/wp\/v2\/pages\/8660\/revisions"}],"up":[{"embeddable":true,"href":"https:\/\/www.focoinduction.com\/es\/wp-json\/wp\/v2\/pages\/5974"}],"wp:featuredmedia":[{"embeddable":true,"href":"https:\/\/www.focoinduction.com\/es\/wp-json\/wp\/v2\/media\/8632"}],"wp:attachment":[{"href":"https:\/\/www.focoinduction.com\/es\/wp-json\/wp\/v2\/media?parent=8660"}],"curies":[{"name":"wp","href":"https:\/\/api.w.org\/{rel}","templated":true}]}}