{"id":10117,"date":"2022-04-09T13:12:01","date_gmt":"2022-04-09T05:12:01","guid":{"rendered":"https:\/\/www.focoinduction.com\/brasage-par-induction\/brasage-par-induction-de-tubes-en-cuivre\/"},"modified":"2025-01-02T10:51:31","modified_gmt":"2025-01-02T02:51:31","slug":"brasage-par-induction-de-tubes-en-cuivre","status":"publish","type":"page","link":"https:\/\/www.focoinduction.com\/fr\/applications\/brasage-par-induction\/brasage-par-induction-de-tubes-en-cuivre\/","title":{"rendered":"Brasage par induction de tubes en cuivre"},"content":{"rendered":"<p><div class=\"fusion-fullwidth fullwidth-box fusion-builder-row-1 fusion-flex-container nonhundred-percent-fullwidth non-hundred-percent-height-scrolling\" style=\"--awb-border-radius-top-left:0px;--awb-border-radius-top-right:0px;--awb-border-radius-bottom-right:0px;--awb-border-radius-bottom-left:0px;--awb-flex-wrap:wrap;\" ><div class=\"fusion-builder-row fusion-row fusion-flex-align-items-flex-start fusion-flex-content-wrap\" style=\"max-width:1248px;margin-left: calc(-4% \/ 2 );margin-right: calc(-4% \/ 2 );\"><div class=\"fusion-layout-column fusion_builder_column fusion-builder-column-0 fusion_builder_column_1_1 1_1 fusion-flex-column\" style=\"--awb-bg-size:cover;--awb-width-large:100%;--awb-margin-top-large:0px;--awb-spacing-right-large:1.92%;--awb-margin-bottom-large:20px;--awb-spacing-left-large:1.92%;--awb-width-medium:100%;--awb-order-medium:0;--awb-spacing-right-medium:1.92%;--awb-spacing-left-medium:1.92%;--awb-width-small:100%;--awb-order-small:0;--awb-spacing-right-small:1.92%;--awb-spacing-left-small:1.92%;\"><div class=\"fusion-column-wrapper fusion-column-has-shadow fusion-flex-justify-content-flex-start fusion-content-layout-column\"><div class=\"fusion-text fusion-text-1\" style=\"--awb-text-transform:none;\"><p>L&rsquo;<a href=\"https:\/\/www.focoinduction.com\/induction-heating-equipment\/induction-brazing-machine\/\" target=\"_blank\" rel=\"noopener\">\u00e9quipement de brasage par induction<\/a> est devenu l&rsquo;\u00e9quipement de haute technologie le plus avanc\u00e9 et le plus efficace pour le brasage des tubes en cuivre. Il permet non seulement d&rsquo;automatiser le processus de brasage des tubes en cuivre, mais aussi de garantir des r\u00e9sultats constants. Nous pouvons facilement contr\u00f4ler le processus de brasage des tubes en cuivre \u00e0 l&rsquo;aide du brasage par induction. Dans le processus de brasage des tubes en cuivre et des tubes en cuivre ou des tubes en cuivre et d&rsquo;autres mat\u00e9riaux, nous pouvons contr\u00f4ler le temps n\u00e9cessaire au brasage en r\u00e9glant la puissance et la fr\u00e9quence de l&rsquo;\u00e9quipement, ce qui permet de maintenir l&rsquo;efficacit\u00e9 de la production. Contrairement au brasage \u00e0 la flamme, le brasage par induction ne chauffe que les endroits \u00e0 braser, ce qui \u00e9vite le gaspillage d&rsquo;\u00e9nergie. De plus, son processus est respectueux de l&rsquo;environnement, sans aucune \u00e9mission. Dans un processus de brasage reproductible, le brasage par induction peut \u00eatre automatis\u00e9, ce qui permet de maintenir les r\u00e9sultats du brasage \u00e0 un niveau de qualit\u00e9 optimal. <\/p>\n<p><strong>Equipement de brasage par induction de tubes en cuivre\uff1a<\/strong><\/p>\n<ul>\n<li><span style=\"color: #0000ff;\"><a style=\"color: #0000ff;\" href=\"https:\/\/www.focoinduction.com\/induction-heating-equipment\/induction-brazing-machine\/portable-induction-brazing-machine\/\" target=\"_blank\" rel=\"noopener\">Machine \u00e0 braser portative \u00e0 induction<\/a><\/span><\/li>\n<li><a href=\"https:\/\/www.focoinduction.com\/induction-heating-equipment\/induction-brazing-machine\/handheld-induction-brazing-machine\/\" target=\"_blank\" rel=\"noopener\"><span style=\"color: #0000ff;\">Machine \u00e0 braser portative \u00e0 induction<\/span><\/a> (syst\u00e8me de refroidissement par eau int\u00e9gr\u00e9)<\/li>\n<li><span style=\"color: #0000ff;\"><a style=\"color: #0000ff;\" href=\"https:\/\/www.focoinduction.com\/induction-heating-equipment\/induction-brazing-machine\/automatic-induction-brazing-machine\/\" target=\"_blank\" rel=\"noopener\">Equipement automatique de brasage par induction<\/a><\/span><\/li>\n<\/ul>\n<p>L&rsquo;\u00e9quipement de brasage par induction utilise g\u00e9n\u00e9ralement une <a href=\"https:\/\/www.focoinduction.com\/induction-heating-equipment\/induction-heating-machine\/high-frequency-induction-heating-machine\/\" target=\"_blank\" rel=\"noopener\">alimentation \u00e9lectrique de chauffage par induction \u00e0 haute fr\u00e9quence<\/a> ou \u00e0 <a href=\"https:\/\/www.focoinduction.com\/induction-heating-equipment\/induction-heating-machine\/ultra-high-frequency-induction-heating-machine\/\" target=\"_blank\" rel=\"noopener\">ultra-haute fr\u00e9quence<\/a>. Ils permettent un brasage rapide sans flamme avec des r\u00e9sultats constants. En savoir plus sur<a href=\"https:\/\/www.focoinduction.com\/fr\/brasage-par-induction\/\" target=\"_blank\" rel=\"noopener\"> <span style=\"color: #0000ff;\">les applications de brasage par induction<\/span><\/a>.<\/p>\n<\/div><\/div><\/div><\/div><\/div><div class=\"fusion-fullwidth fullwidth-box fusion-builder-row-2 fusion-flex-container nonhundred-percent-fullwidth non-hundred-percent-height-scrolling\" style=\"--awb-border-radius-top-left:0px;--awb-border-radius-top-right:0px;--awb-border-radius-bottom-right:0px;--awb-border-radius-bottom-left:0px;--awb-flex-wrap:wrap;\" ><div class=\"fusion-builder-row fusion-row fusion-flex-align-items-flex-start fusion-flex-content-wrap\" style=\"max-width:1248px;margin-left: calc(-4% \/ 2 );margin-right: calc(-4% \/ 2 );\"><div class=\"fusion-layout-column fusion_builder_column fusion-builder-column-1 fusion_builder_column_1_1 1_1 fusion-flex-column\" style=\"--awb-bg-size:cover;--awb-width-large:100%;--awb-margin-top-large:0px;--awb-spacing-right-large:1.92%;--awb-margin-bottom-large:0px;--awb-spacing-left-large:1.92%;--awb-width-medium:100%;--awb-order-medium:0;--awb-spacing-right-medium:1.92%;--awb-spacing-left-medium:1.92%;--awb-width-small:100%;--awb-order-small:0;--awb-spacing-right-small:1.92%;--awb-spacing-left-small:1.92%;\"><div class=\"fusion-column-wrapper fusion-column-has-shadow fusion-flex-justify-content-flex-start fusion-content-layout-column\"><div class=\"fusion-text fusion-text-2\" style=\"--awb-text-transform:none;\"><h2>Galerie du brasage par induction<\/h2>\n<\/div><\/div><\/div><div class=\"fusion-layout-column fusion_builder_column fusion-builder-column-2 fusion_builder_column_1_3 1_3 fusion-flex-column\" style=\"--awb-bg-size:cover;--awb-width-large:33.333333333333%;--awb-margin-top-large:0px;--awb-spacing-right-large:15px;--awb-margin-bottom-large:0px;--awb-spacing-left-large:0px;--awb-width-medium:33.333333333333%;--awb-order-medium:0;--awb-spacing-right-medium:15px;--awb-spacing-left-medium:0px;--awb-width-small:100%;--awb-order-small:0;--awb-spacing-right-small:1.92%;--awb-spacing-left-small:1.92%;\"><div class=\"fusion-column-wrapper fusion-column-has-shadow fusion-flex-justify-content-flex-start fusion-content-layout-column\"><div class=\"fusion-image-element \" style=\"text-align:center;--awb-max-width:270px;--awb-caption-title-font-family:var(--h2_typography-font-family);--awb-caption-title-font-weight:var(--h2_typography-font-weight);--awb-caption-title-font-style:var(--h2_typography-font-style);--awb-caption-title-size:var(--h2_typography-font-size);--awb-caption-title-transform:var(--h2_typography-text-transform);--awb-caption-title-line-height:var(--h2_typography-line-height);--awb-caption-title-letter-spacing:var(--h2_typography-letter-spacing);\"><span class=\" fusion-imageframe imageframe-none imageframe-1 hover-type-none\"><a href=\"https:\/\/www.focoinduction.com\/wp-content\/uploads\/2022\/04\/induction-brazing-of-heat-exchanger-copper-tube.jpg\" class=\"fusion-lightbox\" data-rel=\"iLightbox[induction brazing of heat exchanger copper tube]\" data-caption=\"induction brazing of heat exchanger copper tube\" data-title=\"induction brazing of heat exchanger copper tube\" title=\"induction brazing of heat exchanger copper tube\"><img decoding=\"async\" width=\"600\" height=\"400\" alt=\"Brasage par induction d&#039;un tube en cuivre d&#039;un \u00e9changeur de chaleur\" src=\"https:\/\/www.focoinduction.com\/wp-content\/uploads\/2022\/04\/induction-brazing-of-heat-exchanger-copper-tube.jpg\" class=\"img-responsive wp-image-14924\" srcset=\"https:\/\/www.focoinduction.com\/wp-content\/uploads\/2022\/04\/induction-brazing-of-heat-exchanger-copper-tube-200x133.jpg 200w, https:\/\/www.focoinduction.com\/wp-content\/uploads\/2022\/04\/induction-brazing-of-heat-exchanger-copper-tube-400x267.jpg 400w, https:\/\/www.focoinduction.com\/wp-content\/uploads\/2022\/04\/induction-brazing-of-heat-exchanger-copper-tube.jpg 600w\" sizes=\"(max-width: 768px) 100vw, 400px\" \/><\/a><\/span><\/div><div class=\"fusion-text fusion-text-3\" style=\"--awb-font-size:14px;--awb-text-transform:none;\"><p>Brasage par induction de tubes en cuivre pour \u00e9changeurs de chaleur<\/p>\n<\/div><\/div><\/div><div class=\"fusion-layout-column fusion_builder_column fusion-builder-column-3 fusion_builder_column_1_3 1_3 fusion-flex-column\" style=\"--awb-bg-size:cover;--awb-width-large:33.333333333333%;--awb-margin-top-large:0px;--awb-spacing-right-large:15px;--awb-margin-bottom-large:0px;--awb-spacing-left-large:0px;--awb-width-medium:33.333333333333%;--awb-order-medium:0;--awb-spacing-right-medium:15px;--awb-spacing-left-medium:0px;--awb-width-small:100%;--awb-order-small:0;--awb-spacing-right-small:1.92%;--awb-spacing-left-small:1.92%;\"><div class=\"fusion-column-wrapper fusion-column-has-shadow fusion-flex-justify-content-flex-start fusion-content-layout-column\"><div class=\"fusion-image-element \" style=\"text-align:center;--awb-max-width:270px;--awb-caption-title-font-family:var(--h2_typography-font-family);--awb-caption-title-font-weight:var(--h2_typography-font-weight);--awb-caption-title-font-style:var(--h2_typography-font-style);--awb-caption-title-size:var(--h2_typography-font-size);--awb-caption-title-transform:var(--h2_typography-text-transform);--awb-caption-title-line-height:var(--h2_typography-line-height);--awb-caption-title-letter-spacing:var(--h2_typography-letter-spacing);\"><span class=\" fusion-imageframe imageframe-none imageframe-2 hover-type-none\"><a href=\"https:\/\/www.focoinduction.com\/wp-content\/uploads\/2022\/04\/induction-brazing-of-20mm-copper-tubes.jpg\" class=\"fusion-lightbox\" data-rel=\"iLightbox[induction brazing of 20mm copper tubes]\" data-caption=\"induction brazing of 20mm copper tubes\" data-title=\"induction brazing of 20mm copper tubes\" title=\"induction brazing of 20mm copper tubes\"><img decoding=\"async\" width=\"600\" height=\"400\" alt=\"Brasage par induction de tubes en cuivre de 20 mm\" src=\"https:\/\/www.focoinduction.com\/wp-content\/uploads\/2022\/04\/induction-brazing-of-20mm-copper-tubes.jpg\" class=\"img-responsive wp-image-14928\" srcset=\"https:\/\/www.focoinduction.com\/wp-content\/uploads\/2022\/04\/induction-brazing-of-20mm-copper-tubes-200x133.jpg 200w, https:\/\/www.focoinduction.com\/wp-content\/uploads\/2022\/04\/induction-brazing-of-20mm-copper-tubes-400x267.jpg 400w, https:\/\/www.focoinduction.com\/wp-content\/uploads\/2022\/04\/induction-brazing-of-20mm-copper-tubes.jpg 600w\" sizes=\"(max-width: 768px) 100vw, 400px\" \/><\/a><\/span><\/div><div class=\"fusion-text fusion-text-4\" style=\"--awb-font-size:14px;--awb-text-transform:none;\"><p>Brasage par induction de tubes en cuivre de 20 mm<\/p>\n<\/div><\/div><\/div><div class=\"fusion-layout-column fusion_builder_column fusion-builder-column-4 fusion_builder_column_1_3 1_3 fusion-flex-column\" style=\"--awb-bg-size:cover;--awb-width-large:33.333333333333%;--awb-margin-top-large:0px;--awb-spacing-right-large:15px;--awb-margin-bottom-large:0px;--awb-spacing-left-large:0px;--awb-width-medium:33.333333333333%;--awb-order-medium:0;--awb-spacing-right-medium:15px;--awb-spacing-left-medium:0px;--awb-width-small:100%;--awb-order-small:0;--awb-spacing-right-small:1.92%;--awb-spacing-left-small:1.92%;\"><div class=\"fusion-column-wrapper fusion-column-has-shadow fusion-flex-justify-content-flex-start fusion-content-layout-column\"><div class=\"fusion-image-element \" style=\"text-align:center;--awb-max-width:270px;--awb-caption-title-font-family:var(--h2_typography-font-family);--awb-caption-title-font-weight:var(--h2_typography-font-weight);--awb-caption-title-font-style:var(--h2_typography-font-style);--awb-caption-title-size:var(--h2_typography-font-size);--awb-caption-title-transform:var(--h2_typography-text-transform);--awb-caption-title-line-height:var(--h2_typography-line-height);--awb-caption-title-letter-spacing:var(--h2_typography-letter-spacing);\"><span class=\" fusion-imageframe imageframe-none imageframe-3 hover-type-none\"><a href=\"https:\/\/www.focoinduction.com\/wp-content\/uploads\/2022\/04\/induction-brazing-of-brass-fitting-to-copper-tube.jpg\" class=\"fusion-lightbox\" data-rel=\"iLightbox[induction brazing of brass fitting to copper tube]\" data-caption=\"induction brazing of brass fitting to copper tube\" data-title=\"induction brazing of brass fitting to copper tube\" title=\"induction brazing of brass fitting to copper tube\"><img decoding=\"async\" width=\"600\" height=\"400\" alt=\"Brasage par induction d&#039;un raccord en laiton sur un tube en cuivre\" src=\"https:\/\/www.focoinduction.com\/wp-content\/uploads\/2022\/04\/induction-brazing-of-brass-fitting-to-copper-tube.jpg\" class=\"img-responsive wp-image-14932\" srcset=\"https:\/\/www.focoinduction.com\/wp-content\/uploads\/2022\/04\/induction-brazing-of-brass-fitting-to-copper-tube-200x133.jpg 200w, https:\/\/www.focoinduction.com\/wp-content\/uploads\/2022\/04\/induction-brazing-of-brass-fitting-to-copper-tube-400x267.jpg 400w, https:\/\/www.focoinduction.com\/wp-content\/uploads\/2022\/04\/induction-brazing-of-brass-fitting-to-copper-tube.jpg 600w\" sizes=\"(max-width: 768px) 100vw, 400px\" \/><\/a><\/span><\/div><div class=\"fusion-text fusion-text-5\" style=\"--awb-font-size:14px;--awb-text-transform:none;\"><p>Brasage par induction d&rsquo;un raccord en laiton sur un tube en cuivre<\/p>\n<\/div><\/div><\/div><div class=\"fusion-layout-column fusion_builder_column fusion-builder-column-5 fusion_builder_column_1_3 1_3 fusion-flex-column\" style=\"--awb-bg-size:cover;--awb-width-large:33.333333333333%;--awb-margin-top-large:0px;--awb-spacing-right-large:15px;--awb-margin-bottom-large:0px;--awb-spacing-left-large:0px;--awb-width-medium:33.333333333333%;--awb-order-medium:0;--awb-spacing-right-medium:15px;--awb-spacing-left-medium:0px;--awb-width-small:100%;--awb-order-small:0;--awb-spacing-right-small:1.92%;--awb-spacing-left-small:1.92%;\"><div class=\"fusion-column-wrapper fusion-column-has-shadow fusion-flex-justify-content-flex-start fusion-content-layout-column\"><div class=\"fusion-image-element \" style=\"text-align:center;--awb-max-width:270px;--awb-caption-title-font-family:var(--h2_typography-font-family);--awb-caption-title-font-weight:var(--h2_typography-font-weight);--awb-caption-title-font-style:var(--h2_typography-font-style);--awb-caption-title-size:var(--h2_typography-font-size);--awb-caption-title-transform:var(--h2_typography-text-transform);--awb-caption-title-line-height:var(--h2_typography-line-height);--awb-caption-title-letter-spacing:var(--h2_typography-letter-spacing);\"><span class=\" fusion-imageframe imageframe-none imageframe-4 hover-type-none\"><a href=\"https:\/\/www.focoinduction.com\/wp-content\/uploads\/2022\/04\/induction-brazing-of-copper-fitting.jpg\" class=\"fusion-lightbox\" data-rel=\"iLightbox[induction brazing of copper fitting]\" data-caption=\"induction brazing of copper fitting\" data-title=\"induction brazing of copper fitting\" title=\"induction brazing of copper fitting\"><img decoding=\"async\" width=\"600\" height=\"400\" alt=\"Brasage par induction d&#039;un raccord en cuivre\" src=\"https:\/\/www.focoinduction.com\/wp-content\/uploads\/2022\/04\/induction-brazing-of-copper-fitting.jpg\" class=\"img-responsive wp-image-14936\" srcset=\"https:\/\/www.focoinduction.com\/wp-content\/uploads\/2022\/04\/induction-brazing-of-copper-fitting-200x133.jpg 200w, https:\/\/www.focoinduction.com\/wp-content\/uploads\/2022\/04\/induction-brazing-of-copper-fitting-400x267.jpg 400w, https:\/\/www.focoinduction.com\/wp-content\/uploads\/2022\/04\/induction-brazing-of-copper-fitting.jpg 600w\" sizes=\"(max-width: 768px) 100vw, 400px\" \/><\/a><\/span><\/div><div class=\"fusion-text fusion-text-6\" style=\"--awb-font-size:14px;--awb-text-transform:none;\"><p>Brasage par induction d&rsquo;un raccord en cuivre<\/p>\n<\/div><\/div><\/div><div class=\"fusion-layout-column fusion_builder_column fusion-builder-column-6 fusion_builder_column_1_3 1_3 fusion-flex-column\" style=\"--awb-bg-size:cover;--awb-width-large:33.333333333333%;--awb-margin-top-large:0px;--awb-spacing-right-large:15px;--awb-margin-bottom-large:0px;--awb-spacing-left-large:0px;--awb-width-medium:33.333333333333%;--awb-order-medium:0;--awb-spacing-right-medium:15px;--awb-spacing-left-medium:0px;--awb-width-small:100%;--awb-order-small:0;--awb-spacing-right-small:1.92%;--awb-spacing-left-small:1.92%;\"><div class=\"fusion-column-wrapper fusion-column-has-shadow fusion-flex-justify-content-flex-start fusion-content-layout-column\"><div class=\"fusion-image-element \" style=\"text-align:center;--awb-max-width:270px;--awb-caption-title-font-family:var(--h2_typography-font-family);--awb-caption-title-font-weight:var(--h2_typography-font-weight);--awb-caption-title-font-style:var(--h2_typography-font-style);--awb-caption-title-size:var(--h2_typography-font-size);--awb-caption-title-transform:var(--h2_typography-text-transform);--awb-caption-title-line-height:var(--h2_typography-line-height);--awb-caption-title-letter-spacing:var(--h2_typography-letter-spacing);\"><span class=\" fusion-imageframe imageframe-none imageframe-5 hover-type-none\"><a href=\"https:\/\/www.focoinduction.com\/wp-content\/uploads\/2022\/04\/induction-brazing-of-copper-pipes-to-copper-fitting.jpg\" class=\"fusion-lightbox\" data-rel=\"iLightbox[induction brazing of copper pipes to copper fitting]\" data-caption=\"induction brazing of copper pipes to copper fitting\" data-title=\"induction brazing of copper pipes to copper fitting\" title=\"induction brazing of copper pipes to copper fitting\"><img decoding=\"async\" width=\"600\" height=\"400\" alt=\"Brasage par induction de tuyaux en cuivre sur des raccords en cuivre\" src=\"https:\/\/www.focoinduction.com\/wp-content\/uploads\/2022\/04\/induction-brazing-of-copper-pipes-to-copper-fitting.jpg\" class=\"img-responsive wp-image-14940\" srcset=\"https:\/\/www.focoinduction.com\/wp-content\/uploads\/2022\/04\/induction-brazing-of-copper-pipes-to-copper-fitting-200x133.jpg 200w, https:\/\/www.focoinduction.com\/wp-content\/uploads\/2022\/04\/induction-brazing-of-copper-pipes-to-copper-fitting-400x267.jpg 400w, https:\/\/www.focoinduction.com\/wp-content\/uploads\/2022\/04\/induction-brazing-of-copper-pipes-to-copper-fitting.jpg 600w\" sizes=\"(max-width: 768px) 100vw, 400px\" \/><\/a><\/span><\/div><div class=\"fusion-text fusion-text-7\" style=\"--awb-font-size:14px;--awb-text-transform:none;\"><p>Brasage par induction de tubes en cuivre sur des raccords en cuivre<\/p>\n<\/div><\/div><\/div><div class=\"fusion-layout-column fusion_builder_column fusion-builder-column-7 fusion_builder_column_1_3 1_3 fusion-flex-column\" style=\"--awb-bg-size:cover;--awb-width-large:33.333333333333%;--awb-margin-top-large:0px;--awb-spacing-right-large:15px;--awb-margin-bottom-large:0px;--awb-spacing-left-large:0px;--awb-width-medium:33.333333333333%;--awb-order-medium:0;--awb-spacing-right-medium:15px;--awb-spacing-left-medium:0px;--awb-width-small:100%;--awb-order-small:0;--awb-spacing-right-small:1.92%;--awb-spacing-left-small:1.92%;\"><div class=\"fusion-column-wrapper fusion-column-has-shadow fusion-flex-justify-content-flex-start fusion-content-layout-column\"><div class=\"fusion-image-element \" style=\"text-align:center;--awb-max-width:270px;--awb-caption-title-font-family:var(--h2_typography-font-family);--awb-caption-title-font-weight:var(--h2_typography-font-weight);--awb-caption-title-font-style:var(--h2_typography-font-style);--awb-caption-title-size:var(--h2_typography-font-size);--awb-caption-title-transform:var(--h2_typography-text-transform);--awb-caption-title-line-height:var(--h2_typography-line-height);--awb-caption-title-letter-spacing:var(--h2_typography-letter-spacing);\"><span class=\" fusion-imageframe imageframe-none imageframe-6 hover-type-none\"><a href=\"https:\/\/www.focoinduction.com\/wp-content\/uploads\/2022\/04\/induction-brazing-of-copper-tubing-for-valve-assembly.jpg\" class=\"fusion-lightbox\" data-rel=\"iLightbox[induction brazing of copper tubing for valve assembly]\" data-caption=\"induction brazing of copper tubing for valve assembly\" data-title=\"induction brazing of copper tubing for valve assembly\" title=\"induction brazing of copper tubing for valve assembly\"><img decoding=\"async\" width=\"600\" height=\"400\" alt=\"brasage par induction de tubes en cuivre pour l&#039;assemblage de vannes\" src=\"https:\/\/www.focoinduction.com\/wp-content\/uploads\/2022\/04\/induction-brazing-of-copper-tubing-for-valve-assembly.jpg\" class=\"img-responsive wp-image-14944\" srcset=\"https:\/\/www.focoinduction.com\/wp-content\/uploads\/2022\/04\/induction-brazing-of-copper-tubing-for-valve-assembly-200x133.jpg 200w, https:\/\/www.focoinduction.com\/wp-content\/uploads\/2022\/04\/induction-brazing-of-copper-tubing-for-valve-assembly-400x267.jpg 400w, https:\/\/www.focoinduction.com\/wp-content\/uploads\/2022\/04\/induction-brazing-of-copper-tubing-for-valve-assembly.jpg 600w\" sizes=\"(max-width: 768px) 100vw, 400px\" \/><\/a><\/span><\/div><div class=\"fusion-text fusion-text-8\" style=\"--awb-font-size:14px;--awb-text-transform:none;\"><p>Brasage par induction de tubes en cuivre pour l&rsquo;assemblage de vannes<\/p>\n<\/div><\/div><\/div><div class=\"fusion-layout-column fusion_builder_column fusion-builder-column-8 fusion_builder_column_1_3 1_3 fusion-flex-column\" style=\"--awb-bg-size:cover;--awb-width-large:33.333333333333%;--awb-margin-top-large:0px;--awb-spacing-right-large:15px;--awb-margin-bottom-large:0px;--awb-spacing-left-large:0px;--awb-width-medium:33.333333333333%;--awb-order-medium:0;--awb-spacing-right-medium:15px;--awb-spacing-left-medium:0px;--awb-width-small:100%;--awb-order-small:0;--awb-spacing-right-small:1.92%;--awb-spacing-left-small:1.92%;\"><div class=\"fusion-column-wrapper fusion-column-has-shadow fusion-flex-justify-content-flex-start fusion-content-layout-column\"><div class=\"fusion-image-element \" style=\"text-align:center;--awb-max-width:270px;--awb-caption-title-font-family:var(--h2_typography-font-family);--awb-caption-title-font-weight:var(--h2_typography-font-weight);--awb-caption-title-font-style:var(--h2_typography-font-style);--awb-caption-title-size:var(--h2_typography-font-size);--awb-caption-title-transform:var(--h2_typography-text-transform);--awb-caption-title-line-height:var(--h2_typography-line-height);--awb-caption-title-letter-spacing:var(--h2_typography-letter-spacing);\"><span class=\" fusion-imageframe imageframe-none imageframe-7 hover-type-none\"><a href=\"https:\/\/www.focoinduction.com\/wp-content\/uploads\/2022\/04\/induction-brazing-of-copper-tube-for-heat-exchanger.jpg\" class=\"fusion-lightbox\" data-rel=\"iLightbox[induction brazing of copper tube for heat exchanger]\" data-caption=\"induction brazing of copper tube for heat exchanger\" data-title=\"induction brazing of copper tube for heat exchanger\" title=\"induction brazing of copper tube for heat exchanger\"><img decoding=\"async\" width=\"600\" height=\"400\" alt=\"Brasage par induction de tubes en cuivre pour \u00e9changeurs de chaleur\" src=\"https:\/\/www.focoinduction.com\/wp-content\/uploads\/2022\/04\/induction-brazing-of-copper-tube-for-heat-exchanger.jpg\" class=\"img-responsive wp-image-14948\" srcset=\"https:\/\/www.focoinduction.com\/wp-content\/uploads\/2022\/04\/induction-brazing-of-copper-tube-for-heat-exchanger-200x133.jpg 200w, https:\/\/www.focoinduction.com\/wp-content\/uploads\/2022\/04\/induction-brazing-of-copper-tube-for-heat-exchanger-400x267.jpg 400w, https:\/\/www.focoinduction.com\/wp-content\/uploads\/2022\/04\/induction-brazing-of-copper-tube-for-heat-exchanger.jpg 600w\" sizes=\"(max-width: 768px) 100vw, 400px\" \/><\/a><\/span><\/div><div class=\"fusion-text fusion-text-9\" style=\"--awb-font-size:14px;--awb-text-transform:none;\"><p>Brasage par induction de tubes en cuivre pour \u00e9changeurs de chaleur<\/p>\n<\/div><\/div><\/div><\/div><\/div><\/p>\n","protected":false},"excerpt":{"rendered":"","protected":false},"author":1,"featured_media":10118,"parent":10028,"menu_order":0,"comment_status":"closed","ping_status":"closed","template":"","meta":{"footnotes":""},"class_list":["post-10117","page","type-page","status-publish","has-post-thumbnail","hentry"],"_links":{"self":[{"href":"https:\/\/www.focoinduction.com\/fr\/wp-json\/wp\/v2\/pages\/10117","targetHints":{"allow":["GET"]}}],"collection":[{"href":"https:\/\/www.focoinduction.com\/fr\/wp-json\/wp\/v2\/pages"}],"about":[{"href":"https:\/\/www.focoinduction.com\/fr\/wp-json\/wp\/v2\/types\/page"}],"author":[{"embeddable":true,"href":"https:\/\/www.focoinduction.com\/fr\/wp-json\/wp\/v2\/users\/1"}],"replies":[{"embeddable":true,"href":"https:\/\/www.focoinduction.com\/fr\/wp-json\/wp\/v2\/comments?post=10117"}],"version-history":[{"count":0,"href":"https:\/\/www.focoinduction.com\/fr\/wp-json\/wp\/v2\/pages\/10117\/revisions"}],"up":[{"embeddable":true,"href":"https:\/\/www.focoinduction.com\/fr\/wp-json\/wp\/v2\/pages\/10028"}],"wp:featuredmedia":[{"embeddable":true,"href":"https:\/\/www.focoinduction.com\/fr\/wp-json\/wp\/v2\/media\/10118"}],"wp:attachment":[{"href":"https:\/\/www.focoinduction.com\/fr\/wp-json\/wp\/v2\/media?parent=10117"}],"curies":[{"name":"wp","href":"https:\/\/api.w.org\/{rel}","templated":true}]}}