{"id":10255,"date":"2022-04-09T14:01:11","date_gmt":"2022-04-09T06:01:11","guid":{"rendered":"https:\/\/www.focoinduction.com\/applications\/trempe-par-induction\/trempe-par-induction-des-arbres\/"},"modified":"2025-01-02T10:52:34","modified_gmt":"2025-01-02T02:52:34","slug":"trempe-par-induction-des-arbres","status":"publish","type":"page","link":"https:\/\/www.focoinduction.com\/fr\/applications\/trempe-par-induction\/trempe-par-induction-des-arbres\/","title":{"rendered":"Trempe par induction des arbres"},"content":{"rendered":"<p><div class=\"fusion-fullwidth fullwidth-box fusion-builder-row-1 fusion-flex-container nonhundred-percent-fullwidth non-hundred-percent-height-scrolling\" style=\"--awb-border-radius-top-left:0px;--awb-border-radius-top-right:0px;--awb-border-radius-bottom-right:0px;--awb-border-radius-bottom-left:0px;--awb-flex-wrap:wrap;\" ><div class=\"fusion-builder-row fusion-row fusion-flex-align-items-flex-start fusion-flex-content-wrap\" style=\"max-width:1248px;margin-left: calc(-4% \/ 2 );margin-right: calc(-4% \/ 2 );\"><div class=\"fusion-layout-column fusion_builder_column fusion-builder-column-0 fusion_builder_column_1_1 1_1 fusion-flex-column\" style=\"--awb-bg-size:cover;--awb-width-large:100%;--awb-margin-top-large:0px;--awb-spacing-right-large:1.92%;--awb-margin-bottom-large:20px;--awb-spacing-left-large:1.92%;--awb-width-medium:100%;--awb-order-medium:0;--awb-spacing-right-medium:1.92%;--awb-spacing-left-medium:1.92%;--awb-width-small:100%;--awb-order-small:0;--awb-spacing-right-small:1.92%;--awb-spacing-left-small:1.92%;\"><div class=\"fusion-column-wrapper fusion-column-has-shadow fusion-flex-justify-content-flex-start fusion-content-layout-column\"><div class=\"fusion-text fusion-text-1\" style=\"--awb-text-transform:none;\"><p>Le chauffage par induction est devenu la <a href=\"https:\/\/www.focoinduction.com\/heating-methods-for-induction-hardening\/\" target=\"_blank\" rel=\"noopener\">m\u00e9thode<\/a> la plus courante <a href=\"https:\/\/www.focoinduction.com\/heating-methods-for-induction-hardening\/\" target=\"_blank\" rel=\"noopener\">pour la trempe de<\/a> divers arbres. Le chauffage par induction est utilis\u00e9 pour chauffer rapidement l&rsquo;arbre en acier \u00e0 800-1 000 \u00b0C en quelques secondes, suivi d&rsquo;un refroidissement imm\u00e9diat pour durcir la surface de l&rsquo;arbre, augmentant ainsi sa duret\u00e9 et sa r\u00e9sistance \u00e0 l&rsquo;usure. <\/p>\n<p><strong>Equipement :  <\/strong><\/p>\n<p><span style=\"color: #0000ff;\"><a style=\"color: #0000ff;\" href=\"https:\/\/www.focoinduction.com\/induction-heating-equipment\/induction-hardening-machine\/vertical-induction-hardening-machine\/\" target=\"_blank\" rel=\"noopener\">Machine verticale de trempe par induction<\/a><\/span><\/p>\n<p>Selon les exigences de profondeur de la couche durcie, nous utiliserons un <a href=\"https:\/\/www.focoinduction.com\/induction-heating-equipment\/induction-heating-machine\/high-frequency-induction-heating-machine\/\" target=\"_blank\" rel=\"noopener\">syst\u00e8me de chauffage par induction \u00e0 haute fr\u00e9quence<\/a>, un <a href=\"https:\/\/www.focoinduction.com\/induction-heating-equipment\/induction-heating-machine\/high-frequency-induction-heating-machine\/\" target=\"_blank\" rel=\"noopener\">syst\u00e8me de chauffage par induction \u00e0 moyenne fr\u00e9quence<\/a> ou un <a href=\"https:\/\/www.focoinduction.com\/induction-heating-equipment\/induction-heating-machine\/ultra-high-frequency-induction-heating-machine\/\" target=\"_blank\" rel=\"noopener\">syst\u00e8me de chauffage par induction \u00e0 ultra-haute fr\u00e9quence<\/a>. Nous pouvons \u00e9galement l&rsquo;\u00e9quiper d&rsquo;un syst\u00e8me de refroidissement \u00e0 l&rsquo;eau int\u00e9gr\u00e9.<\/p>\n<p><strong>Avantages :<\/strong><\/p>\n<ul>\n<li>Par rapport aux fours conventionnels, la trempe par induction est plus rapide, en moyenne, avec seulement quelques secondes ou minutes par arbre.<\/li>\n<li>Les syst\u00e8mes de trempe par induction peuvent \u00eatre int\u00e9gr\u00e9s dans la ligne de production afin d&rsquo;automatiser l&rsquo;ensemble du processus de production.<\/li>\n<li>R\u00e9p\u00e9tabilit\u00e9 et coh\u00e9rence des r\u00e9sultats garanties.<\/li>\n<li>L&rsquo;ensemble du processus de chauffage est contr\u00f4lable.<\/li>\n<\/ul>\n<p>En savoir plus sur les <a href=\"https:\/\/www.focoinduction.com\/fr\/applications\/trempe-par-induction\/\" target=\"_blank\" rel=\"noopener\">applications de la trempe par induction<\/a>.<\/p>\n<\/div><\/div><\/div><\/div><\/div><div class=\"fusion-fullwidth fullwidth-box fusion-builder-row-2 fusion-flex-container nonhundred-percent-fullwidth non-hundred-percent-height-scrolling\" style=\"--awb-border-radius-top-left:0px;--awb-border-radius-top-right:0px;--awb-border-radius-bottom-right:0px;--awb-border-radius-bottom-left:0px;--awb-flex-wrap:wrap;\" ><div class=\"fusion-builder-row fusion-row fusion-flex-align-items-flex-start fusion-flex-content-wrap\" style=\"max-width:1248px;margin-left: calc(-4% \/ 2 );margin-right: calc(-4% \/ 2 );\"><div class=\"fusion-layout-column fusion_builder_column fusion-builder-column-1 fusion_builder_column_1_1 1_1 fusion-flex-column\" style=\"--awb-bg-size:cover;--awb-width-large:100%;--awb-margin-top-large:0px;--awb-spacing-right-large:1.92%;--awb-margin-bottom-large:0px;--awb-spacing-left-large:1.92%;--awb-width-medium:100%;--awb-order-medium:0;--awb-spacing-right-medium:1.92%;--awb-spacing-left-medium:1.92%;--awb-width-small:100%;--awb-order-small:0;--awb-spacing-right-small:1.92%;--awb-spacing-left-small:1.92%;\"><div class=\"fusion-column-wrapper fusion-column-has-shadow fusion-flex-justify-content-flex-start fusion-content-layout-column\"><div class=\"fusion-text fusion-text-2\" style=\"--awb-font-size:24px;--awb-text-transform:none;\"><p><strong>Galerie d&rsquo;arbres tremp\u00e9s par induction<\/strong><\/p>\n<\/div><\/div><\/div><div class=\"fusion-layout-column fusion_builder_column fusion-builder-column-2 fusion_builder_column_1_3 1_3 fusion-flex-column\" style=\"--awb-bg-size:cover;--awb-width-large:33.333333333333%;--awb-margin-top-large:0px;--awb-spacing-right-large:15px;--awb-margin-bottom-large:0px;--awb-spacing-left-large:0px;--awb-width-medium:33.333333333333%;--awb-order-medium:0;--awb-spacing-right-medium:15px;--awb-spacing-left-medium:0px;--awb-width-small:100%;--awb-order-small:0;--awb-spacing-right-small:1.92%;--awb-spacing-left-small:1.92%;\"><div class=\"fusion-column-wrapper fusion-column-has-shadow fusion-flex-justify-content-flex-start fusion-content-layout-column\"><div class=\"fusion-image-element \" style=\"text-align:center;--awb-max-width:270px;--awb-caption-title-font-family:var(--h2_typography-font-family);--awb-caption-title-font-weight:var(--h2_typography-font-weight);--awb-caption-title-font-style:var(--h2_typography-font-style);--awb-caption-title-size:var(--h2_typography-font-size);--awb-caption-title-transform:var(--h2_typography-text-transform);--awb-caption-title-line-height:var(--h2_typography-line-height);--awb-caption-title-letter-spacing:var(--h2_typography-letter-spacing);\"><span class=\" fusion-imageframe imageframe-none imageframe-1 hover-type-none\"><a href=\"https:\/\/www.focoinduction.com\/wp-content\/uploads\/2022\/04\/hardening-of-large-steel-shaft.jpg\" class=\"fusion-lightbox\" data-rel=\"iLightbox[hardening of large steel shaft]\" data-caption=\"hardening of large steel shaft\" data-title=\"hardening of large steel shaft\" title=\"hardening of large steel shaft\"><img decoding=\"async\" width=\"600\" height=\"400\" alt=\"trempe d&#039;un grand arbre en acier\" src=\"https:\/\/www.focoinduction.com\/wp-content\/uploads\/2022\/04\/hardening-of-large-steel-shaft.jpg\" class=\"img-responsive wp-image-14996\" srcset=\"https:\/\/www.focoinduction.com\/wp-content\/uploads\/2022\/04\/hardening-of-large-steel-shaft-200x133.jpg 200w, https:\/\/www.focoinduction.com\/wp-content\/uploads\/2022\/04\/hardening-of-large-steel-shaft-400x267.jpg 400w, https:\/\/www.focoinduction.com\/wp-content\/uploads\/2022\/04\/hardening-of-large-steel-shaft.jpg 600w\" sizes=\"(max-width: 768px) 100vw, 400px\" \/><\/a><\/span><\/div><div class=\"fusion-text fusion-text-3\" style=\"--awb-font-size:14px;--awb-text-transform:none;\"><p>Trempe d&rsquo;un grand arbre en acier<\/p>\n<\/div><\/div><\/div><div class=\"fusion-layout-column fusion_builder_column fusion-builder-column-3 fusion_builder_column_1_3 1_3 fusion-flex-column\" style=\"--awb-bg-size:cover;--awb-width-large:33.333333333333%;--awb-margin-top-large:0px;--awb-spacing-right-large:15px;--awb-margin-bottom-large:0px;--awb-spacing-left-large:0px;--awb-width-medium:33.333333333333%;--awb-order-medium:0;--awb-spacing-right-medium:15px;--awb-spacing-left-medium:0px;--awb-width-small:100%;--awb-order-small:0;--awb-spacing-right-small:1.92%;--awb-spacing-left-small:1.92%;\"><div class=\"fusion-column-wrapper fusion-column-has-shadow fusion-flex-justify-content-flex-start fusion-content-layout-column\"><div class=\"fusion-image-element \" style=\"text-align:center;--awb-max-width:270px;--awb-caption-title-font-family:var(--h2_typography-font-family);--awb-caption-title-font-weight:var(--h2_typography-font-weight);--awb-caption-title-font-style:var(--h2_typography-font-style);--awb-caption-title-size:var(--h2_typography-font-size);--awb-caption-title-transform:var(--h2_typography-text-transform);--awb-caption-title-line-height:var(--h2_typography-line-height);--awb-caption-title-letter-spacing:var(--h2_typography-letter-spacing);\"><span class=\" fusion-imageframe imageframe-none imageframe-2 hover-type-none\"><a href=\"https:\/\/www.focoinduction.com\/wp-content\/uploads\/2022\/04\/hardening-of-shaft-with-induction-heating.jpg\" class=\"fusion-lightbox\" data-rel=\"iLightbox[hardening of shaft with induction heating]\" data-caption=\"hardening of shaft with induction heating\" data-title=\"hardening of shaft with induction heating\" title=\"hardening of shaft with induction heating\"><img decoding=\"async\" width=\"600\" height=\"400\" alt=\"durcissement de l&#039;arbre par chauffage par induction\" src=\"https:\/\/www.focoinduction.com\/wp-content\/uploads\/2022\/04\/hardening-of-shaft-with-induction-heating.jpg\" class=\"img-responsive wp-image-15000\" srcset=\"https:\/\/www.focoinduction.com\/wp-content\/uploads\/2022\/04\/hardening-of-shaft-with-induction-heating-200x133.jpg 200w, https:\/\/www.focoinduction.com\/wp-content\/uploads\/2022\/04\/hardening-of-shaft-with-induction-heating-400x267.jpg 400w, https:\/\/www.focoinduction.com\/wp-content\/uploads\/2022\/04\/hardening-of-shaft-with-induction-heating.jpg 600w\" sizes=\"(max-width: 768px) 100vw, 400px\" \/><\/a><\/span><\/div><div class=\"fusion-text fusion-text-4\" style=\"--awb-font-size:14px;--awb-text-transform:none;\"><p>Trempe de l&rsquo;arbre par chauffage par induction<\/p>\n<\/div><\/div><\/div><div class=\"fusion-layout-column fusion_builder_column fusion-builder-column-4 fusion_builder_column_1_3 1_3 fusion-flex-column\" style=\"--awb-bg-size:cover;--awb-width-large:33.333333333333%;--awb-margin-top-large:0px;--awb-spacing-right-large:15px;--awb-margin-bottom-large:0px;--awb-spacing-left-large:0px;--awb-width-medium:33.333333333333%;--awb-order-medium:0;--awb-spacing-right-medium:15px;--awb-spacing-left-medium:0px;--awb-width-small:100%;--awb-order-small:0;--awb-spacing-right-small:1.92%;--awb-spacing-left-small:1.92%;\"><div class=\"fusion-column-wrapper fusion-column-has-shadow fusion-flex-justify-content-flex-start fusion-content-layout-column\"><div class=\"fusion-image-element \" style=\"text-align:center;--awb-max-width:270px;--awb-caption-title-font-family:var(--h2_typography-font-family);--awb-caption-title-font-weight:var(--h2_typography-font-weight);--awb-caption-title-font-style:var(--h2_typography-font-style);--awb-caption-title-size:var(--h2_typography-font-size);--awb-caption-title-transform:var(--h2_typography-text-transform);--awb-caption-title-line-height:var(--h2_typography-line-height);--awb-caption-title-letter-spacing:var(--h2_typography-letter-spacing);\"><span class=\" fusion-imageframe imageframe-none imageframe-3 hover-type-none\"><a href=\"https:\/\/www.focoinduction.com\/wp-content\/uploads\/2022\/04\/hardening-of-steel-shaft.jpg\" class=\"fusion-lightbox\" data-rel=\"iLightbox[hardening of steel shaft]\" data-caption=\"hardening of steel shaft\" data-title=\"hardening of steel shaft\" title=\"hardening of steel shaft\"><img decoding=\"async\" width=\"600\" height=\"400\" alt=\"trempe de l&#039;arbre en acier\" src=\"https:\/\/www.focoinduction.com\/wp-content\/uploads\/2022\/04\/hardening-of-steel-shaft.jpg\" class=\"img-responsive wp-image-15004\" srcset=\"https:\/\/www.focoinduction.com\/wp-content\/uploads\/2022\/04\/hardening-of-steel-shaft-200x133.jpg 200w, https:\/\/www.focoinduction.com\/wp-content\/uploads\/2022\/04\/hardening-of-steel-shaft-400x267.jpg 400w, https:\/\/www.focoinduction.com\/wp-content\/uploads\/2022\/04\/hardening-of-steel-shaft.jpg 600w\" sizes=\"(max-width: 768px) 100vw, 400px\" \/><\/a><\/span><\/div><div class=\"fusion-text fusion-text-5\" style=\"--awb-font-size:14px;--awb-text-transform:none;\"><p>Trempe de l&rsquo;arbre en acier<\/p>\n<\/div><\/div><\/div><div class=\"fusion-layout-column fusion_builder_column fusion-builder-column-5 fusion_builder_column_1_3 1_3 fusion-flex-column\" style=\"--awb-bg-size:cover;--awb-width-large:33.333333333333%;--awb-margin-top-large:0px;--awb-spacing-right-large:15px;--awb-margin-bottom-large:0px;--awb-spacing-left-large:0px;--awb-width-medium:33.333333333333%;--awb-order-medium:0;--awb-spacing-right-medium:15px;--awb-spacing-left-medium:0px;--awb-width-small:100%;--awb-order-small:0;--awb-spacing-right-small:1.92%;--awb-spacing-left-small:1.92%;\"><div class=\"fusion-column-wrapper fusion-column-has-shadow fusion-flex-justify-content-flex-start fusion-content-layout-column\"><div class=\"fusion-image-element \" style=\"text-align:center;--awb-max-width:270px;--awb-caption-title-font-family:var(--h2_typography-font-family);--awb-caption-title-font-weight:var(--h2_typography-font-weight);--awb-caption-title-font-style:var(--h2_typography-font-style);--awb-caption-title-size:var(--h2_typography-font-size);--awb-caption-title-transform:var(--h2_typography-text-transform);--awb-caption-title-line-height:var(--h2_typography-line-height);--awb-caption-title-letter-spacing:var(--h2_typography-letter-spacing);\"><span class=\" fusion-imageframe imageframe-none imageframe-4 hover-type-none\"><a href=\"https:\/\/www.focoinduction.com\/wp-content\/uploads\/2022\/04\/shaft-scan-hardening.jpg\" class=\"fusion-lightbox\" data-rel=\"iLightbox[shaft scan hardening]\" data-caption=\"shaft scan hardening\" data-title=\"shaft scan hardening\" title=\"shaft scan hardening\"><img decoding=\"async\" width=\"600\" height=\"400\" alt=\"durcissement par balayage de l&#039;arbre\" src=\"https:\/\/www.focoinduction.com\/wp-content\/uploads\/2022\/04\/shaft-scan-hardening.jpg\" class=\"img-responsive wp-image-15008\" srcset=\"https:\/\/www.focoinduction.com\/wp-content\/uploads\/2022\/04\/shaft-scan-hardening-200x133.jpg 200w, https:\/\/www.focoinduction.com\/wp-content\/uploads\/2022\/04\/shaft-scan-hardening-400x267.jpg 400w, https:\/\/www.focoinduction.com\/wp-content\/uploads\/2022\/04\/shaft-scan-hardening.jpg 600w\" sizes=\"(max-width: 768px) 100vw, 400px\" \/><\/a><\/span><\/div><div class=\"fusion-text fusion-text-6\" style=\"--awb-font-size:14px;--awb-text-transform:none;\"><p>Durcissement par balayage de l&rsquo;arbre<\/p>\n<\/div><\/div><\/div><div class=\"fusion-layout-column fusion_builder_column fusion-builder-column-6 fusion_builder_column_1_3 1_3 fusion-flex-column\" style=\"--awb-bg-size:cover;--awb-width-large:33.333333333333%;--awb-margin-top-large:0px;--awb-spacing-right-large:15px;--awb-margin-bottom-large:0px;--awb-spacing-left-large:0px;--awb-width-medium:33.333333333333%;--awb-order-medium:0;--awb-spacing-right-medium:15px;--awb-spacing-left-medium:0px;--awb-width-small:100%;--awb-order-small:0;--awb-spacing-right-small:1.92%;--awb-spacing-left-small:1.92%;\"><div class=\"fusion-column-wrapper fusion-column-has-shadow fusion-flex-justify-content-flex-start fusion-content-layout-column\"><div class=\"fusion-image-element \" style=\"text-align:center;--awb-max-width:270px;--awb-caption-title-font-family:var(--h2_typography-font-family);--awb-caption-title-font-weight:var(--h2_typography-font-weight);--awb-caption-title-font-style:var(--h2_typography-font-style);--awb-caption-title-size:var(--h2_typography-font-size);--awb-caption-title-transform:var(--h2_typography-text-transform);--awb-caption-title-line-height:var(--h2_typography-line-height);--awb-caption-title-letter-spacing:var(--h2_typography-letter-spacing);\"><span class=\" fusion-imageframe imageframe-none imageframe-5 hover-type-none\"><a href=\"https:\/\/www.focoinduction.com\/wp-content\/uploads\/2022\/04\/shaft-hardening-with-horizontal-induction-hardening-machine.jpg\" class=\"fusion-lightbox\" data-rel=\"iLightbox[shaft hardening with horizontal induction hardening machine]\" data-caption=\"shaft hardening with horizontal induction hardening machine\" data-title=\"shaft hardening with horizontal induction hardening machine\" title=\"shaft hardening with horizontal induction hardening machine\"><img decoding=\"async\" width=\"600\" height=\"400\" alt=\"trempe des arbres avec une machine horizontale de trempe par induction\" src=\"https:\/\/www.focoinduction.com\/wp-content\/uploads\/2022\/04\/shaft-hardening-with-horizontal-induction-hardening-machine.jpg\" class=\"img-responsive wp-image-15012\" srcset=\"https:\/\/www.focoinduction.com\/wp-content\/uploads\/2022\/04\/shaft-hardening-with-horizontal-induction-hardening-machine-200x133.jpg 200w, https:\/\/www.focoinduction.com\/wp-content\/uploads\/2022\/04\/shaft-hardening-with-horizontal-induction-hardening-machine-400x267.jpg 400w, https:\/\/www.focoinduction.com\/wp-content\/uploads\/2022\/04\/shaft-hardening-with-horizontal-induction-hardening-machine.jpg 600w\" sizes=\"(max-width: 768px) 100vw, 400px\" \/><\/a><\/span><\/div><div class=\"fusion-text fusion-text-7\" style=\"--awb-font-size:14px;--awb-text-transform:none;\"><p>Trempe de l&rsquo;arbre avec une machine horizontale de trempe par induction<\/p>\n<\/div><\/div><\/div><\/div><\/div><\/p>\n","protected":false},"excerpt":{"rendered":"","protected":false},"author":1,"featured_media":10256,"parent":10080,"menu_order":0,"comment_status":"closed","ping_status":"closed","template":"","meta":{"footnotes":""},"class_list":["post-10255","page","type-page","status-publish","has-post-thumbnail","hentry"],"_links":{"self":[{"href":"https:\/\/www.focoinduction.com\/fr\/wp-json\/wp\/v2\/pages\/10255","targetHints":{"allow":["GET"]}}],"collection":[{"href":"https:\/\/www.focoinduction.com\/fr\/wp-json\/wp\/v2\/pages"}],"about":[{"href":"https:\/\/www.focoinduction.com\/fr\/wp-json\/wp\/v2\/types\/page"}],"author":[{"embeddable":true,"href":"https:\/\/www.focoinduction.com\/fr\/wp-json\/wp\/v2\/users\/1"}],"replies":[{"embeddable":true,"href":"https:\/\/www.focoinduction.com\/fr\/wp-json\/wp\/v2\/comments?post=10255"}],"version-history":[{"count":0,"href":"https:\/\/www.focoinduction.com\/fr\/wp-json\/wp\/v2\/pages\/10255\/revisions"}],"up":[{"embeddable":true,"href":"https:\/\/www.focoinduction.com\/fr\/wp-json\/wp\/v2\/pages\/10080"}],"wp:featuredmedia":[{"embeddable":true,"href":"https:\/\/www.focoinduction.com\/fr\/wp-json\/wp\/v2\/media\/10256"}],"wp:attachment":[{"href":"https:\/\/www.focoinduction.com\/fr\/wp-json\/wp\/v2\/media?parent=10255"}],"curies":[{"name":"wp","href":"https:\/\/api.w.org\/{rel}","templated":true}]}}