{"id":10279,"date":"2022-04-09T13:17:30","date_gmt":"2022-04-09T05:17:30","guid":{"rendered":"https:\/\/www.focoinduction.com\/brasage-par-induction\/brasage-par-induction-de-lacier-inoxydable\/"},"modified":"2025-01-02T10:52:50","modified_gmt":"2025-01-02T02:52:50","slug":"brasage-par-induction-de-lacier-inoxydable","status":"publish","type":"page","link":"https:\/\/www.focoinduction.com\/fr\/applications\/brasage-par-induction\/brasage-par-induction-de-lacier-inoxydable\/","title":{"rendered":"Brasage par induction de l&rsquo;acier inoxydable"},"content":{"rendered":"<div class=\"fusion-fullwidth fullwidth-box fusion-builder-row-1 fusion-flex-container nonhundred-percent-fullwidth non-hundred-percent-height-scrolling\" style=\"--awb-border-radius-top-left:0px;--awb-border-radius-top-right:0px;--awb-border-radius-bottom-right:0px;--awb-border-radius-bottom-left:0px;--awb-flex-wrap:wrap;\" ><div class=\"fusion-builder-row fusion-row fusion-flex-align-items-flex-start fusion-flex-content-wrap\" style=\"max-width:1248px;margin-left: calc(-4% \/ 2 );margin-right: calc(-4% \/ 2 );\"><div class=\"fusion-layout-column fusion_builder_column fusion-builder-column-0 fusion_builder_column_1_1 1_1 fusion-flex-column\" style=\"--awb-bg-size:cover;--awb-width-large:100%;--awb-margin-top-large:0px;--awb-spacing-right-large:1.92%;--awb-margin-bottom-large:20px;--awb-spacing-left-large:1.92%;--awb-width-medium:100%;--awb-order-medium:0;--awb-spacing-right-medium:1.92%;--awb-spacing-left-medium:1.92%;--awb-width-small:100%;--awb-order-small:0;--awb-spacing-right-small:1.92%;--awb-spacing-left-small:1.92%;\"><div class=\"fusion-column-wrapper fusion-column-has-shadow fusion-flex-justify-content-flex-start fusion-content-layout-column\"><div class=\"fusion-text fusion-text-1\" style=\"--awb-text-transform:none;\"><p>Le brasage par induction est l&rsquo;une des m\u00e9thodes id\u00e9ales pour le brasage de l&rsquo;acier inoxydable. L&rsquo;acier ou l&rsquo;acier au carbone peut facilement g\u00e9n\u00e9rer de l&rsquo;\u00e9nergie calorifique dans un champ magn\u00e9tique induit, et la p\u00e9n\u00e9tration de la chaleur peut compl\u00e9ter l&rsquo;ensemble du processus de brasage. Gr\u00e2ce \u00e0 des bobines d&rsquo;induction con\u00e7ues avec pr\u00e9cision, nous pouvons chauffer uniquement l\u00e0 o\u00f9 c&rsquo;est n\u00e9cessaire. Le brasage par induction permet de r\u00e9duire la d\u00e9formation de l&rsquo;acier et les contraintes internes, d&rsquo;affecter \u00e0 peine la structure cristalline environnante et de garantir les propri\u00e9t\u00e9s physiques de la pi\u00e8ce.<\/p>\n<\/div><\/div><\/div><\/div><\/div>\n","protected":false},"excerpt":{"rendered":"","protected":false},"author":1,"featured_media":0,"parent":10028,"menu_order":0,"comment_status":"closed","ping_status":"closed","template":"","meta":{"footnotes":""},"class_list":["post-10279","page","type-page","status-publish","hentry"],"_links":{"self":[{"href":"https:\/\/www.focoinduction.com\/fr\/wp-json\/wp\/v2\/pages\/10279","targetHints":{"allow":["GET"]}}],"collection":[{"href":"https:\/\/www.focoinduction.com\/fr\/wp-json\/wp\/v2\/pages"}],"about":[{"href":"https:\/\/www.focoinduction.com\/fr\/wp-json\/wp\/v2\/types\/page"}],"author":[{"embeddable":true,"href":"https:\/\/www.focoinduction.com\/fr\/wp-json\/wp\/v2\/users\/1"}],"replies":[{"embeddable":true,"href":"https:\/\/www.focoinduction.com\/fr\/wp-json\/wp\/v2\/comments?post=10279"}],"version-history":[{"count":0,"href":"https:\/\/www.focoinduction.com\/fr\/wp-json\/wp\/v2\/pages\/10279\/revisions"}],"up":[{"embeddable":true,"href":"https:\/\/www.focoinduction.com\/fr\/wp-json\/wp\/v2\/pages\/10028"}],"wp:attachment":[{"href":"https:\/\/www.focoinduction.com\/fr\/wp-json\/wp\/v2\/media?parent=10279"}],"curies":[{"name":"wp","href":"https:\/\/api.w.org\/{rel}","templated":true}]}}