{"id":8718,"date":"2022-10-09T15:10:09","date_gmt":"2022-10-09T07:10:09","guid":{"rendered":"https:\/\/www.focoinduction.com\/entretien-des-bobines-dinduction-et-des-tuyaux-en-cuivre\/"},"modified":"2025-01-02T10:38:40","modified_gmt":"2025-01-02T02:38:40","slug":"entretien-des-bobines-dinduction-et-des-tuyaux-en-cuivre","status":"publish","type":"page","link":"https:\/\/www.focoinduction.com\/fr\/lean-sur-le-chauffage-par-induction\/entretien-des-bobines-dinduction-et-des-tuyaux-en-cuivre\/","title":{"rendered":"Entretien des bobines d&rsquo;induction et des tuyaux en cuivre"},"content":{"rendered":"<div class=\"fusion-fullwidth fullwidth-box fusion-builder-row-1 fusion-flex-container has-pattern-background has-mask-background nonhundred-percent-fullwidth non-hundred-percent-height-scrolling\" style=\"--awb-border-radius-top-left:0px;--awb-border-radius-top-right:0px;--awb-border-radius-bottom-right:0px;--awb-border-radius-bottom-left:0px;--awb-flex-wrap:wrap;\" ><div class=\"fusion-builder-row fusion-row fusion-flex-align-items-flex-start fusion-flex-content-wrap\" style=\"max-width:1248px;margin-left: calc(-4% \/ 2 );margin-right: calc(-4% \/ 2 );\"><div class=\"fusion-layout-column fusion_builder_column fusion-builder-column-0 fusion_builder_column_1_1 1_1 fusion-flex-column\" style=\"--awb-bg-size:cover;--awb-width-large:100%;--awb-margin-top-large:0px;--awb-spacing-right-large:1.92%;--awb-margin-bottom-large:20px;--awb-spacing-left-large:1.92%;--awb-width-medium:100%;--awb-order-medium:0;--awb-spacing-right-medium:1.92%;--awb-spacing-left-medium:1.92%;--awb-width-small:100%;--awb-order-small:0;--awb-spacing-right-small:1.92%;--awb-spacing-left-small:1.92%;\"><div class=\"fusion-column-wrapper fusion-column-has-shadow fusion-flex-justify-content-flex-start fusion-content-layout-column\"><div class=\"fusion-text fusion-text-1\"><p>Les bobines de chauffage par induction sont soumises \u00e0 un usage intensif qui peut r\u00e9duire leur dur\u00e9e de vie. L&rsquo;entretien des bobines d&rsquo;induction FOCO est un excellent moyen de prolonger la dur\u00e9e de vie de ces outils pr\u00e9cieux.<\/p>\n<\/div><\/div><\/div><div class=\"fusion-layout-column fusion_builder_column fusion-builder-column-1 fusion_builder_column_1_1 1_1 fusion-flex-column\" style=\"--awb-bg-size:cover;--awb-width-large:100%;--awb-margin-top-large:0px;--awb-spacing-right-large:1.92%;--awb-margin-bottom-large:20px;--awb-spacing-left-large:1.92%;--awb-width-medium:100%;--awb-order-medium:0;--awb-spacing-right-medium:1.92%;--awb-spacing-left-medium:1.92%;--awb-width-small:100%;--awb-order-small:0;--awb-spacing-right-small:1.92%;--awb-spacing-left-small:1.92%;\"><div class=\"fusion-column-wrapper fusion-column-has-shadow fusion-flex-justify-content-flex-start fusion-content-layout-column\"><div class=\"fusion-text fusion-text-2\"><h2>L&rsquo;entretien des bobines d&rsquo;induction permet d&rsquo;\u00e9viter les r\u00e9parations<\/h2>\n<p>FOCO s&rsquo;est fi\u00e8rement \u00e9tabli comme l&rsquo;un des principaux fournisseurs de services de bobines de chauffage par induction dans l&rsquo;industrie d&rsquo;aujourd&rsquo;hui. Nos techniciens ont une connaissance et une exp\u00e9rience approfondies de tout ce qui concerne les inducteurs, ce qui leur permet de fournir un excellent niveau de service \u00e0 chaque client. FOCO s&rsquo;efforce d&rsquo;atteindre des normes \u00e9lev\u00e9es lorsqu&rsquo;il s&rsquo;agit de fournir des solutions rapidement. Sur simple appel ou courriel, nous ferons le n\u00e9cessaire pour que vous receviez nos services rapidement et efficacement, sans compromettre la qualit\u00e9 au profit de la quantit\u00e9. Les services de r\u00e9paration et de reconception des bobines d&rsquo;induction comprennent :   <\/p>\n<ul>\n<li>Inspection et essais<\/li>\n<li>Nettoyage des bobines, des tuyaux, de la tuyauterie et de l&rsquo;outillage<\/li>\n<li>Nettoyage des f\u00fbts de trempe et des surfaces de contact<\/li>\n<li>Serrer l&rsquo;outillage<\/li>\n<li>Inspecter et nettoyer l&rsquo;alimentation \u00e9lectrique<\/li>\n<li>Traiter les zones pr\u00e9sentant des signes de corrosion<\/li>\n<\/ul>\n<\/div><\/div><\/div><div class=\"fusion-layout-column fusion_builder_column fusion-builder-column-2 fusion_builder_column_1_1 1_1 fusion-flex-column\" style=\"--awb-bg-size:cover;--awb-width-large:100%;--awb-margin-top-large:0px;--awb-spacing-right-large:1.92%;--awb-margin-bottom-large:20px;--awb-spacing-left-large:1.92%;--awb-width-medium:100%;--awb-order-medium:0;--awb-spacing-right-medium:1.92%;--awb-spacing-left-medium:1.92%;--awb-width-small:100%;--awb-order-small:0;--awb-spacing-right-small:1.92%;--awb-spacing-left-small:1.92%;\"><div class=\"fusion-column-wrapper fusion-column-has-shadow fusion-flex-justify-content-flex-start fusion-content-layout-column\"><div class=\"fusion-text fusion-text-3\"><h2>Conseils pour l&rsquo;entretien des bobines d&rsquo;induction<\/h2>\n<p>Les inducteurs sont fragiles. Rangez-les lorsqu&rsquo;ils ne sont pas utilis\u00e9s. S&rsquo;ils sont laiss\u00e9s sur le bord d&rsquo;un espace de travail, ils peuvent tomber, se casser, se d\u00e9former ou cesser de fonctionner. C&rsquo;est particuli\u00e8rement vrai pour les outils de brasage portatifs. Lorsque vous effectuez une op\u00e9ration, veillez \u00e0 toujours utiliser de l&rsquo;eau propre pour \u00e9viter de contaminer l&rsquo;\u00e9l\u00e9ment chauffant. Chauffer avec de l&rsquo;eau inad\u00e9quate ou impure r\u00e9duira la dur\u00e9e de vie du serpentin ; n&rsquo;oubliez donc pas de le nettoyer apr\u00e8s chaque utilisation ! L&rsquo;accumulation de particules sur ces serpentins peut entra\u00eener un court-circuit et une combustion rapide. Le nettoyage r\u00e9gulier de vos serpentins est un moyen facile d&rsquo;\u00e9viter ce probl\u00e8me. Essuyez la poussi\u00e8re et la salet\u00e9 \u00e0 l&rsquo;aide d&rsquo;une serviette s\u00e8che, suivie d&rsquo;un peu d&rsquo;air comprim\u00e9 pour \u00e9liminer les restes de poussi\u00e8re. N&rsquo;oubliez pas non plus de passer en revue les points de connexion \u00e9lectrique : il s&rsquo;agit de l&rsquo;une des pi\u00e8ces les plus susceptibles d&rsquo;\u00eatre laiss\u00e9es intactes, mais qui ne demandent qu&rsquo;\u00e0 \u00eatre d\u00e9barrass\u00e9es de leurs d\u00e9bris ! Inspectez l&rsquo;isolation entre les deux fils de cuivre avant de l&rsquo;utiliser pour \u00e9viter les courts-circuits. Des taches noires sur le cuivre indiquent que la bobine de cuivre a \u00e9t\u00e9 expos\u00e9e \u00e0 une chaleur extr\u00eame ; c&rsquo;est un signe dangereux. Examinez votre serpentin en cuivre \u00e0 la recherche de d\u00e9colorations, de fissures et d&rsquo;une chaleur excessive, indiqu\u00e9e par une coloration bleue ou rouge du cuivre. Nettoyez les scories ou les copeaux m\u00e9talliques du bo\u00eetier du four et v\u00e9rifiez que le m\u00e9tal fondu n&rsquo;a pas p\u00e9n\u00e9tr\u00e9 dans le serpentin en cuivre. Un faible d\u00e9bit est parfois identifi\u00e9 par le noircissement du cuivre, dans des tons violets, du c\u00f4t\u00e9 du retour de refroidissement du serpentin. Un faible d\u00e9bit d&rsquo;eau peut donc entra\u00eener l&#8217;emprisonnement de vapeur \u00e0 l&rsquo;int\u00e9rieur de la bobine d&rsquo;induction, ce qui conduit \u00e0 la fissuration d&rsquo;un joint de soudure \u00e0 travers le tube de la bobine d&rsquo;induction fabriqu\u00e9e ou \u00e0 la fissuration du cuivre qui r\u00e9v\u00e8le une chambre de refroidissement. Par cons\u00e9quent, l&rsquo;eau de refroidissement doit provenir d&rsquo;une source d&rsquo;eau propre avec des unit\u00e9s de filtrage de 25 microns plac\u00e9es imm\u00e9diatement avant d&rsquo;entrer dans la bobine d&rsquo;induction. Dans les applications industrielles, une bobine de travail est travers\u00e9e par un courant suffisant pour n\u00e9cessiter un refroidissement \u00e0 l&rsquo;eau ; le montage de base contient donc un dispositif de refroidissement \u00e0 l&rsquo;eau. Un \u00e9conomiseur de coaxial prot\u00e8ge davantage vos bobines. Il s&rsquo;agit d&rsquo;un petit adaptateur qui relie le transformateur coaxial \u00e0 la bobine d&rsquo;induction. Tout dommage pouvant r\u00e9sulter d&rsquo;une surcharge se produira sur l&rsquo;adaptateur, ce qui est beaucoup moins co\u00fbteux qu&rsquo;une nouvelle bobine ou un nouveau transformateur. Suivez ces conseils pour pr\u00e9server vos bobines d&rsquo;induction :   <\/p>\n<ul>\n<li>Rangez-les lorsqu&rsquo;ils ne sont pas utilis\u00e9s<\/li>\n<li>Une eau propre signifie un r\u00e9sultat propre<\/li>\n<li>Essuyez et soufflez les bobines apr\u00e8s utilisation<\/li>\n<li>Utilisez un \u00e9conomiseur de coaxial<\/li>\n<\/ul>\n<\/div><\/div><\/div><\/div><\/div>\n","protected":false},"excerpt":{"rendered":"","protected":false},"author":1,"featured_media":8719,"parent":9677,"menu_order":0,"comment_status":"closed","ping_status":"closed","template":"","meta":{"footnotes":""},"class_list":["post-8718","page","type-page","status-publish","has-post-thumbnail","hentry"],"_links":{"self":[{"href":"https:\/\/www.focoinduction.com\/fr\/wp-json\/wp\/v2\/pages\/8718","targetHints":{"allow":["GET"]}}],"collection":[{"href":"https:\/\/www.focoinduction.com\/fr\/wp-json\/wp\/v2\/pages"}],"about":[{"href":"https:\/\/www.focoinduction.com\/fr\/wp-json\/wp\/v2\/types\/page"}],"author":[{"embeddable":true,"href":"https:\/\/www.focoinduction.com\/fr\/wp-json\/wp\/v2\/users\/1"}],"replies":[{"embeddable":true,"href":"https:\/\/www.focoinduction.com\/fr\/wp-json\/wp\/v2\/comments?post=8718"}],"version-history":[{"count":0,"href":"https:\/\/www.focoinduction.com\/fr\/wp-json\/wp\/v2\/pages\/8718\/revisions"}],"up":[{"embeddable":true,"href":"https:\/\/www.focoinduction.com\/fr\/wp-json\/wp\/v2\/pages\/9677"}],"wp:featuredmedia":[{"embeddable":true,"href":"https:\/\/www.focoinduction.com\/fr\/wp-json\/wp\/v2\/media\/8719"}],"wp:attachment":[{"href":"https:\/\/www.focoinduction.com\/fr\/wp-json\/wp\/v2\/media?parent=8718"}],"curies":[{"name":"wp","href":"https:\/\/api.w.org\/{rel}","templated":true}]}}