{"id":8746,"date":"2022-10-12T10:43:56","date_gmt":"2022-10-12T02:43:56","guid":{"rendered":"https:\/\/www.focoinduction.com\/bobine-de-chauffage-par-induction-sur-mesure\/"},"modified":"2025-01-02T10:38:55","modified_gmt":"2025-01-02T02:38:55","slug":"bobine-de-chauffage-par-induction-sur-mesure","status":"publish","type":"page","link":"https:\/\/www.focoinduction.com\/fr\/services-de-chauffage-par-induction\/bobine-de-chauffage-par-induction-sur-mesure\/","title":{"rendered":"Bobine de chauffage par induction sur mesure"},"content":{"rendered":"<p><div class=\"fusion-fullwidth fullwidth-box fusion-builder-row-1 fusion-flex-container has-pattern-background has-mask-background nonhundred-percent-fullwidth non-hundred-percent-height-scrolling\" style=\"--awb-border-radius-top-left:0px;--awb-border-radius-top-right:0px;--awb-border-radius-bottom-right:0px;--awb-border-radius-bottom-left:0px;--awb-flex-wrap:wrap;\" ><div class=\"fusion-builder-row fusion-row fusion-flex-align-items-flex-start fusion-flex-content-wrap\" style=\"max-width:1248px;margin-left: calc(-4% \/ 2 );margin-right: calc(-4% \/ 2 );\"><div class=\"fusion-layout-column fusion_builder_column fusion-builder-column-0 fusion_builder_column_1_1 1_1 fusion-flex-column\" style=\"--awb-bg-size:cover;--awb-width-large:100%;--awb-margin-top-large:0px;--awb-spacing-right-large:1.92%;--awb-margin-bottom-large:20px;--awb-spacing-left-large:1.92%;--awb-width-medium:100%;--awb-order-medium:0;--awb-spacing-right-medium:1.92%;--awb-spacing-left-medium:1.92%;--awb-width-small:100%;--awb-order-small:0;--awb-spacing-right-small:1.92%;--awb-spacing-left-small:1.92%;\"><div class=\"fusion-column-wrapper fusion-column-has-shadow fusion-flex-justify-content-flex-start fusion-content-layout-column\"><div class=\"fusion-text fusion-text-1\"><p>La construction correcte d&rsquo;une bobine de chauffage par induction est la cl\u00e9 pour obtenir des performances maximales de votre processus, et notre exp\u00e9rience nous diff\u00e9rencie des autres acteurs du secteur du chauffage par induction sur mesure. Gr\u00e2ce \u00e0 notre logiciel exclusif de conception de bobines de pointe, nous exploitons les param\u00e8tres de processus que vous sp\u00e9cifiez et les donn\u00e9es des dessins de pi\u00e8ces pour concevoir la taille et la forme optimales de la bobine pour votre application. Nous produisons des syst\u00e8mes d&rsquo;induction complets, abordables et de haute qualit\u00e9, int\u00e9gr\u00e9s \u00e0 la manutention des mat\u00e9riaux, aux syst\u00e8mes de refroidissement, aux commandes et aux syst\u00e8mes de contr\u00f4le de la qualit\u00e9, le tout entourant un processus de chauffage\/fusion par induction.<\/p>\n<\/div><\/div><\/div><\/div><\/div><div class=\"fusion-fullwidth fullwidth-box fusion-builder-row-2 fusion-flex-container has-pattern-background has-mask-background nonhundred-percent-fullwidth non-hundred-percent-height-scrolling\" style=\"--awb-border-radius-top-left:0px;--awb-border-radius-top-right:0px;--awb-border-radius-bottom-right:0px;--awb-border-radius-bottom-left:0px;--awb-flex-wrap:wrap;\" ><div class=\"fusion-builder-row fusion-row fusion-flex-align-items-flex-start fusion-flex-content-wrap\" style=\"max-width:1248px;margin-left: calc(-4% \/ 2 );margin-right: calc(-4% \/ 2 );\"><div class=\"fusion-layout-column fusion_builder_column fusion-builder-column-1 fusion_builder_column_1_1 1_1 fusion-flex-column\" style=\"--awb-bg-size:cover;--awb-width-large:100%;--awb-margin-top-large:0px;--awb-spacing-right-large:1.92%;--awb-margin-bottom-large:20px;--awb-spacing-left-large:1.92%;--awb-width-medium:100%;--awb-order-medium:0;--awb-spacing-right-medium:1.92%;--awb-spacing-left-medium:1.92%;--awb-width-small:100%;--awb-order-small:0;--awb-spacing-right-small:1.92%;--awb-spacing-left-small:1.92%;\"><div class=\"fusion-column-wrapper fusion-column-has-shadow fusion-flex-justify-content-flex-start fusion-content-layout-column\"><div class=\"fusion-text fusion-text-2\"><h2>Remise \u00e0 neuf des bobines<\/h2>\n<p>FOCO est sp\u00e9cialis\u00e9 dans la remise \u00e0 neuf et la fabrication d&rsquo;inducteurs sur mesure. Nous travaillons avec une grande vari\u00e9t\u00e9 de bobines pour les applications de fusion par induction. Par cons\u00e9quent, FOCO peut adapter votre ensemble de bobines pour maximiser les performances et la qualit\u00e9 du produit afin de r\u00e9pondre \u00e0 vos exigences pr\u00e9cises en mati\u00e8re de chauffage et d&rsquo;application. FOCO peut \u00e9galement proposer des conceptions \u00e0 plusieurs bobines pour chauffer simultan\u00e9ment plusieurs endroits ou pi\u00e8ces. Notre exp\u00e9rience garantit un fonctionnement fiable et efficace, qu&rsquo;il s&rsquo;agisse d&rsquo;applications de chauffage et de fusion par induction standard ou sur mesure.<\/p>\n<\/div><\/div><\/div><\/div><\/div><div class=\"fusion-fullwidth fullwidth-box fusion-builder-row-3 fusion-flex-container has-pattern-background has-mask-background nonhundred-percent-fullwidth non-hundred-percent-height-scrolling\" style=\"--awb-border-radius-top-left:0px;--awb-border-radius-top-right:0px;--awb-border-radius-bottom-right:0px;--awb-border-radius-bottom-left:0px;--awb-flex-wrap:wrap;\" ><div class=\"fusion-builder-row fusion-row fusion-flex-align-items-flex-start fusion-flex-content-wrap\" style=\"max-width:1248px;margin-left: calc(-4% \/ 2 );margin-right: calc(-4% \/ 2 );\"><div class=\"fusion-layout-column fusion_builder_column fusion-builder-column-2 fusion_builder_column_1_1 1_1 fusion-flex-column\" style=\"--awb-bg-size:cover;--awb-width-large:100%;--awb-margin-top-large:0px;--awb-spacing-right-large:1.92%;--awb-margin-bottom-large:20px;--awb-spacing-left-large:1.92%;--awb-width-medium:100%;--awb-order-medium:0;--awb-spacing-right-medium:1.92%;--awb-spacing-left-medium:1.92%;--awb-width-small:100%;--awb-order-small:0;--awb-spacing-right-small:1.92%;--awb-spacing-left-small:1.92%;\"><div class=\"fusion-column-wrapper fusion-column-has-shadow fusion-flex-justify-content-flex-start fusion-content-layout-column\"><div class=\"fusion-text fusion-text-3\"><h2>R\u00e9paration des bobines<\/h2>\n<p>Le processus de r\u00e9paration d&rsquo;une bobine d&rsquo;induction commence par l&rsquo;envoi des serrures endommag\u00e9es \u00e0 l&rsquo;usine FOCO, o\u00f9 elles sont examin\u00e9es avant d&rsquo;\u00eatre r\u00e9par\u00e9es. Notre souci de qualit\u00e9 et notre rapidit\u00e9 d&rsquo;ex\u00e9cution pour les r\u00e9parations des bobines d&rsquo;induction vous permettront de reprendre rapidement vos activit\u00e9s.<\/p>\n<\/div><div class=\"fusion-text fusion-text-4\" style=\"--awb-text-transform:capitalize;\"><p><em><a href=\"https:\/\/www.focoinduction.com\/fr\/entretien-des-bobines-dinduction-et-des-tuyaux-en-cuivre\/\" target=\"_blank\" rel=\"noopener\">Apprenez \u00e0 entretenir votre bobine d&rsquo;induction.<\/a><\/em><\/p>\n<\/div><\/div><\/div><\/div><\/div><div class=\"fusion-fullwidth fullwidth-box fusion-builder-row-4 fusion-flex-container has-pattern-background has-mask-background nonhundred-percent-fullwidth non-hundred-percent-height-scrolling\" style=\"--awb-border-radius-top-left:0px;--awb-border-radius-top-right:0px;--awb-border-radius-bottom-right:0px;--awb-border-radius-bottom-left:0px;--awb-flex-wrap:wrap;\" ><div class=\"fusion-builder-row fusion-row fusion-flex-align-items-flex-start fusion-flex-content-wrap\" style=\"max-width:1248px;margin-left: calc(-4% \/ 2 );margin-right: calc(-4% \/ 2 );\"><div class=\"fusion-layout-column fusion_builder_column fusion-builder-column-3 fusion_builder_column_1_1 1_1 fusion-flex-column\" style=\"--awb-bg-size:cover;--awb-width-large:100%;--awb-margin-top-large:0px;--awb-spacing-right-large:1.92%;--awb-margin-bottom-large:20px;--awb-spacing-left-large:1.92%;--awb-width-medium:100%;--awb-order-medium:0;--awb-spacing-right-medium:1.92%;--awb-spacing-left-medium:1.92%;--awb-width-small:100%;--awb-order-small:0;--awb-spacing-right-small:1.92%;--awb-spacing-left-small:1.92%;\"><div class=\"fusion-column-wrapper fusion-column-has-shadow fusion-flex-justify-content-flex-start fusion-content-layout-column\"><div class=\"fusion-text fusion-text-5\"><h2>Le mat\u00e9riel tiers ne pose pas de probl\u00e8me<\/h2>\n<p>Si vous utilisez le mat\u00e9riel d&rsquo;induction d&rsquo;une autre entreprise, nous pouvons vous fournir une bobine toute neuve et plus efficace. En outre, nous offrons un service de haute qualit\u00e9, depuis la conception et la construction de nouvelles bobines jusqu&rsquo;\u00e0 la remise en \u00e9tat de vos bobines existantes, y compris la mise \u00e0 disposition d&rsquo;un appareil de pr\u00eat. Nous concevons, construisons et r\u00e9parons des \u00e9quipements de chauffage par induction de haute qualit\u00e9, cl\u00e9s en main, enti\u00e8rement automatis\u00e9s et \u00e0 usage g\u00e9n\u00e9ral. Si vous d\u00e9cidez qu&rsquo;il est plus avantageux de remplacer votre bobine que de la remettre \u00e0 neuf, nous vous construirons une nouvelle bobine \u00e0 partir d&rsquo;un mod\u00e8le plus ancien. Nous pouvons r\u00e9duire les temps d&rsquo;arr\u00eat co\u00fbteux de votre installation en remettant \u00e0 neuf ou en rempla\u00e7ant rapidement vos bobines, quelles que soient leur forme, leur taille ou leur marque, que nous les fabriquions ou qu&rsquo;elles soient fabriqu\u00e9es par l&rsquo;un de nos concurrents.<\/p>\n<\/div><\/div><\/div><\/div><\/div><div class=\"fusion-fullwidth fullwidth-box fusion-builder-row-5 fusion-flex-container has-pattern-background has-mask-background nonhundred-percent-fullwidth non-hundred-percent-height-scrolling\" style=\"--awb-border-radius-top-left:0px;--awb-border-radius-top-right:0px;--awb-border-radius-bottom-right:0px;--awb-border-radius-bottom-left:0px;--awb-flex-wrap:wrap;\" ><div class=\"fusion-builder-row fusion-row fusion-flex-align-items-flex-start fusion-flex-content-wrap\" style=\"max-width:1248px;margin-left: calc(-4% \/ 2 );margin-right: calc(-4% \/ 2 );\"><div class=\"fusion-layout-column fusion_builder_column fusion-builder-column-4 fusion_builder_column_1_1 1_1 fusion-flex-column\" style=\"--awb-bg-size:cover;--awb-width-large:100%;--awb-margin-top-large:0px;--awb-spacing-right-large:1.92%;--awb-margin-bottom-large:20px;--awb-spacing-left-large:1.92%;--awb-width-medium:100%;--awb-order-medium:0;--awb-spacing-right-medium:1.92%;--awb-spacing-left-medium:1.92%;--awb-width-small:100%;--awb-order-small:0;--awb-spacing-right-small:1.92%;--awb-spacing-left-small:1.92%;\"><div class=\"fusion-column-wrapper fusion-column-has-shadow fusion-flex-justify-content-flex-start fusion-content-layout-column\"><div class=\"fusion-text fusion-text-6\"><h2>Consultation<\/h2>\n<p>FOCO offre des <a href=\"https:\/\/www.focoinduction.com\/fr\/conseil-en-matiere-dapplication-de-linduction\/\" target=\"_blank\" rel=\"noopener\">services de consultation en mati\u00e8re de technologie de l&rsquo;induction<\/a> pour aider ses clients. Nous proposons aux petites et grandes entreprises diverses m\u00e9thodes \u00e9prouv\u00e9es et pratiques de chauffage par induction. Nous analysons soigneusement les exigences de votre application et formulons ensuite des recommandations pour optimiser l&rsquo;induction, l&rsquo;automatisation et l&rsquo;ensemble des processus de fabrication pour vos applications.<\/p>\n<\/div><\/div><\/div><\/div><\/div><div class=\"fusion-fullwidth fullwidth-box fusion-builder-row-6 fusion-flex-container has-pattern-background has-mask-background nonhundred-percent-fullwidth non-hundred-percent-height-scrolling\" style=\"--awb-border-radius-top-left:0px;--awb-border-radius-top-right:0px;--awb-border-radius-bottom-right:0px;--awb-border-radius-bottom-left:0px;--awb-flex-wrap:wrap;\" ><div class=\"fusion-builder-row fusion-row fusion-flex-align-items-flex-start fusion-flex-content-wrap\" style=\"max-width:1248px;margin-left: calc(-4% \/ 2 );margin-right: calc(-4% \/ 2 );\"><div class=\"fusion-layout-column fusion_builder_column fusion-builder-column-5 fusion_builder_column_1_1 1_1 fusion-flex-column\" style=\"--awb-bg-size:cover;--awb-width-large:100%;--awb-margin-top-large:0px;--awb-spacing-right-large:1.92%;--awb-margin-bottom-large:20px;--awb-spacing-left-large:1.92%;--awb-width-medium:100%;--awb-order-medium:0;--awb-spacing-right-medium:1.92%;--awb-spacing-left-medium:1.92%;--awb-width-small:100%;--awb-order-small:0;--awb-spacing-right-small:1.92%;--awb-spacing-left-small:1.92%;\"><div class=\"fusion-column-wrapper fusion-column-has-shadow fusion-flex-justify-content-flex-start fusion-content-layout-column\"><div class=\"fusion-text fusion-text-7\"><h2>Pr\u00eateurs<\/h2>\n<p>Chez FOCO, nous fabriquons une bobine d&rsquo;induction de pr\u00eat, c&rsquo;est-\u00e0-dire que nous construisons une bobine dupliqu\u00e9e \u00e0 partir de l&rsquo;appareil de notre client, que nous stockons dans un rack et que nous lui pr\u00eatons lorsque nous travaillons sur ses r\u00e9parations de bobines d&rsquo;induction. Notre exp\u00e9rience garantit un fonctionnement fiable et efficace, qu&rsquo;il s&rsquo;agisse d&rsquo;applications de chauffage et de fusion par induction standard ou sur mesure.<\/p>\n<\/div><\/div><\/div><\/div><\/div><div class=\"fusion-fullwidth fullwidth-box fusion-builder-row-7 fusion-flex-container has-pattern-background has-mask-background nonhundred-percent-fullwidth non-hundred-percent-height-scrolling\" style=\"--awb-border-radius-top-left:0px;--awb-border-radius-top-right:0px;--awb-border-radius-bottom-right:0px;--awb-border-radius-bottom-left:0px;--awb-flex-wrap:wrap;\" ><div class=\"fusion-builder-row fusion-row fusion-flex-align-items-flex-start fusion-flex-content-wrap\" style=\"max-width:1248px;margin-left: calc(-4% \/ 2 );margin-right: calc(-4% \/ 2 );\"><div class=\"fusion-layout-column fusion_builder_column fusion-builder-column-6 fusion_builder_column_1_1 1_1 fusion-flex-column\" style=\"--awb-bg-size:cover;--awb-width-large:100%;--awb-margin-top-large:0px;--awb-spacing-right-large:1.92%;--awb-margin-bottom-large:20px;--awb-spacing-left-large:1.92%;--awb-width-medium:100%;--awb-order-medium:0;--awb-spacing-right-medium:1.92%;--awb-spacing-left-medium:1.92%;--awb-width-small:100%;--awb-order-small:0;--awb-spacing-right-small:1.92%;--awb-spacing-left-small:1.92%;\"><div class=\"fusion-column-wrapper fusion-column-has-shadow fusion-flex-justify-content-flex-start fusion-content-layout-column\"><div class=\"fusion-text fusion-text-8\"><h2>Conception de bobines de chauffage par induction sur mesure<\/h2>\n<p>La conception des bobines d&rsquo;induction peut affecter de mani\u00e8re significative la qualit\u00e9 de la pi\u00e8ce, l&rsquo;efficacit\u00e9 du processus et les co\u00fbts de production. La conception d&rsquo;une bobine d&rsquo;induction optimale n\u00e9cessite une analyse approfondie des pi\u00e8ces, des sp\u00e9cifications de traitement thermique, de la vitesse de fabrication, de la s\u00e9quence d&rsquo;op\u00e9rations, de la manipulation des mat\u00e9riaux, des param\u00e8tres du syst\u00e8me d&rsquo;induction, des conditions environnementales dans lesquelles la bobine d&rsquo;induction fonctionnera et de la conception du refroidissement. Une bobine d&rsquo;induction bien con\u00e7ue et de qualit\u00e9 industrielle peut durer jusqu&rsquo;\u00e0 30 fois plus longtemps, selon l&rsquo;application, l&rsquo;entretien et l&rsquo;environnement, qu&rsquo;une bobine bon march\u00e9 et peut faire la diff\u00e9rence entre des pi\u00e8ces conformes et non conformes. Nos techniciens sont hautement qualifi\u00e9s et examinent, remettent \u00e0 neuf et reconstruisent des bobines depuis plus de 20 ans ici \u00e0 Zhengzhou. En outre, le personnel de FOCO travaille directement avec les clients pour concevoir des programmes complets de maintenance des bobines.<\/p>\n<\/div><div class=\"fusion-text fusion-text-9\" style=\"--awb-text-transform:capitalize;\"><p><a href=\"https:\/\/www.focoinduction.com\/contact\/\" target=\"_blank\" rel=\"noopener\"><em>Contactez-nous d\u00e8s aujourd&rsquo;hui pour discuter de vos besoins en mati\u00e8re de maintenance des bobines d&rsquo;induction.<\/em><\/a><\/p>\n<\/div><\/div><\/div><\/div><\/div><\/p>\n","protected":false},"excerpt":{"rendered":"","protected":false},"author":1,"featured_media":8749,"parent":9733,"menu_order":0,"comment_status":"closed","ping_status":"closed","template":"","meta":{"footnotes":""},"class_list":["post-8746","page","type-page","status-publish","has-post-thumbnail","hentry"],"_links":{"self":[{"href":"https:\/\/www.focoinduction.com\/fr\/wp-json\/wp\/v2\/pages\/8746","targetHints":{"allow":["GET"]}}],"collection":[{"href":"https:\/\/www.focoinduction.com\/fr\/wp-json\/wp\/v2\/pages"}],"about":[{"href":"https:\/\/www.focoinduction.com\/fr\/wp-json\/wp\/v2\/types\/page"}],"author":[{"embeddable":true,"href":"https:\/\/www.focoinduction.com\/fr\/wp-json\/wp\/v2\/users\/1"}],"replies":[{"embeddable":true,"href":"https:\/\/www.focoinduction.com\/fr\/wp-json\/wp\/v2\/comments?post=8746"}],"version-history":[{"count":0,"href":"https:\/\/www.focoinduction.com\/fr\/wp-json\/wp\/v2\/pages\/8746\/revisions"}],"up":[{"embeddable":true,"href":"https:\/\/www.focoinduction.com\/fr\/wp-json\/wp\/v2\/pages\/9733"}],"wp:featuredmedia":[{"embeddable":true,"href":"https:\/\/www.focoinduction.com\/fr\/wp-json\/wp\/v2\/media\/8749"}],"wp:attachment":[{"href":"https:\/\/www.focoinduction.com\/fr\/wp-json\/wp\/v2\/media?parent=8746"}],"curies":[{"name":"wp","href":"https:\/\/api.w.org\/{rel}","templated":true}]}}