{"id":8919,"date":"2022-12-05T09:54:29","date_gmt":"2022-12-05T01:54:29","guid":{"rendered":"https:\/\/www.focoinduction.com\/industries\/chauffage-par-induction-dans-lindustrie-alimentaire-et-des-boissons\/"},"modified":"2025-01-02T10:34:05","modified_gmt":"2025-01-02T02:34:05","slug":"chauffage-par-induction-dans-lindustrie-alimentaire-et-des-boissons","status":"publish","type":"page","link":"https:\/\/www.focoinduction.com\/fr\/industries\/chauffage-par-induction-dans-lindustrie-alimentaire-et-des-boissons\/","title":{"rendered":"Chauffage par induction dans l&rsquo;industrie alimentaire et des boissons"},"content":{"rendered":"<p><div class=\"fusion-fullwidth fullwidth-box fusion-builder-row-1 fusion-flex-container has-pattern-background has-mask-background nonhundred-percent-fullwidth non-hundred-percent-height-scrolling\" style=\"--awb-border-radius-top-left:0px;--awb-border-radius-top-right:0px;--awb-border-radius-bottom-right:0px;--awb-border-radius-bottom-left:0px;--awb-flex-wrap:wrap;\" ><div class=\"fusion-builder-row fusion-row fusion-flex-align-items-flex-start fusion-flex-content-wrap\" style=\"max-width:1248px;margin-left: calc(-4% \/ 2 );margin-right: calc(-4% \/ 2 );\"><div class=\"fusion-layout-column fusion_builder_column fusion-builder-column-0 fusion_builder_column_1_1 1_1 fusion-flex-column\" style=\"--awb-bg-size:cover;--awb-width-large:100%;--awb-margin-top-large:0px;--awb-spacing-right-large:1.92%;--awb-margin-bottom-large:20px;--awb-spacing-left-large:1.92%;--awb-width-medium:100%;--awb-order-medium:0;--awb-spacing-right-medium:1.92%;--awb-spacing-left-medium:1.92%;--awb-width-small:100%;--awb-order-small:0;--awb-spacing-right-small:1.92%;--awb-spacing-left-small:1.92%;\"><div class=\"fusion-column-wrapper fusion-column-has-shadow fusion-flex-justify-content-flex-start fusion-content-layout-column\"><div class=\"fusion-text fusion-text-1\"><p>Le chauffage par induction est utilis\u00e9 dans l&rsquo;industrie alimentaire et des boissons pour la m\u00eame force, la m\u00eame pr\u00e9cision et les m\u00eames capacit\u00e9s de r\u00e9glage fin qui en font un produit favori dans les industries lourdes. Par exemple, les \u00e9changeurs de chaleur \u00e0 induction emp\u00eachent les temp\u00e9ratures \u00e9lev\u00e9es localis\u00e9es, ce qui est essentiel pour contr\u00f4ler la cin\u00e9tique des r\u00e9actions dans la transformation des aliments.<\/p>\n<\/div><\/div><\/div><\/div><\/div><div class=\"fusion-fullwidth fullwidth-box fusion-builder-row-2 fusion-flex-container has-pattern-background has-mask-background nonhundred-percent-fullwidth non-hundred-percent-height-scrolling\" style=\"--awb-border-radius-top-left:0px;--awb-border-radius-top-right:0px;--awb-border-radius-bottom-right:0px;--awb-border-radius-bottom-left:0px;--awb-flex-wrap:wrap;\" ><div class=\"fusion-builder-row fusion-row fusion-flex-align-items-flex-start fusion-flex-content-wrap\" style=\"max-width:1248px;margin-left: calc(-4% \/ 2 );margin-right: calc(-4% \/ 2 );\"><div class=\"fusion-layout-column fusion_builder_column fusion-builder-column-1 fusion_builder_column_1_1 1_1 fusion-flex-column\" style=\"--awb-bg-size:cover;--awb-width-large:100%;--awb-margin-top-large:0px;--awb-spacing-right-large:1.92%;--awb-margin-bottom-large:20px;--awb-spacing-left-large:1.92%;--awb-width-medium:100%;--awb-order-medium:0;--awb-spacing-right-medium:1.92%;--awb-spacing-left-medium:1.92%;--awb-width-small:100%;--awb-order-small:0;--awb-spacing-right-small:1.92%;--awb-spacing-left-small:1.92%;\"><div class=\"fusion-column-wrapper fusion-column-has-shadow fusion-flex-justify-content-flex-start fusion-content-layout-column\"><div class=\"fusion-text fusion-text-2\"><h2>Chauffage des fluides par induction<\/h2>\n<p>En chauffant de l&rsquo;int\u00e9rieur vers l&rsquo;ext\u00e9rieur, l&rsquo;induction est une m\u00e9thode simple et pr\u00e9cise couramment utilis\u00e9e dans les industries alimentaires et des boissons. Le chauffage par fluides \u00e0 l&rsquo;\u00e9chelle industrielle permet aux aliments de rester stables pendant des semaines ou des mois, garantit que les produits ne d\u00e9velopperont pas de bact\u00e9ries et joue un r\u00f4le crucial dans d&rsquo;autres applications industrielles et chimiques. Le processus fait appel au chauffage par susceptor, qui consiste \u00e0 utiliser des <a href=\"https:\/\/www.focoinduction.com\/fr\/bobine-de-chauffage-par-induction-sur-mesure\/\" target=\"_blank\" rel=\"noopener\">bobines d&rsquo;induction<\/a> pour chauffer l&rsquo;objet conducteur d&rsquo;\u00e9lectricit\u00e9 qui touche l&rsquo;aliment. Le chauffage des fluides \u00e0 l&rsquo;\u00e9chelle industrielle est \u00e9galement l&rsquo;un des domaines les plus complexes pour la d\u00e9carbonisation, ce qui constitue un probl\u00e8me important. L&rsquo;encrassement des surfaces chauffantes est un \u00e9norme d\u00e9fi dans la fabrication des aliments et des boissons. Il s&rsquo;agit de la principale cause d&rsquo;arr\u00eat des produits riches en prot\u00e9ines tels que les \u0153ufs liquides, les boissons prot\u00e9in\u00e9es et le lait chocolat\u00e9. Les entreprises qui appliquent le chauffage par induction \u00e0 leurs proc\u00e9dures seront plus polyvalentes en ce qui concerne les m\u00e9thodes alimentaires durables et seront en mesure de relever les d\u00e9fis \u00e0 venir.<\/p>\n<\/div><\/div><\/div><\/div><\/div><div class=\"fusion-fullwidth fullwidth-box fusion-builder-row-3 fusion-flex-container has-pattern-background has-mask-background nonhundred-percent-fullwidth non-hundred-percent-height-scrolling\" style=\"--awb-border-radius-top-left:0px;--awb-border-radius-top-right:0px;--awb-border-radius-bottom-right:0px;--awb-border-radius-bottom-left:0px;--awb-flex-wrap:wrap;\" ><div class=\"fusion-builder-row fusion-row fusion-flex-align-items-flex-start fusion-flex-content-wrap\" style=\"max-width:1248px;margin-left: calc(-4% \/ 2 );margin-right: calc(-4% \/ 2 );\"><div class=\"fusion-layout-column fusion_builder_column fusion-builder-column-2 fusion_builder_column_1_1 1_1 fusion-flex-column\" style=\"--awb-bg-size:cover;--awb-width-large:100%;--awb-margin-top-large:0px;--awb-spacing-right-large:1.92%;--awb-margin-bottom-large:20px;--awb-spacing-left-large:1.92%;--awb-width-medium:100%;--awb-order-medium:0;--awb-spacing-right-medium:1.92%;--awb-spacing-left-medium:1.92%;--awb-width-small:100%;--awb-order-small:0;--awb-spacing-right-small:1.92%;--awb-spacing-left-small:1.92%;\"><div class=\"fusion-column-wrapper fusion-column-has-shadow fusion-flex-justify-content-flex-start fusion-content-layout-column\"><div class=\"fusion-text fusion-text-3\"><h2>L&rsquo;induction, c&rsquo;est vert<\/h2>\n<p>L&rsquo;application du <a href=\"https:\/\/www.focoinduction.com\/lean-about-induction-heating\/induction-heating\/\" target=\"_blank\" rel=\"noopener\">chauffage par induction<\/a> \u00e0 votre entreprise permet de relever les d\u00e9fis visant \u00e0 passer \u00e0 des empreintes plus faibles, dans l&rsquo;optique de l&rsquo;Agenda 2030 pour le d\u00e9veloppement durable. Sachant que les fabricants d&rsquo;aliments et de boissons qui travaillent avec le chauffage par induction ont de fortes chances d&rsquo;avoir des produits \u00e0 valeur ajout\u00e9e et durables, travailler avec des technologies propres contribuerait \u00e0 la protection de l&rsquo;environnement et \u00e0 la diminution de l&#8217;empreinte carbone de l&rsquo;industrie alimentaire. Les syst\u00e8mes alimentaires \u00e0 induction aident les fabricants d&rsquo;aliments et de boissons \u00e0 accro\u00eetre leur efficacit\u00e9 et leur rendement en utilisant un \u00e9quipement de chauffage de pr\u00e9cision \u00e0 la demande. Ils ont \u00e9galement trouv\u00e9 des applications en dehors de l&rsquo;industrie alimentaire, notamment chez les fabricants de produits chimiques sp\u00e9cialis\u00e9s qui doivent chauffer des produits difficiles \u00e0 chauffer.<\/p>\n<\/div><\/div><\/div><\/div><\/div><div class=\"fusion-fullwidth fullwidth-box fusion-builder-row-4 fusion-flex-container has-pattern-background has-mask-background nonhundred-percent-fullwidth non-hundred-percent-height-scrolling\" style=\"--awb-border-radius-top-left:0px;--awb-border-radius-top-right:0px;--awb-border-radius-bottom-right:0px;--awb-border-radius-bottom-left:0px;--awb-flex-wrap:wrap;\" ><div class=\"fusion-builder-row fusion-row fusion-flex-align-items-flex-start fusion-flex-content-wrap\" style=\"max-width:1248px;margin-left: calc(-4% \/ 2 );margin-right: calc(-4% \/ 2 );\"><div class=\"fusion-layout-column fusion_builder_column fusion-builder-column-3 fusion_builder_column_1_1 1_1 fusion-flex-column\" style=\"--awb-bg-size:cover;--awb-width-large:100%;--awb-margin-top-large:0px;--awb-spacing-right-large:1.92%;--awb-margin-bottom-large:20px;--awb-spacing-left-large:1.92%;--awb-width-medium:100%;--awb-order-medium:0;--awb-spacing-right-medium:1.92%;--awb-spacing-left-medium:1.92%;--awb-width-small:100%;--awb-order-small:0;--awb-spacing-right-small:1.92%;--awb-spacing-left-small:1.92%;\"><div class=\"fusion-column-wrapper fusion-column-has-shadow fusion-flex-justify-content-flex-start fusion-content-layout-column\"><div class=\"fusion-text fusion-text-4\"><h2>Applications du chauffage par induction dans l&rsquo;industrie alimentaire<\/h2>\n<p><strong>Chauffage par induction :<\/strong> Transformation des aliments, st\u00e9rilisation des aliments, \u00e9vaporation des aliments, d\u00e9shydratation, d\u00e9cong\u00e9lation, simulation de lyophilisation, cuisson des aliments, pasteurisation, scellage herm\u00e9tique inviolable, scellage des bouchons, scellage des emballages, chauffage de l&rsquo;huile de cuisson, contr\u00f4le uniforme de la temp\u00e9rature, scellage des bouchons de bouteille, torr\u00e9faction.<\/p>\n<\/div><\/div><\/div><\/div><\/div><div class=\"fusion-fullwidth fullwidth-box fusion-builder-row-5 fusion-flex-container has-pattern-background has-mask-background nonhundred-percent-fullwidth non-hundred-percent-height-scrolling\" style=\"--awb-border-radius-top-left:0px;--awb-border-radius-top-right:0px;--awb-border-radius-bottom-right:0px;--awb-border-radius-bottom-left:0px;--awb-background-color:#ffffff;--awb-flex-wrap:wrap;\" ><div class=\"fusion-builder-row fusion-row fusion-flex-align-items-flex-start fusion-flex-content-wrap\" style=\"max-width:1248px;margin-left: calc(-4% \/ 2 );margin-right: calc(-4% \/ 2 );\"><div class=\"fusion-layout-column fusion_builder_column fusion-builder-column-4 fusion_builder_column_1_1 1_1 fusion-flex-column\" style=\"--awb-bg-size:cover;--awb-border-color:#e2e2e2;--awb-border-top:1px;--awb-border-style:solid;--awb-width-large:100%;--awb-margin-top-large:0px;--awb-spacing-right-large:1.92%;--awb-margin-bottom-large:20px;--awb-spacing-left-large:1.92%;--awb-width-medium:100%;--awb-order-medium:0;--awb-spacing-right-medium:1.92%;--awb-spacing-left-medium:1.92%;--awb-width-small:100%;--awb-order-small:0;--awb-spacing-right-small:1.92%;--awb-spacing-left-small:1.92%;\"><div class=\"fusion-column-wrapper fusion-column-has-shadow fusion-flex-justify-content-flex-start fusion-content-layout-column\"><div class=\"fusion-text fusion-text-5\" style=\"--awb-text-transform:none;\"><h3>Produits apparent\u00e9s<\/h3>\n<\/div><\/div><\/div><div class=\"fusion-layout-column fusion_builder_column fusion-builder-column-5 fusion_builder_column_1_3 1_3 fusion-flex-column fusion-flex-align-self-center\" style=\"--awb-bg-size:cover;--awb-width-large:33.333333333333%;--awb-margin-top-large:0px;--awb-spacing-right-large:5.76%;--awb-margin-bottom-large:20px;--awb-spacing-left-large:5.76%;--awb-width-medium:33.333333333333%;--awb-order-medium:0;--awb-spacing-right-medium:5.76%;--awb-spacing-left-medium:5.76%;--awb-width-small:100%;--awb-order-small:0;--awb-spacing-right-small:1.92%;--awb-spacing-left-small:1.92%;\"><div class=\"fusion-column-wrapper fusion-column-has-shadow fusion-flex-justify-content-flex-start fusion-content-layout-column\"><div class=\"fusion-image-element \" style=\"text-align:center;--awb-liftup-border-radius:0px;--awb-caption-title-color:#8bc34a;--awb-caption-margin-top:20px;--awb-caption-margin-bottom:20px;--awb-caption-title-font-family:var(--h4_typography-font-family);--awb-caption-title-font-weight:var(--h4_typography-font-weight);--awb-caption-title-font-style:var(--h4_typography-font-style);--awb-caption-title-size:18px;--awb-caption-title-transform:var(--h4_typography-text-transform);--awb-caption-title-line-height:var(--h4_typography-line-height);--awb-caption-title-letter-spacing:var(--h4_typography-letter-spacing);\"><div class=\"awb-image-frame awb-image-frame-1 imageframe-liftup\"><span class=\" fusion-imageframe imageframe-none imageframe-1\" style=\"border:1px solid #000000;\"><a class=\"fusion-no-lightbox\" href=\"https:\/\/www.focoinduction.com\/induction-heating-equipment\/induction-heating-machine\/high-frequency-induction-heating-machine\/\" target=\"_blank\" aria-label=\"High frequency induction heating machine\" rel=\"noopener noreferrer\"><img decoding=\"async\" width=\"380\" height=\"280\" alt=\"Machine de chauffage par induction \u00e0 haute fr\u00e9quence\" src=\"https:\/\/www.focoinduction.com\/wp-content\/uploads\/2021\/12\/High-frequency-induction-heating-machine.jpg\" class=\"img-responsive wp-image-10550\" srcset=\"https:\/\/www.focoinduction.com\/wp-content\/uploads\/2021\/12\/High-frequency-induction-heating-machine-200x147.jpg 200w, https:\/\/www.focoinduction.com\/wp-content\/uploads\/2021\/12\/High-frequency-induction-heating-machine.jpg 380w\" sizes=\"(max-width: 768px) 100vw, 380px\" \/><\/a><\/span><\/div><\/div><div class=\"fusion-text fusion-text-6\" style=\"--awb-text-transform:none;--awb-margin-top:10px;\"><p style=\"text-align: center;\"><a href=\"https:\/\/www.focoinduction.com\/induction-heating-equipment\/induction-heating-machine\/high-frequency-induction-heating-machine\/\" target=\"_blank\" rel=\"noopener\">Machine de chauffage par induction \u00e0 haute fr\u00e9quence<\/a><\/p>\n<\/div><\/div><\/div><div class=\"fusion-layout-column fusion_builder_column fusion-builder-column-6 fusion_builder_column_1_3 1_3 fusion-flex-column fusion-flex-align-self-center\" style=\"--awb-bg-size:cover;--awb-width-large:33.333333333333%;--awb-margin-top-large:0px;--awb-spacing-right-large:5.76%;--awb-margin-bottom-large:20px;--awb-spacing-left-large:5.76%;--awb-width-medium:33.333333333333%;--awb-order-medium:0;--awb-spacing-right-medium:5.76%;--awb-spacing-left-medium:5.76%;--awb-width-small:100%;--awb-order-small:0;--awb-spacing-right-small:1.92%;--awb-spacing-left-small:1.92%;\"><div class=\"fusion-column-wrapper fusion-column-has-shadow fusion-flex-justify-content-flex-start fusion-content-layout-column\"><div class=\"fusion-image-element \" style=\"text-align:center;--awb-liftup-border-radius:0px;--awb-caption-title-color:#8bc34a;--awb-caption-margin-top:20px;--awb-caption-margin-bottom:20px;--awb-caption-title-font-family:var(--h4_typography-font-family);--awb-caption-title-font-weight:var(--h4_typography-font-weight);--awb-caption-title-font-style:var(--h4_typography-font-style);--awb-caption-title-size:18px;--awb-caption-title-transform:var(--h4_typography-text-transform);--awb-caption-title-line-height:var(--h4_typography-line-height);--awb-caption-title-letter-spacing:var(--h4_typography-letter-spacing);\"><div class=\"awb-image-frame awb-image-frame-2 imageframe-liftup\"><span class=\" fusion-imageframe imageframe-none imageframe-2\" style=\"border:1px solid #000000;\"><a class=\"fusion-no-lightbox\" href=\"https:\/\/www.focoinduction.com\/induction-heating-equipment\/induction-heating-machine\/medium-frequency-induction-heating-machine\/\" target=\"_blank\" aria-label=\"Medium frequency induction heating machine\" rel=\"noopener noreferrer\"><img decoding=\"async\" width=\"380\" height=\"280\" alt=\"Machine de chauffage par induction \u00e0 moyenne fr\u00e9quence\" src=\"https:\/\/www.focoinduction.com\/wp-content\/uploads\/2021\/12\/Medium-frequency-induction-heating-machine.jpg\" class=\"img-responsive wp-image-14776\" srcset=\"https:\/\/www.focoinduction.com\/wp-content\/uploads\/2021\/12\/Medium-frequency-induction-heating-machine-200x147.jpg 200w, https:\/\/www.focoinduction.com\/wp-content\/uploads\/2021\/12\/Medium-frequency-induction-heating-machine.jpg 380w\" sizes=\"(max-width: 768px) 100vw, 380px\" \/><\/a><\/span><\/div><\/div><div class=\"fusion-text fusion-text-7\" style=\"--awb-text-transform:none;--awb-margin-top:10px;\"><p style=\"text-align: center;\"><a href=\"https:\/\/www.focoinduction.com\/induction-heating-equipment\/induction-heating-machine\/medium-frequency-induction-heating-machine\/\" target=\"_blank\" rel=\"noopener\">Machine de chauffage par induction \u00e0 moyenne fr\u00e9quence<\/a><\/p>\n<\/div><\/div><\/div><div class=\"fusion-layout-column fusion_builder_column fusion-builder-column-7 fusion_builder_column_1_3 1_3 fusion-flex-column fusion-flex-align-self-center\" style=\"--awb-bg-size:cover;--awb-width-large:33.333333333333%;--awb-margin-top-large:0px;--awb-spacing-right-large:5.76%;--awb-margin-bottom-large:20px;--awb-spacing-left-large:5.76%;--awb-width-medium:33.333333333333%;--awb-order-medium:0;--awb-spacing-right-medium:5.76%;--awb-spacing-left-medium:5.76%;--awb-width-small:100%;--awb-order-small:0;--awb-spacing-right-small:1.92%;--awb-spacing-left-small:1.92%;\"><div class=\"fusion-column-wrapper fusion-column-has-shadow fusion-flex-justify-content-flex-start fusion-content-layout-column\"><div class=\"fusion-image-element \" style=\"text-align:center;--awb-liftup-border-radius:0px;--awb-caption-title-color:#8bc34a;--awb-caption-margin-top:20px;--awb-caption-margin-bottom:20px;--awb-caption-title-font-family:var(--h4_typography-font-family);--awb-caption-title-font-weight:var(--h4_typography-font-weight);--awb-caption-title-font-style:var(--h4_typography-font-style);--awb-caption-title-size:18px;--awb-caption-title-transform:var(--h4_typography-text-transform);--awb-caption-title-line-height:var(--h4_typography-line-height);--awb-caption-title-letter-spacing:var(--h4_typography-letter-spacing);\"><div class=\"awb-image-frame awb-image-frame-3 imageframe-liftup\"><span class=\" fusion-imageframe imageframe-none imageframe-3\" style=\"border:1px solid #000000;\"><a class=\"fusion-no-lightbox\" href=\"https:\/\/www.focoinduction.com\/induction-heating-equipment\/induction-heating-machine\/ultra-high-frequency-induction-heating-machine\/\" target=\"_blank\" aria-label=\"Ultra High Frequency Induction Heating Machine\" rel=\"noopener noreferrer\"><img decoding=\"async\" width=\"380\" height=\"280\" alt=\"Machine de chauffage par induction \u00e0 ultra-haute fr\u00e9quence\" src=\"https:\/\/www.focoinduction.com\/wp-content\/uploads\/2021\/12\/Ultra-High-Frequency-Induction-Heating-Machine.jpg\" class=\"img-responsive wp-image-10632\" srcset=\"https:\/\/www.focoinduction.com\/wp-content\/uploads\/2021\/12\/Ultra-High-Frequency-Induction-Heating-Machine-200x147.jpg 200w, https:\/\/www.focoinduction.com\/wp-content\/uploads\/2021\/12\/Ultra-High-Frequency-Induction-Heating-Machine.jpg 380w\" sizes=\"(max-width: 768px) 100vw, 380px\" \/><\/a><\/span><\/div><\/div><div class=\"fusion-text fusion-text-8\" style=\"--awb-text-transform:none;--awb-margin-top:10px;\"><p style=\"text-align: center;\"><a href=\"https:\/\/www.focoinduction.com\/induction-heating-equipment\/induction-heating-machine\/ultra-high-frequency-induction-heating-machine\/\" target=\"_blank\" rel=\"noopener\">Machine de chauffage par induction \u00e0 ultra-haute fr\u00e9quence<\/a><\/p>\n<\/div><\/div><\/div><div class=\"fusion-layout-column fusion_builder_column fusion-builder-column-8 fusion_builder_column_1_3 1_3 fusion-flex-column fusion-flex-align-self-center\" style=\"--awb-bg-size:cover;--awb-width-large:33.333333333333%;--awb-margin-top-large:0px;--awb-spacing-right-large:5.76%;--awb-margin-bottom-large:20px;--awb-spacing-left-large:5.76%;--awb-width-medium:33.333333333333%;--awb-order-medium:0;--awb-spacing-right-medium:5.76%;--awb-spacing-left-medium:5.76%;--awb-width-small:100%;--awb-order-small:0;--awb-spacing-right-small:1.92%;--awb-spacing-left-small:1.92%;\"><div class=\"fusion-column-wrapper fusion-column-has-shadow fusion-flex-justify-content-flex-start fusion-content-layout-column\"><div class=\"fusion-image-element \" style=\"text-align:center;--awb-liftup-border-radius:0px;--awb-caption-title-color:#8bc34a;--awb-caption-margin-top:20px;--awb-caption-margin-bottom:20px;--awb-caption-title-font-family:var(--h4_typography-font-family);--awb-caption-title-font-weight:var(--h4_typography-font-weight);--awb-caption-title-font-style:var(--h4_typography-font-style);--awb-caption-title-size:18px;--awb-caption-title-transform:var(--h4_typography-text-transform);--awb-caption-title-line-height:var(--h4_typography-line-height);--awb-caption-title-letter-spacing:var(--h4_typography-letter-spacing);\"><div class=\"awb-image-frame awb-image-frame-4 imageframe-liftup\"><span class=\" fusion-imageframe imageframe-none imageframe-4\" style=\"border:1px solid #000000;\"><a class=\"fusion-no-lightbox\" href=\"https:\/\/www.focoinduction.com\/induction-heating-equipment\/induction-heating-machine\/super-audio-frequency-induction-heating-machine\/\" target=\"_blank\" aria-label=\"Super audio induction heating machine\" rel=\"noopener noreferrer\"><img decoding=\"async\" width=\"380\" height=\"280\" alt=\"Machine de chauffage par induction \u00e0 super fr\u00e9quence audio\" src=\"https:\/\/www.focoinduction.com\/wp-content\/uploads\/2021\/12\/Super-audio-induction-heating-machine.jpg\" class=\"img-responsive wp-image-10827\" srcset=\"https:\/\/www.focoinduction.com\/wp-content\/uploads\/2021\/12\/Super-audio-induction-heating-machine-200x147.jpg 200w, https:\/\/www.focoinduction.com\/wp-content\/uploads\/2021\/12\/Super-audio-induction-heating-machine.jpg 380w\" sizes=\"(max-width: 768px) 100vw, 380px\" \/><\/a><\/span><\/div><\/div><div class=\"fusion-text fusion-text-9\" style=\"--awb-text-transform:none;--awb-margin-top:10px;\"><p style=\"text-align: center;\"><a href=\"https:\/\/www.focoinduction.com\/induction-heating-equipment\/induction-heating-machine\/super-audio-frequency-induction-heating-machine\/\" target=\"_blank\" rel=\"noopener\">Machine de chauffage par induction \u00e0 super fr\u00e9quence audio<\/a><\/p>\n<\/div><\/div><\/div><\/div><\/div><\/p>\n","protected":false},"excerpt":{"rendered":"","protected":false},"author":1,"featured_media":8920,"parent":8836,"menu_order":0,"comment_status":"closed","ping_status":"closed","template":"","meta":{"footnotes":""},"class_list":["post-8919","page","type-page","status-publish","has-post-thumbnail","hentry"],"_links":{"self":[{"href":"https:\/\/www.focoinduction.com\/fr\/wp-json\/wp\/v2\/pages\/8919","targetHints":{"allow":["GET"]}}],"collection":[{"href":"https:\/\/www.focoinduction.com\/fr\/wp-json\/wp\/v2\/pages"}],"about":[{"href":"https:\/\/www.focoinduction.com\/fr\/wp-json\/wp\/v2\/types\/page"}],"author":[{"embeddable":true,"href":"https:\/\/www.focoinduction.com\/fr\/wp-json\/wp\/v2\/users\/1"}],"replies":[{"embeddable":true,"href":"https:\/\/www.focoinduction.com\/fr\/wp-json\/wp\/v2\/comments?post=8919"}],"version-history":[{"count":0,"href":"https:\/\/www.focoinduction.com\/fr\/wp-json\/wp\/v2\/pages\/8919\/revisions"}],"up":[{"embeddable":true,"href":"https:\/\/www.focoinduction.com\/fr\/wp-json\/wp\/v2\/pages\/8836"}],"wp:featuredmedia":[{"embeddable":true,"href":"https:\/\/www.focoinduction.com\/fr\/wp-json\/wp\/v2\/media\/8920"}],"wp:attachment":[{"href":"https:\/\/www.focoinduction.com\/fr\/wp-json\/wp\/v2\/media?parent=8919"}],"curies":[{"name":"wp","href":"https:\/\/api.w.org\/{rel}","templated":true}]}}