{"id":9066,"date":"2023-02-08T14:26:20","date_gmt":"2023-02-08T06:26:20","guid":{"rendered":"https:\/\/www.focoinduction.com\/quest-ce-que-le-revenu-par-induction\/"},"modified":"2025-01-02T10:38:39","modified_gmt":"2025-01-02T02:38:39","slug":"quest-ce-que-le-revenu-par-induction","status":"publish","type":"page","link":"https:\/\/www.focoinduction.com\/fr\/lean-sur-le-chauffage-par-induction\/quest-ce-que-le-revenu-par-induction\/","title":{"rendered":"Qu&rsquo;est-ce que le revenu par induction ?"},"content":{"rendered":"<div class=\"fusion-fullwidth fullwidth-box fusion-builder-row-1 fusion-flex-container has-pattern-background has-mask-background nonhundred-percent-fullwidth non-hundred-percent-height-scrolling\" style=\"--awb-border-radius-top-left:0px;--awb-border-radius-top-right:0px;--awb-border-radius-bottom-right:0px;--awb-border-radius-bottom-left:0px;--awb-flex-wrap:wrap;\" ><div class=\"fusion-builder-row fusion-row fusion-flex-align-items-flex-start fusion-flex-content-wrap\" style=\"max-width:1248px;margin-left: calc(-4% \/ 2 );margin-right: calc(-4% \/ 2 );\"><div class=\"fusion-layout-column fusion_builder_column fusion-builder-column-0 fusion_builder_column_1_1 1_1 fusion-flex-column\" style=\"--awb-bg-size:cover;--awb-width-large:100%;--awb-margin-top-large:0px;--awb-spacing-right-large:1.92%;--awb-margin-bottom-large:20px;--awb-spacing-left-large:1.92%;--awb-width-medium:100%;--awb-order-medium:0;--awb-spacing-right-medium:1.92%;--awb-spacing-left-medium:1.92%;--awb-width-small:100%;--awb-order-small:0;--awb-spacing-right-small:1.92%;--awb-spacing-left-small:1.92%;\"><div class=\"fusion-column-wrapper fusion-column-has-shadow fusion-flex-justify-content-flex-start fusion-content-layout-column\"><div class=\"fusion-text fusion-text-1\"><p>Le revenu par induction est un processus de traitement thermique g\u00e9n\u00e9ralement effectu\u00e9 apr\u00e8s un processus de trempe par induction, de c\u00e9mentation atmosph\u00e9rique ou de carbonitruration, afin d&rsquo;obtenir la ductilit\u00e9 et le rapport duret\u00e9\/rigidit\u00e9 souhait\u00e9s. L&rsquo;acier tremp\u00e9 par induction est un traitement thermique g\u00e9n\u00e9ralement effectu\u00e9 apr\u00e8s un processus de trempe par induction, de c\u00e9mentation atmosph\u00e9rique ou de carbonitruration, afin d&rsquo;obtenir la ductilit\u00e9 et le rapport duret\u00e9\/rigidit\u00e9 souhait\u00e9s. L&rsquo;acier tremp\u00e9 par induction est g\u00e9n\u00e9ralement trait\u00e9 dans des fours qui peuvent \u00eatre dot\u00e9s d&rsquo;une option de gaz protecteur. Le gaz protecteur emp\u00eache l&rsquo;oxydation de la surface tout au long du processus et est principalement utilis\u00e9 \u00e0 des temp\u00e9ratures plus \u00e9lev\u00e9es. Une fr\u00e9quence plus basse permet d&rsquo;obtenir des r\u00e9sultats en quelques secondes, contrairement aux applications de trempe au four qui n\u00e9cessitent g\u00e9n\u00e9ralement des heures. Pour certains types d&rsquo;acier, le temps de maintien \u00e0 la temp\u00e9rature de revenu est tr\u00e8s important ; des temps de maintien prolong\u00e9s seront n\u00e9cessaires \u00e0 des temp\u00e9ratures plus \u00e9lev\u00e9es. Selon la nuance d&rsquo;acier utilis\u00e9e, il existe un ph\u00e9nom\u00e8ne connu sous le nom de gel de revenu qui peut appara\u00eetre dans des plages de temp\u00e9rature sp\u00e9cifiques. Le revenu dans ces intervalles de temp\u00e9rature doit g\u00e9n\u00e9ralement \u00eatre \u00e9vit\u00e9. Ces zones sont indiqu\u00e9es dans le catalogue des aciers d&rsquo;un fournisseur d&rsquo;acier, avec les temp\u00e9ratures les plus appropri\u00e9es. En fonction des exigences en mati\u00e8re de duret\u00e9, le revenu par induction peut \u00eatre effectu\u00e9 sur tous les composants, tels que les barres, les joints et les arbres. Le revenu am\u00e9liore \u00e0 la fois la <a href=\"https:\/\/www.focoinduction.com\/what-is-the-hardness-of-the-induction-hardened-steel-parts\/\" target=\"_blank\" rel=\"noopener\">duret\u00e9 du<\/a> mat\u00e9riau et sa r\u00e9sistance \u00e0 l&rsquo;usure.<\/p>\n<\/div><\/div><\/div><div class=\"fusion-layout-column fusion_builder_column fusion-builder-column-1 fusion_builder_column_1_1 1_1 fusion-flex-column\" style=\"--awb-bg-size:cover;--awb-width-large:100%;--awb-margin-top-large:0px;--awb-spacing-right-large:1.92%;--awb-margin-bottom-large:20px;--awb-spacing-left-large:1.92%;--awb-width-medium:100%;--awb-order-medium:0;--awb-spacing-right-medium:1.92%;--awb-spacing-left-medium:1.92%;--awb-width-small:100%;--awb-order-small:0;--awb-spacing-right-small:1.92%;--awb-spacing-left-small:1.92%;\"><div class=\"fusion-column-wrapper fusion-column-has-shadow fusion-flex-justify-content-flex-start fusion-content-layout-column\"><div class=\"fusion-text fusion-text-2\"><h2>Trempe par induction dans l&rsquo;industrie<\/h2>\n<p>O\u00f9 sont utilis\u00e9es les temp\u00e9ratures d&rsquo;induction ? La trempe de l&rsquo;acier et de la fonte est l&rsquo;application la plus courante du traitement thermique par induction. Le traitement thermique par induction est largement utilis\u00e9 dans l&rsquo;industrie automobile pour le traitement des composants tremp\u00e9s en surface tels que les arbres, les barres et les joints. Les industries des tubes et des tuyaux utilisent \u00e9galement ce proc\u00e9d\u00e9 pour tremper les pi\u00e8ces. Il s&rsquo;agit \u00e9galement d&rsquo;une forme de c\u00e9mentation, qui peut \u00eatre utilis\u00e9e sur de nombreuses plaques d&rsquo;acier et d&rsquo;alliages d&rsquo;acier pour augmenter les propri\u00e9t\u00e9s de la couche superficielle, telles que la r\u00e9sistance \u00e0 l&rsquo;usure et la duret\u00e9. Parmi les autres utilisations industrielles, citons <\/p>\n<ul>\n<li>Tracteurs et machines de construction<\/li>\n<li>Industrie de la fabrication de machines-outils<\/li>\n<li>Machines lourdes<\/li>\n<li>Industrie du roulement<\/li>\n<li>Chemins de fer<\/li>\n<li>Transport<\/li>\n<li>Plateformes p\u00e9troli\u00e8res<\/li>\n<li>Machines m\u00e9tallurgiques<\/li>\n<\/ul>\n<\/div><\/div><\/div><\/div><\/div>\n","protected":false},"excerpt":{"rendered":"","protected":false},"author":1,"featured_media":9067,"parent":9677,"menu_order":0,"comment_status":"closed","ping_status":"closed","template":"","meta":{"footnotes":""},"class_list":["post-9066","page","type-page","status-publish","has-post-thumbnail","hentry"],"_links":{"self":[{"href":"https:\/\/www.focoinduction.com\/fr\/wp-json\/wp\/v2\/pages\/9066","targetHints":{"allow":["GET"]}}],"collection":[{"href":"https:\/\/www.focoinduction.com\/fr\/wp-json\/wp\/v2\/pages"}],"about":[{"href":"https:\/\/www.focoinduction.com\/fr\/wp-json\/wp\/v2\/types\/page"}],"author":[{"embeddable":true,"href":"https:\/\/www.focoinduction.com\/fr\/wp-json\/wp\/v2\/users\/1"}],"replies":[{"embeddable":true,"href":"https:\/\/www.focoinduction.com\/fr\/wp-json\/wp\/v2\/comments?post=9066"}],"version-history":[{"count":0,"href":"https:\/\/www.focoinduction.com\/fr\/wp-json\/wp\/v2\/pages\/9066\/revisions"}],"up":[{"embeddable":true,"href":"https:\/\/www.focoinduction.com\/fr\/wp-json\/wp\/v2\/pages\/9677"}],"wp:featuredmedia":[{"embeddable":true,"href":"https:\/\/www.focoinduction.com\/fr\/wp-json\/wp\/v2\/media\/9067"}],"wp:attachment":[{"href":"https:\/\/www.focoinduction.com\/fr\/wp-json\/wp\/v2\/media?parent=9066"}],"curies":[{"name":"wp","href":"https:\/\/api.w.org\/{rel}","templated":true}]}}