{"id":9194,"date":"2024-12-27T16:10:15","date_gmt":"2024-12-27T08:10:15","guid":{"rendered":"https:\/\/www.focoinduction.com\/brasage-par-induction-de-plaques-de-cuivre\/"},"modified":"2025-01-02T10:51:03","modified_gmt":"2025-01-02T02:51:03","slug":"brasage-par-induction-de-plaques-de-cuivre","status":"publish","type":"page","link":"https:\/\/www.focoinduction.com\/fr\/applications\/brasage-par-induction\/brasage-par-induction-de-plaques-de-cuivre\/","title":{"rendered":"Brasage par induction de plaques de cuivre"},"content":{"rendered":"<p><div class=\"fusion-fullwidth fullwidth-box fusion-builder-row-1 fusion-flex-container has-pattern-background has-mask-background nonhundred-percent-fullwidth non-hundred-percent-height-scrolling\" style=\"--awb-border-sizes-bottom:1px;--awb-border-radius-top-left:0px;--awb-border-radius-top-right:0px;--awb-border-radius-bottom-right:0px;--awb-border-radius-bottom-left:0px;--awb-flex-wrap:wrap;\" ><div class=\"fusion-builder-row fusion-row fusion-flex-align-items-flex-start fusion-flex-content-wrap\" style=\"max-width:1248px;margin-left: calc(-4% \/ 2 );margin-right: calc(-4% \/ 2 );\"><div class=\"fusion-layout-column fusion_builder_column fusion-builder-column-0 fusion_builder_column_1_1 1_1 fusion-flex-column\" style=\"--awb-bg-size:cover;--awb-width-large:100%;--awb-margin-top-large:0px;--awb-spacing-right-large:1.92%;--awb-margin-bottom-large:20px;--awb-spacing-left-large:1.92%;--awb-width-medium:100%;--awb-order-medium:0;--awb-spacing-right-medium:1.92%;--awb-spacing-left-medium:1.92%;--awb-width-small:100%;--awb-order-small:0;--awb-spacing-right-small:1.92%;--awb-spacing-left-small:1.92%;\"><div class=\"fusion-column-wrapper fusion-column-has-shadow fusion-flex-justify-content-flex-start fusion-content-layout-column\"><div class=\"fusion-text fusion-text-1\"><h2>Brasage de plaques de cuivre pour moteurs \u00e0 l&rsquo;aide d&rsquo;une machine portable de chauffage par induction<\/h2>\n<p>Notre machine \u00e0 braser portable \u00e0 induction convient parfaitement au brasage des plaques de cuivre et des extr\u00e9mit\u00e9s des faisceaux de fils de cuivre. Gr\u00e2ce au chauffage par induction rapide et efficace, elle r\u00e9duit l&rsquo;oxydation de la surface du cuivre et offre une meilleure qualit\u00e9 de brasage. Le brasage \u00e0 l&rsquo;argent des plaques de cuivre est un processus important dans la fabrication des moteurs \u00e9lectriques. Les plaques de cuivre peuvent avoir des \u00e9paisseurs et des largeurs diff\u00e9rentes, et il est souvent n\u00e9cessaire de braser ensemble deux ou plusieurs conducteurs en cuivre. <a href=\"https:\/\/www.focoinduction.com\/fr\/bobine-de-chauffage-par-induction-sur-mesure\/\"><span style=\"color: #0000ff;\">bobines d&rsquo;induction rondes ferm\u00e9es<\/span><\/a> ou des bobines d&rsquo;induction ouvertes en forme de U. Dans ce projet de brasage de plaques de cuivre, nous avons utilis\u00e9 8 plaques de cuivre mesurant 12\u00d74 mm et 50 mm de long. La soudure s&rsquo;\u00e9tend sur une profondeur d&rsquo;environ 20 mm.<br \/>\nMachine \u00e0 braser utilis\u00e9e : <span style=\"color: #0000ff;\"><a style=\"color: #0000ff;\" href=\"https:\/\/www.focoinduction.com\/induction-heating-equipment\/induction-brazing-machine\/portable-induction-brazing-machine\/\">Machine de chauffage par induction portable HF-35KW<\/a><\/span> <strong>Processus de brasage :<\/strong><br \/>\nD\u00e9marrez la machine de brasage par induction portable 35KW apr\u00e8s le fonctionnement du refroidisseur industriel, utilisez les bobines personnalis\u00e9es pour chauffer les 8 plaques de cuivre d\u00e9j\u00e0 fix\u00e9es, le processus de brasage complet dure environ 20 secondes. <strong>R\u00e9sultats :<\/strong><br \/>\nLa machine \u00e0 induction portable 35KW a termin\u00e9 le brasage de la plaque de cuivre en 20 secondes environ, Notre machine \u00e0 induction portable facilite grandement le processus de brasage des plaques de cuivre et des extr\u00e9mit\u00e9s des faisceaux de c\u00e2bles des moteurs, A la demande du client, nous pouvons fournir<a href=\"https:\/\/www.focoinduction.com\/induction-heating-equipment\/induction-brazing-machine\/handheld-induction-brazing-machine\/\"><span style=\"color: #0000ff;\"> des machines portatives de brasage par induction<\/span><\/a> \u00e0 la demande du client, nous pouvons fournir des machines de brasage par induction portatives avec un refroidisseur industriel int\u00e9gr\u00e9 et un syst\u00e8me de contr\u00f4le PLC. En savoir plus sur<a href=\"https:\/\/www.focoinduction.com\/induction-heating-applications\/induction-brazing\/\" target=\"_blank\" rel=\"noopener\"> <span style=\"color: #0000ff;\">les applications de brasage par induction<\/span><\/a>.<\/p>\n<\/div><\/div><\/div><\/div><\/div><div class=\"fusion-fullwidth fullwidth-box fusion-builder-row-2 fusion-flex-container has-pattern-background has-mask-background nonhundred-percent-fullwidth non-hundred-percent-height-scrolling\" style=\"--awb-border-radius-top-left:0px;--awb-border-radius-top-right:0px;--awb-border-radius-bottom-right:0px;--awb-border-radius-bottom-left:0px;--awb-flex-wrap:wrap;\" ><div class=\"fusion-builder-row fusion-row fusion-flex-align-items-flex-start fusion-flex-content-wrap\" style=\"max-width:1248px;margin-left: calc(-4% \/ 2 );margin-right: calc(-4% \/ 2 );\"><div class=\"fusion-layout-column fusion_builder_column fusion-builder-column-1 fusion_builder_column_1_1 1_1 fusion-flex-column\" style=\"--awb-bg-size:cover;--awb-width-large:100%;--awb-margin-top-large:0px;--awb-spacing-right-large:1.92%;--awb-margin-bottom-large:20px;--awb-spacing-left-large:1.92%;--awb-width-medium:100%;--awb-order-medium:0;--awb-spacing-right-medium:1.92%;--awb-spacing-left-medium:1.92%;--awb-width-small:100%;--awb-order-small:0;--awb-spacing-right-small:1.92%;--awb-spacing-left-small:1.92%;\"><div class=\"fusion-column-wrapper fusion-column-has-shadow fusion-flex-justify-content-flex-start fusion-content-layout-column\"><div class=\"fusion-text fusion-text-2\"><h3><strong>Vid\u00e9o sur le brasage par induction<\/strong><\/h3>\n<\/div><div class=\"fusion-video fusion-youtube\" style=\"--awb-max-width:600px;--awb-max-height:360px;\"><div class=\"video-shortcode\"><lite-youtube videoid=\"9YYBxtog73w\" class=\"landscape\" params=\"wmode=transparent&autoplay=1&amp;enablejsapi=1\" title=\"Induction Brazing Copper Plate\" data-button-label=\"Play Video\" width=\"600\" height=\"360\" data-thumbnail-size=\"auto\" data-no-cookie=\"on\"><\/lite-youtube><\/div><\/div><\/div><\/div><\/div><\/div><\/p>\n","protected":false},"excerpt":{"rendered":"","protected":false},"author":1,"featured_media":9195,"parent":10028,"menu_order":0,"comment_status":"closed","ping_status":"closed","template":"","meta":{"footnotes":""},"class_list":["post-9194","page","type-page","status-publish","has-post-thumbnail","hentry"],"_links":{"self":[{"href":"https:\/\/www.focoinduction.com\/fr\/wp-json\/wp\/v2\/pages\/9194","targetHints":{"allow":["GET"]}}],"collection":[{"href":"https:\/\/www.focoinduction.com\/fr\/wp-json\/wp\/v2\/pages"}],"about":[{"href":"https:\/\/www.focoinduction.com\/fr\/wp-json\/wp\/v2\/types\/page"}],"author":[{"embeddable":true,"href":"https:\/\/www.focoinduction.com\/fr\/wp-json\/wp\/v2\/users\/1"}],"replies":[{"embeddable":true,"href":"https:\/\/www.focoinduction.com\/fr\/wp-json\/wp\/v2\/comments?post=9194"}],"version-history":[{"count":0,"href":"https:\/\/www.focoinduction.com\/fr\/wp-json\/wp\/v2\/pages\/9194\/revisions"}],"up":[{"embeddable":true,"href":"https:\/\/www.focoinduction.com\/fr\/wp-json\/wp\/v2\/pages\/10028"}],"wp:featuredmedia":[{"embeddable":true,"href":"https:\/\/www.focoinduction.com\/fr\/wp-json\/wp\/v2\/media\/9195"}],"wp:attachment":[{"href":"https:\/\/www.focoinduction.com\/fr\/wp-json\/wp\/v2\/media?parent=9194"}],"curies":[{"name":"wp","href":"https:\/\/api.w.org\/{rel}","templated":true}]}}