{"id":9234,"date":"2022-09-29T09:18:23","date_gmt":"2022-09-29T01:18:23","guid":{"rendered":"https:\/\/www.focoinduction.com\/brasage-par-induction-dun-robinet-inverseur-a-quatre-voies\/"},"modified":"2025-01-02T10:51:14","modified_gmt":"2025-01-02T02:51:14","slug":"brasage-par-induction-dun-robinet-inverseur-a-quatre-voies","status":"publish","type":"page","link":"https:\/\/www.focoinduction.com\/fr\/applications\/brasage-par-induction\/brasage-par-induction-dun-robinet-inverseur-a-quatre-voies\/","title":{"rendered":"Brasage par induction d&rsquo;un robinet inverseur \u00e0 quatre voies"},"content":{"rendered":"<p><div class=\"fusion-fullwidth fullwidth-box fusion-builder-row-1 fusion-flex-container has-pattern-background has-mask-background nonhundred-percent-fullwidth non-hundred-percent-height-scrolling\" style=\"--awb-border-radius-top-left:0px;--awb-border-radius-top-right:0px;--awb-border-radius-bottom-right:0px;--awb-border-radius-bottom-left:0px;--awb-flex-wrap:wrap;\" ><div class=\"fusion-builder-row fusion-row fusion-flex-align-items-flex-start fusion-flex-content-wrap\" style=\"max-width:1248px;margin-left: calc(-4% \/ 2 );margin-right: calc(-4% \/ 2 );\"><div class=\"fusion-layout-column fusion_builder_column fusion-builder-column-0 fusion_builder_column_1_1 1_1 fusion-flex-column\" style=\"--awb-bg-size:cover;--awb-width-large:100%;--awb-margin-top-large:0px;--awb-spacing-right-large:1.92%;--awb-margin-bottom-large:20px;--awb-spacing-left-large:1.92%;--awb-width-medium:100%;--awb-order-medium:0;--awb-spacing-right-medium:1.92%;--awb-spacing-left-medium:1.92%;--awb-width-small:100%;--awb-order-small:0;--awb-spacing-right-small:1.92%;--awb-spacing-left-small:1.92%;\"><div class=\"fusion-column-wrapper fusion-column-has-shadow fusion-flex-justify-content-flex-start fusion-content-layout-column\"><div class=\"fusion-text fusion-text-1\"><h2>Brasage d&rsquo;une vanne d&rsquo;inversion \u00e0 quatre voies par induction<\/h2>\n<p>\u00c0 la demande d&rsquo;un grand fabricant de climatiseurs, nous proposons \u00e0 nos clients une machine \u00e0 braser par induction les tubes en cuivre pour les vannes d&rsquo;inversion \u00e0 quatre voies. Les clients souhaitent utiliser le brasage par induction au lieu du brasage \u00e0 la flamme pour un brasage plus s\u00fbr et plus efficace des vannes d&rsquo;inversion \u00e0 quatre voies. La vanne d&rsquo;inversion \u00e0 quatre voies est un composant important de la pompe \u00e0 chaleur. Elle modifie le sens d&rsquo;\u00e9coulement du r\u00e9frig\u00e9rant en changeant le tuyau d&rsquo;\u00e9coulement du r\u00e9frig\u00e9rant afin de r\u00e9aliser les fonctions de refroidissement et de chauffage du climatiseur. En outre, elle permet \u00e9galement de d\u00e9givrer rapidement les \u00e9changeurs de chaleur en modifiant le d\u00e9bit du r\u00e9frig\u00e9rant. <\/p>\n<p><strong>Equipement :<\/strong><\/p>\n<p><span style=\"color: #0000ff;\"><a style=\"color: #0000ff;\" href=\"https:\/\/www.focoinduction.com\/induction-heating-equipment\/induction-brazing-machine\/\" target=\"_blank\" rel=\"noopener\">Machine \u00e0 braser par induction<\/a><\/span>. Pour les applications de brasage par induction des vannes directionnelles \u00e0 quatre voies, nous proposons des <a href=\"https:\/\/www.focoinduction.com\/induction-heating-equipment\/induction-brazing-machine\/automatic-induction-brazing-machine\/\" target=\"_blank\" rel=\"noopener\">machines de brasage par induction automatis\u00e9es<\/a> et des <a href=\"https:\/\/www.focoinduction.com\/induction-heating-equipment\/induction-brazing-machine\/portable-induction-brazing-machine\/\" target=\"_blank\" rel=\"noopener\">machines de brasage par induction portables<\/a>. Les machines \u00e0 braser par induction automatis\u00e9es FOCO automatisent le processus de brasage \u00e0 l&rsquo;aide de bras robotis\u00e9s et de dispositifs de fixation sp\u00e9cifiques. Les serpentins chauffants des machines \u00e0 braser par induction portables peuvent acc\u00e9der \u00e0 des endroits difficiles d&rsquo;acc\u00e8s ou limit\u00e9s par l&rsquo;espace.<\/p>\n<p><strong>Proc\u00e9d\u00e9 de brasage :<\/strong><\/p>\n<p>Le flux de brasage est utilis\u00e9 pour remplir les joints de cuivre dans le brasage par induction. La bobine d&rsquo;induction de type C se ferme sur le tube de cuivre pour commencer \u00e0 chauffer. Le flux a fondu en 10 secondes et le processus de brasage a \u00e9t\u00e9 achev\u00e9 avec une puissance de 30 kW et une temp\u00e9rature d&rsquo;environ 600 \u00b0C-700 \u00b0C. Le processus de chauffage par induction sans contact est rapide, s\u00fbr et plus propre que le brasage \u00e0 la flamme. Conclusion :<br \/>\nLa <a href=\"https:\/\/www.focoinduction.com\/induction-heating-equipment\/induction-brazing-machine\/handheld-induction-brazing-machine\/\" target=\"_blank\" rel=\"noopener\">machine de brasage par induction manuelle<\/a> FOCO 30 kW a r\u00e9ussi \u00e0 braser par induction une vanne d&rsquo;inversion \u00e0 quatre voies en 10 secondes. Le processus de brasage est tr\u00e8s rapide. Le niveau de comp\u00e9tence de l&rsquo;op\u00e9rateur n&rsquo;a qu&rsquo;un effet minime sur la qualit\u00e9 du brasage une fois que le tube de cuivre est fix\u00e9 \u00e0 l&rsquo;aide des colliers. Le brasage par induction garantit des processus reproductibles et des r\u00e9sultats constants. Pour en savoir plus <span style=\"color: #0000ff;\"><a style=\"color: #0000ff;\" href=\"https:\/\/www.focoinduction.com\/induction-heating-applications\/induction-brazing\/\" target=\"_blank\" rel=\"noopener\">Applications du brasage par induction<\/a><\/span>.<\/p>\n<\/div><\/div><\/div><\/div><\/div><div class=\"fusion-fullwidth fullwidth-box fusion-builder-row-2 fusion-flex-container has-pattern-background has-mask-background nonhundred-percent-fullwidth non-hundred-percent-height-scrolling\" style=\"--awb-border-radius-top-left:0px;--awb-border-radius-top-right:0px;--awb-border-radius-bottom-right:0px;--awb-border-radius-bottom-left:0px;--awb-margin-bottom:40px;--awb-flex-wrap:wrap;\" ><div class=\"fusion-builder-row fusion-row fusion-flex-align-items-flex-start fusion-flex-content-wrap\" style=\"max-width:1248px;margin-left: calc(-4% \/ 2 );margin-right: calc(-4% \/ 2 );\"><div class=\"fusion-layout-column fusion_builder_column fusion-builder-column-1 fusion_builder_column_1_1 1_1 fusion-flex-column\" style=\"--awb-bg-size:cover;--awb-width-large:100%;--awb-margin-top-large:0px;--awb-spacing-right-large:1.92%;--awb-margin-bottom-large:0px;--awb-spacing-left-large:1.92%;--awb-width-medium:100%;--awb-order-medium:0;--awb-spacing-right-medium:1.92%;--awb-spacing-left-medium:1.92%;--awb-width-small:100%;--awb-order-small:0;--awb-spacing-right-small:1.92%;--awb-spacing-left-small:1.92%;\"><div class=\"fusion-column-wrapper fusion-column-has-shadow fusion-flex-justify-content-flex-start fusion-content-layout-column\"><div class=\"fusion-text fusion-text-2\" style=\"--awb-font-size:24px;--awb-text-transform:capitalize;\"><p><strong>Galerie<\/strong><\/p>\n<\/div><\/div><\/div><div class=\"fusion-layout-column fusion_builder_column fusion-builder-column-2 fusion_builder_column_1_1 1_1 fusion-flex-column\" style=\"--awb-bg-size:cover;--awb-width-large:100%;--awb-margin-top-large:0px;--awb-spacing-right-large:1.92%;--awb-margin-bottom-large:20px;--awb-spacing-left-large:1.92%;--awb-width-medium:100%;--awb-order-medium:0;--awb-spacing-right-medium:1.92%;--awb-spacing-left-medium:1.92%;--awb-width-small:100%;--awb-order-small:0;--awb-spacing-right-small:1.92%;--awb-spacing-left-small:1.92%;\"><div class=\"fusion-column-wrapper fusion-column-has-shadow fusion-flex-justify-content-flex-start fusion-content-layout-column\"><div class=\"fusion-image-carousel fusion-image-carousel-auto fusion-image-carousel-1 lightbox-enabled fusion-carousel-border\"><div class=\"awb-carousel awb-swiper awb-swiper-carousel awb-carousel--carousel awb-swiper-dots-position-bottom\" data-layout=\"carousel\" data-autoplay=\"no\" data-autoplayspeed=\"3500\" data-autoplaypause=\"no\" data-columns=\"2\" data-columnsmedium=\"1\" data-columnssmall=\"1\" data-itemmargin=\"15\" data-itemwidth=\"180\" data-touchscroll=\"no\" data-freemode=\"no\" data-imagesize=\"auto\" data-scrollitems=\"0\" data-centeredslides=\"no\" data-rotationangle=\"50\" data-depth=\"100\" data-speed=\"500\" data-shadow=\"no\" data-pagination=\"bullets\" style=\"--awb-columns:2;--awb-column-spacing:15px;--awb-border-width:1px;--awb-border-color:#e9eaee;\"><div class=\"swiper-wrapper awb-image-carousel-wrapper fusion-flex-align-items-center\"><div class=\"swiper-slide\"><div class=\"fusion-carousel-item-wrapper\"><div class=\"fusion-image-wrapper hover-type-none\"><a data-rel=\"iLightbox[image_carousel_1]\" data-caption=\"Brazing of Four Way Reversing Valve with Induction Heating\" data-title=\"Brazing of Four Way Reversing Valve with Induction Heating\" aria-label=\"Brazing of Four Way Reversing Valve with Induction Heating\" href=\"https:\/\/www.focoinduction.com\/wp-content\/uploads\/2022\/09\/Brazing-of-Four-Way-Reversing-Valve-with-Induction-Heating.jpg\" target=\"_self\"><img decoding=\"async\" width=\"600\" height=\"400\" src=\"https:\/\/www.focoinduction.com\/wp-content\/uploads\/2022\/09\/Brazing-of-Four-Way-Reversing-Valve-with-Induction-Heating.jpg\" class=\"attachment-full size-full\" alt=\"Brasage d&#039;une vanne d&#039;inversion \u00e0 quatre voies avec chauffage par induction\" srcset=\"https:\/\/www.focoinduction.com\/wp-content\/uploads\/2022\/09\/Brazing-of-Four-Way-Reversing-Valve-with-Induction-Heating-200x133.jpg 200w, https:\/\/www.focoinduction.com\/wp-content\/uploads\/2022\/09\/Brazing-of-Four-Way-Reversing-Valve-with-Induction-Heating-400x267.jpg 400w, https:\/\/www.focoinduction.com\/wp-content\/uploads\/2022\/09\/Brazing-of-Four-Way-Reversing-Valve-with-Induction-Heating.jpg 600w\" sizes=\"(min-width: 2200px) 100vw, (min-width: 712px) 593px, (min-width: 640px) 712px, \" \/><\/a><\/div><\/div><\/div><div class=\"swiper-slide\"><div class=\"fusion-carousel-item-wrapper\"><div class=\"fusion-image-wrapper hover-type-none\"><a data-rel=\"iLightbox[image_carousel_1]\" data-caption=\"brazing of Four Way Reversing Valve\" data-title=\"brazing of Four Way Reversing Valve\" aria-label=\"brazing of Four Way Reversing Valve\" href=\"https:\/\/www.focoinduction.com\/wp-content\/uploads\/2022\/09\/brazing-of-Four-Way-Reversing-Valve.jpg\" target=\"_self\"><img decoding=\"async\" width=\"600\" height=\"400\" src=\"https:\/\/www.focoinduction.com\/wp-content\/uploads\/2022\/09\/brazing-of-Four-Way-Reversing-Valve.jpg\" class=\"attachment-full size-full\" alt=\"Brasage d&#039;une vanne d&#039;inversion \u00e0 quatre voies\" srcset=\"https:\/\/www.focoinduction.com\/wp-content\/uploads\/2022\/09\/brazing-of-Four-Way-Reversing-Valve-200x133.jpg 200w, https:\/\/www.focoinduction.com\/wp-content\/uploads\/2022\/09\/brazing-of-Four-Way-Reversing-Valve-400x267.jpg 400w, https:\/\/www.focoinduction.com\/wp-content\/uploads\/2022\/09\/brazing-of-Four-Way-Reversing-Valve.jpg 600w\" sizes=\"(min-width: 2200px) 100vw, (min-width: 712px) 593px, (min-width: 640px) 712px, \" \/><\/a><\/div><\/div><\/div><div class=\"swiper-slide\"><div class=\"fusion-carousel-item-wrapper\"><div class=\"fusion-image-wrapper hover-type-none\"><a data-rel=\"iLightbox[image_carousel_1]\" data-caption=\"induction brazing of Reversing Valve\" data-title=\"induction brazing of Reversing Valve\" aria-label=\"induction brazing of Reversing Valve\" href=\"https:\/\/www.focoinduction.com\/wp-content\/uploads\/2022\/09\/induction-brazing-of-Reversing-Valve.jpg\" target=\"_self\"><img decoding=\"async\" width=\"600\" height=\"400\" src=\"https:\/\/www.focoinduction.com\/wp-content\/uploads\/2022\/09\/induction-brazing-of-Reversing-Valve.jpg\" class=\"attachment-full size-full\" alt=\"Brasage par induction de la vanne d&#039;inversion\" srcset=\"https:\/\/www.focoinduction.com\/wp-content\/uploads\/2022\/09\/induction-brazing-of-Reversing-Valve-200x133.jpg 200w, https:\/\/www.focoinduction.com\/wp-content\/uploads\/2022\/09\/induction-brazing-of-Reversing-Valve-400x267.jpg 400w, https:\/\/www.focoinduction.com\/wp-content\/uploads\/2022\/09\/induction-brazing-of-Reversing-Valve.jpg 600w\" sizes=\"(min-width: 2200px) 100vw, (min-width: 712px) 593px, (min-width: 640px) 712px, \" \/><\/a><\/div><\/div><\/div><div class=\"swiper-slide\"><div class=\"fusion-carousel-item-wrapper\"><div class=\"fusion-image-wrapper hover-type-none\"><a data-rel=\"iLightbox[image_carousel_1]\" data-caption=\"induction brazing Four Way Reversing Valve\" data-title=\"induction brazing Four Way Reversing Valve\" aria-label=\"induction brazing Four Way Reversing Valve\" href=\"https:\/\/www.focoinduction.com\/wp-content\/uploads\/2022\/09\/induction-brazing-Four-Way-Reversing-Valve.jpg\" target=\"_self\"><img decoding=\"async\" width=\"600\" height=\"400\" src=\"https:\/\/www.focoinduction.com\/wp-content\/uploads\/2022\/09\/induction-brazing-Four-Way-Reversing-Valve.jpg\" class=\"attachment-full size-full\" alt=\"Brasage par induction Vanne d&#039;inversion \u00e0 quatre voies\" srcset=\"https:\/\/www.focoinduction.com\/wp-content\/uploads\/2022\/09\/induction-brazing-Four-Way-Reversing-Valve-200x133.jpg 200w, https:\/\/www.focoinduction.com\/wp-content\/uploads\/2022\/09\/induction-brazing-Four-Way-Reversing-Valve-400x267.jpg 400w, https:\/\/www.focoinduction.com\/wp-content\/uploads\/2022\/09\/induction-brazing-Four-Way-Reversing-Valve.jpg 600w\" sizes=\"(min-width: 2200px) 100vw, (min-width: 712px) 593px, (min-width: 640px) 712px, \" \/><\/a><\/div><\/div><\/div><\/div><div class=\"awb-swiper-button awb-swiper-button-prev\"><i class=\"awb-icon-angle-left\" aria-hidden=\"true\"><\/i><\/div><div class=\"awb-swiper-button awb-swiper-button-next\"><i class=\"awb-icon-angle-right\" aria-hidden=\"true\"><\/i><\/div><\/div><\/div><div style=\"text-align:center;\"><a class=\"fusion-button button-flat fusion-button-default-size button-default fusion-button-default button-1 fusion-button-default-span fusion-button-default-type\" target=\"_blank\" rel=\"noopener noreferrer\" href=\"https:\/\/www.focoinduction.com\/contact\/\"><span class=\"fusion-button-text awb-button__text awb-button__text--default\">Obtenez de l&rsquo;aide sur les applications et l&rsquo;\u00e9quipement de brasage par induction<\/span><\/a><\/div><\/div><\/div><\/div><\/div><\/p>\n","protected":false},"excerpt":{"rendered":"","protected":false},"author":1,"featured_media":9236,"parent":10028,"menu_order":0,"comment_status":"closed","ping_status":"closed","template":"","meta":{"footnotes":""},"class_list":["post-9234","page","type-page","status-publish","has-post-thumbnail","hentry"],"_links":{"self":[{"href":"https:\/\/www.focoinduction.com\/fr\/wp-json\/wp\/v2\/pages\/9234","targetHints":{"allow":["GET"]}}],"collection":[{"href":"https:\/\/www.focoinduction.com\/fr\/wp-json\/wp\/v2\/pages"}],"about":[{"href":"https:\/\/www.focoinduction.com\/fr\/wp-json\/wp\/v2\/types\/page"}],"author":[{"embeddable":true,"href":"https:\/\/www.focoinduction.com\/fr\/wp-json\/wp\/v2\/users\/1"}],"replies":[{"embeddable":true,"href":"https:\/\/www.focoinduction.com\/fr\/wp-json\/wp\/v2\/comments?post=9234"}],"version-history":[{"count":0,"href":"https:\/\/www.focoinduction.com\/fr\/wp-json\/wp\/v2\/pages\/9234\/revisions"}],"up":[{"embeddable":true,"href":"https:\/\/www.focoinduction.com\/fr\/wp-json\/wp\/v2\/pages\/10028"}],"wp:featuredmedia":[{"embeddable":true,"href":"https:\/\/www.focoinduction.com\/fr\/wp-json\/wp\/v2\/media\/9236"}],"wp:attachment":[{"href":"https:\/\/www.focoinduction.com\/fr\/wp-json\/wp\/v2\/media?parent=9234"}],"curies":[{"name":"wp","href":"https:\/\/api.w.org\/{rel}","templated":true}]}}