{"id":9250,"date":"2022-09-30T14:28:06","date_gmt":"2022-09-30T06:28:06","guid":{"rendered":"https:\/\/www.focoinduction.com\/brasage-par-induction-des-fraises-laterales\/"},"modified":"2025-01-02T10:51:03","modified_gmt":"2025-01-02T02:51:03","slug":"brasage-par-induction-des-fraises-laterales","status":"publish","type":"page","link":"https:\/\/www.focoinduction.com\/fr\/applications\/brasage-par-induction\/brasage-par-induction-des-fraises-laterales\/","title":{"rendered":"Brasage par induction des fraises lat\u00e9rales"},"content":{"rendered":"<p><div class=\"fusion-fullwidth fullwidth-box fusion-builder-row-1 fusion-flex-container has-pattern-background has-mask-background nonhundred-percent-fullwidth non-hundred-percent-height-scrolling\" style=\"--awb-border-sizes-bottom:1px;--awb-border-radius-top-left:0px;--awb-border-radius-top-right:0px;--awb-border-radius-bottom-right:0px;--awb-border-radius-bottom-left:0px;--awb-flex-wrap:wrap;\" ><div class=\"fusion-builder-row fusion-row fusion-flex-align-items-flex-start fusion-flex-content-wrap\" style=\"max-width:1248px;margin-left: calc(-4% \/ 2 );margin-right: calc(-4% \/ 2 );\"><div class=\"fusion-layout-column fusion_builder_column fusion-builder-column-0 fusion_builder_column_1_1 1_1 fusion-flex-column\" style=\"--awb-bg-size:cover;--awb-width-large:100%;--awb-margin-top-large:0px;--awb-spacing-right-large:1.92%;--awb-margin-bottom-large:20px;--awb-spacing-left-large:1.92%;--awb-width-medium:100%;--awb-order-medium:0;--awb-spacing-right-medium:1.92%;--awb-spacing-left-medium:1.92%;--awb-width-small:100%;--awb-order-small:0;--awb-spacing-right-small:1.92%;--awb-spacing-left-small:1.92%;\"><div class=\"fusion-column-wrapper fusion-column-has-shadow fusion-flex-justify-content-flex-start fusion-content-layout-column\"><div class=\"fusion-text fusion-text-1\"><h2>Brasage des fraises lat\u00e9rales avec chauffage par inductiong<\/h2>\n<p>Une petite usine a besoin de fraises lat\u00e9rales pour le brasage par induction. L&rsquo;objectif du client est d&rsquo;achever le processus de brasage en 20 secondes. \u00c9tant donn\u00e9 que des vitesses de production \u00e9lev\u00e9es ne sont pas n\u00e9cessaires, nous proposons \u00e0 nos clients des machines de brasage par induction \u00e0 haute fr\u00e9quence. C&rsquo;est la solution la plus \u00e9conomique et la plus rentable. <strong>\u00c9quipement :<\/strong><br \/>\nMachine de chauffage par induction \u00e0 haute fr\u00e9quence de 15 kW. Les machines de chauffage par induction \u00e0 haute fr\u00e9quence sont \u00e9quip\u00e9es de bobines d&rsquo;induction fixes. La bobine d&rsquo;induction est con\u00e7ue en fonction de la forme de la pi\u00e8ce \u00e0 chauffer. Pour faciliter l&rsquo;acc\u00e8s \u00e0 la pi\u00e8ce, nous utilisons une bobine en forme de U dans ce processus de chauffage. Des bobines bien con\u00e7ues permettent d&rsquo;am\u00e9liorer l&rsquo;efficacit\u00e9 de la production et de garantir l&rsquo;effet de chauffage.   <\/p>\n<p><strong>Proc\u00e9d\u00e9 de brasage :<\/strong><\/p>\n<ol>\n<li>Installez les fraises lat\u00e9rales sur l&rsquo;appareil et r\u00e9glez la distance entre celui-ci et la bobine.<\/li>\n<li>Appliquez du flux et du mastic \u00e0 l&rsquo;endroit \u00e0 braser.<\/li>\n<li>Commencez \u00e0 chauffer et terminez le brasage apr\u00e8s 20 secondes.<\/li>\n<\/ol>\n<p><strong>Avantages :<\/strong><\/p>\n<ul>\n<li>L&rsquo;op\u00e9ration est simple et ne n\u00e9cessite pas de personnel professionnel qualifi\u00e9.<\/li>\n<li>Le processus de brasage par induction est tr\u00e8s rapide et productif.<\/li>\n<li>Avec les montages et le serpentin \u00e0 induction stationnaire, l&rsquo;habilet\u00e9 de l&rsquo;op\u00e9rateur a peu d&rsquo;effet sur la qualit\u00e9 de la brasure.<\/li>\n<li>Des processus reproductibles et des r\u00e9sultats coh\u00e9rents.<\/li>\n<\/ul>\n<p><strong>Conclusion :<\/strong><\/p>\n<p>La machine de chauffage par induction \u00e0 haute fr\u00e9quence FOCO de 15 kW a r\u00e9alis\u00e9 avec succ\u00e8s le brasage par induction d&rsquo;une fraise lat\u00e9rale en 20 secondes. Les g\u00e9n\u00e9rateurs de chauffage par induction \u00e0 haute fr\u00e9quence sont couramment utilis\u00e9s pour le brasage de diverses petites pi\u00e8ces en m\u00e9tal et en alliage. Pour le brasage des fraises lat\u00e9rales, des lames de scie en alliage, des outils de quincaillerie, des forets en alliage, etc., nous pouvons fournir un syst\u00e8me complet de brasage par induction. En savoir plus sur les applications de brasage par induction.<\/p>\n<\/div><\/div><\/div><\/div><\/div><div class=\"fusion-fullwidth fullwidth-box fusion-builder-row-2 fusion-flex-container has-pattern-background has-mask-background nonhundred-percent-fullwidth non-hundred-percent-height-scrolling\" style=\"--awb-border-radius-top-left:0px;--awb-border-radius-top-right:0px;--awb-border-radius-bottom-right:0px;--awb-border-radius-bottom-left:0px;--awb-flex-wrap:wrap;\" ><div class=\"fusion-builder-row fusion-row fusion-flex-align-items-flex-start fusion-flex-content-wrap\" style=\"max-width:1248px;margin-left: calc(-4% \/ 2 );margin-right: calc(-4% \/ 2 );\"><div class=\"fusion-layout-column fusion_builder_column fusion-builder-column-1 fusion_builder_column_1_1 1_1 fusion-flex-column\" style=\"--awb-bg-size:cover;--awb-width-large:100%;--awb-margin-top-large:0px;--awb-spacing-right-large:1.92%;--awb-margin-bottom-large:20px;--awb-spacing-left-large:1.92%;--awb-width-medium:100%;--awb-order-medium:0;--awb-spacing-right-medium:1.92%;--awb-spacing-left-medium:1.92%;--awb-width-small:100%;--awb-order-small:0;--awb-spacing-right-small:1.92%;--awb-spacing-left-small:1.92%;\"><div class=\"fusion-column-wrapper fusion-column-has-shadow fusion-flex-justify-content-flex-start fusion-content-layout-column\"><div class=\"fusion-text fusion-text-2\"><h3><strong>Vid\u00e9o sur le brasage par induction<\/strong><\/h3>\n<\/div><div class=\"fusion-video fusion-youtube\" style=\"--awb-max-width:600px;--awb-max-height:360px;\"><div class=\"video-shortcode\"><lite-youtube videoid=\"HXa5IeLhWt4\" class=\"landscape\" params=\"wmode=transparent&autoplay=1&amp;enablejsapi=1\" title=\"Induction Brazing of Side Milling Cutters\" data-button-label=\"Play Video\" width=\"600\" height=\"360\" data-thumbnail-size=\"auto\" data-no-cookie=\"on\"><\/lite-youtube><\/div><\/div><\/div><\/div><\/div><\/div><\/p>\n","protected":false},"excerpt":{"rendered":"","protected":false},"author":1,"featured_media":9255,"parent":10028,"menu_order":0,"comment_status":"closed","ping_status":"closed","template":"","meta":{"footnotes":""},"class_list":["post-9250","page","type-page","status-publish","has-post-thumbnail","hentry"],"_links":{"self":[{"href":"https:\/\/www.focoinduction.com\/fr\/wp-json\/wp\/v2\/pages\/9250","targetHints":{"allow":["GET"]}}],"collection":[{"href":"https:\/\/www.focoinduction.com\/fr\/wp-json\/wp\/v2\/pages"}],"about":[{"href":"https:\/\/www.focoinduction.com\/fr\/wp-json\/wp\/v2\/types\/page"}],"author":[{"embeddable":true,"href":"https:\/\/www.focoinduction.com\/fr\/wp-json\/wp\/v2\/users\/1"}],"replies":[{"embeddable":true,"href":"https:\/\/www.focoinduction.com\/fr\/wp-json\/wp\/v2\/comments?post=9250"}],"version-history":[{"count":0,"href":"https:\/\/www.focoinduction.com\/fr\/wp-json\/wp\/v2\/pages\/9250\/revisions"}],"up":[{"embeddable":true,"href":"https:\/\/www.focoinduction.com\/fr\/wp-json\/wp\/v2\/pages\/10028"}],"wp:featuredmedia":[{"embeddable":true,"href":"https:\/\/www.focoinduction.com\/fr\/wp-json\/wp\/v2\/media\/9255"}],"wp:attachment":[{"href":"https:\/\/www.focoinduction.com\/fr\/wp-json\/wp\/v2\/media?parent=9250"}],"curies":[{"name":"wp","href":"https:\/\/api.w.org\/{rel}","templated":true}]}}