{"id":9295,"date":"2022-10-02T10:50:38","date_gmt":"2022-10-02T02:50:38","guid":{"rendered":"https:\/\/www.focoinduction.com\/quest-ce-que-le-recuit-par-induction\/"},"modified":"2025-01-02T10:38:39","modified_gmt":"2025-01-02T02:38:39","slug":"quest-ce-que-le-recuit-par-induction","status":"publish","type":"page","link":"https:\/\/www.focoinduction.com\/fr\/lean-sur-le-chauffage-par-induction\/quest-ce-que-le-recuit-par-induction\/","title":{"rendered":"Qu&rsquo;est-ce que le recuit par induction ?"},"content":{"rendered":"<div class=\"fusion-fullwidth fullwidth-box fusion-builder-row-1 fusion-flex-container has-pattern-background has-mask-background nonhundred-percent-fullwidth non-hundred-percent-height-scrolling\" style=\"--awb-border-radius-top-left:0px;--awb-border-radius-top-right:0px;--awb-border-radius-bottom-right:0px;--awb-border-radius-bottom-left:0px;--awb-flex-wrap:wrap;\" ><div class=\"fusion-builder-row fusion-row fusion-flex-align-items-flex-start fusion-flex-content-wrap\" style=\"max-width:1248px;margin-left: calc(-4% \/ 2 );margin-right: calc(-4% \/ 2 );\"><div class=\"fusion-layout-column fusion_builder_column fusion-builder-column-0 fusion_builder_column_1_1 1_1 fusion-flex-column\" style=\"--awb-bg-size:cover;--awb-width-large:100%;--awb-margin-top-large:0px;--awb-spacing-right-large:1.92%;--awb-margin-bottom-large:20px;--awb-spacing-left-large:1.92%;--awb-width-medium:100%;--awb-order-medium:0;--awb-spacing-right-medium:1.92%;--awb-spacing-left-medium:1.92%;--awb-width-small:100%;--awb-order-small:0;--awb-spacing-right-small:1.92%;--awb-spacing-left-small:1.92%;\"><div class=\"fusion-column-wrapper fusion-column-has-shadow fusion-flex-justify-content-flex-start fusion-content-layout-column\"><div class=\"fusion-text fusion-text-1\"><p>Le recuit \u00e9limine les tensions et les d\u00e9formations d&rsquo;un m\u00e9tal qui peuvent survenir au cours des processus de travail, emp\u00eachant ainsi la pi\u00e8ce de se d\u00e9former ou de se fissurer au cours de sa dur\u00e9e de vie. La fiabilit\u00e9 et la r\u00e9p\u00e9tabilit\u00e9 du processus sont les deux principales raisons d&rsquo;utiliser le recuit par induction pour soulager la tension d&rsquo;une pi\u00e8ce m\u00e9tallique et \u00e9liminer les impuret\u00e9s.<\/p>\n<\/div><\/div><\/div><div class=\"fusion-layout-column fusion_builder_column fusion-builder-column-1 fusion_builder_column_1_1 1_1 fusion-flex-column\" style=\"--awb-bg-size:cover;--awb-width-large:100%;--awb-margin-top-large:0px;--awb-spacing-right-large:1.92%;--awb-margin-bottom-large:20px;--awb-spacing-left-large:1.92%;--awb-width-medium:100%;--awb-order-medium:0;--awb-spacing-right-medium:1.92%;--awb-spacing-left-medium:1.92%;--awb-width-small:100%;--awb-order-small:0;--awb-spacing-right-small:1.92%;--awb-spacing-left-small:1.92%;\"><div class=\"fusion-column-wrapper fusion-column-has-shadow fusion-flex-justify-content-flex-start fusion-content-layout-column\"><div class=\"fusion-text fusion-text-2\"><h2>Le processus de recuit par induction<\/h2>\n<p>Le processus de recuit se compose de trois \u00e9tapes.<\/p>\n<ol>\n<li>La phase de r\u00e9tablissement<\/li>\n<li>Stade de recristallisation<\/li>\n<li>Stade de croissance des grains<\/li>\n<\/ol>\n<p>Au cours de la phase de r\u00e9cup\u00e9ration, le mat\u00e9riau est chauff\u00e9 jusqu&rsquo;\u00e0 ce qu&rsquo;il atteigne la temp\u00e9rature n\u00e9cessaire pour retrouver sa duret\u00e9 intrins\u00e8que. Ensuite, la phase de recristallisation consiste \u00e0 maintenir la temp\u00e9rature suffisamment longtemps pour permettre la formation de nouveaux grains. Enfin, la phase de croissance des grains est celle o\u00f9 le mat\u00e9riau est lentement refroidi pour permettre la formation de nouveaux grains. La vitesse de refroidissement du mat\u00e9riau d\u00e9termine la vitesse de croissance des grains. Le recuit par induction est g\u00e9n\u00e9ralement effectu\u00e9 sans atmosph\u00e8re contr\u00f4l\u00e9e, car la chaleur par induction ne n\u00e9cessite g\u00e9n\u00e9ralement que quelques secondes, et le recuit d&rsquo;une pi\u00e8ce est effectu\u00e9 avant que l&rsquo;oxyde ne puisse \u00eatre form\u00e9.<\/p>\n<\/div><\/div><\/div><div class=\"fusion-layout-column fusion_builder_column fusion-builder-column-2 fusion_builder_column_1_1 1_1 fusion-flex-column\" style=\"--awb-bg-size:cover;--awb-width-large:100%;--awb-margin-top-large:0px;--awb-spacing-right-large:1.92%;--awb-margin-bottom-large:20px;--awb-spacing-left-large:1.92%;--awb-width-medium:100%;--awb-order-medium:0;--awb-spacing-right-medium:1.92%;--awb-spacing-left-medium:1.92%;--awb-width-small:100%;--awb-order-small:0;--awb-spacing-right-small:1.92%;--awb-spacing-left-small:1.92%;\"><div class=\"fusion-column-wrapper fusion-column-has-shadow fusion-flex-justify-content-flex-start fusion-content-layout-column\"><div class=\"fusion-text fusion-text-3\"><h2>Utilisation dans l&rsquo;industrie<\/h2>\n<p>Le recuit par induction peut \u00eatre utilis\u00e9 pour contr\u00f4ler les propri\u00e9t\u00e9s mat\u00e9rielles des m\u00e9taux dans diff\u00e9rents sc\u00e9narios de fabrication. Le processus de recuit par induction permet un contr\u00f4le pr\u00e9cis et fiable des propri\u00e9t\u00e9s mat\u00e9rielles des m\u00e9taux \u00e0 l&rsquo;int\u00e9rieur d&rsquo;une pi\u00e8ce, y compris la <a href=\"https:\/\/www.focoinduction.com\/what-is-the-hardness-of-the-induction-hardened-steel-parts\/\" target=\"_blank\" rel=\"noopener\">duret\u00e9<\/a>, la rigidit\u00e9 et les contraintes internes. Contrairement aux m\u00e9thodes conventionnelles, le recuit par induction produit de la chaleur directement \u00e0 l&rsquo;int\u00e9rieur d&rsquo;une pi\u00e8ce \u00e0 l&rsquo;aide de champs \u00e9lectromagn\u00e9tiques alternatifs. Vous pouvez utiliser l&rsquo;induction pour recuire rapidement des pi\u00e8ces sur une ligne continue. Vous pouvez le faire sur des pi\u00e8ces individuelles, comme des bo\u00eetiers, ou en ligne avec la fraiseuse pour \u00e9tirer des fils ou des tubes. L&rsquo;\u00e9limination du goulot d&rsquo;\u00e9tranglement caus\u00e9 par les fours dans la cha\u00eene de fabrication permet aux fabricants de disposer d&rsquo;une plus grande souplesse pour contr\u00f4ler la vitesse de leurs lignes et r\u00e9duire les temps morts \u00e0 d&rsquo;autres \u00e9tapes du processus. L&rsquo;industrie du fil et du c\u00e2ble utilise g\u00e9n\u00e9ralement des dispositifs de recuit par induction pour recuire le fil entre et apr\u00e8s l&rsquo;\u00e9tape de recuit afin d&rsquo;am\u00e9liorer la mall\u00e9abilit\u00e9 et la conductivit\u00e9 \u00e9lectrique. Ce proc\u00e9d\u00e9 est parfaitement adapt\u00e9 aux lignes modernes de bobinage et de laminage \u00e0 grande vitesse. La fabrication de tubes n\u00e9cessite g\u00e9n\u00e9ralement un recuit, soit au moment du formage, soit apr\u00e8s le formage ou la peinture. <a href=\"https:\/\/www.focoinduction.com\/what-are-the-benefits-of-induction-annealing-of-steel-pipe-welds\/\" target=\"_blank\" rel=\"noopener\">Les tubes et tuyaux avec ou sans soudure peuvent n\u00e9cessiter un recuit<\/a> pour garantir que les produits pr\u00e9sentent l&rsquo;uniformit\u00e9 et les propri\u00e9t\u00e9s m\u00e9talliques souhait\u00e9es.<\/p>\n<\/div><div class=\"fusion-text fusion-text-4\"><p><a href=\"https:\/\/www.focoinduction.com\/induction-heating-applications\/induction-annealing\/\" target=\"_blank\" rel=\"noopener\"><em>Voir nos projets de recuit par induction.<\/em><\/a><\/p>\n<\/div><\/div><\/div><div class=\"fusion-layout-column fusion_builder_column fusion-builder-column-3 fusion_builder_column_1_1 1_1 fusion-flex-column\" style=\"--awb-bg-size:cover;--awb-width-large:100%;--awb-margin-top-large:0px;--awb-spacing-right-large:1.92%;--awb-margin-bottom-large:20px;--awb-spacing-left-large:1.92%;--awb-width-medium:100%;--awb-order-medium:0;--awb-spacing-right-medium:1.92%;--awb-spacing-left-medium:1.92%;--awb-width-small:100%;--awb-order-small:0;--awb-spacing-right-small:1.92%;--awb-spacing-left-small:1.92%;\"><div class=\"fusion-column-wrapper fusion-column-has-shadow fusion-flex-justify-content-flex-start fusion-content-layout-column\"><div class=\"fusion-text fusion-text-5\"><h2>Avantages du recuit par induction<\/h2>\n<p>Bien qu&rsquo;elle soit principalement utilis\u00e9e pour le recuit de mat\u00e9riaux plus tendres, l&rsquo;induction offre d&rsquo;excellents <a href=\"https:\/\/www.focoinduction.com\/what-are-the-benefits-of-induction-annealing\/\" target=\"_blank\" rel=\"noopener\">avantages<\/a> par rapport aux m\u00e9thodes conventionnelles. Le chauffage par induction consomme moins d&rsquo;\u00e9nergie que les techniques de chauffage \u00e0 la flamme ou au four. Pourtant, il produit des temp\u00e9ratures contr\u00f4l\u00e9es avec pr\u00e9cision et peut faire varier la chaleur avec exactitude sur toute la longueur de la coquille. Le chauffage par induction garantit un recuit de qualit\u00e9 pour chaque pi\u00e8ce, r\u00e9duisant ainsi les variations et les dommages communs aux processus de recuit de masse.<\/p>\n<\/div><\/div><\/div><\/div><\/div>\n","protected":false},"excerpt":{"rendered":"","protected":false},"author":1,"featured_media":9297,"parent":9677,"menu_order":0,"comment_status":"closed","ping_status":"closed","template":"","meta":{"footnotes":""},"class_list":["post-9295","page","type-page","status-publish","has-post-thumbnail","hentry"],"_links":{"self":[{"href":"https:\/\/www.focoinduction.com\/fr\/wp-json\/wp\/v2\/pages\/9295","targetHints":{"allow":["GET"]}}],"collection":[{"href":"https:\/\/www.focoinduction.com\/fr\/wp-json\/wp\/v2\/pages"}],"about":[{"href":"https:\/\/www.focoinduction.com\/fr\/wp-json\/wp\/v2\/types\/page"}],"author":[{"embeddable":true,"href":"https:\/\/www.focoinduction.com\/fr\/wp-json\/wp\/v2\/users\/1"}],"replies":[{"embeddable":true,"href":"https:\/\/www.focoinduction.com\/fr\/wp-json\/wp\/v2\/comments?post=9295"}],"version-history":[{"count":0,"href":"https:\/\/www.focoinduction.com\/fr\/wp-json\/wp\/v2\/pages\/9295\/revisions"}],"up":[{"embeddable":true,"href":"https:\/\/www.focoinduction.com\/fr\/wp-json\/wp\/v2\/pages\/9677"}],"wp:featuredmedia":[{"embeddable":true,"href":"https:\/\/www.focoinduction.com\/fr\/wp-json\/wp\/v2\/media\/9297"}],"wp:attachment":[{"href":"https:\/\/www.focoinduction.com\/fr\/wp-json\/wp\/v2\/media?parent=9295"}],"curies":[{"name":"wp","href":"https:\/\/api.w.org\/{rel}","templated":true}]}}