{"id":9304,"date":"2022-10-03T10:29:23","date_gmt":"2022-10-03T02:29:23","guid":{"rendered":"https:\/\/www.focoinduction.com\/quest-ce-que-la-trempe-par-induction\/"},"modified":"2025-01-02T10:38:39","modified_gmt":"2025-01-02T02:38:39","slug":"quest-ce-que-la-trempe-par-induction","status":"publish","type":"page","link":"https:\/\/www.focoinduction.com\/fr\/lean-sur-le-chauffage-par-induction\/quest-ce-que-la-trempe-par-induction\/","title":{"rendered":"Qu&rsquo;est-ce que la trempe par induction ?"},"content":{"rendered":"<div class=\"fusion-fullwidth fullwidth-box fusion-builder-row-1 fusion-flex-container has-pattern-background has-mask-background nonhundred-percent-fullwidth non-hundred-percent-height-scrolling\" style=\"--awb-border-radius-top-left:0px;--awb-border-radius-top-right:0px;--awb-border-radius-bottom-right:0px;--awb-border-radius-bottom-left:0px;--awb-flex-wrap:wrap;\" ><div class=\"fusion-builder-row fusion-row fusion-flex-align-items-flex-start fusion-flex-content-wrap\" style=\"max-width:1248px;margin-left: calc(-4% \/ 2 );margin-right: calc(-4% \/ 2 );\"><div class=\"fusion-layout-column fusion_builder_column fusion-builder-column-0 fusion_builder_column_1_1 1_1 fusion-flex-column\" style=\"--awb-bg-size:cover;--awb-width-large:100%;--awb-margin-top-large:0px;--awb-spacing-right-large:1.92%;--awb-margin-bottom-large:20px;--awb-spacing-left-large:1.92%;--awb-width-medium:100%;--awb-order-medium:0;--awb-spacing-right-medium:1.92%;--awb-spacing-left-medium:1.92%;--awb-width-small:100%;--awb-order-small:0;--awb-spacing-right-small:1.92%;--awb-spacing-left-small:1.92%;\"><div class=\"fusion-column-wrapper fusion-column-has-shadow fusion-flex-justify-content-flex-start fusion-content-layout-column\"><div class=\"fusion-text fusion-text-1\"><p>La trempe par induction est un proc\u00e9d\u00e9 de chauffage sans contact qui utilise les principes de l&rsquo;<a href=\"https:\/\/www.focoinduction.com\/lean-about-induction-heating\/induction-heating\/\" target=\"_blank\" rel=\"noopener\">induction \u00e9lectromagn\u00e9tique<\/a> pour g\u00e9n\u00e9rer de la chaleur dans les couches superficielles d&rsquo;une pi\u00e8ce. En un temps de chauffage beaucoup plus court que les autres m\u00e9thodes, la trempe optimise les propri\u00e9t\u00e9s m\u00e9caniques, telles que la r\u00e9sistance et la rigidit\u00e9, ce qui en fait la m\u00e9thode pr\u00e9f\u00e9r\u00e9e des fabricants ayant des besoins de production importants. La trempe ne prend g\u00e9n\u00e9ralement que quelques secondes !<\/p>\n<\/div><\/div><\/div><div class=\"fusion-layout-column fusion_builder_column fusion-builder-column-1 fusion_builder_column_1_1 1_1 fusion-flex-column\" style=\"--awb-bg-size:cover;--awb-width-large:100%;--awb-margin-top-large:0px;--awb-spacing-right-large:1.92%;--awb-margin-bottom-large:20px;--awb-spacing-left-large:1.92%;--awb-width-medium:100%;--awb-order-medium:0;--awb-spacing-right-medium:1.92%;--awb-spacing-left-medium:1.92%;--awb-width-small:100%;--awb-order-small:0;--awb-spacing-right-small:1.92%;--awb-spacing-left-small:1.92%;\"><div class=\"fusion-column-wrapper fusion-column-has-shadow fusion-flex-justify-content-flex-start fusion-content-layout-column\"><div class=\"fusion-text fusion-text-2\"><h2>Trempe par induction des m\u00e9taux<\/h2>\n<p>La trempe de l&rsquo;acier est plus efficace par le biais de processus de traitement thermique pour les pi\u00e8ces utilis\u00e9es en production. Vous disposerez d&rsquo;une m\u00e9thode rentable pour traiter les arbres ou d&rsquo;autres pi\u00e8ces \u00e0 l&rsquo;aide de la trempe par induction. G\u00e9n\u00e9ralement, la trempe par induction est appliqu\u00e9e aux pi\u00e8ces m\u00e9talliques pour obtenir une excellente r\u00e9sistance \u00e0 l&rsquo;usure superficielle tout en conservant leurs propri\u00e9t\u00e9s m\u00e9caniques. Il s&rsquo;agit d&rsquo;un proc\u00e9d\u00e9 qui permet d&rsquo;obtenir une duret\u00e9 superficielle tr\u00e8s \u00e9lev\u00e9e des mat\u00e9riaux m\u00e9talliques, ce qui le rend id\u00e9al pour la fabrication de composants expos\u00e9s \u00e0 de lourdes charges. Apr\u00e8s un processus de trempe par induction, une pi\u00e8ce m\u00e9tallique doit \u00eatre tremp\u00e9e \u00e0 l&rsquo;eau, \u00e0 l&rsquo;huile ou \u00e0 l&rsquo;air afin d&rsquo;obtenir des propri\u00e9t\u00e9s sp\u00e9cifiques pour la couche superficielle. La trempe superficielle augmente la r\u00e9sistance \u00e0 l&rsquo;usure et peut \u00eatre utilis\u00e9e pour am\u00e9liorer la r\u00e9sistance des composants soumis \u00e0 de fortes contraintes.<\/p>\n<\/div><\/div><\/div><div class=\"fusion-layout-column fusion_builder_column fusion-builder-column-2 fusion_builder_column_1_1 1_1 fusion-flex-column\" style=\"--awb-bg-size:cover;--awb-width-large:100%;--awb-margin-top-large:0px;--awb-spacing-right-large:1.92%;--awb-margin-bottom-large:20px;--awb-spacing-left-large:1.92%;--awb-width-medium:100%;--awb-order-medium:0;--awb-spacing-right-medium:1.92%;--awb-spacing-left-medium:1.92%;--awb-width-small:100%;--awb-order-small:0;--awb-spacing-right-small:1.92%;--awb-spacing-left-small:1.92%;\"><div class=\"fusion-column-wrapper fusion-column-has-shadow fusion-flex-justify-content-flex-start fusion-content-layout-column\"><div class=\"fusion-text fusion-text-3\"><h2>Trempe en une seule fois<\/h2>\n<p>La trempe par injection unique est la <a href=\"https:\/\/www.focoinduction.com\/heating-methods-for-induction-hardening\/\" target=\"_blank\" rel=\"noopener\">m\u00e9thode de trempe par induction<\/a> la plus courante, dans laquelle la pi\u00e8ce et la bobine restent au m\u00eame endroit tout au long du processus de chauffage. La trempe lente (qui consiste \u00e0 laisser la chaleur r\u00e9siduelle dans la pi\u00e8ce apr\u00e8s le processus de trempe) est couramment utilis\u00e9e avec les tirs uniques plus importants et les scanners horizontaux. La trempe automatique peut \u00eatre utilis\u00e9e pour le chauffage statique, le traitement thermique en une seule fois et, dans une moindre mesure, pour les scanners horizontaux ou les applications de trempe continue\/progressive.<\/p>\n<\/div><\/div><\/div><div class=\"fusion-layout-column fusion_builder_column fusion-builder-column-3 fusion_builder_column_1_1 1_1 fusion-flex-column\" style=\"--awb-bg-size:cover;--awb-width-large:100%;--awb-margin-top-large:0px;--awb-spacing-right-large:1.92%;--awb-margin-bottom-large:20px;--awb-spacing-left-large:1.92%;--awb-width-medium:100%;--awb-order-medium:0;--awb-spacing-right-medium:1.92%;--awb-spacing-left-medium:1.92%;--awb-width-small:100%;--awb-order-small:0;--awb-spacing-right-small:1.92%;--awb-spacing-left-small:1.92%;\"><div class=\"fusion-column-wrapper fusion-column-has-shadow fusion-flex-justify-content-flex-start fusion-content-layout-column\"><div class=\"fusion-text fusion-text-4\"><h2>C\u00e9mentation par induction s\u00e9lective<\/h2>\n<p>La c\u00e9mentation par induction s\u00e9lective permet d&rsquo;am\u00e9liorer les performances des pi\u00e8ces en offrant une combinaison de propri\u00e9t\u00e9s m\u00e9caniques, en conf\u00e9rant la duret\u00e9 n\u00e9cessaire aux surfaces d&rsquo;usure tout en assurant la mall\u00e9abilit\u00e9 au c\u0153ur de la pi\u00e8ce pour la r\u00e9sistance aux chocs.<\/p>\n<\/div><\/div><\/div><div class=\"fusion-layout-column fusion_builder_column fusion-builder-column-4 fusion_builder_column_1_1 1_1 fusion-flex-column\" style=\"--awb-bg-size:cover;--awb-width-large:100%;--awb-margin-top-large:0px;--awb-spacing-right-large:1.92%;--awb-margin-bottom-large:20px;--awb-spacing-left-large:1.92%;--awb-width-medium:100%;--awb-order-medium:0;--awb-spacing-right-medium:1.92%;--awb-spacing-left-medium:1.92%;--awb-width-small:100%;--awb-order-small:0;--awb-spacing-right-small:1.92%;--awb-spacing-left-small:1.92%;\"><div class=\"fusion-column-wrapper fusion-column-has-shadow fusion-flex-justify-content-flex-start fusion-content-layout-column\"><div class=\"fusion-text fusion-text-5\"><h2>Trempe par induction d&rsquo;un acier \u00e0 faible teneur en carbone moyen<\/h2>\n<p>La trempe par induction des aciers faiblement alli\u00e9s \u00e0 teneur moyenne en carbone est largement utilis\u00e9e dans les applications <a href=\"https:\/\/www.focoinduction.com\/fr\/industries\/le-chauffage-par-induction-dans-lindustrie-automobile\/\" target=\"_blank\" rel=\"noopener\">automobiles<\/a> et m\u00e9caniques critiques qui n\u00e9cessitent un niveau \u00e9lev\u00e9 de r\u00e9sistance \u00e0 l&rsquo;usure. La profondeur de trempe est d\u00e9finie par la profondeur de carbonisation, la r\u00e9ceptivit\u00e9 et la trempe. Tout processus de trempe vise \u00e0 conf\u00e9rer \u00e0 la surface une r\u00e9sistance aux contraintes m\u00e9caniques et \u00e0 donner \u00e0 une pi\u00e8ce une \u00e9lasticit\u00e9 suffisante pour qu&rsquo;elle puisse r\u00e9sister sans dommage aux forces ext\u00e9rieures.<\/p>\n<\/div><\/div><\/div><div class=\"fusion-layout-column fusion_builder_column fusion-builder-column-5 fusion_builder_column_1_1 1_1 fusion-flex-column\" style=\"--awb-bg-size:cover;--awb-width-large:100%;--awb-margin-top-large:0px;--awb-spacing-right-large:1.92%;--awb-margin-bottom-large:20px;--awb-spacing-left-large:1.92%;--awb-width-medium:100%;--awb-order-medium:0;--awb-spacing-right-medium:1.92%;--awb-spacing-left-medium:1.92%;--awb-width-small:100%;--awb-order-small:0;--awb-spacing-right-small:1.92%;--awb-spacing-left-small:1.92%;\"><div class=\"fusion-column-wrapper fusion-column-has-shadow fusion-flex-justify-content-flex-start fusion-content-layout-column\"><div class=\"fusion-text fusion-text-6\"><h2>Trempe s\u00e9lective par induction<\/h2>\n<p>La trempe s\u00e9lective par induction est un processus de chauffage acc\u00e9l\u00e9r\u00e9 qui cible des zones pr\u00e9cises d&rsquo;un acier ou d&rsquo;un alliage de fer, ce qui permet d&rsquo;atteindre des niveaux de duret\u00e9 \u00e9lev\u00e9s \u00e0 ces endroits sans affecter d&rsquo;autres r\u00e9gions. Il s&rsquo;agit d&rsquo;une alternative int\u00e9ressante pour de nombreuses industries o\u00f9 une trempe localis\u00e9e peut \u00eatre avantageuse, comme l&rsquo;industrie a\u00e9rospatiale. La trempe par induction n&rsquo;\u00e9tant pas un processus discontinu (en g\u00e9n\u00e9ral, une seule pi\u00e8ce est tremp\u00e9e \u00e0 la fois), les <a href=\"https:\/\/www.focoinduction.com\/induction-heating-equipment\/induction-hardening-machine\/\" target=\"_blank\" rel=\"noopener\">machines de trempe<\/a> peuvent \u00eatre situ\u00e9es dans des cellules de production, ce qui permet un flux continu du processus. Comme pour tout processus, la trempe est \u00e9galement fonction du temps et de la temp\u00e9rature, et la trempe par induction utilise g\u00e9n\u00e9ralement des temps plus courts et des temp\u00e9ratures plus \u00e9lev\u00e9es pour obtenir des r\u00e9sultats \u00e9quivalents \u00e0 ceux de la trempe au four. Nos ing\u00e9nieurs peuvent vous proposer une \u00e9valuation gratuite de votre application et vous consulter sur vos besoins de fabrication particuliers.<\/p>\n<\/div><div class=\"fusion-text fusion-text-7\" style=\"--awb-text-transform:capitalize;\"><p><em><a href=\"https:\/\/www.focoinduction.com\/contact\/\" target=\"_blank\" rel=\"noopener\">Consultez notre sp\u00e9cialiste de la trempe par induction.<\/a><\/em><\/p>\n<\/div><div class=\"fusion-text fusion-text-8\" style=\"--awb-text-transform:capitalize;\"><p><em><a href=\"https:\/\/www.focoinduction.com\/induction-heating-applications\/induction-hardening\/\" target=\"_blank\" rel=\"noopener\">Consultez nos projets de trempe par induction.<\/a><\/em><\/p>\n<\/div><\/div><\/div><\/div><\/div>\n","protected":false},"excerpt":{"rendered":"","protected":false},"author":1,"featured_media":9306,"parent":9677,"menu_order":0,"comment_status":"closed","ping_status":"closed","template":"","meta":{"footnotes":""},"class_list":["post-9304","page","type-page","status-publish","has-post-thumbnail","hentry"],"_links":{"self":[{"href":"https:\/\/www.focoinduction.com\/fr\/wp-json\/wp\/v2\/pages\/9304","targetHints":{"allow":["GET"]}}],"collection":[{"href":"https:\/\/www.focoinduction.com\/fr\/wp-json\/wp\/v2\/pages"}],"about":[{"href":"https:\/\/www.focoinduction.com\/fr\/wp-json\/wp\/v2\/types\/page"}],"author":[{"embeddable":true,"href":"https:\/\/www.focoinduction.com\/fr\/wp-json\/wp\/v2\/users\/1"}],"replies":[{"embeddable":true,"href":"https:\/\/www.focoinduction.com\/fr\/wp-json\/wp\/v2\/comments?post=9304"}],"version-history":[{"count":0,"href":"https:\/\/www.focoinduction.com\/fr\/wp-json\/wp\/v2\/pages\/9304\/revisions"}],"up":[{"embeddable":true,"href":"https:\/\/www.focoinduction.com\/fr\/wp-json\/wp\/v2\/pages\/9677"}],"wp:featuredmedia":[{"embeddable":true,"href":"https:\/\/www.focoinduction.com\/fr\/wp-json\/wp\/v2\/media\/9306"}],"wp:attachment":[{"href":"https:\/\/www.focoinduction.com\/fr\/wp-json\/wp\/v2\/media?parent=9304"}],"curies":[{"name":"wp","href":"https:\/\/api.w.org\/{rel}","templated":true}]}}