{"id":9442,"date":"2022-08-11T18:41:13","date_gmt":"2022-08-11T10:41:13","guid":{"rendered":"https:\/\/www.focoinduction.com\/fusion-de-largent-par-induction\/"},"modified":"2025-01-02T10:51:42","modified_gmt":"2025-01-02T02:51:42","slug":"fusion-de-largent-par-induction","status":"publish","type":"page","link":"https:\/\/www.focoinduction.com\/fr\/applications\/fusion-par-induction\/fusion-de-largent-par-induction\/","title":{"rendered":"Fusion de l&rsquo;argent par induction"},"content":{"rendered":"<p><div class=\"fusion-fullwidth fullwidth-box fusion-builder-row-1 fusion-flex-container nonhundred-percent-fullwidth non-hundred-percent-height-scrolling\" style=\"--awb-border-sizes-bottom:1px;--awb-border-radius-top-left:0px;--awb-border-radius-top-right:0px;--awb-border-radius-bottom-right:0px;--awb-border-radius-bottom-left:0px;--awb-flex-wrap:wrap;\" ><div class=\"fusion-builder-row fusion-row fusion-flex-align-items-flex-start fusion-flex-content-wrap\" style=\"max-width:1248px;margin-left: calc(-4% \/ 2 );margin-right: calc(-4% \/ 2 );\"><div class=\"fusion-layout-column fusion_builder_column fusion-builder-column-0 fusion_builder_column_1_1 1_1 fusion-flex-column\" style=\"--awb-bg-size:cover;--awb-width-large:100%;--awb-margin-top-large:0px;--awb-spacing-right-large:1.92%;--awb-margin-bottom-large:20px;--awb-spacing-left-large:1.92%;--awb-width-medium:100%;--awb-order-medium:0;--awb-spacing-right-medium:1.92%;--awb-spacing-left-medium:1.92%;--awb-width-small:100%;--awb-order-small:0;--awb-spacing-right-small:1.92%;--awb-spacing-left-small:1.92%;\"><div class=\"fusion-column-wrapper fusion-column-has-shadow fusion-flex-justify-content-flex-start fusion-content-layout-column\"><div class=\"fusion-text fusion-text-1\"><h2>Applications de la fusion par induction<\/h2>\n<p>Four de fusion \u00e0 induction \u00e0 bascule FOCO de 160 kW pour la fusion de 300 kg d&rsquo;argent. 300 kg d&rsquo;argent ont \u00e9t\u00e9 fondus en liquide en 50 minutes. L&rsquo;ensemble du processus de fusion est rapide et s\u00fbr. Le four de fusion est \u00e9quip\u00e9 d&rsquo;un dispositif de d\u00e9poussi\u00e9rage pour assurer la protection de l&rsquo;environnement de travail.   <\/p>\n<p><strong>Equipement :<\/strong><\/p>\n<ul>\n<li>160kW <span style=\"color: #0000ff;\"><a style=\"color: #0000ff;\" href=\"https:\/\/www.focoinduction.com\/induction-heating-equipment\/induction-melting-furnace\/tilt-type-induction-melting-furnace\/\" target=\"_blank\" rel=\"noopener\">Four de fusion \u00e0 induction \u00e0 bascule<\/a><\/span>.<\/li>\n<\/ul>\n<p>Le four \u00e0 induction \u00e0 bascule peut fondre 10 kg en 300 kg d&rsquo;argent. La puissance maximale peut atteindre 160 kW. Il peut \u00eatre \u00e9quip\u00e9 d&rsquo;un thermom\u00e8tre infrarouge pour contr\u00f4ler avec pr\u00e9cision la temp\u00e9rature de fusion. Il peut \u00e9galement \u00eatre \u00e9quip\u00e9 d&rsquo;un syst\u00e8me de commande \u00e0 distance pour contr\u00f4ler l&rsquo;inclinaison \u00e0 90 degr\u00e9s du corps du four, ce qui rend l&rsquo;op\u00e9ration plus s\u00fbre.   <\/p>\n<p><strong>Processus de fusion :<\/strong><\/p>\n<ol>\n<li>Mettez 300 kg d&rsquo;argent dans le creuset.<\/li>\n<li>Sous l&rsquo;action du chauffage par induction, l&rsquo;argent fond en 50 minutes.<\/li>\n<li>Gr\u00e2ce \u00e0 l&rsquo;effet de brassage \u00e9lectromagn\u00e9tique du chauffage par induction, l&rsquo;argent est chauff\u00e9 uniform\u00e9ment et la vitesse de chauffage est rapide.<\/li>\n<\/ol>\n<p>En savoir plus sur <span style=\"color: #0000ff;\"><a style=\"color: #0000ff;\" href=\"https:\/\/www.focoinduction.com\/induction-heating-applications\/induction-melting\/\" target=\"_blank\" rel=\"noopener\">les applications de fusion par induction<\/a><\/span>.<\/p>\n<\/div><\/div><\/div><\/div><\/div><div class=\"fusion-fullwidth fullwidth-box fusion-builder-row-2 fusion-flex-container nonhundred-percent-fullwidth non-hundred-percent-height-scrolling\" style=\"--awb-border-sizes-bottom:1px;--awb-border-radius-top-left:0px;--awb-border-radius-top-right:0px;--awb-border-radius-bottom-right:0px;--awb-border-radius-bottom-left:0px;--awb-flex-wrap:wrap;\" ><div class=\"fusion-builder-row fusion-row fusion-flex-align-items-flex-start fusion-flex-content-wrap\" style=\"max-width:1248px;margin-left: calc(-4% \/ 2 );margin-right: calc(-4% \/ 2 );\"><div class=\"fusion-layout-column fusion_builder_column fusion-builder-column-1 fusion_builder_column_1_1 1_1 fusion-flex-column\" style=\"--awb-bg-size:cover;--awb-width-large:100%;--awb-margin-top-large:0px;--awb-spacing-right-large:1.92%;--awb-margin-bottom-large:20px;--awb-spacing-left-large:1.92%;--awb-width-medium:100%;--awb-order-medium:0;--awb-spacing-right-medium:1.92%;--awb-spacing-left-medium:1.92%;--awb-width-small:100%;--awb-order-small:0;--awb-spacing-right-small:1.92%;--awb-spacing-left-small:1.92%;\"><div class=\"fusion-column-wrapper fusion-column-has-shadow fusion-flex-justify-content-flex-start fusion-content-layout-column\"><div class=\"fusion-text fusion-text-2\" style=\"--awb-text-transform:none;\"><h3>Vid\u00e9os de l&rsquo;argent fondu par induction<\/h3>\n<\/div><\/div><\/div><div class=\"fusion-layout-column fusion_builder_column fusion-builder-column-2 fusion_builder_column_1_1 1_1 fusion-flex-column\" style=\"--awb-bg-size:cover;--awb-width-large:100%;--awb-margin-top-large:0px;--awb-spacing-right-large:1.92%;--awb-margin-bottom-large:20px;--awb-spacing-left-large:1.92%;--awb-width-medium:100%;--awb-order-medium:0;--awb-spacing-right-medium:1.92%;--awb-spacing-left-medium:1.92%;--awb-width-small:100%;--awb-order-small:0;--awb-spacing-right-small:1.92%;--awb-spacing-left-small:1.92%;\"><div class=\"fusion-column-wrapper fusion-column-has-shadow fusion-flex-justify-content-flex-start fusion-content-layout-column\"><div class=\"fusion-video fusion-youtube\" style=\"--awb-max-width:600px;--awb-max-height:360px;\"><div class=\"video-shortcode\"><lite-youtube videoid=\"xBsRljJospg\" class=\"landscape\" params=\"wmode=transparent&autoplay=1&amp;enablejsapi=1\" title=\"Induction Melting of Silver\" data-button-label=\"Play Video\" width=\"600\" height=\"360\" data-thumbnail-size=\"auto\" data-no-cookie=\"on\"><\/lite-youtube><\/div><\/div><\/div><\/div><\/div><\/div><\/p>\n","protected":false},"excerpt":{"rendered":"","protected":false},"author":1,"featured_media":9443,"parent":10155,"menu_order":0,"comment_status":"closed","ping_status":"closed","template":"","meta":{"footnotes":""},"class_list":["post-9442","page","type-page","status-publish","has-post-thumbnail","hentry"],"_links":{"self":[{"href":"https:\/\/www.focoinduction.com\/fr\/wp-json\/wp\/v2\/pages\/9442","targetHints":{"allow":["GET"]}}],"collection":[{"href":"https:\/\/www.focoinduction.com\/fr\/wp-json\/wp\/v2\/pages"}],"about":[{"href":"https:\/\/www.focoinduction.com\/fr\/wp-json\/wp\/v2\/types\/page"}],"author":[{"embeddable":true,"href":"https:\/\/www.focoinduction.com\/fr\/wp-json\/wp\/v2\/users\/1"}],"replies":[{"embeddable":true,"href":"https:\/\/www.focoinduction.com\/fr\/wp-json\/wp\/v2\/comments?post=9442"}],"version-history":[{"count":0,"href":"https:\/\/www.focoinduction.com\/fr\/wp-json\/wp\/v2\/pages\/9442\/revisions"}],"up":[{"embeddable":true,"href":"https:\/\/www.focoinduction.com\/fr\/wp-json\/wp\/v2\/pages\/10155"}],"wp:featuredmedia":[{"embeddable":true,"href":"https:\/\/www.focoinduction.com\/fr\/wp-json\/wp\/v2\/media\/9443"}],"wp:attachment":[{"href":"https:\/\/www.focoinduction.com\/fr\/wp-json\/wp\/v2\/media?parent=9442"}],"curies":[{"name":"wp","href":"https:\/\/api.w.org\/{rel}","templated":true}]}}