{"id":9505,"date":"2022-08-15T16:39:48","date_gmt":"2022-08-15T08:39:48","guid":{"rendered":"https:\/\/www.focoinduction.com\/barre-de-fer-chauffee-par-induction-pour-le-forgeage\/"},"modified":"2025-01-02T10:50:12","modified_gmt":"2025-01-02T02:50:12","slug":"barre-de-fer-chauffee-par-induction-pour-le-forgeage","status":"publish","type":"page","link":"https:\/\/www.focoinduction.com\/fr\/applications\/forgeage-par-induction\/barre-de-fer-chauffee-par-induction-pour-le-forgeage\/","title":{"rendered":"Barre de fer chauff\u00e9e par induction pour le forgeage"},"content":{"rendered":"<p><div class=\"fusion-fullwidth fullwidth-box fusion-builder-row-1 fusion-flex-container nonhundred-percent-fullwidth non-hundred-percent-height-scrolling\" style=\"--awb-border-sizes-bottom:1px;--awb-border-radius-top-left:0px;--awb-border-radius-top-right:0px;--awb-border-radius-bottom-right:0px;--awb-border-radius-bottom-left:0px;--awb-flex-wrap:wrap;\" ><div class=\"fusion-builder-row fusion-row fusion-flex-align-items-flex-start fusion-flex-content-wrap\" style=\"max-width:1248px;margin-left: calc(-4% \/ 2 );margin-right: calc(-4% \/ 2 );\"><div class=\"fusion-layout-column fusion_builder_column fusion-builder-column-0 fusion_builder_column_1_1 1_1 fusion-flex-column\" style=\"--awb-bg-size:cover;--awb-width-large:100%;--awb-margin-top-large:0px;--awb-spacing-right-large:1.92%;--awb-margin-bottom-large:20px;--awb-spacing-left-large:1.92%;--awb-width-medium:100%;--awb-order-medium:0;--awb-spacing-right-medium:1.92%;--awb-spacing-left-medium:1.92%;--awb-width-small:100%;--awb-order-small:0;--awb-spacing-right-small:1.92%;--awb-spacing-left-small:1.92%;\"><div class=\"fusion-column-wrapper fusion-column-has-shadow fusion-flex-justify-content-flex-start fusion-content-layout-column\"><div class=\"fusion-text fusion-text-1\"><h2>Application de la barre de fer chauffante par induction<\/h2>\n<p>Le chauffage par induction des barres de fer est une m\u00e9thode efficace et \u00e9conome en \u00e9nergie pour le pr\u00e9chauffage avant le forgeage. Selon les exigences de forgeage des barres de fer, nos ing\u00e9nieurs chauffent des barres de fer d&rsquo;un diam\u00e8tre de 25 mm et d&rsquo;une longueur de 150 mm dans le laboratoire d&rsquo;induction FOCO. D&rsquo;apr\u00e8s les r\u00e9sultats exp\u00e9rimentaux, la barre de fer a \u00e9t\u00e9 chauff\u00e9e \u00e0 environ 900 \u00b0C en 5 secondes.  <\/p>\n<p><strong>\u00c9quipement\uff1a<\/strong><\/p>\n<p>160 kW MF <span style=\"color: #0000ff;\"><a style=\"color: #0000ff;\" href=\"https:\/\/www.focoinduction.com\/induction-heating-equipment\/induction-heating-machine\/medium-frequency-induction-heating-machine\/\" target=\"_blank\" rel=\"noopener\">machine de chauffage par induction<\/a><\/span> et un thermom\u00e8tre infrarouge. La machine de chauffage par induction \u00e0 moyenne fr\u00e9quence a une grande profondeur de chauffe et est souvent utilis\u00e9e pour chauffer des barres de fer, des barres d&rsquo;acier, des billettes, etc. Pour le chauffage et le pr\u00e9chauffage des barres avant le forgeage, nous avons con\u00e7u un syst\u00e8me de chauffage par induction d\u00e9di\u00e9. <span style=\"color: #0000ff;\"><a style=\"color: #0000ff;\" href=\"https:\/\/www.focoinduction.com\/induction-heating-equipment\/induction-heating-system-for-forging\/\" target=\"_blank\" rel=\"noopener\">syst\u00e8me de chauffage par induction<\/a><\/span>.<\/p>\n<p><strong>Processus de chauffage\uff1a<\/strong><\/p>\n<ol>\n<li>Ins\u00e9rez les barres de fer dans la bobine d&rsquo;induction dans l&rsquo;ordre.<\/li>\n<li>Les barres de fer sont chauff\u00e9es \u00e0 900 \u00b0C pendant 5 secondes.<\/li>\n<li>Les barres de fer sont retir\u00e9es de la bobine d&rsquo;induction.<\/li>\n<\/ol>\n<p><strong>Avantages\uff1a<\/strong><\/p>\n<p>Le chauffage par induction est une m\u00e9thode rapide et s\u00fbre pour chauffer les barres de fer. Compar\u00e9 au chauffage \u00e0 la flamme ou au four \u00e0 r\u00e9sistance, il est plus \u00e9conome en \u00e9nergie et plus s\u00fbr. Il peut \u00e9galement \u00eatre pr\u00e9programm\u00e9 pour int\u00e9grer des machines de chauffage par induction dans votre cha\u00eene de production pour une production automatis\u00e9e. En r\u00e9glant le temps et la temp\u00e9rature de chauffage, le chauffage par induction peut garantir des r\u00e9sultats constants. Pour en savoir plus <span style=\"color: #0000ff;\"><a style=\"color: #0000ff;\" href=\"https:\/\/www.focoinduction.com\/induction-heating-applications\/induction-forging\/\" target=\"_blank\" rel=\"noopener\">le chauffage par induction et les applications de forgeage<\/a><\/span>. Consultez les syst\u00e8mes de chauffage par induction personnalis\u00e9s et <span style=\"color: #0000ff;\"><a style=\"color: #0000ff;\" href=\"https:\/\/www.focoinduction.com\/contact\/\" target=\"_blank\" rel=\"noopener\">demandez un devis<\/a><\/span>.<\/p>\n<\/div><\/div><\/div><\/div><\/div><div class=\"fusion-fullwidth fullwidth-box fusion-builder-row-2 fusion-flex-container nonhundred-percent-fullwidth non-hundred-percent-height-scrolling\" style=\"--awb-border-sizes-bottom:1px;--awb-border-radius-top-left:0px;--awb-border-radius-top-right:0px;--awb-border-radius-bottom-right:0px;--awb-border-radius-bottom-left:0px;--awb-flex-wrap:wrap;\" ><div class=\"fusion-builder-row fusion-row fusion-flex-align-items-flex-start fusion-flex-content-wrap\" style=\"max-width:1248px;margin-left: calc(-4% \/ 2 );margin-right: calc(-4% \/ 2 );\"><div class=\"fusion-layout-column fusion_builder_column fusion-builder-column-1 fusion_builder_column_1_1 1_1 fusion-flex-column\" style=\"--awb-bg-size:cover;--awb-width-large:100%;--awb-margin-top-large:0px;--awb-spacing-right-large:1.92%;--awb-margin-bottom-large:20px;--awb-spacing-left-large:1.92%;--awb-width-medium:100%;--awb-order-medium:0;--awb-spacing-right-medium:1.92%;--awb-spacing-left-medium:1.92%;--awb-width-small:100%;--awb-order-small:0;--awb-spacing-right-small:1.92%;--awb-spacing-left-small:1.92%;\"><div class=\"fusion-column-wrapper fusion-column-has-shadow fusion-flex-justify-content-flex-start fusion-content-layout-column\"><div class=\"fusion-text fusion-text-2\" style=\"--awb-text-transform:none;\"><h3>Vid\u00e9os sur le chauffage par induction<\/h3>\n<\/div><\/div><\/div><div class=\"fusion-layout-column fusion_builder_column fusion-builder-column-2 fusion_builder_column_1_1 1_1 fusion-flex-column\" style=\"--awb-bg-size:cover;--awb-width-large:100%;--awb-margin-top-large:0px;--awb-spacing-right-large:1.92%;--awb-margin-bottom-large:20px;--awb-spacing-left-large:1.92%;--awb-width-medium:100%;--awb-order-medium:0;--awb-spacing-right-medium:1.92%;--awb-spacing-left-medium:1.92%;--awb-width-small:100%;--awb-order-small:0;--awb-spacing-right-small:1.92%;--awb-spacing-left-small:1.92%;\"><div class=\"fusion-column-wrapper fusion-column-has-shadow fusion-flex-justify-content-flex-start fusion-content-layout-column\"><div class=\"fusion-video fusion-youtube\" style=\"--awb-max-width:600px;--awb-max-height:360px;\"><div class=\"video-shortcode\"><lite-youtube videoid=\"nyaixAMaFJQ\" class=\"landscape\" params=\"wmode=transparent&autoplay=1&amp;enablejsapi=1\" title=\"Induction Heating Iron Bar for Forging\" data-button-label=\"Play Video\" width=\"600\" height=\"360\" data-thumbnail-size=\"auto\" data-no-cookie=\"on\"><\/lite-youtube><\/div><\/div><\/div><\/div><\/div><\/div><\/p>\n","protected":false},"excerpt":{"rendered":"","protected":false},"author":1,"featured_media":9506,"parent":9849,"menu_order":0,"comment_status":"closed","ping_status":"closed","template":"","meta":{"footnotes":""},"class_list":["post-9505","page","type-page","status-publish","has-post-thumbnail","hentry"],"_links":{"self":[{"href":"https:\/\/www.focoinduction.com\/fr\/wp-json\/wp\/v2\/pages\/9505","targetHints":{"allow":["GET"]}}],"collection":[{"href":"https:\/\/www.focoinduction.com\/fr\/wp-json\/wp\/v2\/pages"}],"about":[{"href":"https:\/\/www.focoinduction.com\/fr\/wp-json\/wp\/v2\/types\/page"}],"author":[{"embeddable":true,"href":"https:\/\/www.focoinduction.com\/fr\/wp-json\/wp\/v2\/users\/1"}],"replies":[{"embeddable":true,"href":"https:\/\/www.focoinduction.com\/fr\/wp-json\/wp\/v2\/comments?post=9505"}],"version-history":[{"count":0,"href":"https:\/\/www.focoinduction.com\/fr\/wp-json\/wp\/v2\/pages\/9505\/revisions"}],"up":[{"embeddable":true,"href":"https:\/\/www.focoinduction.com\/fr\/wp-json\/wp\/v2\/pages\/9849"}],"wp:featuredmedia":[{"embeddable":true,"href":"https:\/\/www.focoinduction.com\/fr\/wp-json\/wp\/v2\/media\/9506"}],"wp:attachment":[{"href":"https:\/\/www.focoinduction.com\/fr\/wp-json\/wp\/v2\/media?parent=9505"}],"curies":[{"name":"wp","href":"https:\/\/api.w.org\/{rel}","templated":true}]}}