{"id":9538,"date":"2022-08-22T12:17:43","date_gmt":"2022-08-22T04:17:43","guid":{"rendered":"https:\/\/www.focoinduction.com\/fusion-par-induction-500-kg-de-fer\/"},"modified":"2025-01-02T10:51:42","modified_gmt":"2025-01-02T02:51:42","slug":"fusion-par-induction-500-kg-de-fer","status":"publish","type":"page","link":"https:\/\/www.focoinduction.com\/fr\/applications\/fusion-par-induction\/fusion-par-induction-500-kg-de-fer\/","title":{"rendered":"Fusion par induction 500 kg de fer"},"content":{"rendered":"<p><div class=\"fusion-fullwidth fullwidth-box fusion-builder-row-1 fusion-flex-container nonhundred-percent-fullwidth non-hundred-percent-height-scrolling\" style=\"--awb-border-sizes-bottom:1px;--awb-border-radius-top-left:0px;--awb-border-radius-top-right:0px;--awb-border-radius-bottom-right:0px;--awb-border-radius-bottom-left:0px;--awb-flex-wrap:wrap;\" ><div class=\"fusion-builder-row fusion-row fusion-flex-align-items-flex-start fusion-flex-content-wrap\" style=\"max-width:1248px;margin-left: calc(-4% \/ 2 );margin-right: calc(-4% \/ 2 );\"><div class=\"fusion-layout-column fusion_builder_column fusion-builder-column-0 fusion_builder_column_1_1 1_1 fusion-flex-column\" style=\"--awb-bg-size:cover;--awb-width-large:100%;--awb-margin-top-large:0px;--awb-spacing-right-large:1.92%;--awb-margin-bottom-large:20px;--awb-spacing-left-large:1.92%;--awb-width-medium:100%;--awb-order-medium:0;--awb-spacing-right-medium:1.92%;--awb-spacing-left-medium:1.92%;--awb-width-small:100%;--awb-order-small:0;--awb-spacing-right-small:1.92%;--awb-spacing-left-small:1.92%;\"><div class=\"fusion-column-wrapper fusion-column-has-shadow fusion-flex-justify-content-flex-start fusion-content-layout-column\"><div class=\"fusion-text fusion-text-1\"><p>Une fonderie a besoin de fondre 500 kg de fonte par heure. FOCO fournit \u00e0 ses clients un four \u00e0 induction \u00e0 coquille d&rsquo;aluminium de 300 kW, qui peut fondre 500 kg de fer, de fonte et de fonte brute en 50 minutes. Nous \u00e9quipons \u00e9galement nos clients d&rsquo;un dispositif de d\u00e9poussi\u00e9rage pour collecter les particules flottantes g\u00e9n\u00e9r\u00e9es pendant le processus de fusion et am\u00e9liorer l&rsquo;environnement de travail.  <\/p>\n<p><strong>Propri\u00e9t\u00e9s du fer :<\/strong><\/p>\n<ul>\n<li>Point de fusion : 1538 \u2103.<\/li>\n<li>Densit\u00e9 : 7,86 g\/cm\u00b3.<\/li>\n<li>Capacit\u00e9 thermique sp\u00e9cifique : 460J\/(kg \u2103).<\/li>\n<li>Aspect et forme : Le fer pur est un cristal m\u00e9tallique \u00e0 l&rsquo;\u00e9clat m\u00e9tallique blanc argent\u00e9, g\u00e9n\u00e9ralement sous forme de fines particules ou de poudre amorphes de couleur grise \u00e0 gris-noir. Il pr\u00e9sente une bonne ductilit\u00e9, une bonne conductivit\u00e9 \u00e9lectrique et une bonne conductivit\u00e9 thermique. Il poss\u00e8de un fort ferromagn\u00e9tisme et appartient aux mat\u00e9riaux magn\u00e9tiques.  <\/li>\n<\/ul>\n<p><strong>Equipement :<\/strong><\/p>\n<ul>\n<li>300 kW <span style=\"color: #0000ff;\"><a style=\"color: #0000ff;\" href=\"https:\/\/www.focoinduction.com\/induction-heating-equipment\/induction-melting-furnace\/aluminum-shell-induction-melting-furnace\/\" target=\"_blank\" rel=\"noopener\">four de fusion par induction \u00e0 coquille d&rsquo;aluminium<\/a><\/span>.<\/li>\n<li>\u00c9quipement de d\u00e9poussi\u00e9rage.<\/li>\n<\/ul>\n<p>Le four de fusion par induction \u00e0 coquille d&rsquo;aluminium adopte une alimentation \u00e9lectrique de chauffage par induction GWJ et un corps de four de fusion par induction sans noyau de 500 kg. Il est \u00e9quip\u00e9 de deux corps de four pour la fusion du fer. L&rsquo;un des fours fonctionne et l&rsquo;autre est en attente. Lorsque l&rsquo;un des corps de four est en panne, le corps de four de r\u00e9serve peut \u00eatre activ\u00e9 pour assurer une production continue. Il est \u00e9galement \u00e9quip\u00e9 d&rsquo;une poign\u00e9e de commande \u00e0 distance pour contr\u00f4ler l&rsquo;inversion du corps du four, ce qui rend plus s\u00fbre la coul\u00e9e de fer fondu. Les fum\u00e9es et les poussi\u00e8res g\u00e9n\u00e9r\u00e9es pendant le processus de fusion peuvent \u00eatre \u00e9limin\u00e9es \u00e0 l&rsquo;aide d&rsquo;un \u00e9quipement de d\u00e9poussi\u00e9rage.   <\/p>\n<p><strong>Processus de fusion :<\/strong><\/p>\n<ol>\n<li>Placez le bloc de fer dans le corps du four \u00e0 induction.<\/li>\n<li>Le bloc de fer de 500 kg fondra en 50 minutes.<\/li>\n<li>Versez le fer fondu.<\/li>\n<\/ol>\n<p><strong>Des fonderies efficaces et plus s\u00fbres :<\/strong><\/p>\n<p>Les nombreux avantages du chauffage par induction montrent que <span style=\"color: #0000ff;\"><a style=\"color: #0000ff;\" href=\"https:\/\/www.focoinduction.com\/induction-heating-equipment\/induction-melting-furnace\/\" target=\"_blank\" rel=\"noopener\">fours de fusion \u00e0 induction<\/a><\/span> peuvent offrir un processus de production plus s\u00fbr et plus efficace. Les syst\u00e8mes de chauffage et de fusion par induction FOCO offrent la meilleure solution \u00e9conomique pour votre projet de fusion. En savoir plus sur <span style=\"color: #0000ff;\"><a style=\"color: #0000ff;\" href=\"https:\/\/www.focoinduction.com\/induction-heating-applications\/induction-melting\/\" target=\"_blank\" rel=\"noopener\">les applications de fusion par induction<\/a><\/span>.<\/p>\n<\/div><\/div><\/div><\/div><\/div><div class=\"fusion-fullwidth fullwidth-box fusion-builder-row-2 fusion-flex-container nonhundred-percent-fullwidth non-hundred-percent-height-scrolling\" style=\"--awb-border-sizes-bottom:1px;--awb-border-radius-top-left:0px;--awb-border-radius-top-right:0px;--awb-border-radius-bottom-right:0px;--awb-border-radius-bottom-left:0px;--awb-flex-wrap:wrap;\" ><div class=\"fusion-builder-row fusion-row fusion-flex-align-items-flex-start fusion-flex-content-wrap\" style=\"max-width:1248px;margin-left: calc(-4% \/ 2 );margin-right: calc(-4% \/ 2 );\"><div class=\"fusion-layout-column fusion_builder_column fusion-builder-column-1 fusion_builder_column_1_1 1_1 fusion-flex-column\" style=\"--awb-bg-size:cover;--awb-width-large:100%;--awb-margin-top-large:0px;--awb-spacing-right-large:1.92%;--awb-margin-bottom-large:20px;--awb-spacing-left-large:1.92%;--awb-width-medium:100%;--awb-order-medium:0;--awb-spacing-right-medium:1.92%;--awb-spacing-left-medium:1.92%;--awb-width-small:100%;--awb-order-small:0;--awb-spacing-right-small:1.92%;--awb-spacing-left-small:1.92%;\"><div class=\"fusion-column-wrapper fusion-column-has-shadow fusion-flex-justify-content-flex-start fusion-content-layout-column\"><div class=\"fusion-text fusion-text-2\" style=\"--awb-text-transform:none;\"><h3>Vid\u00e9os de la fusion par induction de 500 kg de fer<\/h3>\n<\/div><\/div><\/div><div class=\"fusion-layout-column fusion_builder_column fusion-builder-column-2 fusion_builder_column_1_1 1_1 fusion-flex-column\" style=\"--awb-bg-size:cover;--awb-width-large:100%;--awb-margin-top-large:0px;--awb-spacing-right-large:1.92%;--awb-margin-bottom-large:20px;--awb-spacing-left-large:1.92%;--awb-width-medium:100%;--awb-order-medium:0;--awb-spacing-right-medium:1.92%;--awb-spacing-left-medium:1.92%;--awb-width-small:100%;--awb-order-small:0;--awb-spacing-right-small:1.92%;--awb-spacing-left-small:1.92%;\"><div class=\"fusion-column-wrapper fusion-column-has-shadow fusion-flex-justify-content-flex-start fusion-content-layout-column\"><div class=\"fusion-video fusion-youtube\" style=\"--awb-max-width:600px;--awb-max-height:360px;\"><div class=\"video-shortcode\"><lite-youtube videoid=\"NV-ZPF-eha4\" class=\"landscape\" params=\"wmode=transparent&autoplay=1&amp;enablejsapi=1\" title=\"Induction Melting 500 kg Iron\" data-button-label=\"Play Video\" width=\"600\" height=\"360\" data-thumbnail-size=\"auto\" data-no-cookie=\"on\"><\/lite-youtube><\/div><\/div><\/div><\/div><\/div><\/div><\/p>\n","protected":false},"excerpt":{"rendered":"","protected":false},"author":1,"featured_media":9540,"parent":10155,"menu_order":0,"comment_status":"closed","ping_status":"closed","template":"","meta":{"footnotes":""},"class_list":["post-9538","page","type-page","status-publish","has-post-thumbnail","hentry"],"_links":{"self":[{"href":"https:\/\/www.focoinduction.com\/fr\/wp-json\/wp\/v2\/pages\/9538","targetHints":{"allow":["GET"]}}],"collection":[{"href":"https:\/\/www.focoinduction.com\/fr\/wp-json\/wp\/v2\/pages"}],"about":[{"href":"https:\/\/www.focoinduction.com\/fr\/wp-json\/wp\/v2\/types\/page"}],"author":[{"embeddable":true,"href":"https:\/\/www.focoinduction.com\/fr\/wp-json\/wp\/v2\/users\/1"}],"replies":[{"embeddable":true,"href":"https:\/\/www.focoinduction.com\/fr\/wp-json\/wp\/v2\/comments?post=9538"}],"version-history":[{"count":0,"href":"https:\/\/www.focoinduction.com\/fr\/wp-json\/wp\/v2\/pages\/9538\/revisions"}],"up":[{"embeddable":true,"href":"https:\/\/www.focoinduction.com\/fr\/wp-json\/wp\/v2\/pages\/10155"}],"wp:featuredmedia":[{"embeddable":true,"href":"https:\/\/www.focoinduction.com\/fr\/wp-json\/wp\/v2\/media\/9540"}],"wp:attachment":[{"href":"https:\/\/www.focoinduction.com\/fr\/wp-json\/wp\/v2\/media?parent=9538"}],"curies":[{"name":"wp","href":"https:\/\/api.w.org\/{rel}","templated":true}]}}