{"id":9575,"date":"2022-08-29T11:08:56","date_gmt":"2022-08-29T03:08:56","guid":{"rendered":"https:\/\/www.focoinduction.com\/trempe-par-induction-dune-bague-en-acier\/"},"modified":"2025-01-02T10:51:12","modified_gmt":"2025-01-02T02:51:12","slug":"trempe-par-induction-dune-bague-en-acier","status":"publish","type":"page","link":"https:\/\/www.focoinduction.com\/fr\/applications\/trempe-par-induction\/trempe-par-induction-dune-bague-en-acier\/","title":{"rendered":"Trempe par induction d&rsquo;une bague en acier"},"content":{"rendered":"<p><div class=\"fusion-fullwidth fullwidth-box fusion-builder-row-1 fusion-flex-container has-pattern-background has-mask-background nonhundred-percent-fullwidth non-hundred-percent-height-scrolling\" style=\"--awb-border-sizes-bottom:1px;--awb-border-radius-top-left:0px;--awb-border-radius-top-right:0px;--awb-border-radius-bottom-right:0px;--awb-border-radius-bottom-left:0px;--awb-flex-wrap:wrap;\" ><div class=\"fusion-builder-row fusion-row fusion-flex-align-items-flex-start fusion-flex-content-wrap\" style=\"max-width:1248px;margin-left: calc(-4% \/ 2 );margin-right: calc(-4% \/ 2 );\"><div class=\"fusion-layout-column fusion_builder_column fusion-builder-column-0 fusion_builder_column_1_1 1_1 fusion-flex-column\" style=\"--awb-bg-size:cover;--awb-width-large:100%;--awb-margin-top-large:0px;--awb-spacing-right-large:1.92%;--awb-margin-bottom-large:20px;--awb-spacing-left-large:1.92%;--awb-width-medium:100%;--awb-order-medium:0;--awb-spacing-right-medium:1.92%;--awb-spacing-left-medium:1.92%;--awb-width-small:100%;--awb-order-small:0;--awb-spacing-right-small:1.92%;--awb-spacing-left-small:1.92%;\"><div class=\"fusion-column-wrapper fusion-column-has-shadow fusion-flex-justify-content-flex-start fusion-content-layout-column\"><div class=\"fusion-text fusion-text-1\"><p>Un grand fabricant de pi\u00e8ces automobiles souhaitait durcir par induction la paroi int\u00e9rieure de bagues en acier. Nos ing\u00e9nieurs con\u00e7oivent des machines semi-automatiques de trempe par induction pour les clients, qui sont \u00e9quip\u00e9es de quatre positions pour les pi\u00e8ces \u00e0 usiner et peuvent achever la trempe d&rsquo;une douille en 20 secondes. Les bagues en acier sont un \u00e9l\u00e9ment important de la plupart des \u00e9quipements m\u00e9caniques. Elles doivent pr\u00e9senter une duret\u00e9, une r\u00e9sistance \u00e0 la fatigue et une r\u00e9sistance \u00e0 l&rsquo;usure \u00e9lev\u00e9es. La trempe par induction permet d&rsquo;augmenter consid\u00e9rablement la duret\u00e9 et la r\u00e9sistance \u00e0 l&rsquo;usure de la douille et de prolonger sa dur\u00e9e de vie. <\/p>\n<p><strong>Indicateurs techniques de durcissement des bagues en acier :<\/strong><\/p>\n<ul>\n<li>Mat\u00e9riau de la bague : acier doux<\/li>\n<li>Profondeur de trempe : 1-3mm<\/li>\n<li>Duret\u00e9 : 50HRC-55HRC<\/li>\n<li>Vitesse de production : 180 pi\u00e8ces par heure<\/li>\n<\/ul>\n<\/div><\/div><\/div><div class=\"fusion-layout-column fusion_builder_column fusion-builder-column-1 fusion_builder_column_1_1 1_1 fusion-flex-column\" style=\"--awb-bg-size:cover;--awb-width-large:100%;--awb-margin-top-large:0px;--awb-spacing-right-large:1.92%;--awb-margin-bottom-large:20px;--awb-spacing-left-large:1.92%;--awb-width-medium:100%;--awb-order-medium:0;--awb-spacing-right-medium:1.92%;--awb-spacing-left-medium:1.92%;--awb-width-small:100%;--awb-order-small:0;--awb-spacing-right-small:1.92%;--awb-spacing-left-small:1.92%;\"><div class=\"fusion-column-wrapper fusion-column-has-shadow fusion-flex-justify-content-flex-start fusion-content-layout-column\"><div class=\"fusion-text fusion-text-2\"><p><strong>Equipement<\/strong><\/p>\n<p><span style=\"color: #0000ff;\"><a style=\"color: #0000ff;\" href=\"https:\/\/www.focoinduction.com\/induction-heating-equipment\/induction-hardening-machine\/automatic-induction-hardening-machine\/\" target=\"_blank\" rel=\"noopener\">Machine de trempe par induction sur mesure<\/a><\/span><\/p>\n<p>Les machines de trempe par induction FOCO sont sp\u00e9cialement con\u00e7ues pour les pi\u00e8ces uniques de nos clients. Elles sont \u00e9quip\u00e9es d&rsquo;une <a href=\"https:\/\/www.focoinduction.com\/induction-heating-equipment\/induction-heating-machine\/high-frequency-induction-heating-machine\/\" target=\"_blank\" rel=\"noopener\">alimentation \u00e9lectrique de chauffage par induction \u00e0 haute fr\u00e9quence<\/a>, d&rsquo;un plateau tournant \u00e0 4 stations et d&rsquo;un syst\u00e8me de refroidissement par eau ind\u00e9pendant. Nous avons r\u00e9serv\u00e9 une interface d&rsquo;installation robotis\u00e9e pour cet \u00e9quipement de trempe par induction, qui peut utiliser un bras robotis\u00e9 pour r\u00e9aliser l&rsquo;alimentation automatique.<\/p>\n<\/div><\/div><\/div><div class=\"fusion-layout-column fusion_builder_column fusion-builder-column-2 fusion_builder_column_1_1 1_1 fusion-flex-column\" style=\"--awb-bg-size:cover;--awb-width-large:100%;--awb-margin-top-large:0px;--awb-spacing-right-large:1.92%;--awb-margin-bottom-large:20px;--awb-spacing-left-large:1.92%;--awb-width-medium:100%;--awb-order-medium:0;--awb-spacing-right-medium:1.92%;--awb-spacing-left-medium:1.92%;--awb-width-small:100%;--awb-order-small:0;--awb-spacing-right-small:1.92%;--awb-spacing-left-small:1.92%;\"><div class=\"fusion-column-wrapper fusion-column-has-shadow fusion-flex-justify-content-flex-start fusion-content-layout-column\"><div class=\"fusion-text fusion-text-3\"><p><strong>Avantages<\/strong><\/p>\n<ul>\n<li>La trempe par induction a un temps de chauffe court et moins d&rsquo;oxydation et de d\u00e9carburation de la surface de la pi\u00e8ce.<\/li>\n<li>La trempe par induction permet de durcir la surface de la bague et de contr\u00f4ler pr\u00e9cis\u00e9ment la profondeur de la couche durcie.<\/li>\n<li>Le syst\u00e8me de trempe par induction adopte un contr\u00f4le PLC programmable, ce qui facilite l&rsquo;automatisation.<\/li>\n<li>Des r\u00e9sultats de chauffage r\u00e9p\u00e9tables et coh\u00e9rents garantissent la qualit\u00e9 de la trempe en bush.<\/li>\n<\/ul>\n<p>Le chauffage par induction est une m\u00e9thode rapide et contr\u00f4l\u00e9e de durcissement des surfaces m\u00e9talliques. FOCO peut fournir des <span style=\"color: #0000ff;\"><a style=\"color: #0000ff;\" href=\"https:\/\/www.focoinduction.com\/induction-heating-equipment\/induction-hardening-machine\/\" target=\"_blank\" rel=\"noopener\">\u00e9quipement de trempe par induction<\/a><\/span> pour vos manchons d&rsquo;arbre, vos engrenages, vos arbres longs et autres pi\u00e8ces d&rsquo;\u00e9quipement m\u00e9canique. En savoir plus sur <span style=\"color: #0000ff;\"><a style=\"color: #0000ff;\" href=\"https:\/\/www.focoinduction.com\/induction-heating-applications\/induction-hardening\/\" target=\"_blank\" rel=\"noopener\">les applications de la trempe par induction<\/a><\/span>.<\/p>\n<\/div><\/div><\/div><\/div><\/div><div class=\"fusion-fullwidth fullwidth-box fusion-builder-row-2 fusion-flex-container nonhundred-percent-fullwidth non-hundred-percent-height-scrolling\" style=\"--awb-border-sizes-bottom:1px;--awb-border-radius-top-left:0px;--awb-border-radius-top-right:0px;--awb-border-radius-bottom-right:0px;--awb-border-radius-bottom-left:0px;--awb-flex-wrap:wrap;\" ><div class=\"fusion-builder-row fusion-row fusion-flex-align-items-flex-start fusion-flex-content-wrap\" style=\"max-width:1248px;margin-left: calc(-4% \/ 2 );margin-right: calc(-4% \/ 2 );\"><div class=\"fusion-layout-column fusion_builder_column fusion-builder-column-3 fusion_builder_column_1_1 1_1 fusion-flex-column\" style=\"--awb-bg-size:cover;--awb-width-large:100%;--awb-margin-top-large:0px;--awb-spacing-right-large:1.92%;--awb-margin-bottom-large:20px;--awb-spacing-left-large:1.92%;--awb-width-medium:100%;--awb-order-medium:0;--awb-spacing-right-medium:1.92%;--awb-spacing-left-medium:1.92%;--awb-width-small:100%;--awb-order-small:0;--awb-spacing-right-small:1.92%;--awb-spacing-left-small:1.92%;\"><div class=\"fusion-column-wrapper fusion-column-has-shadow fusion-flex-justify-content-flex-start fusion-content-layout-column\"><div class=\"fusion-text fusion-text-4\" style=\"--awb-text-transform:none;\"><h3>Vid\u00e9os de la douille \u00e0 durcissement par induction<\/h3>\n<\/div><\/div><\/div><div class=\"fusion-layout-column fusion_builder_column fusion-builder-column-4 fusion_builder_column_1_1 1_1 fusion-flex-column\" style=\"--awb-bg-size:cover;--awb-width-large:100%;--awb-margin-top-large:0px;--awb-spacing-right-large:1.92%;--awb-margin-bottom-large:20px;--awb-spacing-left-large:1.92%;--awb-width-medium:100%;--awb-order-medium:0;--awb-spacing-right-medium:1.92%;--awb-spacing-left-medium:1.92%;--awb-width-small:100%;--awb-order-small:0;--awb-spacing-right-small:1.92%;--awb-spacing-left-small:1.92%;\"><div class=\"fusion-column-wrapper fusion-column-has-shadow fusion-flex-justify-content-flex-start fusion-content-layout-column\"><div class=\"fusion-video fusion-youtube\" style=\"--awb-max-width:600px;--awb-max-height:360px;\"><div class=\"video-shortcode\"><lite-youtube videoid=\"Sk7b8VocIi8\" class=\"landscape\" params=\"wmode=transparent&autoplay=1&amp;enablejsapi=1\" title=\"Induction Hardening of Steel Bushing\" data-button-label=\"Play Video\" width=\"600\" height=\"360\" data-thumbnail-size=\"auto\" data-no-cookie=\"on\"><\/lite-youtube><\/div><\/div><\/div><\/div><\/div><\/div><\/p>\n","protected":false},"excerpt":{"rendered":"","protected":false},"author":1,"featured_media":9577,"parent":10080,"menu_order":0,"comment_status":"closed","ping_status":"closed","template":"","meta":{"footnotes":""},"class_list":["post-9575","page","type-page","status-publish","has-post-thumbnail","hentry"],"_links":{"self":[{"href":"https:\/\/www.focoinduction.com\/fr\/wp-json\/wp\/v2\/pages\/9575","targetHints":{"allow":["GET"]}}],"collection":[{"href":"https:\/\/www.focoinduction.com\/fr\/wp-json\/wp\/v2\/pages"}],"about":[{"href":"https:\/\/www.focoinduction.com\/fr\/wp-json\/wp\/v2\/types\/page"}],"author":[{"embeddable":true,"href":"https:\/\/www.focoinduction.com\/fr\/wp-json\/wp\/v2\/users\/1"}],"replies":[{"embeddable":true,"href":"https:\/\/www.focoinduction.com\/fr\/wp-json\/wp\/v2\/comments?post=9575"}],"version-history":[{"count":0,"href":"https:\/\/www.focoinduction.com\/fr\/wp-json\/wp\/v2\/pages\/9575\/revisions"}],"up":[{"embeddable":true,"href":"https:\/\/www.focoinduction.com\/fr\/wp-json\/wp\/v2\/pages\/10080"}],"wp:featuredmedia":[{"embeddable":true,"href":"https:\/\/www.focoinduction.com\/fr\/wp-json\/wp\/v2\/media\/9577"}],"wp:attachment":[{"href":"https:\/\/www.focoinduction.com\/fr\/wp-json\/wp\/v2\/media?parent=9575"}],"curies":[{"name":"wp","href":"https:\/\/api.w.org\/{rel}","templated":true}]}}