{"id":9592,"date":"2022-08-24T16:45:07","date_gmt":"2022-08-24T08:45:07","guid":{"rendered":"https:\/\/www.focoinduction.com\/acier-de-fusion-par-induction-600-kg\/"},"modified":"2025-01-02T10:51:42","modified_gmt":"2025-01-02T02:51:42","slug":"acier-de-fusion-par-induction-600-kg","status":"publish","type":"page","link":"https:\/\/www.focoinduction.com\/fr\/applications\/fusion-par-induction\/acier-de-fusion-par-induction-600-kg\/","title":{"rendered":"Acier de fusion par induction 600 kg"},"content":{"rendered":"<p><div class=\"fusion-fullwidth fullwidth-box fusion-builder-row-1 fusion-flex-container nonhundred-percent-fullwidth non-hundred-percent-height-scrolling\" style=\"--awb-border-sizes-bottom:1px;--awb-border-radius-top-left:0px;--awb-border-radius-top-right:0px;--awb-border-radius-bottom-right:0px;--awb-border-radius-bottom-left:0px;--awb-flex-wrap:wrap;\" ><div class=\"fusion-builder-row fusion-row fusion-flex-align-items-flex-start fusion-flex-content-wrap\" style=\"max-width:1248px;margin-left: calc(-4% \/ 2 );margin-right: calc(-4% \/ 2 );\"><div class=\"fusion-layout-column fusion_builder_column fusion-builder-column-0 fusion_builder_column_1_1 1_1 fusion-flex-column\" style=\"--awb-bg-size:cover;--awb-width-large:100%;--awb-margin-top-large:0px;--awb-spacing-right-large:1.92%;--awb-margin-bottom-large:20px;--awb-spacing-left-large:1.92%;--awb-width-medium:100%;--awb-order-medium:0;--awb-spacing-right-medium:1.92%;--awb-spacing-left-medium:1.92%;--awb-width-small:100%;--awb-order-small:0;--awb-spacing-right-small:1.92%;--awb-spacing-left-small:1.92%;\"><div class=\"fusion-column-wrapper fusion-column-has-shadow fusion-flex-justify-content-flex-start fusion-content-layout-column\"><div class=\"fusion-text fusion-text-1\"><h2>Application de l&rsquo;acier de fusion par induction<\/h2>\n<p>Une petite fonderie d&rsquo;acier doit faire fondre par induction 600 kg d&rsquo;acier en 50 minutes et doit r\u00e9duire sa production \u00e0 300 kg par heure pendant la basse saison. Nous avons fourni aux clients deux alimentations de chauffage par induction de 250 kW, \u00e9quip\u00e9es de trois corps de four de 300 kg, dont l&rsquo;un est un corps de four de rechange.<\/p>\n<\/div><div class=\"fusion-text fusion-text-2\"><p><strong>Propri\u00e9t\u00e9s de l&rsquo;acier :<\/strong><\/p>\n<ul>\n<li>Densit\u00e9 de l&rsquo;acier : 7,85 g\/cm\u00b3.<\/li>\n<li>Point de fusion de l&rsquo;acier : 1 500 \u2103<\/li>\n<li>L&rsquo;acier est un terme g\u00e9n\u00e9ral d\u00e9signant les alliages fer-carbone dont la teneur en carbone est comprise entre 0,02 % et 2,11 % en masse. L&rsquo;acier est largement utilis\u00e9 dans la construction, la fabrication et d&rsquo;autres domaines industriels. <\/li>\n<\/ul>\n<\/div><div class=\"fusion-text fusion-text-3\"><p><strong>Equipement :<\/strong><\/p>\n<ul>\n<li>Deux fours \u00e0 induction de 250 kW <span style=\"color: #0000ff;\"><a style=\"color: #0000ff;\" href=\"https:\/\/www.focoinduction.com\/induction-heating-equipment\/induction-melting-furnace\/aluminum-shell-induction-melting-furnace\/\" target=\"_blank\" rel=\"noopener\">fours \u00e0 induction \u00e0 coquille d&rsquo;aluminium<\/a><\/span> sont \u00e9quip\u00e9s de trois corps de four \u00e0 structure en coquille d&rsquo;aluminium.<\/li>\n<li>Un ensemble d&rsquo;\u00e9quipements de d\u00e9poussi\u00e9rage.<\/li>\n<\/ul>\n<p>Deux fours \u00e0 induction peuvent fonctionner simultan\u00e9ment, avec une capacit\u00e9 totale maximale de 600 kg de fer par heure. Pendant la p\u00e9riode creuse de la production, l&rsquo;alimentation \u00e9lectrique d&rsquo;un four \u00e0 induction peut \u00eatre coup\u00e9e pour assurer une capacit\u00e9 de production minimale de 300 kg par heure. Lors de l&rsquo;entretien et de la r\u00e9paration du corps de four, le corps de four de rechange peut \u00eatre utilis\u00e9 pour assurer la continuit\u00e9 de la production. L&rsquo;\u00e9quipement de d\u00e9poussi\u00e9rage peut \u00e9liminer efficacement les particules de fum\u00e9e g\u00e9n\u00e9r\u00e9es par le processus de fusion, prot\u00e9ger l&rsquo;environnement et r\u00e9duire la pollution.<\/p>\n<\/div><div class=\"fusion-text fusion-text-4\"><p><strong>Processus de fusion :<\/strong><\/p>\n<ol>\n<li>Le bloc d&rsquo;acier est plac\u00e9 dans le four \u00e0 induction.<\/li>\n<li>Le bloc d&rsquo;acier est fondu avec succ\u00e8s en 50 minutes.<\/li>\n<li>Contr\u00f4lez le corps du four pour d\u00e9verser l&rsquo;acier en fusion.<\/li>\n<\/ol>\n<\/div><div class=\"fusion-text fusion-text-5\"><p>La fusion de l&rsquo;acier par induction est un processus rapide et s\u00fbr. FOCO <span style=\"color: #0000ff;\"><a style=\"color: #0000ff;\" href=\"https:\/\/www.focoinduction.com\/induction-heating-equipment\/induction-melting-furnace\/\" target=\"_blank\" rel=\"noopener\">peuvent fondre de 5 kg \u00e0 5 000 kg d&rsquo;acier.<\/a><\/span> peuvent fondre de 5 kg \u00e0 5 000 kg d&rsquo;acier. Nous fournissons des solutions compl\u00e8tes, y compris l&rsquo;alimentation \u00e9lectrique du chauffage par induction, le corps du four, l&rsquo;\u00e9quipement de d\u00e9poussi\u00e9rage et le syst\u00e8me de refroidissement par eau. En savoir plus sur <span style=\"color: #0000ff;\"><a style=\"color: #0000ff;\" href=\"https:\/\/www.focoinduction.com\/induction-heating-applications\/induction-melting\/\" target=\"_blank\" rel=\"noopener\">les applications de fusion par induction<\/a><\/span>.  <\/p>\n<p><span style=\"color: #0000ff;\"><a style=\"color: #0000ff;\" href=\"https:\/\/www.focoinduction.com\/contact\/\" target=\"_blank\" rel=\"noopener\">Obtenez un devis pour Four de fusion \u00e0 induction.<\/a><\/span><\/p>\n<\/div><\/div><\/div><\/div><\/div><div class=\"fusion-fullwidth fullwidth-box fusion-builder-row-2 fusion-flex-container nonhundred-percent-fullwidth non-hundred-percent-height-scrolling\" style=\"--awb-border-sizes-bottom:1px;--awb-border-radius-top-left:0px;--awb-border-radius-top-right:0px;--awb-border-radius-bottom-right:0px;--awb-border-radius-bottom-left:0px;--awb-flex-wrap:wrap;\" ><div class=\"fusion-builder-row fusion-row fusion-flex-align-items-flex-start fusion-flex-content-wrap\" style=\"max-width:1248px;margin-left: calc(-4% \/ 2 );margin-right: calc(-4% \/ 2 );\"><div class=\"fusion-layout-column fusion_builder_column fusion-builder-column-1 fusion_builder_column_1_1 1_1 fusion-flex-column\" style=\"--awb-bg-size:cover;--awb-width-large:100%;--awb-margin-top-large:0px;--awb-spacing-right-large:1.92%;--awb-margin-bottom-large:20px;--awb-spacing-left-large:1.92%;--awb-width-medium:100%;--awb-order-medium:0;--awb-spacing-right-medium:1.92%;--awb-spacing-left-medium:1.92%;--awb-width-small:100%;--awb-order-small:0;--awb-spacing-right-small:1.92%;--awb-spacing-left-small:1.92%;\"><div class=\"fusion-column-wrapper fusion-column-has-shadow fusion-flex-justify-content-flex-start fusion-content-layout-column\"><div class=\"fusion-text fusion-text-6\" style=\"--awb-text-transform:none;\"><h3>Vid\u00e9os sur la fusion de l&rsquo;acier<\/h3>\n<\/div><\/div><\/div><div class=\"fusion-layout-column fusion_builder_column fusion-builder-column-2 fusion_builder_column_1_1 1_1 fusion-flex-column\" style=\"--awb-bg-size:cover;--awb-width-large:100%;--awb-margin-top-large:0px;--awb-spacing-right-large:1.92%;--awb-margin-bottom-large:20px;--awb-spacing-left-large:1.92%;--awb-width-medium:100%;--awb-order-medium:0;--awb-spacing-right-medium:1.92%;--awb-spacing-left-medium:1.92%;--awb-width-small:100%;--awb-order-small:0;--awb-spacing-right-small:1.92%;--awb-spacing-left-small:1.92%;\"><div class=\"fusion-column-wrapper fusion-column-has-shadow fusion-flex-justify-content-flex-start fusion-content-layout-column\"><div class=\"fusion-video fusion-youtube\" style=\"--awb-max-width:600px;--awb-max-height:360px;\"><div class=\"video-shortcode\"><lite-youtube videoid=\"IpjqbXQI4ZE\" class=\"landscape\" params=\"wmode=transparent&autoplay=1&amp;enablejsapi=1\" title=\"Induction Melting Steel\" data-button-label=\"Play Video\" width=\"600\" height=\"360\" data-thumbnail-size=\"auto\" data-no-cookie=\"on\"><\/lite-youtube><\/div><\/div><\/div><\/div><\/div><\/div><\/p>\n","protected":false},"excerpt":{"rendered":"","protected":false},"author":1,"featured_media":9594,"parent":10155,"menu_order":0,"comment_status":"closed","ping_status":"closed","template":"","meta":{"footnotes":""},"class_list":["post-9592","page","type-page","status-publish","has-post-thumbnail","hentry"],"_links":{"self":[{"href":"https:\/\/www.focoinduction.com\/fr\/wp-json\/wp\/v2\/pages\/9592","targetHints":{"allow":["GET"]}}],"collection":[{"href":"https:\/\/www.focoinduction.com\/fr\/wp-json\/wp\/v2\/pages"}],"about":[{"href":"https:\/\/www.focoinduction.com\/fr\/wp-json\/wp\/v2\/types\/page"}],"author":[{"embeddable":true,"href":"https:\/\/www.focoinduction.com\/fr\/wp-json\/wp\/v2\/users\/1"}],"replies":[{"embeddable":true,"href":"https:\/\/www.focoinduction.com\/fr\/wp-json\/wp\/v2\/comments?post=9592"}],"version-history":[{"count":0,"href":"https:\/\/www.focoinduction.com\/fr\/wp-json\/wp\/v2\/pages\/9592\/revisions"}],"up":[{"embeddable":true,"href":"https:\/\/www.focoinduction.com\/fr\/wp-json\/wp\/v2\/pages\/10155"}],"wp:featuredmedia":[{"embeddable":true,"href":"https:\/\/www.focoinduction.com\/fr\/wp-json\/wp\/v2\/media\/9594"}],"wp:attachment":[{"href":"https:\/\/www.focoinduction.com\/fr\/wp-json\/wp\/v2\/media?parent=9592"}],"curies":[{"name":"wp","href":"https:\/\/api.w.org\/{rel}","templated":true}]}}