{"id":9713,"date":"2022-10-03T09:07:03","date_gmt":"2022-10-03T01:07:03","guid":{"rendered":"https:\/\/www.focoinduction.com\/brasage-automatique-par-induction-de-lames-de-scies-circulaires-en-acier-inoxydable\/"},"modified":"2025-01-02T10:51:14","modified_gmt":"2025-01-02T02:51:14","slug":"brasage-automatique-par-induction-de-lames-de-scies-circulaires-en-acier-inoxydable","status":"publish","type":"page","link":"https:\/\/www.focoinduction.com\/fr\/applications\/brasage-par-induction\/brasage-automatique-par-induction-de-lames-de-scies-circulaires-en-acier-inoxydable\/","title":{"rendered":"Brasage automatique par induction de lames de scies circulaires en acier inoxydable"},"content":{"rendered":"<p><div class=\"fusion-fullwidth fullwidth-box fusion-builder-row-1 fusion-flex-container has-pattern-background has-mask-background nonhundred-percent-fullwidth non-hundred-percent-height-scrolling\" style=\"--awb-border-sizes-bottom:1px;--awb-border-radius-top-left:0px;--awb-border-radius-top-right:0px;--awb-border-radius-bottom-right:0px;--awb-border-radius-bottom-left:0px;--awb-flex-wrap:wrap;\" ><div class=\"fusion-builder-row fusion-row fusion-flex-align-items-flex-start fusion-flex-content-wrap\" style=\"max-width:1248px;margin-left: calc(-4% \/ 2 );margin-right: calc(-4% \/ 2 );\"><div class=\"fusion-layout-column fusion_builder_column fusion-builder-column-0 fusion_builder_column_1_1 1_1 fusion-flex-column\" style=\"--awb-bg-size:cover;--awb-width-large:100%;--awb-margin-top-large:0px;--awb-spacing-right-large:1.92%;--awb-margin-bottom-large:20px;--awb-spacing-left-large:1.92%;--awb-width-medium:100%;--awb-order-medium:0;--awb-spacing-right-medium:1.92%;--awb-spacing-left-medium:1.92%;--awb-width-small:100%;--awb-order-small:0;--awb-spacing-right-small:1.92%;--awb-spacing-left-small:1.92%;\"><div class=\"fusion-column-wrapper fusion-column-has-shadow fusion-flex-justify-content-flex-start fusion-content-layout-column\"><div class=\"fusion-text fusion-text-1\"><h2>Application du brasage automatique par induction des pointes de lames de scies circulaires<\/h2>\n<p>Une petite usine de fabrication de lames de scie doit utiliser le chauffage par induction pour braser les extr\u00e9mit\u00e9s des lames de scie circulaire. Pour am\u00e9liorer l&rsquo;efficacit\u00e9 et r\u00e9duire les probl\u00e8mes de qualit\u00e9 caus\u00e9s par les op\u00e9rations manuelles, le client souhaitait utiliser un syst\u00e8me de brasage par induction enti\u00e8rement automatique. Selon les exigences du client, nos ing\u00e9nieurs exp\u00e9riment\u00e9s en chauffage par induction ont con\u00e7u un \u00e9quipement de brasage par induction enti\u00e8rement automatique pour r\u00e9aliser l&rsquo;alimentation automatique et le processus de brasage automatique. Il peut braser par induction une pointe de lame de scie en 3 \u00e0 5 secondes, ce qui est extr\u00eamement rapide.   <\/p>\n<p><strong>Equipement :<\/strong><\/p>\n<p><span style=\"color: #0000ff;\"><a style=\"color: #0000ff;\" href=\"https:\/\/www.focoinduction.com\/induction-heating-equipment\/induction-brazing-machine\/automatic-induction-brazing-machine\/\" target=\"_blank\" rel=\"noopener\">Machine \u00e0 braser par induction enti\u00e8rement automatique<\/a><\/span><\/p>\n<p>Le syst\u00e8me de brasage comprend une <a href=\"https:\/\/www.focoinduction.com\/induction-heating-equipment\/induction-heating-machine\/ultra-high-frequency-induction-heating-machine\/\" target=\"_blank\" rel=\"noopener\">alimentation \u00e9lectrique de chauffage par induction UHF<\/a>, un robot d&rsquo;alimentation, un composant chauffant (bobine d&rsquo;induction) et un syst\u00e8me de refroidissement par eau. Il ne n\u00e9cessite aucune op\u00e9ration manuelle et l&rsquo;ensemble du processus est enti\u00e8rement automatis\u00e9 par l&rsquo;\u00e9quipement. Le positionnement de la pi\u00e8ce peut \u00eatre contr\u00f4l\u00e9 avec pr\u00e9cision par la fixation de la main du robot, la pince fixe et l&rsquo;ensemble de chauffage. Ainsi, la coh\u00e9rence de la zone de chauffage et de la dur\u00e9e de chauffage de chaque pointe de dent de scie peut \u00eatre assur\u00e9e. Tout en am\u00e9liorant l&rsquo;efficacit\u00e9, ce syst\u00e8me am\u00e9liore \u00e9galement la qualit\u00e9 du brasage.    <\/p>\n<p><strong>Avantages :<\/strong><\/p>\n<ul>\n<li>Processus r\u00e9p\u00e9table.<\/li>\n<li>Des r\u00e9sultats coh\u00e9rents.<\/li>\n<li>Contr\u00f4le pr\u00e9cis de la zone de chauffe.<\/li>\n<li>Cycle de chauffage rapide.<\/li>\n<li>R\u00e9duire l&rsquo;oxydation et nettoyer.<\/li>\n<\/ul>\n<p><strong>Conclusion<\/strong><\/p>\n<p>La machine automatique de brasage par induction con\u00e7ue par FOCO INDUCTION peut r\u00e9aliser le brasage par induction de la pointe d&rsquo;une lame de scie circulaire en 3 \u00e0 5 secondes. L&rsquo;ensemble du processus est enti\u00e8rement automatis\u00e9 et ne n\u00e9cessite aucune op\u00e9ration manuelle. Le brasage par induction est tr\u00e8s contr\u00f4lable et convient au brasage de mat\u00e9riaux m\u00e9talliques. Qu&rsquo;il s&rsquo;agisse de braser deux pi\u00e8ces de m\u00e9taux similaires ou dissemblables en grandes s\u00e9ries, un syst\u00e8me automatis\u00e9 de brasage par induction peut \u00eatre utilis\u00e9 pour am\u00e9liorer l&rsquo;homog\u00e9n\u00e9it\u00e9. Plus important encore, il permet de maximiser l&rsquo;efficacit\u00e9 de la production et d&rsquo;augmenter les b\u00e9n\u00e9fices pour les entreprises et les usines. En savoir plus sur <a href=\"https:\/\/www.focoinduction.com\/induction-heating-applications\/induction-brazing\/\" target=\"_blank\" rel=\"noopener\"><span style=\"color: #0000ff;\">les applications de brasage par induction<\/span><\/a>.<\/p>\n<\/div><\/div><\/div><\/div><\/div><div class=\"fusion-fullwidth fullwidth-box fusion-builder-row-2 fusion-flex-container has-pattern-background has-mask-background nonhundred-percent-fullwidth non-hundred-percent-height-scrolling\" style=\"--awb-border-sizes-bottom:1px;--awb-border-radius-top-left:0px;--awb-border-radius-top-right:0px;--awb-border-radius-bottom-right:0px;--awb-border-radius-bottom-left:0px;--awb-margin-top:20px;--awb-flex-wrap:wrap;\" ><div class=\"fusion-builder-row fusion-row fusion-flex-align-items-flex-start fusion-flex-content-wrap\" style=\"max-width:1248px;margin-left: calc(-4% \/ 2 );margin-right: calc(-4% \/ 2 );\"><div class=\"fusion-layout-column fusion_builder_column fusion-builder-column-1 fusion_builder_column_1_1 1_1 fusion-flex-column\" style=\"--awb-bg-size:cover;--awb-width-large:100%;--awb-margin-top-large:0px;--awb-spacing-right-large:1.92%;--awb-margin-bottom-large:0px;--awb-spacing-left-large:1.92%;--awb-width-medium:100%;--awb-order-medium:0;--awb-spacing-right-medium:1.92%;--awb-spacing-left-medium:1.92%;--awb-width-small:100%;--awb-order-small:0;--awb-spacing-right-small:1.92%;--awb-spacing-left-small:1.92%;\"><div class=\"fusion-column-wrapper fusion-column-has-shadow fusion-flex-justify-content-flex-start fusion-content-layout-column\"><div class=\"fusion-text fusion-text-2\" style=\"--awb-font-size:24px;--awb-text-transform:capitalize;\"><p><strong>Galerie de brasage<\/strong><\/p>\n<\/div><\/div><\/div><div class=\"fusion-layout-column fusion_builder_column fusion-builder-column-2 fusion_builder_column_1_1 1_1 fusion-flex-column\" style=\"--awb-bg-size:cover;--awb-width-large:100%;--awb-margin-top-large:0px;--awb-spacing-right-large:1.92%;--awb-margin-bottom-large:20px;--awb-spacing-left-large:1.92%;--awb-width-medium:100%;--awb-order-medium:0;--awb-spacing-right-medium:1.92%;--awb-spacing-left-medium:1.92%;--awb-width-small:100%;--awb-order-small:0;--awb-spacing-right-small:1.92%;--awb-spacing-left-small:1.92%;\"><div class=\"fusion-column-wrapper fusion-column-has-shadow fusion-flex-justify-content-flex-start fusion-content-layout-column\"><div class=\"fusion-image-carousel fusion-image-carousel-auto fusion-image-carousel-1 lightbox-enabled fusion-carousel-border\"><div class=\"awb-carousel awb-swiper awb-swiper-carousel awb-carousel--carousel awb-swiper-dots-position-bottom\" data-layout=\"carousel\" data-autoplay=\"no\" data-autoplayspeed=\"3500\" data-autoplaypause=\"no\" data-columns=\"2\" data-columnsmedium=\"1\" data-columnssmall=\"1\" data-itemmargin=\"15\" data-itemwidth=\"180\" data-touchscroll=\"no\" data-freemode=\"no\" data-imagesize=\"auto\" data-scrollitems=\"0\" data-centeredslides=\"no\" data-rotationangle=\"50\" data-depth=\"100\" data-speed=\"500\" data-shadow=\"no\" data-pagination=\"bullets\" style=\"--awb-columns:2;--awb-column-spacing:15px;--awb-border-width:1px;--awb-border-color:#e9eaee;\"><div class=\"swiper-wrapper awb-image-carousel-wrapper fusion-flex-align-items-center\"><div class=\"swiper-slide\"><div class=\"fusion-carousel-item-wrapper\"><div class=\"fusion-image-wrapper hover-type-none\"><a data-rel=\"iLightbox[image_carousel_1]\" data-caption=\"Induction Brazing of Circular Saw Blades\" data-title=\"Induction Brazing of Circular Saw Blades\" aria-label=\"Induction Brazing of Circular Saw Blades\" href=\"https:\/\/www.focoinduction.com\/wp-content\/uploads\/2022\/10\/Induction-Brazing-of-Circular-Saw-Blades.jpg\" target=\"_self\"><img decoding=\"async\" width=\"600\" height=\"400\" src=\"https:\/\/www.focoinduction.com\/wp-content\/uploads\/2022\/10\/Induction-Brazing-of-Circular-Saw-Blades.jpg\" class=\"attachment-full size-full\" alt=\"Brasage par induction des lames de scies circulaires\" srcset=\"https:\/\/www.focoinduction.com\/wp-content\/uploads\/2022\/10\/Induction-Brazing-of-Circular-Saw-Blades-200x133.jpg 200w, https:\/\/www.focoinduction.com\/wp-content\/uploads\/2022\/10\/Induction-Brazing-of-Circular-Saw-Blades-400x267.jpg 400w, https:\/\/www.focoinduction.com\/wp-content\/uploads\/2022\/10\/Induction-Brazing-of-Circular-Saw-Blades.jpg 600w\" sizes=\"(min-width: 2200px) 100vw, (min-width: 712px) 593px, (min-width: 640px) 712px, \" \/><\/a><\/div><\/div><\/div><div class=\"swiper-slide\"><div class=\"fusion-carousel-item-wrapper\"><div class=\"fusion-image-wrapper hover-type-none\"><a data-rel=\"iLightbox[image_carousel_1]\" data-caption=\"Brazing of Circular Saw Blades\" data-title=\"Brazing of Circular Saw Blades\" aria-label=\"Brazing of Circular Saw Blades\" href=\"https:\/\/www.focoinduction.com\/wp-content\/uploads\/2022\/10\/Brazing-of-Circular-Saw-Blades.jpg\" target=\"_self\"><img decoding=\"async\" width=\"600\" height=\"400\" src=\"https:\/\/www.focoinduction.com\/wp-content\/uploads\/2022\/10\/Brazing-of-Circular-Saw-Blades.jpg\" class=\"attachment-full size-full\" alt=\"Brasage des lames de scies circulaires\" srcset=\"https:\/\/www.focoinduction.com\/wp-content\/uploads\/2022\/10\/Brazing-of-Circular-Saw-Blades-200x133.jpg 200w, https:\/\/www.focoinduction.com\/wp-content\/uploads\/2022\/10\/Brazing-of-Circular-Saw-Blades-400x267.jpg 400w, https:\/\/www.focoinduction.com\/wp-content\/uploads\/2022\/10\/Brazing-of-Circular-Saw-Blades.jpg 600w\" sizes=\"(min-width: 2200px) 100vw, (min-width: 712px) 593px, (min-width: 640px) 712px, \" \/><\/a><\/div><\/div><\/div><div class=\"swiper-slide\"><div class=\"fusion-carousel-item-wrapper\"><div class=\"fusion-image-wrapper hover-type-none\"><a data-rel=\"iLightbox[image_carousel_1]\" data-caption=\"Induction Brazing of Circular Saw Blades 1\" data-title=\"Induction Brazing of Circular Saw Blades 1\" aria-label=\"Induction Brazing of Circular Saw Blades 1\" href=\"https:\/\/www.focoinduction.com\/wp-content\/uploads\/2022\/10\/Induction-Brazing-of-Circular-Saw-Blades-1.jpg\" target=\"_self\"><img decoding=\"async\" width=\"600\" height=\"400\" src=\"https:\/\/www.focoinduction.com\/wp-content\/uploads\/2022\/10\/Induction-Brazing-of-Circular-Saw-Blades-1.jpg\" class=\"attachment-full size-full\" alt=\"Brasage par induction des lames de scies circulaires\" srcset=\"https:\/\/www.focoinduction.com\/wp-content\/uploads\/2022\/10\/Induction-Brazing-of-Circular-Saw-Blades-1-200x133.jpg 200w, https:\/\/www.focoinduction.com\/wp-content\/uploads\/2022\/10\/Induction-Brazing-of-Circular-Saw-Blades-1-400x267.jpg 400w, https:\/\/www.focoinduction.com\/wp-content\/uploads\/2022\/10\/Induction-Brazing-of-Circular-Saw-Blades-1.jpg 600w\" sizes=\"(min-width: 2200px) 100vw, (min-width: 712px) 593px, (min-width: 640px) 712px, \" \/><\/a><\/div><\/div><\/div><\/div><div class=\"awb-swiper-button awb-swiper-button-prev\"><i class=\"awb-icon-angle-left\" aria-hidden=\"true\"><\/i><\/div><div class=\"awb-swiper-button awb-swiper-button-next\"><i class=\"awb-icon-angle-right\" aria-hidden=\"true\"><\/i><\/div><\/div><\/div><\/div><\/div><\/div><\/div><\/p>\n","protected":false},"excerpt":{"rendered":"","protected":false},"author":1,"featured_media":9714,"parent":10028,"menu_order":0,"comment_status":"closed","ping_status":"closed","template":"","meta":{"footnotes":""},"class_list":["post-9713","page","type-page","status-publish","has-post-thumbnail","hentry"],"_links":{"self":[{"href":"https:\/\/www.focoinduction.com\/fr\/wp-json\/wp\/v2\/pages\/9713","targetHints":{"allow":["GET"]}}],"collection":[{"href":"https:\/\/www.focoinduction.com\/fr\/wp-json\/wp\/v2\/pages"}],"about":[{"href":"https:\/\/www.focoinduction.com\/fr\/wp-json\/wp\/v2\/types\/page"}],"author":[{"embeddable":true,"href":"https:\/\/www.focoinduction.com\/fr\/wp-json\/wp\/v2\/users\/1"}],"replies":[{"embeddable":true,"href":"https:\/\/www.focoinduction.com\/fr\/wp-json\/wp\/v2\/comments?post=9713"}],"version-history":[{"count":0,"href":"https:\/\/www.focoinduction.com\/fr\/wp-json\/wp\/v2\/pages\/9713\/revisions"}],"up":[{"embeddable":true,"href":"https:\/\/www.focoinduction.com\/fr\/wp-json\/wp\/v2\/pages\/10028"}],"wp:featuredmedia":[{"embeddable":true,"href":"https:\/\/www.focoinduction.com\/fr\/wp-json\/wp\/v2\/media\/9714"}],"wp:attachment":[{"href":"https:\/\/www.focoinduction.com\/fr\/wp-json\/wp\/v2\/media?parent=9713"}],"curies":[{"name":"wp","href":"https:\/\/api.w.org\/{rel}","templated":true}]}}