{"id":9879,"date":"2022-06-06T14:37:56","date_gmt":"2022-06-06T06:37:56","guid":{"rendered":"https:\/\/www.focoinduction.com\/fusion-du-cuivre-par-induction-a-laide-dun-mini-four\/"},"modified":"2025-01-02T10:51:42","modified_gmt":"2025-01-02T02:51:42","slug":"fusion-du-cuivre-par-induction-a-laide-dun-mini-four","status":"publish","type":"page","link":"https:\/\/www.focoinduction.com\/fr\/applications\/fusion-par-induction\/fusion-du-cuivre-par-induction-a-laide-dun-mini-four\/","title":{"rendered":"Fusion du cuivre par induction \u00e0 l&rsquo;aide d&rsquo;un mini-four"},"content":{"rendered":"<p><div class=\"fusion-fullwidth fullwidth-box fusion-builder-row-1 fusion-flex-container nonhundred-percent-fullwidth non-hundred-percent-height-scrolling\" style=\"--awb-border-radius-top-left:0px;--awb-border-radius-top-right:0px;--awb-border-radius-bottom-right:0px;--awb-border-radius-bottom-left:0px;--awb-flex-wrap:wrap;\" ><div class=\"fusion-builder-row fusion-row fusion-flex-align-items-flex-start fusion-flex-content-wrap\" style=\"max-width:1248px;margin-left: calc(-4% \/ 2 );margin-right: calc(-4% \/ 2 );\"><div class=\"fusion-layout-column fusion_builder_column fusion-builder-column-0 fusion_builder_column_1_1 1_1 fusion-flex-column\" style=\"--awb-bg-size:cover;--awb-width-large:100%;--awb-margin-top-large:0px;--awb-spacing-right-large:1.92%;--awb-margin-bottom-large:20px;--awb-spacing-left-large:1.92%;--awb-width-medium:100%;--awb-order-medium:0;--awb-spacing-right-medium:1.92%;--awb-spacing-left-medium:1.92%;--awb-width-small:100%;--awb-order-small:0;--awb-spacing-right-small:1.92%;--awb-spacing-left-small:1.92%;\"><div class=\"fusion-column-wrapper fusion-column-has-shadow fusion-flex-justify-content-flex-start fusion-content-layout-column\"><div class=\"fusion-text fusion-text-1\"><p>Le client souhaite faire fondre 1 kg de cuivre en 10 minutes. La fusion du cuivre par induction pr\u00e9sente de nombreux avantages. La fusion par induction pr\u00e9sente les caract\u00e9ristiques suivantes : fusion rapide, \u00e9conomie d&rsquo;\u00e9nergie, absence de fum\u00e9e et s\u00e9curit\u00e9. Le mini-four de fusion par induction peut \u00eatre \u00e9quip\u00e9 d&rsquo;un thermom\u00e8tre infrarouge pour contr\u00f4ler pr\u00e9cis\u00e9ment la temp\u00e9rature du cuivre afin d&rsquo;\u00e9viter que le m\u00e9tal ne soit br\u00fbl\u00e9 en raison d&rsquo;une temp\u00e9rature excessive.<\/p>\n<\/div><div class=\"fusion-text fusion-text-2\"><p>Le cuivre est un m\u00e9tal \u00e0 l&rsquo;\u00e9clat violet-rouge, rigide, r\u00e9sistant \u00e0 l&rsquo;usure, dot\u00e9 d&rsquo;une bonne ductilit\u00e9, d&rsquo;une bonne conductivit\u00e9 thermique, d&rsquo;une bonne conductivit\u00e9 \u00e9lectrique et d&rsquo;une bonne r\u00e9sistance \u00e0 la corrosion. Il est largement utilis\u00e9 dans les secteurs de l&rsquo;\u00e9lectricit\u00e9, de la fabrication de machines, de la construction, des transports et d&rsquo;autres industries. <\/p>\n<ul>\n<li>Point de fusion du cuivre : 1 083 \u2103.<\/li>\n<li>Densit\u00e9 du cuivre : 8,92 g\/cm.<\/li>\n<\/ul>\n<\/div><\/div><\/div><\/div><\/div><div class=\"fusion-fullwidth fullwidth-box fusion-builder-row-2 fusion-flex-container nonhundred-percent-fullwidth non-hundred-percent-height-scrolling\" style=\"--awb-border-radius-top-left:0px;--awb-border-radius-top-right:0px;--awb-border-radius-bottom-right:0px;--awb-border-radius-bottom-left:0px;--awb-flex-wrap:wrap;\" ><div class=\"fusion-builder-row fusion-row fusion-flex-align-items-flex-start fusion-flex-content-wrap\" style=\"max-width:1248px;margin-left: calc(-4% \/ 2 );margin-right: calc(-4% \/ 2 );\"><div class=\"fusion-layout-column fusion_builder_column fusion-builder-column-1 fusion_builder_column_1_1 1_1 fusion-flex-column\" style=\"--awb-bg-size:cover;--awb-width-large:100%;--awb-margin-top-large:0px;--awb-spacing-right-large:1.92%;--awb-margin-bottom-large:20px;--awb-spacing-left-large:1.92%;--awb-width-medium:100%;--awb-order-medium:0;--awb-spacing-right-medium:1.92%;--awb-spacing-left-medium:1.92%;--awb-width-small:100%;--awb-order-small:0;--awb-spacing-right-small:1.92%;--awb-spacing-left-small:1.92%;\"><div class=\"fusion-column-wrapper fusion-column-has-shadow fusion-flex-justify-content-flex-start fusion-content-layout-column\"><div class=\"fusion-text fusion-text-3\"><h2>Le processus de fusion par induction de 1 kg de cuivre<\/h2>\n<ul>\n<li>\u00c9quipement de fusion : mini-four de fusion \u00e0 induction.<\/li>\n<li>Puissance : 15 kW.<\/li>\n<li>Creuset : creuset en graphite pur.<\/li>\n<li>Temps de fusion : 5 minutes.<\/li>\n<\/ul>\n<p>Nous avons utilis\u00e9 une machine \u00e0 haute fr\u00e9quence de 15 kW <span style=\"color: #0000ff;\"><a style=\"color: #0000ff;\" href=\"https:\/\/www.focoinduction.com\/induction-heating-equipment\/induction-heating-machine\/high-frequency-induction-heating-machine\/\" target=\"_blank\" rel=\"noopener\">\u00e0 haute fr\u00e9quence<\/a><\/span> un mini-four \u00e0 induction de 15 kW, un creuset en graphite pur et un syst\u00e8me de refroidissement \u00e0 l&rsquo;eau en usine. Il faut 5 minutes pour faire fondre compl\u00e8tement 1 kg de cuivre.<\/p>\n<\/div><\/div><\/div><\/div><\/div><div class=\"fusion-fullwidth fullwidth-box fusion-builder-row-3 fusion-flex-container nonhundred-percent-fullwidth non-hundred-percent-height-scrolling\" style=\"--awb-border-sizes-bottom:1px;--awb-border-radius-top-left:0px;--awb-border-radius-top-right:0px;--awb-border-radius-bottom-right:0px;--awb-border-radius-bottom-left:0px;--awb-flex-wrap:wrap;\" ><div class=\"fusion-builder-row fusion-row fusion-flex-align-items-flex-start fusion-flex-content-wrap\" style=\"max-width:1248px;margin-left: calc(-4% \/ 2 );margin-right: calc(-4% \/ 2 );\"><div class=\"fusion-layout-column fusion_builder_column fusion-builder-column-2 fusion_builder_column_1_1 1_1 fusion-flex-column\" style=\"--awb-bg-size:cover;--awb-width-large:100%;--awb-margin-top-large:0px;--awb-spacing-right-large:1.92%;--awb-margin-bottom-large:20px;--awb-spacing-left-large:1.92%;--awb-width-medium:100%;--awb-order-medium:0;--awb-spacing-right-medium:1.92%;--awb-spacing-left-medium:1.92%;--awb-width-small:100%;--awb-order-small:0;--awb-spacing-right-small:1.92%;--awb-spacing-left-small:1.92%;\"><div class=\"fusion-column-wrapper fusion-column-has-shadow fusion-flex-justify-content-flex-start fusion-content-layout-column\"><div class=\"fusion-text fusion-text-4\"><h3>Syst\u00e8me de refroidissement de l&rsquo;eau<\/h3>\n<p>Le processus de fusion par induction de 1 kg de cuivre a \u00e9t\u00e9 r\u00e9alis\u00e9 dans l&rsquo;usine d&rsquo;\u00e9quipement d&rsquo;induction de FOCO. Nous avons utilis\u00e9 le syst\u00e8me de refroidissement par eau de l&rsquo;usine. Les clients peuvent utiliser des refroidisseurs industriels ou de simples syst\u00e8mes de refroidissement \u00e0 l&rsquo;eau lorsqu&rsquo;ils utilisent des mini-fours de fusion par induction. <\/p>\n<p>En savoir plus sur <span style=\"color: #0000ff;\"><a style=\"color: #0000ff;\" href=\"https:\/\/www.focoinduction.com\/induction-heating-applications\/induction-melting\/\" target=\"_blank\" rel=\"noopener\">les applications de fusion par induction<\/a><\/span>.<\/p>\n<\/div><\/div><\/div><\/div><\/div><div class=\"fusion-fullwidth fullwidth-box fusion-builder-row-4 fusion-flex-container nonhundred-percent-fullwidth non-hundred-percent-height-scrolling\" style=\"--awb-border-radius-top-left:0px;--awb-border-radius-top-right:0px;--awb-border-radius-bottom-right:0px;--awb-border-radius-bottom-left:0px;--awb-flex-wrap:wrap;\" ><div class=\"fusion-builder-row fusion-row fusion-flex-align-items-flex-start fusion-flex-content-wrap\" style=\"max-width:1248px;margin-left: calc(-4% \/ 2 );margin-right: calc(-4% \/ 2 );\"><div class=\"fusion-layout-column fusion_builder_column fusion-builder-column-3 fusion_builder_column_1_1 1_1 fusion-flex-column\" style=\"--awb-bg-size:cover;--awb-width-large:100%;--awb-margin-top-large:0px;--awb-spacing-right-large:1.92%;--awb-margin-bottom-large:20px;--awb-spacing-left-large:1.92%;--awb-width-medium:100%;--awb-order-medium:0;--awb-spacing-right-medium:1.92%;--awb-spacing-left-medium:1.92%;--awb-width-small:100%;--awb-order-small:0;--awb-spacing-right-small:1.92%;--awb-spacing-left-small:1.92%;\"><div class=\"fusion-column-wrapper fusion-column-has-shadow fusion-flex-justify-content-flex-start fusion-content-layout-column\"><div class=\"fusion-text fusion-text-5\"><h3>Vid\u00e9o de la fusion de 1 kg de cuivre<\/h3>\n<\/div><div class=\"fusion-video fusion-youtube\" style=\"--awb-max-width:600px;--awb-max-height:360px;\"><div class=\"video-shortcode\"><lite-youtube videoid=\"KMDJv8LkSZQ\" class=\"landscape\" params=\"wmode=transparent&autoplay=1&amp;enablejsapi=1\" title=\"Induction melting copper video\" data-button-label=\"Play Video\" width=\"600\" height=\"360\" data-thumbnail-size=\"auto\" data-no-cookie=\"on\"><\/lite-youtube><\/div><\/div><\/div><\/div><\/div><\/div><\/p>\n","protected":false},"excerpt":{"rendered":"","protected":false},"author":1,"featured_media":9880,"parent":10155,"menu_order":0,"comment_status":"closed","ping_status":"closed","template":"","meta":{"footnotes":""},"class_list":["post-9879","page","type-page","status-publish","has-post-thumbnail","hentry"],"_links":{"self":[{"href":"https:\/\/www.focoinduction.com\/fr\/wp-json\/wp\/v2\/pages\/9879","targetHints":{"allow":["GET"]}}],"collection":[{"href":"https:\/\/www.focoinduction.com\/fr\/wp-json\/wp\/v2\/pages"}],"about":[{"href":"https:\/\/www.focoinduction.com\/fr\/wp-json\/wp\/v2\/types\/page"}],"author":[{"embeddable":true,"href":"https:\/\/www.focoinduction.com\/fr\/wp-json\/wp\/v2\/users\/1"}],"replies":[{"embeddable":true,"href":"https:\/\/www.focoinduction.com\/fr\/wp-json\/wp\/v2\/comments?post=9879"}],"version-history":[{"count":0,"href":"https:\/\/www.focoinduction.com\/fr\/wp-json\/wp\/v2\/pages\/9879\/revisions"}],"up":[{"embeddable":true,"href":"https:\/\/www.focoinduction.com\/fr\/wp-json\/wp\/v2\/pages\/10155"}],"wp:featuredmedia":[{"embeddable":true,"href":"https:\/\/www.focoinduction.com\/fr\/wp-json\/wp\/v2\/media\/9880"}],"wp:attachment":[{"href":"https:\/\/www.focoinduction.com\/fr\/wp-json\/wp\/v2\/media?parent=9879"}],"curies":[{"name":"wp","href":"https:\/\/api.w.org\/{rel}","templated":true}]}}