{"id":9918,"date":"2022-08-02T17:42:45","date_gmt":"2022-08-02T09:42:45","guid":{"rendered":"https:\/\/www.focoinduction.com\/fusion-par-induction-de-50-kg-de-dechets-de-cuivre\/"},"modified":"2025-01-02T10:51:42","modified_gmt":"2025-01-02T02:51:42","slug":"fusion-par-induction-de-50-kg-de-dechets-de-cuivre","status":"publish","type":"page","link":"https:\/\/www.focoinduction.com\/fr\/applications\/fusion-par-induction\/fusion-par-induction-de-50-kg-de-dechets-de-cuivre\/","title":{"rendered":"Fusion par induction de 50 kg de d\u00e9chets de cuivre"},"content":{"rendered":"<p><div class=\"fusion-fullwidth fullwidth-box fusion-builder-row-1 fusion-flex-container nonhundred-percent-fullwidth non-hundred-percent-height-scrolling\" style=\"--awb-border-sizes-bottom:1px;--awb-border-radius-top-left:0px;--awb-border-radius-top-right:0px;--awb-border-radius-bottom-right:0px;--awb-border-radius-bottom-left:0px;--awb-flex-wrap:wrap;\" ><div class=\"fusion-builder-row fusion-row fusion-flex-align-items-flex-start fusion-flex-content-wrap\" style=\"max-width:1248px;margin-left: calc(-4% \/ 2 );margin-right: calc(-4% \/ 2 );\"><div class=\"fusion-layout-column fusion_builder_column fusion-builder-column-0 fusion_builder_column_1_1 1_1 fusion-flex-column\" style=\"--awb-bg-size:cover;--awb-width-large:100%;--awb-margin-top-large:0px;--awb-spacing-right-large:1.92%;--awb-margin-bottom-large:20px;--awb-spacing-left-large:1.92%;--awb-width-medium:100%;--awb-order-medium:0;--awb-spacing-right-medium:1.92%;--awb-spacing-left-medium:1.92%;--awb-width-small:100%;--awb-order-small:0;--awb-spacing-right-small:1.92%;--awb-spacing-left-small:1.92%;\"><div class=\"fusion-column-wrapper fusion-column-has-shadow fusion-flex-justify-content-flex-start fusion-content-layout-column\"><div class=\"fusion-text fusion-text-1\"><h2>Fusion de d\u00e9chets de cuivre avec un four de fusion \u00e0 induction de type basculant<\/h2>\n<p>Le client souhaite faire fondre 50 kg de d\u00e9chets de cuivre et couler des lingots de cuivre destin\u00e9s \u00e0 la vente. Nous proposons un four de fusion \u00e0 induction \u00e0 bascule de 45 kW qui peut fondre 50 kg de cuivre en 30 minutes. <\/p>\n<p><strong>Propri\u00e9t\u00e9s du cuivre :<\/strong><\/p>\n<ul>\n<li>Point de fusion : 1 083,4 \u2103.<\/li>\n<li>Densit\u00e9 : 8,960 g\/cm\u00b3<\/li>\n<\/ul>\n<p><strong>Equipement :<\/strong><\/p>\n<ul>\n<li>45 kW <span style=\"color: #0000ff;\"><a style=\"color: #0000ff;\" href=\"https:\/\/www.focoinduction.com\/induction-heating-equipment\/induction-melting-furnace\/tilt-type-induction-melting-furnace\/\" target=\"_blank\" rel=\"noopener\">Four de fusion \u00e0 induction \u00e0 bascule.<\/a><\/span><\/li>\n<li>Refroidisseur industriel.<\/li>\n<\/ul>\n<p><strong>Proc\u00e9d\u00e9 de fusion du cuivre de 50 kg :<\/strong><\/p>\n<ol>\n<li>Allumez l&rsquo;interrupteur du four de fusion par induction une fois que le refroidisseur est en marche. Introduisez les d\u00e9chets de cuivre dans le four. <\/li>\n<li>Les d\u00e9chets de cuivre doivent \u00eatre chauff\u00e9s jusqu&rsquo;\u00e0 ce qu&rsquo;ils soient compl\u00e8tement fondus. L&rsquo;ensemble du processus prend environ 30 minutes. <\/li>\n<li>Une fois les d\u00e9chets de cuivre fondus, r\u00e9glez la puissance de la machine pour vous assurer que le cuivre est \u00e0 l&rsquo;\u00e9tat liquide.<\/li>\n<li>Versez le cuivre liquide dans le r\u00e9cipient ou le moule pour couler le lingot de cuivre.<\/li>\n<\/ol>\n<p><strong>Avantages du four de fusion \u00e0 induction de type basculant :<\/strong><\/p>\n<ol>\n<li>Un processus \u00e9conome en \u00e9nergie, s\u00fbr et propre.<\/li>\n<li>L&rsquo;effet de brassage \u00e9lectromagn\u00e9tique rend le chauffage plus uniforme.<\/li>\n<li>La fonction de conservation de la chaleur emp\u00eachera le cuivre fondu de se solidifier.<\/li>\n<li>Il peut \u00eatre \u00e9quip\u00e9 d&rsquo;un dispositif de commande \u00e0 distance par infrarouge.<\/li>\n<\/ol>\n<p>Le four de fusion \u00e0 induction \u00e0 bascule FOCO peut fondre 10 kg en 250 kg de cuivre et constitue le meilleur choix pour fondre 50 kg de d\u00e9chets de cuivre. La fusion du cuivre par chauffage \u00e0 induction est plus rapide et plus efficace. FOCO peut fournir des <span style=\"color: #0000ff;\"><a style=\"color: #0000ff;\" href=\"https:\/\/www.focoinduction.com\/induction-heating-equipment\/induction-melting-furnace\/\" target=\"_blank\" rel=\"noopener\">fours \u00e0 induction<\/a><\/span> pour r\u00e9pondre \u00e0 vos diff\u00e9rents besoins en mati\u00e8re de fusion des m\u00e9taux.  <\/p>\n<p>En savoir plus sur <span style=\"color: #0000ff;\"><a style=\"color: #0000ff;\" href=\"https:\/\/www.focoinduction.com\/induction-heating-applications\/induction-melting\/\">les applications de fusion par induction<\/a><\/span>.<\/p>\n<\/div><\/div><\/div><\/div><\/div><div class=\"fusion-fullwidth fullwidth-box fusion-builder-row-2 fusion-flex-container nonhundred-percent-fullwidth non-hundred-percent-height-scrolling\" style=\"--awb-border-sizes-bottom:1px;--awb-border-radius-top-left:0px;--awb-border-radius-top-right:0px;--awb-border-radius-bottom-right:0px;--awb-border-radius-bottom-left:0px;--awb-flex-wrap:wrap;\" ><div class=\"fusion-builder-row fusion-row fusion-flex-align-items-flex-start fusion-flex-content-wrap\" style=\"max-width:1248px;margin-left: calc(-4% \/ 2 );margin-right: calc(-4% \/ 2 );\"><div class=\"fusion-layout-column fusion_builder_column fusion-builder-column-1 fusion_builder_column_1_1 1_1 fusion-flex-column\" style=\"--awb-bg-size:cover;--awb-width-large:100%;--awb-margin-top-large:0px;--awb-spacing-right-large:1.92%;--awb-margin-bottom-large:20px;--awb-spacing-left-large:1.92%;--awb-width-medium:100%;--awb-order-medium:0;--awb-spacing-right-medium:1.92%;--awb-spacing-left-medium:1.92%;--awb-width-small:100%;--awb-order-small:0;--awb-spacing-right-small:1.92%;--awb-spacing-left-small:1.92%;\"><div class=\"fusion-column-wrapper fusion-column-has-shadow fusion-flex-justify-content-flex-start fusion-content-layout-column\"><div class=\"fusion-text fusion-text-2\" style=\"--awb-text-transform:none;\"><h3 class=\"entry-title fusion-responsive-typography-calculated\" data-fontsize=\"36\" data-lineheight=\"60.12px\">Vid\u00e9os de la fusion par induction de 50 kg de d\u00e9chets de cuivre<\/h3>\n<\/div><\/div><\/div><div class=\"fusion-layout-column fusion_builder_column fusion-builder-column-2 fusion_builder_column_1_1 1_1 fusion-flex-column\" style=\"--awb-bg-size:cover;--awb-width-large:100%;--awb-margin-top-large:0px;--awb-spacing-right-large:1.92%;--awb-margin-bottom-large:20px;--awb-spacing-left-large:1.92%;--awb-width-medium:100%;--awb-order-medium:0;--awb-spacing-right-medium:1.92%;--awb-spacing-left-medium:1.92%;--awb-width-small:100%;--awb-order-small:0;--awb-spacing-right-small:1.92%;--awb-spacing-left-small:1.92%;\"><div class=\"fusion-column-wrapper fusion-column-has-shadow fusion-flex-justify-content-flex-start fusion-content-layout-column\"><div class=\"fusion-video fusion-youtube\" style=\"--awb-max-width:600px;--awb-max-height:360px;\"><div class=\"video-shortcode\"><lite-youtube videoid=\"pogH3kaiXI8\" class=\"landscape\" params=\"wmode=transparent&autoplay=1&amp;enablejsapi=1\" title=\"Induction Melting 50kg Scrap Copper\" data-button-label=\"Play Video\" width=\"600\" height=\"360\" data-thumbnail-size=\"auto\" data-no-cookie=\"on\"><\/lite-youtube><\/div><\/div><\/div><\/div><\/div><\/div><\/p>\n","protected":false},"excerpt":{"rendered":"","protected":false},"author":1,"featured_media":9919,"parent":10155,"menu_order":0,"comment_status":"closed","ping_status":"closed","template":"","meta":{"footnotes":""},"class_list":["post-9918","page","type-page","status-publish","has-post-thumbnail","hentry"],"_links":{"self":[{"href":"https:\/\/www.focoinduction.com\/fr\/wp-json\/wp\/v2\/pages\/9918","targetHints":{"allow":["GET"]}}],"collection":[{"href":"https:\/\/www.focoinduction.com\/fr\/wp-json\/wp\/v2\/pages"}],"about":[{"href":"https:\/\/www.focoinduction.com\/fr\/wp-json\/wp\/v2\/types\/page"}],"author":[{"embeddable":true,"href":"https:\/\/www.focoinduction.com\/fr\/wp-json\/wp\/v2\/users\/1"}],"replies":[{"embeddable":true,"href":"https:\/\/www.focoinduction.com\/fr\/wp-json\/wp\/v2\/comments?post=9918"}],"version-history":[{"count":0,"href":"https:\/\/www.focoinduction.com\/fr\/wp-json\/wp\/v2\/pages\/9918\/revisions"}],"up":[{"embeddable":true,"href":"https:\/\/www.focoinduction.com\/fr\/wp-json\/wp\/v2\/pages\/10155"}],"wp:featuredmedia":[{"embeddable":true,"href":"https:\/\/www.focoinduction.com\/fr\/wp-json\/wp\/v2\/media\/9919"}],"wp:attachment":[{"href":"https:\/\/www.focoinduction.com\/fr\/wp-json\/wp\/v2\/media?parent=9918"}],"curies":[{"name":"wp","href":"https:\/\/api.w.org\/{rel}","templated":true}]}}