{"id":9976,"date":"2022-08-11T11:37:06","date_gmt":"2022-08-11T03:37:06","guid":{"rendered":"https:\/\/www.focoinduction.com\/brasage-par-induction-dun-tube-en-cuivre-sur-une-vanne-de-derivation\/"},"modified":"2025-01-02T10:51:02","modified_gmt":"2025-01-02T02:51:02","slug":"brasage-par-induction-dun-tube-en-cuivre-sur-une-vanne-de-derivation","status":"publish","type":"page","link":"https:\/\/www.focoinduction.com\/fr\/applications\/brasage-par-induction\/brasage-par-induction-dun-tube-en-cuivre-sur-une-vanne-de-derivation\/","title":{"rendered":"Brasage par induction d&rsquo;un tube en cuivre sur une vanne de d\u00e9rivation"},"content":{"rendered":"<p><div class=\"fusion-fullwidth fullwidth-box fusion-builder-row-1 fusion-flex-container nonhundred-percent-fullwidth non-hundred-percent-height-scrolling\" style=\"--awb-border-sizes-bottom:1px;--awb-border-radius-top-left:0px;--awb-border-radius-top-right:0px;--awb-border-radius-bottom-right:0px;--awb-border-radius-bottom-left:0px;--awb-flex-wrap:wrap;\" ><div class=\"fusion-builder-row fusion-row fusion-flex-align-items-flex-start fusion-flex-content-wrap\" style=\"max-width:1248px;margin-left: calc(-4% \/ 2 );margin-right: calc(-4% \/ 2 );\"><div class=\"fusion-layout-column fusion_builder_column fusion-builder-column-0 fusion_builder_column_1_1 1_1 fusion-flex-column\" style=\"--awb-bg-size:cover;--awb-width-large:100%;--awb-margin-top-large:0px;--awb-spacing-right-large:1.92%;--awb-margin-bottom-large:20px;--awb-spacing-left-large:1.92%;--awb-width-medium:100%;--awb-order-medium:0;--awb-spacing-right-medium:1.92%;--awb-spacing-left-medium:1.92%;--awb-width-small:100%;--awb-order-small:0;--awb-spacing-right-small:1.92%;--awb-spacing-left-small:1.92%;\"><div class=\"fusion-column-wrapper fusion-column-has-shadow fusion-flex-justify-content-flex-start fusion-content-layout-column\"><div class=\"fusion-text fusion-text-1\"><h2>Applications des vannes de d\u00e9rivation \u00e0 brasage par induction<\/h2>\n<p>Brasez le tube de cuivre sur la vanne de d\u00e9rivation \u00e0 l&rsquo;aide d&rsquo;un chauffage par induction. Le brasage par induction des assemblages de tubes en cuivre permet d&rsquo;am\u00e9liorer efficacement l&rsquo;efficacit\u00e9 de la production. Le brasage par induction est une m\u00e9thode de brasage efficace, propre, \u00e9cologique et s\u00fbre. Le brasage par induction du tube en cuivre de la vanne de d\u00e9rivation permet d&rsquo;obtenir des r\u00e9sultats plus coh\u00e9rents.   <\/p>\n<p><strong>Equipement :<\/strong><\/p>\n<p>10 kW <span style=\"color: #0000ff;\"><a style=\"color: #0000ff;\" href=\"https:\/\/www.focoinduction.com\/induction-heating-equipment\/induction-brazing-machine\/portable-induction-brazing-machine\/\" target=\"_blank\" rel=\"noopener\">Machine \u00e0 braser portable \u00e0 induction<\/a><\/span> La machine mobile de brasage par induction portable est id\u00e9ale pour le brasage de tubes et de composants en cuivre. L&rsquo;\u00e9quipement de brasage par induction est \u00e9quip\u00e9 d&rsquo;une t\u00eate de chauffage par induction manuelle et peut \u00eatre dot\u00e9 d&rsquo;un syst\u00e8me de refroidissement par eau, ce qui en fait l&rsquo;outil id\u00e9al pour les travaux de brasage dans les espaces restreints et les zones difficiles d&rsquo;acc\u00e8s.<\/p>\n<p><strong>Processus de brasage :<\/strong><\/p>\n<p>Placez la partie du tube en cuivre de la vanne de d\u00e9rivation qui doit \u00eatre bras\u00e9e dans la bobine d&rsquo;induction. Utilisez du flux pour les joints en cuivre pendant le chauffage. En quelques secondes, le tube de cuivre est chauff\u00e9 \u00e0 environ 800 \u00b0C, le flux fond et le tube de cuivre est bras\u00e9 \u00e0 l&rsquo;assemblage en cuivre de la vanne de d\u00e9rivation. Le processus de brasage par induction des tubes en cuivre est achev\u00e9 en seulement 20 secondes. Pour le brasage des tubes en cuivre, l&rsquo;\u00e9quipement de chauffage par induction FOCO peut \u00eatre automatis\u00e9 et garantir des r\u00e9sultats de brasage constants et r\u00e9p\u00e9tables.    <\/p>\n<p><strong>Avantages du brasage par induction<\/strong><\/p>\n<p>Compar\u00e9 au brasage traditionnel \u00e0 la flamme, le brasage par induction pr\u00e9sente de nombreux avantages. L&rsquo;utilisation d&rsquo;un <span style=\"color: #0000ff;\"><a style=\"color: #0000ff;\" href=\"https:\/\/www.focoinduction.com\/induction-heating-equipment\/\" target=\"_blank\" rel=\"noopener\">\u00e9quipement de chauffage par induction<\/a><\/span> facilite l&rsquo;automatisation de l&rsquo;ensemble du processus de brasage, ce qui augmente votre productivit\u00e9. En outre, le brasage par induction est une m\u00e9thode propre, s\u00fbre et efficace. Il permet de r\u00e9aliser le processus de chauffage \u00e0 temp\u00e9rature locale, de contr\u00f4ler pr\u00e9cis\u00e9ment la partie chauffante et de r\u00e9duire les pertes d&rsquo;\u00e9nergie, ce qui en fait une m\u00e9thode de brasage \u00e9conome en \u00e9nergie. En savoir plus sur <span style=\"color: #0000ff;\"><a style=\"color: #0000ff;\" href=\"https:\/\/www.focoinduction.com\/induction-heating-applications\/induction-brazing\/\" target=\"_blank\" rel=\"noopener\">les applications du brasage par induction<\/a><\/span>.<\/p>\n<\/div><\/div><\/div><\/div><\/div><div class=\"fusion-fullwidth fullwidth-box fusion-builder-row-2 fusion-flex-container nonhundred-percent-fullwidth non-hundred-percent-height-scrolling\" style=\"--awb-border-sizes-bottom:1px;--awb-border-radius-top-left:0px;--awb-border-radius-top-right:0px;--awb-border-radius-bottom-right:0px;--awb-border-radius-bottom-left:0px;--awb-flex-wrap:wrap;\" ><div class=\"fusion-builder-row fusion-row fusion-flex-align-items-flex-start fusion-flex-content-wrap\" style=\"max-width:1248px;margin-left: calc(-4% \/ 2 );margin-right: calc(-4% \/ 2 );\"><div class=\"fusion-layout-column fusion_builder_column fusion-builder-column-1 fusion_builder_column_1_1 1_1 fusion-flex-column\" style=\"--awb-bg-size:cover;--awb-width-large:100%;--awb-margin-top-large:0px;--awb-spacing-right-large:1.92%;--awb-margin-bottom-large:20px;--awb-spacing-left-large:1.92%;--awb-width-medium:100%;--awb-order-medium:0;--awb-spacing-right-medium:1.92%;--awb-spacing-left-medium:1.92%;--awb-width-small:100%;--awb-order-small:0;--awb-spacing-right-small:1.92%;--awb-spacing-left-small:1.92%;\"><div class=\"fusion-column-wrapper fusion-column-has-shadow fusion-flex-justify-content-flex-start fusion-content-layout-column\"><div class=\"fusion-text fusion-text-2\" style=\"--awb-text-transform:none;\"><h3>Vid\u00e9os sur le brasage par induction<\/h3>\n<\/div><\/div><\/div><div class=\"fusion-layout-column fusion_builder_column fusion-builder-column-2 fusion_builder_column_1_1 1_1 fusion-flex-column\" style=\"--awb-bg-size:cover;--awb-width-large:100%;--awb-margin-top-large:0px;--awb-spacing-right-large:1.92%;--awb-margin-bottom-large:20px;--awb-spacing-left-large:1.92%;--awb-width-medium:100%;--awb-order-medium:0;--awb-spacing-right-medium:1.92%;--awb-spacing-left-medium:1.92%;--awb-width-small:100%;--awb-order-small:0;--awb-spacing-right-small:1.92%;--awb-spacing-left-small:1.92%;\"><div class=\"fusion-column-wrapper fusion-column-has-shadow fusion-flex-justify-content-flex-start fusion-content-layout-column\"><div class=\"fusion-video fusion-youtube\" style=\"--awb-max-width:600px;--awb-max-height:360px;\"><div class=\"video-shortcode\"><lite-youtube videoid=\"KkyryKdouiM\" class=\"landscape\" params=\"wmode=transparent&autoplay=1&amp;enablejsapi=1\" title=\"Induction Brzaing of Copper Tube to Diverter Valve\" data-button-label=\"Play Video\" width=\"600\" height=\"360\" data-thumbnail-size=\"auto\" data-no-cookie=\"on\"><\/lite-youtube><\/div><\/div><\/div><\/div><\/div><\/div><\/p>\n","protected":false},"excerpt":{"rendered":"","protected":false},"author":1,"featured_media":9977,"parent":10028,"menu_order":0,"comment_status":"closed","ping_status":"closed","template":"","meta":{"footnotes":""},"class_list":["post-9976","page","type-page","status-publish","has-post-thumbnail","hentry"],"_links":{"self":[{"href":"https:\/\/www.focoinduction.com\/fr\/wp-json\/wp\/v2\/pages\/9976","targetHints":{"allow":["GET"]}}],"collection":[{"href":"https:\/\/www.focoinduction.com\/fr\/wp-json\/wp\/v2\/pages"}],"about":[{"href":"https:\/\/www.focoinduction.com\/fr\/wp-json\/wp\/v2\/types\/page"}],"author":[{"embeddable":true,"href":"https:\/\/www.focoinduction.com\/fr\/wp-json\/wp\/v2\/users\/1"}],"replies":[{"embeddable":true,"href":"https:\/\/www.focoinduction.com\/fr\/wp-json\/wp\/v2\/comments?post=9976"}],"version-history":[{"count":0,"href":"https:\/\/www.focoinduction.com\/fr\/wp-json\/wp\/v2\/pages\/9976\/revisions"}],"up":[{"embeddable":true,"href":"https:\/\/www.focoinduction.com\/fr\/wp-json\/wp\/v2\/pages\/10028"}],"wp:featuredmedia":[{"embeddable":true,"href":"https:\/\/www.focoinduction.com\/fr\/wp-json\/wp\/v2\/media\/9977"}],"wp:attachment":[{"href":"https:\/\/www.focoinduction.com\/fr\/wp-json\/wp\/v2\/media?parent=9976"}],"curies":[{"name":"wp","href":"https:\/\/api.w.org\/{rel}","templated":true}]}}