{"id":5559,"date":"2022-08-11T11:37:06","date_gmt":"2022-08-11T03:37:06","guid":{"rendered":"https:\/\/www.focoinduction.com\/brasagem-por-inducao-de-tubo-de-cobre-em-valvula-de-desvio\/"},"modified":"2023-05-15T14:46:30","modified_gmt":"2023-05-15T06:46:30","slug":"brasagem-por-inducao-de-tubo-de-cobre-em-valvula-de-desvio","status":"publish","type":"page","link":"https:\/\/www.focoinduction.com\/pt-br\/aplicacoes\/brasagem-por-inducao\/brasagem-por-inducao-de-tubo-de-cobre-em-valvula-de-desvio\/","title":{"rendered":"Brasagem por indu\u00e7\u00e3o de tubo de cobre em v\u00e1lvula de desvio"},"content":{"rendered":"<p><div class=\"fusion-fullwidth fullwidth-box fusion-builder-row-1 fusion-flex-container nonhundred-percent-fullwidth non-hundred-percent-height-scrolling\" style=\"--awb-border-sizes-bottom:1px;--awb-border-radius-top-left:0px;--awb-border-radius-top-right:0px;--awb-border-radius-bottom-right:0px;--awb-border-radius-bottom-left:0px;--awb-flex-wrap:wrap;\" ><div class=\"fusion-builder-row fusion-row fusion-flex-align-items-flex-start fusion-flex-content-wrap\" style=\"max-width:1248px;margin-left: calc(-4% \/ 2 );margin-right: calc(-4% \/ 2 );\"><div class=\"fusion-layout-column fusion_builder_column fusion-builder-column-0 fusion_builder_column_1_1 1_1 fusion-flex-column\" style=\"--awb-bg-size:cover;--awb-width-large:100%;--awb-margin-top-large:0px;--awb-spacing-right-large:1.92%;--awb-margin-bottom-large:20px;--awb-spacing-left-large:1.92%;--awb-width-medium:100%;--awb-order-medium:0;--awb-spacing-right-medium:1.92%;--awb-spacing-left-medium:1.92%;--awb-width-small:100%;--awb-order-small:0;--awb-spacing-right-small:1.92%;--awb-spacing-left-small:1.92%;\"><div class=\"fusion-column-wrapper fusion-column-has-shadow fusion-flex-justify-content-flex-start fusion-content-layout-column\"><div class=\"fusion-text fusion-text-1\"><h2>Aplica\u00e7\u00f5es da v\u00e1lvula de desvio para brasagem por indu\u00e7\u00e3o<\/h2>\n<p>Soldar o tubo de cobre \u00e0 v\u00e1lvula de desvio com aquecimento por indu\u00e7\u00e3o. Os conjuntos de tubos de cobre para brasagem por indu\u00e7\u00e3o podem melhorar efectivamente a efici\u00eancia da produ\u00e7\u00e3o. A brasagem por indu\u00e7\u00e3o \u00e9 um m\u00e9todo de brasagem eficiente, limpo, amigo do ambiente e seguro. A brasagem por indu\u00e7\u00e3o do tubo de cobre da v\u00e1lvula de desvio permite obter resultados mais consistentes.<\/p>\n<p><strong>Equipamento:<\/strong><\/p>\n<p>10 kW <span style=\"color: #0000ff;\"><br \/>\n  <a style=\"color: #0000ff;\" href=\"https:\/\/www.focoinduction.com\/pt-br\/maquina-de-brasagem-por-inducao-portatil\/\" target=\"_blank\" rel=\"noopener\">M\u00e1quina de brasagem por indu\u00e7\u00e3o port\u00e1til<\/a><br \/>\n<\/span><\/p>\n<p>A m\u00e1quina de brasagem por indu\u00e7\u00e3o m\u00f3vel e port\u00e1til \u00e9 ideal para a brasagem de tubos e componentes de cobre. O equipamento de brasagem por indu\u00e7\u00e3o est\u00e1 equipado com uma cabe\u00e7a de aquecimento por indu\u00e7\u00e3o port\u00e1til e pode ser equipado com um sistema de arrefecimento a \u00e1gua, o que o torna ideal para trabalhos de brasagem em \u00e1reas com espa\u00e7o limitado e de dif\u00edcil acesso.<\/p>\n<p><strong>Processo de brasagem:<\/strong><\/p>\n<p>Coloque a parte do tubo de cobre da v\u00e1lvula de desvio que precisa de ser soldada na bobina de indu\u00e7\u00e3o. Utilizar fluxo para as juntas de cobre durante o aquecimento. Em segundos, o tubo de cobre \u00e9 aquecido a cerca de 800 \u00b0C, o fluxo derrete e o tubo de cobre \u00e9 soldado \u00e0 v\u00e1lvula de desvio do conjunto de cobre. O processo de brasagem por indu\u00e7\u00e3o de tubos de cobre \u00e9 conclu\u00eddo em apenas 20 segundos. Para a brasagem de tubos de cobre, o equipamento de aquecimento por indu\u00e7\u00e3o da FOCO pode ser automatizado e garante resultados de brasagem consistentes e repet\u00edveis.<\/p>\n<p><strong>Benef\u00edcios da brasagem por indu\u00e7\u00e3o<\/strong><\/p>\n<p>Em compara\u00e7\u00e3o com a brasagem por chama tradicional, a brasagem por indu\u00e7\u00e3o tem muitas vantagens. Utiliza\u00e7\u00e3o <span style=\"color: #0000ff;\"><br \/>\n  <a style=\"color: #0000ff;\" href=\"https:\/\/www.focoinduction.com\/pt-br\/produtos\/\" target=\"_blank\" rel=\"noopener\">equipamento de aquecimento por indu\u00e7\u00e3o<\/a><br \/>\n<\/span> facilita a automatiza\u00e7\u00e3o de todo o processo de brasagem, aumentando a sua produtividade. Al\u00e9m disso, a brasagem por indu\u00e7\u00e3o \u00e9 um m\u00e9todo limpo, seguro e eficiente. Pode realizar o processo de aquecimento da temperatura local, controlar com precis\u00e3o a parte de aquecimento e reduzir a perda de energia, tornando-o um m\u00e9todo de brasagem que poupa energia.<\/p>\n<p>Saiba mais sobre <span style=\"color: #0000ff;\"><br \/>\n  <a style=\"color: #0000ff;\" href=\"https:\/\/www.focoinduction.com\/induction-heating-applications\/induction-brazing\/\" target=\"_blank\" rel=\"noopener\">aplica\u00e7\u00f5es de brasagem por indu\u00e7\u00e3o<\/a><br \/>\n<\/span>.<\/p>\n<\/div><\/div><\/div><\/div><\/div><div class=\"fusion-fullwidth fullwidth-box fusion-builder-row-2 fusion-flex-container nonhundred-percent-fullwidth non-hundred-percent-height-scrolling\" style=\"--awb-border-sizes-bottom:1px;--awb-border-radius-top-left:0px;--awb-border-radius-top-right:0px;--awb-border-radius-bottom-right:0px;--awb-border-radius-bottom-left:0px;--awb-flex-wrap:wrap;\" ><div class=\"fusion-builder-row fusion-row fusion-flex-align-items-flex-start fusion-flex-content-wrap\" style=\"max-width:1248px;margin-left: calc(-4% \/ 2 );margin-right: calc(-4% \/ 2 );\"><div class=\"fusion-layout-column fusion_builder_column fusion-builder-column-1 fusion_builder_column_1_1 1_1 fusion-flex-column\" style=\"--awb-bg-size:cover;--awb-width-large:100%;--awb-margin-top-large:0px;--awb-spacing-right-large:1.92%;--awb-margin-bottom-large:20px;--awb-spacing-left-large:1.92%;--awb-width-medium:100%;--awb-order-medium:0;--awb-spacing-right-medium:1.92%;--awb-spacing-left-medium:1.92%;--awb-width-small:100%;--awb-order-small:0;--awb-spacing-right-small:1.92%;--awb-spacing-left-small:1.92%;\"><div class=\"fusion-column-wrapper fusion-column-has-shadow fusion-flex-justify-content-flex-start fusion-content-layout-column\"><div class=\"fusion-text fusion-text-2\" style=\"--awb-text-transform:none;\"><h3>V\u00eddeos de brasagem por indu\u00e7\u00e3o<\/h3>\n<\/div><\/div><\/div><div class=\"fusion-layout-column fusion_builder_column fusion-builder-column-2 fusion_builder_column_1_1 1_1 fusion-flex-column\" style=\"--awb-bg-size:cover;--awb-width-large:100%;--awb-margin-top-large:0px;--awb-spacing-right-large:1.92%;--awb-margin-bottom-large:20px;--awb-spacing-left-large:1.92%;--awb-width-medium:100%;--awb-order-medium:0;--awb-spacing-right-medium:1.92%;--awb-spacing-left-medium:1.92%;--awb-width-small:100%;--awb-order-small:0;--awb-spacing-right-small:1.92%;--awb-spacing-left-small:1.92%;\"><div class=\"fusion-column-wrapper fusion-column-has-shadow fusion-flex-justify-content-flex-start fusion-content-layout-column\"><div class=\"fusion-video fusion-youtube\" style=\"--awb-max-width:600px;--awb-max-height:360px;\"><div class=\"video-shortcode\"><lite-youtube videoid=\"KkyryKdouiM\" class=\"landscape\" params=\"wmode=transparent&autoplay=1&amp;enablejsapi=1\" title=\"Induction Brzaing of Copper Tube to Diverter Valve\" data-button-label=\"Play Video\" width=\"600\" height=\"360\" data-thumbnail-size=\"auto\" data-no-cookie=\"on\"><\/lite-youtube><\/div><\/div><\/div><\/div><\/div><\/div><\/p>\n","protected":false},"excerpt":{"rendered":"","protected":false},"author":1,"featured_media":4056,"parent":5815,"menu_order":0,"comment_status":"closed","ping_status":"closed","template":"","meta":{"footnotes":""},"class_list":["post-5559","page","type-page","status-publish","has-post-thumbnail","hentry"],"_links":{"self":[{"href":"https:\/\/www.focoinduction.com\/pt-br\/wp-json\/wp\/v2\/pages\/5559","targetHints":{"allow":["GET"]}}],"collection":[{"href":"https:\/\/www.focoinduction.com\/pt-br\/wp-json\/wp\/v2\/pages"}],"about":[{"href":"https:\/\/www.focoinduction.com\/pt-br\/wp-json\/wp\/v2\/types\/page"}],"author":[{"embeddable":true,"href":"https:\/\/www.focoinduction.com\/pt-br\/wp-json\/wp\/v2\/users\/1"}],"replies":[{"embeddable":true,"href":"https:\/\/www.focoinduction.com\/pt-br\/wp-json\/wp\/v2\/comments?post=5559"}],"version-history":[{"count":0,"href":"https:\/\/www.focoinduction.com\/pt-br\/wp-json\/wp\/v2\/pages\/5559\/revisions"}],"up":[{"embeddable":true,"href":"https:\/\/www.focoinduction.com\/pt-br\/wp-json\/wp\/v2\/pages\/5815"}],"wp:featuredmedia":[{"embeddable":true,"href":"https:\/\/www.focoinduction.com\/pt-br\/wp-json\/wp\/v2\/media\/4056"}],"wp:attachment":[{"href":"https:\/\/www.focoinduction.com\/pt-br\/wp-json\/wp\/v2\/media?parent=5559"}],"curies":[{"name":"wp","href":"https:\/\/api.w.org\/{rel}","templated":true}]}}