{"id":5603,"date":"2022-08-02T17:42:45","date_gmt":"2022-08-02T09:42:45","guid":{"rendered":"https:\/\/www.focoinduction.com\/fusao-por-inducao-de-50-kg-de-sucata-de-cobre\/"},"modified":"2023-05-15T14:46:30","modified_gmt":"2023-05-15T06:46:30","slug":"fusao-por-inducao-de-50-kg-de-sucata-de-cobre","status":"publish","type":"page","link":"https:\/\/www.focoinduction.com\/pt-br\/aplicacoes\/fusao-por-inducao\/fusao-por-inducao-de-50-kg-de-sucata-de-cobre\/","title":{"rendered":"Fus\u00e3o por indu\u00e7\u00e3o de 50 kg de sucata de cobre"},"content":{"rendered":"<p><div class=\"fusion-fullwidth fullwidth-box fusion-builder-row-1 fusion-flex-container nonhundred-percent-fullwidth non-hundred-percent-height-scrolling\" style=\"--awb-border-sizes-bottom:1px;--awb-border-radius-top-left:0px;--awb-border-radius-top-right:0px;--awb-border-radius-bottom-right:0px;--awb-border-radius-bottom-left:0px;--awb-flex-wrap:wrap;\" ><div class=\"fusion-builder-row fusion-row fusion-flex-align-items-flex-start fusion-flex-content-wrap\" style=\"max-width:1248px;margin-left: calc(-4% \/ 2 );margin-right: calc(-4% \/ 2 );\"><div class=\"fusion-layout-column fusion_builder_column fusion-builder-column-0 fusion_builder_column_1_1 1_1 fusion-flex-column\" style=\"--awb-bg-size:cover;--awb-width-large:100%;--awb-margin-top-large:0px;--awb-spacing-right-large:1.92%;--awb-margin-bottom-large:20px;--awb-spacing-left-large:1.92%;--awb-width-medium:100%;--awb-order-medium:0;--awb-spacing-right-medium:1.92%;--awb-spacing-left-medium:1.92%;--awb-width-small:100%;--awb-order-small:0;--awb-spacing-right-small:1.92%;--awb-spacing-left-small:1.92%;\"><div class=\"fusion-column-wrapper fusion-column-has-shadow fusion-flex-justify-content-flex-start fusion-content-layout-column\"><div class=\"fusion-text fusion-text-1\"><h2>Fus\u00e3o de sucata de cobre com forno de fus\u00e3o por indu\u00e7\u00e3o de tipo basculante<\/h2>\n<p>O cliente pretende fundir 50 kg de sucata de cobre e fundir lingotes de cobre para venda. Oferecemos um forno de fus\u00e3o por indu\u00e7\u00e3o com inclina\u00e7\u00e3o de 45kW que pode fundir 50kg de cobre em 30 minutos.<\/p>\n<p><strong>Propriedades do cobre:<\/strong><\/p>\n<ul>\n<li>Ponto de fus\u00e3o: 1.083,4 \u2103.<\/li>\n<li>Densidade: 8,960 g\/cm\u00b3<\/li>\n<\/ul>\n<p><strong>Equipamento:<\/strong><\/p>\n<ul>\n<li>45 kW <span style=\"color: #0000ff;\"><br \/>\n  <a style=\"color: #0000ff;\" href=\"https:\/\/www.focoinduction.com\/pt-br\/produtos\/fornos-de-fusao-por-inducao\/forno-de-fusao-por-inducao-de-tipo-inclinado\/\" target=\"_blank\" rel=\"noopener\">Forno de fus\u00e3o por indu\u00e7\u00e3o de tipo inclinado.<\/a><br \/>\n<\/span><\/li>\n<li>Refrigerador industrial.<\/li>\n<\/ul>\n<p><strong>Processo de fus\u00e3o de cobre de 50 kg:<\/strong><\/p>\n<ol>\n<li>Ligar o interruptor do forno de fus\u00e3o por indu\u00e7\u00e3o depois de o refrigerador estar a funcionar. Introduzir a sucata de cobre no forno.<\/li>\n<li>A sucata de cobre deve ser aquecida at\u00e9 estar completamente derretida. O processo completo demora cerca de 30 minutos.<\/li>\n<li>Ap\u00f3s a fus\u00e3o da sucata de cobre, ajustar a pot\u00eancia da m\u00e1quina para garantir que o cobre se encontra no estado l\u00edquido.<\/li>\n<li>Verter o l\u00edquido de cobre no recipiente ou molde para fundir o lingote de cobre.<\/li>\n<\/ol>\n<p><strong>Vantagens do forno de fus\u00e3o por indu\u00e7\u00e3o de tipo inclinado:<\/strong><\/p>\n<ol>\n<li>Um processo energeticamente eficiente, seguro e limpo.<\/li>\n<li>O efeito de agita\u00e7\u00e3o electromagn\u00e9tica torna o aquecimento mais uniforme.<\/li>\n<li>A fun\u00e7\u00e3o de preserva\u00e7\u00e3o do calor impedir\u00e1 a solidifica\u00e7\u00e3o do cobre fundido.<\/li>\n<li>Pode ser equipado com um dispositivo de controlo remoto por infravermelhos.<\/li>\n<\/ol>\n<p>O forno de fus\u00e3o por indu\u00e7\u00e3o de tipo basculante da FOCO pode fundir 10 kg em 250 kg de cobre e \u00e9 a melhor escolha para fundir 50 kg de sucata de cobre. A fus\u00e3o do cobre com aquecimento por indu\u00e7\u00e3o \u00e9 mais r\u00e1pida e eficiente. A FOCO pode fornecer um <span style=\"color: #0000ff;\"><br \/>\n  <a style=\"color: #0000ff;\" href=\"https:\/\/www.focoinduction.com\/pt-br\/produtos\/fornos-de-fusao-por-inducao\/\" target=\"_blank\" rel=\"noopener\">forno de indu\u00e7\u00e3o<\/a><br \/>\n<\/span> para as suas diferentes necessidades de fus\u00e3o de metais.<\/p>\n<p>Saiba mais sobre <span style=\"color: #0000ff;\"><br \/>\n  <a style=\"color: #0000ff;\" href=\"https:\/\/www.focoinduction.com\/induction-heating-applications\/induction-melting\/\">aplica\u00e7\u00f5es de fus\u00e3o por indu\u00e7\u00e3o<\/a><br \/>\n<\/span>.<\/p>\n<\/div><\/div><\/div><\/div><\/div><div class=\"fusion-fullwidth fullwidth-box fusion-builder-row-2 fusion-flex-container nonhundred-percent-fullwidth non-hundred-percent-height-scrolling\" style=\"--awb-border-sizes-bottom:1px;--awb-border-radius-top-left:0px;--awb-border-radius-top-right:0px;--awb-border-radius-bottom-right:0px;--awb-border-radius-bottom-left:0px;--awb-flex-wrap:wrap;\" ><div class=\"fusion-builder-row fusion-row fusion-flex-align-items-flex-start fusion-flex-content-wrap\" style=\"max-width:1248px;margin-left: calc(-4% \/ 2 );margin-right: calc(-4% \/ 2 );\"><div class=\"fusion-layout-column fusion_builder_column fusion-builder-column-1 fusion_builder_column_1_1 1_1 fusion-flex-column\" style=\"--awb-bg-size:cover;--awb-width-large:100%;--awb-margin-top-large:0px;--awb-spacing-right-large:1.92%;--awb-margin-bottom-large:20px;--awb-spacing-left-large:1.92%;--awb-width-medium:100%;--awb-order-medium:0;--awb-spacing-right-medium:1.92%;--awb-spacing-left-medium:1.92%;--awb-width-small:100%;--awb-order-small:0;--awb-spacing-right-small:1.92%;--awb-spacing-left-small:1.92%;\"><div class=\"fusion-column-wrapper fusion-column-has-shadow fusion-flex-justify-content-flex-start fusion-content-layout-column\"><div class=\"fusion-text fusion-text-2\" style=\"--awb-text-transform:none;\"><h3 class=\"entry-title fusion-responsive-typography-calculated\" data-fontsize=\"36\" data-lineheight=\"60.12px\">V\u00eddeos de fus\u00e3o por indu\u00e7\u00e3o de 50 kg de sucata de cobre<\/h3>\n<\/div><\/div><\/div><div class=\"fusion-layout-column fusion_builder_column fusion-builder-column-2 fusion_builder_column_1_1 1_1 fusion-flex-column\" style=\"--awb-bg-size:cover;--awb-width-large:100%;--awb-margin-top-large:0px;--awb-spacing-right-large:1.92%;--awb-margin-bottom-large:20px;--awb-spacing-left-large:1.92%;--awb-width-medium:100%;--awb-order-medium:0;--awb-spacing-right-medium:1.92%;--awb-spacing-left-medium:1.92%;--awb-width-small:100%;--awb-order-small:0;--awb-spacing-right-small:1.92%;--awb-spacing-left-small:1.92%;\"><div class=\"fusion-column-wrapper fusion-column-has-shadow fusion-flex-justify-content-flex-start fusion-content-layout-column\"><div class=\"fusion-video fusion-youtube\" style=\"--awb-max-width:600px;--awb-max-height:360px;\"><div class=\"video-shortcode\"><lite-youtube videoid=\"pogH3kaiXI8\" class=\"landscape\" params=\"wmode=transparent&autoplay=1&amp;enablejsapi=1\" title=\"Induction Melting 50kg Scrap Copper\" data-button-label=\"Play Video\" width=\"600\" height=\"360\" data-thumbnail-size=\"auto\" data-no-cookie=\"on\"><\/lite-youtube><\/div><\/div><\/div><\/div><\/div><\/div><\/p>\n","protected":false},"excerpt":{"rendered":"","protected":false},"author":1,"featured_media":4044,"parent":5757,"menu_order":0,"comment_status":"closed","ping_status":"closed","template":"","meta":{"footnotes":""},"class_list":["post-5603","page","type-page","status-publish","has-post-thumbnail","hentry"],"_links":{"self":[{"href":"https:\/\/www.focoinduction.com\/pt-br\/wp-json\/wp\/v2\/pages\/5603","targetHints":{"allow":["GET"]}}],"collection":[{"href":"https:\/\/www.focoinduction.com\/pt-br\/wp-json\/wp\/v2\/pages"}],"about":[{"href":"https:\/\/www.focoinduction.com\/pt-br\/wp-json\/wp\/v2\/types\/page"}],"author":[{"embeddable":true,"href":"https:\/\/www.focoinduction.com\/pt-br\/wp-json\/wp\/v2\/users\/1"}],"replies":[{"embeddable":true,"href":"https:\/\/www.focoinduction.com\/pt-br\/wp-json\/wp\/v2\/comments?post=5603"}],"version-history":[{"count":0,"href":"https:\/\/www.focoinduction.com\/pt-br\/wp-json\/wp\/v2\/pages\/5603\/revisions"}],"up":[{"embeddable":true,"href":"https:\/\/www.focoinduction.com\/pt-br\/wp-json\/wp\/v2\/pages\/5757"}],"wp:featuredmedia":[{"embeddable":true,"href":"https:\/\/www.focoinduction.com\/pt-br\/wp-json\/wp\/v2\/media\/4044"}],"wp:attachment":[{"href":"https:\/\/www.focoinduction.com\/pt-br\/wp-json\/wp\/v2\/media?parent=5603"}],"curies":[{"name":"wp","href":"https:\/\/api.w.org\/{rel}","templated":true}]}}