{"id":5627,"date":"2022-08-04T15:21:01","date_gmt":"2022-08-04T07:21:01","guid":{"rendered":"https:\/\/www.focoinduction.com\/aco-para-aquecimento-por-inducao\/"},"modified":"2023-05-15T14:46:30","modified_gmt":"2023-05-15T06:46:30","slug":"aco-para-aquecimento-por-inducao","status":"publish","type":"page","link":"https:\/\/www.focoinduction.com\/pt-br\/aplicacoes\/forjamento-por-inducao\/aco-para-aquecimento-por-inducao\/","title":{"rendered":"A\u00e7o para aquecimento por indu\u00e7\u00e3o"},"content":{"rendered":"<p><div class=\"fusion-fullwidth fullwidth-box fusion-builder-row-1 fusion-flex-container nonhundred-percent-fullwidth non-hundred-percent-height-scrolling\" style=\"--awb-border-sizes-bottom:1px;--awb-border-radius-top-left:0px;--awb-border-radius-top-right:0px;--awb-border-radius-bottom-right:0px;--awb-border-radius-bottom-left:0px;--awb-flex-wrap:wrap;\" ><div class=\"fusion-builder-row fusion-row fusion-flex-align-items-flex-start fusion-flex-content-wrap\" style=\"max-width:1248px;margin-left: calc(-4% \/ 2 );margin-right: calc(-4% \/ 2 );\"><div class=\"fusion-layout-column fusion_builder_column fusion-builder-column-0 fusion_builder_column_1_1 1_1 fusion-flex-column\" style=\"--awb-bg-size:cover;--awb-width-large:100%;--awb-margin-top-large:0px;--awb-spacing-right-large:1.92%;--awb-margin-bottom-large:20px;--awb-spacing-left-large:1.92%;--awb-width-medium:100%;--awb-order-medium:0;--awb-spacing-right-medium:1.92%;--awb-spacing-left-medium:1.92%;--awb-width-small:100%;--awb-order-small:0;--awb-spacing-right-small:1.92%;--awb-spacing-left-small:1.92%;\"><div class=\"fusion-column-wrapper fusion-column-has-shadow fusion-flex-justify-content-flex-start fusion-content-layout-column\"><div class=\"fusion-text fusion-text-1\"><h2>Aplica\u00e7\u00f5es de a\u00e7o para aquecimento por indu\u00e7\u00e3o<\/h2>\n<p>Aquecimento r\u00e1pido de varas de a\u00e7o com um di\u00e2metro de 40 mm. Uma barra de a\u00e7o com um comprimento de 85 mm foi rapidamente aquecida a 1.050 \u00b0C em 6 segundos. Foram efectuados ensaios de aquecimento de var\u00f5es de a\u00e7o na f\u00e1brica FOCO.<\/p>\n<p><strong>Equipamento de aquecimento:<\/strong><\/p>\n<ul>\n<li>160kW <span style=\"color: #0000ff;\"><br \/>\n  <a style=\"color: #0000ff;\" href=\"https:\/\/www.focoinduction.com\/pt-br\/produtos\/maquinas-de-aquecimento-por-inducao\/maquina-de-aquecimento-por-inducao-de-media-frequencia\/\">m\u00e1quina de aquecimento por indu\u00e7\u00e3o de m\u00e9dia frequ\u00eancia<\/a><br \/>\n<\/span>.<\/li>\n<li>Term\u00f3metro de infravermelhos.<\/li>\n<\/ul>\n<p>Utiliz\u00e1mos um aquecedor de indu\u00e7\u00e3o de 160 kW para os nossos testes de aquecimento. A bobina de indu\u00e7\u00e3o \u00e9 protegida por um tubo de carboneto de sil\u00edcio resistente a altas temperaturas entre a bobina de indu\u00e7\u00e3o e a haste de a\u00e7o.<\/p>\n<p><strong>Processo de aquecimento:<\/strong><\/p>\n<ol>\n<li>Colocar o tubo de carboneto de sil\u00edcio no interior da bobina de indu\u00e7\u00e3o.<\/li>\n<li>Introduzir a barra de a\u00e7o no tubo de carboneto de sil\u00edcio.<\/li>\n<li>Iniciar o aquecimento por indu\u00e7\u00e3o durante 6 segundos.<\/li>\n<li>Retirar a barra de a\u00e7o.<\/li>\n<\/ol>\n<p><strong>Resultados dos testes:<\/strong><br \/>\nUma m\u00e1quina de aquecimento por indu\u00e7\u00e3o de 160 kW aqueceu com sucesso a barra de a\u00e7o com um di\u00e2metro de 40 mm a 1050 \u00b0C em 6 segundos. O aquecimento por indu\u00e7\u00e3o actua directamente sobre a barra de a\u00e7o, que se aquece rapidamente. Em compara\u00e7\u00e3o com os fornos tradicionais, <span style=\"color: #0000ff;\"><br \/>\n  <a style=\"color: #0000ff;\" href=\"https:\/\/www.focoinduction.com\/pt-br\/produtos\/sistema-de-aquecimento-por-inducao-para-forjamento\/\" target=\"_blank\" rel=\"noopener\">sistemas de aquecimento por indu\u00e7\u00e3o<\/a><br \/>\n<\/span> s\u00e3o mais r\u00e1pidos e mais eficientes. Em combina\u00e7\u00e3o com equipamento de automa\u00e7\u00e3o industrial, podemos automatizar v\u00e1rios processos de aquecimento, incluindo aquecimento de lingotes, aquecimento de extremidades de barras de a\u00e7o e aquecimento de barras de cobre.<\/p>\n<p>Leia mais sobre <span style=\"color: #0000ff;\"><br \/>\n  <a style=\"color: #0000ff;\" href=\"https:\/\/www.focoinduction.com\/induction-heating-applications\/induction-forging\/\">Forjamento por indu\u00e7\u00e3o e aplica\u00e7\u00f5es de aquecimento<\/a><br \/>\n<\/span>.<\/p>\n<\/div><\/div><\/div><\/div><\/div><div class=\"fusion-fullwidth fullwidth-box fusion-builder-row-2 fusion-flex-container nonhundred-percent-fullwidth non-hundred-percent-height-scrolling\" style=\"--awb-border-sizes-bottom:1px;--awb-border-radius-top-left:0px;--awb-border-radius-top-right:0px;--awb-border-radius-bottom-right:0px;--awb-border-radius-bottom-left:0px;--awb-flex-wrap:wrap;\" ><div class=\"fusion-builder-row fusion-row fusion-flex-align-items-flex-start fusion-flex-content-wrap\" style=\"max-width:1248px;margin-left: calc(-4% \/ 2 );margin-right: calc(-4% \/ 2 );\"><div class=\"fusion-layout-column fusion_builder_column fusion-builder-column-1 fusion_builder_column_1_1 1_1 fusion-flex-column\" style=\"--awb-bg-size:cover;--awb-width-large:100%;--awb-margin-top-large:0px;--awb-spacing-right-large:1.92%;--awb-margin-bottom-large:20px;--awb-spacing-left-large:1.92%;--awb-width-medium:100%;--awb-order-medium:0;--awb-spacing-right-medium:1.92%;--awb-spacing-left-medium:1.92%;--awb-width-small:100%;--awb-order-small:0;--awb-spacing-right-small:1.92%;--awb-spacing-left-small:1.92%;\"><div class=\"fusion-column-wrapper fusion-column-has-shadow fusion-flex-justify-content-flex-start fusion-content-layout-column\"><div class=\"fusion-text fusion-text-2\" style=\"--awb-text-transform:none;\"><h3>V\u00eddeos sobre o aquecimento por indu\u00e7\u00e3o do a\u00e7o<\/h3>\n<\/div><\/div><\/div><div class=\"fusion-layout-column fusion_builder_column fusion-builder-column-2 fusion_builder_column_1_1 1_1 fusion-flex-column\" style=\"--awb-bg-size:cover;--awb-width-large:100%;--awb-margin-top-large:0px;--awb-spacing-right-large:1.92%;--awb-margin-bottom-large:20px;--awb-spacing-left-large:1.92%;--awb-width-medium:100%;--awb-order-medium:0;--awb-spacing-right-medium:1.92%;--awb-spacing-left-medium:1.92%;--awb-width-small:100%;--awb-order-small:0;--awb-spacing-right-small:1.92%;--awb-spacing-left-small:1.92%;\"><div class=\"fusion-column-wrapper fusion-column-has-shadow fusion-flex-justify-content-flex-start fusion-content-layout-column\"><div class=\"fusion-video fusion-youtube\" style=\"--awb-max-width:600px;--awb-max-height:360px;\"><div class=\"video-shortcode\"><lite-youtube videoid=\"Z2M6gDFXSK4\" class=\"landscape\" params=\"wmode=transparent&autoplay=1&amp;enablejsapi=1\" title=\"Induction Heating Steel\" data-button-label=\"Play Video\" width=\"600\" height=\"360\" data-thumbnail-size=\"auto\" data-no-cookie=\"on\"><\/lite-youtube><\/div><\/div><\/div><\/div><\/div><\/div><\/p>\n","protected":false},"excerpt":{"rendered":"","protected":false},"author":1,"featured_media":4048,"parent":5706,"menu_order":0,"comment_status":"closed","ping_status":"closed","template":"","meta":{"footnotes":""},"class_list":["post-5627","page","type-page","status-publish","has-post-thumbnail","hentry"],"_links":{"self":[{"href":"https:\/\/www.focoinduction.com\/pt-br\/wp-json\/wp\/v2\/pages\/5627","targetHints":{"allow":["GET"]}}],"collection":[{"href":"https:\/\/www.focoinduction.com\/pt-br\/wp-json\/wp\/v2\/pages"}],"about":[{"href":"https:\/\/www.focoinduction.com\/pt-br\/wp-json\/wp\/v2\/types\/page"}],"author":[{"embeddable":true,"href":"https:\/\/www.focoinduction.com\/pt-br\/wp-json\/wp\/v2\/users\/1"}],"replies":[{"embeddable":true,"href":"https:\/\/www.focoinduction.com\/pt-br\/wp-json\/wp\/v2\/comments?post=5627"}],"version-history":[{"count":0,"href":"https:\/\/www.focoinduction.com\/pt-br\/wp-json\/wp\/v2\/pages\/5627\/revisions"}],"up":[{"embeddable":true,"href":"https:\/\/www.focoinduction.com\/pt-br\/wp-json\/wp\/v2\/pages\/5706"}],"wp:featuredmedia":[{"embeddable":true,"href":"https:\/\/www.focoinduction.com\/pt-br\/wp-json\/wp\/v2\/media\/4048"}],"wp:attachment":[{"href":"https:\/\/www.focoinduction.com\/pt-br\/wp-json\/wp\/v2\/media?parent=5627"}],"curies":[{"name":"wp","href":"https:\/\/api.w.org\/{rel}","templated":true}]}}