{"id":5655,"date":"2022-08-05T17:31:52","date_gmt":"2022-08-05T09:31:52","guid":{"rendered":"https:\/\/www.focoinduction.com\/pre-aquecimento-por-inducao-de-extremidade-de-barra-de-ferro-para-conformacao-a-quente\/"},"modified":"2023-05-15T14:46:30","modified_gmt":"2023-05-15T06:46:30","slug":"pre-aquecimento-por-inducao-de-extremidade-de-barra-de-ferro-para-conformacao-a-quente","status":"publish","type":"page","link":"https:\/\/www.focoinduction.com\/pt-br\/aplicacoes\/forjamento-por-inducao\/pre-aquecimento-por-inducao-de-extremidade-de-barra-de-ferro-para-conformacao-a-quente\/","title":{"rendered":"Pr\u00e9-aquecimento por indu\u00e7\u00e3o de extremidade de barra de ferro para conforma\u00e7\u00e3o a quente"},"content":{"rendered":"<p><div class=\"fusion-fullwidth fullwidth-box fusion-builder-row-1 fusion-flex-container nonhundred-percent-fullwidth non-hundred-percent-height-scrolling\" style=\"--awb-border-sizes-bottom:1px;--awb-border-radius-top-left:0px;--awb-border-radius-top-right:0px;--awb-border-radius-bottom-right:0px;--awb-border-radius-bottom-left:0px;--awb-flex-wrap:wrap;\" ><div class=\"fusion-builder-row fusion-row fusion-flex-align-items-flex-start fusion-flex-content-wrap\" style=\"max-width:1248px;margin-left: calc(-4% \/ 2 );margin-right: calc(-4% \/ 2 );\"><div class=\"fusion-layout-column fusion_builder_column fusion-builder-column-0 fusion_builder_column_1_1 1_1 fusion-flex-column\" style=\"--awb-bg-size:cover;--awb-width-large:100%;--awb-margin-top-large:0px;--awb-spacing-right-large:1.92%;--awb-margin-bottom-large:20px;--awb-spacing-left-large:1.92%;--awb-width-medium:100%;--awb-order-medium:0;--awb-spacing-right-medium:1.92%;--awb-spacing-left-medium:1.92%;--awb-width-small:100%;--awb-order-small:0;--awb-spacing-right-small:1.92%;--awb-spacing-left-small:1.92%;\"><div class=\"fusion-column-wrapper fusion-column-has-shadow fusion-flex-justify-content-flex-start fusion-content-layout-column\"><div class=\"fusion-text fusion-text-1\"><h2>Aplica\u00e7\u00f5es de pr\u00e9-aquecimento por indu\u00e7\u00e3o<\/h2>\n<p>Uma f\u00e1brica de forja de barras de ferro necessitava de pr\u00e9-aquecimento por indu\u00e7\u00e3o de extremidades de barras de ferro para conforma\u00e7\u00e3o a quente. Uma extremidade de barra de ferro com um di\u00e2metro de 30 mm e um comprimento de 50 mm ser\u00e1 aquecida a 850 \u00b0C em 10 segundos. De acordo com a velocidade de produ\u00e7\u00e3o exigida pelo processo de forjamento subsequente, utilizamos o m\u00e9todo de alimenta\u00e7\u00e3o manual no processo de aquecimento por indu\u00e7\u00e3o.<\/p>\n<p><strong>Os principais par\u00e2metros:<\/strong><\/p>\n<ul>\n<li>Temperatura de aquecimento: 850 \u00b0C.<\/li>\n<li>Pr\u00e9-aquecimento da pe\u00e7a de trabalho: extremidade da barra de ferro.<\/li>\n<li>Tempo de aquecimento: 7 segundos.<\/li>\n<li>Pot\u00eancia: 45 kW.<\/li>\n<\/ul>\n<p><strong>Equipamento de aquecimento:<\/strong><\/p>\n<ul>\n<li><span style=\"color: #0000ff;\"><a style=\"color: #0000ff;\" href=\"https:\/\/www.focoinduction.com\/pt-br\/produtos\/maquinas-de-aquecimento-por-inducao\/maquina-de-aquecimento-por-inducao-de-media-frequencia\/\" target=\"_blank\" rel=\"noopener\">M\u00e1quina de aquecimento por indu\u00e7\u00e3o de m\u00e9dia frequ\u00eancia de 45kW.<\/a><\/span><\/li>\n<li>Bobina de indu\u00e7\u00e3o de 5 furos personalizada.<\/li>\n<li>Term\u00f3metro de infravermelhos.<\/li>\n<\/ul>\n<p><strong>Processo de aquecimento por indu\u00e7\u00e3o da extremidade da barra de ferro:<\/strong><\/p>\n<ol>\n<li>Introduzir sucessivamente as extremidades das barras de ferro nos orif\u00edcios da bobina de indu\u00e7\u00e3o.<\/li>\n<li>A primeira barra de ferro \u00e9 aquecida a 850 \u00b0C em 7 segundos.<\/li>\n<li>Retirar a primeira barra de ferro e inserir uma nova barra de ferro.<\/li>\n<\/ol>\n<p><strong>Conclus\u00e3o<\/strong><\/p>\n<p>A m\u00e1quina de aquecimento por indu\u00e7\u00e3o de m\u00e9dia frequ\u00eancia de 45 kW pode aquecer a extremidade de uma barra de ferro com um di\u00e2metro de 30 mm e um comprimento de 50 mm a 850 \u00b0C em 7 segundos. Os terminais de barra de ferro pr\u00e9-aquecidos por indu\u00e7\u00e3o s\u00e3o muito eficientes para a conforma\u00e7\u00e3o a quente, com tempos de aquecimento curtos e menor descarboneta\u00e7\u00e3o oxidativa.<\/p>\n<p>FOCO <span style=\"color: #0000ff;\"><br \/>\n  <a style=\"color: #0000ff;\" href=\"https:\/\/www.focoinduction.com\/pt-br\/produtos\/sistema-de-aquecimento-por-inducao-para-forjamento\/\" target=\"_blank\" rel=\"noopener\">sistemas de aquecimento por indu\u00e7\u00e3o<\/a><br \/>\n<\/span> s\u00e3o adequados para o pr\u00e9-aquecimento de varetas de a\u00e7o, ferro, cobre e alum\u00ednio. Podemos fornecer solu\u00e7\u00f5es completas para projectos de forjamento a quente.<\/p>\n<p>Saiba mais sobre <a href=\"https:\/\/www.focoinduction.com\/induction-heating-applications\/induction-forging\/\" target=\"_blank\" rel=\"noopener\"><br \/>\n  <span style=\"color: #0000ff;\">aplica\u00e7\u00f5es de aquecimento indutivo e forjamento<\/span><br \/>\n<\/a>.<\/p>\n<\/div><\/div><\/div><\/div><\/div><div class=\"fusion-fullwidth fullwidth-box fusion-builder-row-2 fusion-flex-container nonhundred-percent-fullwidth non-hundred-percent-height-scrolling\" style=\"--awb-border-sizes-bottom:1px;--awb-border-radius-top-left:0px;--awb-border-radius-top-right:0px;--awb-border-radius-bottom-right:0px;--awb-border-radius-bottom-left:0px;--awb-flex-wrap:wrap;\" ><div class=\"fusion-builder-row fusion-row fusion-flex-align-items-flex-start fusion-flex-content-wrap\" style=\"max-width:1248px;margin-left: calc(-4% \/ 2 );margin-right: calc(-4% \/ 2 );\"><div class=\"fusion-layout-column fusion_builder_column fusion-builder-column-1 fusion_builder_column_1_1 1_1 fusion-flex-column\" style=\"--awb-bg-size:cover;--awb-width-large:100%;--awb-margin-top-large:0px;--awb-spacing-right-large:1.92%;--awb-margin-bottom-large:20px;--awb-spacing-left-large:1.92%;--awb-width-medium:100%;--awb-order-medium:0;--awb-spacing-right-medium:1.92%;--awb-spacing-left-medium:1.92%;--awb-width-small:100%;--awb-order-small:0;--awb-spacing-right-small:1.92%;--awb-spacing-left-small:1.92%;\"><div class=\"fusion-column-wrapper fusion-column-has-shadow fusion-flex-justify-content-flex-start fusion-content-layout-column\"><div class=\"fusion-text fusion-text-2\" style=\"--awb-text-transform:none;\"><h3>V\u00eddeos sobre o pr\u00e9-aquecimento por indu\u00e7\u00e3o de pontas de barras de ferro<\/h3>\n<\/div><\/div><\/div><div class=\"fusion-layout-column fusion_builder_column fusion-builder-column-2 fusion_builder_column_1_1 1_1 fusion-flex-column\" style=\"--awb-bg-size:cover;--awb-width-large:100%;--awb-margin-top-large:0px;--awb-spacing-right-large:1.92%;--awb-margin-bottom-large:20px;--awb-spacing-left-large:1.92%;--awb-width-medium:100%;--awb-order-medium:0;--awb-spacing-right-medium:1.92%;--awb-spacing-left-medium:1.92%;--awb-width-small:100%;--awb-order-small:0;--awb-spacing-right-small:1.92%;--awb-spacing-left-small:1.92%;\"><div class=\"fusion-column-wrapper fusion-column-has-shadow fusion-flex-justify-content-flex-start fusion-content-layout-column\"><div class=\"fusion-video fusion-youtube\" style=\"--awb-max-width:600px;--awb-max-height:360px;\"><div class=\"video-shortcode\"><lite-youtube videoid=\"_hPlNNhABXM\" class=\"landscape\" params=\"wmode=transparent&autoplay=1&amp;enablejsapi=1\" title=\"Induction Preheating of Iron Bar End for Hot Forming\" data-button-label=\"Play Video\" width=\"600\" height=\"360\" data-thumbnail-size=\"auto\" data-no-cookie=\"on\"><\/lite-youtube><\/div><\/div><\/div><\/div><\/div><\/div><\/p>\n","protected":false},"excerpt":{"rendered":"","protected":false},"author":1,"featured_media":4052,"parent":5706,"menu_order":0,"comment_status":"closed","ping_status":"closed","template":"","meta":{"footnotes":""},"class_list":["post-5655","page","type-page","status-publish","has-post-thumbnail","hentry"],"_links":{"self":[{"href":"https:\/\/www.focoinduction.com\/pt-br\/wp-json\/wp\/v2\/pages\/5655","targetHints":{"allow":["GET"]}}],"collection":[{"href":"https:\/\/www.focoinduction.com\/pt-br\/wp-json\/wp\/v2\/pages"}],"about":[{"href":"https:\/\/www.focoinduction.com\/pt-br\/wp-json\/wp\/v2\/types\/page"}],"author":[{"embeddable":true,"href":"https:\/\/www.focoinduction.com\/pt-br\/wp-json\/wp\/v2\/users\/1"}],"replies":[{"embeddable":true,"href":"https:\/\/www.focoinduction.com\/pt-br\/wp-json\/wp\/v2\/comments?post=5655"}],"version-history":[{"count":0,"href":"https:\/\/www.focoinduction.com\/pt-br\/wp-json\/wp\/v2\/pages\/5655\/revisions"}],"up":[{"embeddable":true,"href":"https:\/\/www.focoinduction.com\/pt-br\/wp-json\/wp\/v2\/pages\/5706"}],"wp:featuredmedia":[{"embeddable":true,"href":"https:\/\/www.focoinduction.com\/pt-br\/wp-json\/wp\/v2\/media\/4052"}],"wp:attachment":[{"href":"https:\/\/www.focoinduction.com\/pt-br\/wp-json\/wp\/v2\/media?parent=5655"}],"curies":[{"name":"wp","href":"https:\/\/api.w.org\/{rel}","templated":true}]}}