{"id":5708,"date":"2022-05-30T15:14:46","date_gmt":"2022-05-30T07:14:46","guid":{"rendered":"https:\/\/www.focoinduction.com\/fusao-por-inducao-de-ouro-de-lavra\/"},"modified":"2023-05-15T21:05:36","modified_gmt":"2023-05-15T13:05:36","slug":"fusao-por-inducao-de-ouro-de-lavra","status":"publish","type":"page","link":"https:\/\/www.focoinduction.com\/pt-br\/aplicacoes\/fusao-por-inducao\/fusao-por-inducao-de-ouro-de-lavra\/","title":{"rendered":"Fus\u00e3o por indu\u00e7\u00e3o de ouro de lavra"},"content":{"rendered":"<p><div class=\"fusion-fullwidth fullwidth-box fusion-builder-row-1 fusion-flex-container nonhundred-percent-fullwidth non-hundred-percent-height-scrolling\" style=\"--awb-border-radius-top-left:0px;--awb-border-radius-top-right:0px;--awb-border-radius-bottom-right:0px;--awb-border-radius-bottom-left:0px;--awb-flex-wrap:wrap;\" ><div class=\"fusion-builder-row fusion-row fusion-flex-align-items-flex-start fusion-flex-content-wrap\" style=\"max-width:1248px;margin-left: calc(-4% \/ 2 );margin-right: calc(-4% \/ 2 );\"><div class=\"fusion-layout-column fusion_builder_column fusion-builder-column-0 fusion_builder_column_1_1 1_1 fusion-flex-column\" style=\"--awb-bg-size:cover;--awb-width-large:100%;--awb-margin-top-large:0px;--awb-spacing-right-large:1.92%;--awb-margin-bottom-large:20px;--awb-spacing-left-large:1.92%;--awb-width-medium:100%;--awb-order-medium:0;--awb-spacing-right-medium:1.92%;--awb-spacing-left-medium:1.92%;--awb-width-small:100%;--awb-order-small:0;--awb-spacing-right-small:1.92%;--awb-spacing-left-small:1.92%;\"><div class=\"fusion-column-wrapper fusion-column-has-shadow fusion-flex-justify-content-flex-start fusion-content-layout-column\"><div class=\"fusion-text fusion-text-1\"><h2>Fus\u00e3o e refina\u00e7\u00e3o de ouro de aluvi\u00e3o com aquecimento indutivo<\/h2>\n<p>O cliente pretende fundir 50 kg de ouro de aluvi\u00e3o em 30 minutos e efectuar uma purifica\u00e7\u00e3o preliminar. O ouro de aluvi\u00e3o \u00e9 um tipo de min\u00e9rio de ouro. Prov\u00e9m de min\u00e9rio de aluvi\u00e3o. \u00c9 o ouro formado pela separa\u00e7\u00e3o de veios de ouro e quartzo do ouro de rocha no corpo da montanha lavado pela \u00e1gua do rio.<\/p>\n<p>O ouro \u00e9 um s\u00f3lido \u00e0 temperatura ambiente, com elevada densidade, suavidade, brilho e resist\u00eancia \u00e0 corros\u00e3o. \u00c9 o metal com a melhor ductilidade, logo a seguir \u00e0 platina, e \u00e9 um dos metais mais d\u00facteis.<\/p>\n<ul>\n<li>Ponto de fus\u00e3o do ouro: 1064 \u2103.<\/li>\n<li>Densidade do ouro: 19,32 g\/ cm\u00b3 (20 \u2103).<\/li>\n<\/ul>\n<\/div><\/div><\/div><\/div><\/div><div class=\"fusion-fullwidth fullwidth-box fusion-builder-row-2 fusion-flex-container nonhundred-percent-fullwidth non-hundred-percent-height-scrolling\" style=\"--awb-border-radius-top-left:0px;--awb-border-radius-top-right:0px;--awb-border-radius-bottom-right:0px;--awb-border-radius-bottom-left:0px;--awb-flex-wrap:wrap;\" ><div class=\"fusion-builder-row fusion-row fusion-flex-align-items-flex-start fusion-flex-content-wrap\" style=\"max-width:1248px;margin-left: calc(-4% \/ 2 );margin-right: calc(-4% \/ 2 );\"><div class=\"fusion-layout-column fusion_builder_column fusion-builder-column-1 fusion_builder_column_1_1 1_1 fusion-flex-column\" style=\"--awb-bg-size:cover;--awb-width-large:100%;--awb-margin-top-large:0px;--awb-spacing-right-large:1.92%;--awb-margin-bottom-large:20px;--awb-spacing-left-large:1.92%;--awb-width-medium:100%;--awb-order-medium:0;--awb-spacing-right-medium:1.92%;--awb-spacing-left-medium:1.92%;--awb-width-small:100%;--awb-order-small:0;--awb-spacing-right-small:1.92%;--awb-spacing-left-small:1.92%;\"><div class=\"fusion-column-wrapper fusion-column-has-shadow fusion-flex-justify-content-flex-start fusion-content-layout-column\"><div class=\"fusion-text fusion-text-2\"><h3>Equipamento de aquecimento por indu\u00e7\u00e3o para fus\u00e3o e refina\u00e7\u00e3o de 50 kg de ouro Placer:<\/h3>\n<ul>\n<li>M\u00e1quina:<a href=\"https:\/\/www.focoinduction.com\/induction-heating-equipment\/induction-melting-furnace\/induction-gold-melting-furnace\/\" target=\"_blank\" rel=\"noopener\"><span style=\"color: #0000ff;\"> Forno de fus\u00e3o por indu\u00e7\u00e3o<\/span><\/a> de 110 kW e 45 kW<a href=\"https:\/\/www.focoinduction.com\/induction-heating-equipment\/induction-melting-furnace\/induction-gold-melting-furnace\/\" target=\"_blank\" rel=\"noopener\"><span style=\"color: #0000ff;\"> para ouro<\/span>.<\/a><\/li>\n<li>Gama de temperaturas: 1,200 \u2103 &#8211; 1,300 \u2103.<\/li>\n<li>Cadinhos: Cadinhos de argila e cadinhos de grafite puro.<\/li>\n<\/ul>\n<\/div><\/div><\/div><\/div><\/div><div class=\"fusion-fullwidth fullwidth-box fusion-builder-row-3 fusion-flex-container nonhundred-percent-fullwidth non-hundred-percent-height-scrolling\" style=\"--awb-border-radius-top-left:0px;--awb-border-radius-top-right:0px;--awb-border-radius-bottom-right:0px;--awb-border-radius-bottom-left:0px;--awb-flex-wrap:wrap;\" ><div class=\"fusion-builder-row fusion-row fusion-flex-align-items-flex-start fusion-flex-content-wrap\" style=\"max-width:1248px;margin-left: calc(-4% \/ 2 );margin-right: calc(-4% \/ 2 );\"><div class=\"fusion-layout-column fusion_builder_column fusion-builder-column-2 fusion_builder_column_1_1 1_1 fusion-flex-column\" style=\"--awb-bg-size:cover;--awb-width-large:100%;--awb-margin-top-large:0px;--awb-spacing-right-large:1.92%;--awb-margin-bottom-large:20px;--awb-spacing-left-large:1.92%;--awb-width-medium:100%;--awb-order-medium:0;--awb-spacing-right-medium:1.92%;--awb-spacing-left-medium:1.92%;--awb-width-small:100%;--awb-order-small:0;--awb-spacing-right-small:1.92%;--awb-spacing-left-small:1.92%;\"><div class=\"fusion-column-wrapper fusion-column-has-shadow fusion-flex-justify-content-flex-start fusion-content-layout-column\"><div class=\"fusion-text fusion-text-3\"><h3>Fus\u00e3o e refina\u00e7\u00e3o de ouro de s\u00edtio:<\/h3>\n<p><strong>1. Aquecimento e fus\u00e3o do ouro de lavra<\/strong><br \/>\nUtilize um forno de fus\u00e3o por indu\u00e7\u00e3o de 110 kW para fundir 50 kg de ouro aluvial e verta-o em moldes para formar lingotes de ouro.<\/p>\n<ul>\n<li>Utilizar cadinho: cadinho de argila e grafite.<\/li>\n<li>Tempo de fus\u00e3o: 25 minutos.<\/li>\n<\/ul>\n<p><strong>2. Purifica\u00e7\u00e3o de lingotes de ouro<\/strong><br \/>\nUtilizar um forno de fus\u00e3o por indu\u00e7\u00e3o de 45 kW para fundir novamente o lingote de ouro de 20 kg e remover as impurezas.<\/p>\n<ul>\n<li>Utiliza\u00e7\u00e3o do cadinho: cadinho de grafite puro.<\/li>\n<li>Tempo de fus\u00e3o: 20 minutos.<\/li>\n<\/ul>\n<\/div><\/div><\/div><\/div><\/div><div class=\"fusion-fullwidth fullwidth-box fusion-builder-row-4 fusion-flex-container nonhundred-percent-fullwidth non-hundred-percent-height-scrolling\" style=\"--awb-border-radius-top-left:0px;--awb-border-radius-top-right:0px;--awb-border-radius-bottom-right:0px;--awb-border-radius-bottom-left:0px;--awb-flex-wrap:wrap;\" ><div class=\"fusion-builder-row fusion-row fusion-flex-align-items-flex-start fusion-flex-content-wrap\" style=\"max-width:1248px;margin-left: calc(-4% \/ 2 );margin-right: calc(-4% \/ 2 );\"><div class=\"fusion-layout-column fusion_builder_column fusion-builder-column-3 fusion_builder_column_1_1 1_1 fusion-flex-column\" style=\"--awb-bg-size:cover;--awb-width-large:100%;--awb-margin-top-large:0px;--awb-spacing-right-large:1.92%;--awb-margin-bottom-large:20px;--awb-spacing-left-large:1.92%;--awb-width-medium:100%;--awb-order-medium:0;--awb-spacing-right-medium:1.92%;--awb-spacing-left-medium:1.92%;--awb-width-small:100%;--awb-order-small:0;--awb-spacing-right-small:1.92%;--awb-spacing-left-small:1.92%;\"><div class=\"fusion-column-wrapper fusion-column-has-shadow fusion-flex-justify-content-flex-start fusion-content-layout-column\"><div class=\"fusion-text fusion-text-4\"><h3>Sistema de arrefecimento a \u00e1gua<\/h3>\n<p>Durante o teste, utiliz\u00e1mos um sistema simples de arrefecimento a \u00e1gua constitu\u00eddo por uma bomba de \u00e1gua, tubos e um dep\u00f3sito de \u00e1gua. A bomba de \u00e1gua bombeia a baixa temperatura do dep\u00f3sito de \u00e1gua para o interior da m\u00e1quina para remover o calor gerado pelo funcionamento da m\u00e1quina.<\/p>\n<p>Saiba mais sobre <span style=\"color: #0000ff;\"><br \/>\n  <a style=\"color: #0000ff;\" href=\"https:\/\/www.focoinduction.com\/induction-heating-applications\/induction-melting\/\" target=\"_blank\" rel=\"noopener\">aplica\u00e7\u00f5es de fus\u00e3o por indu\u00e7\u00e3o<\/a><br \/>\n<\/span>.<\/p>\n<\/div><\/div><\/div><\/div><\/div><div class=\"fusion-fullwidth fullwidth-box fusion-builder-row-5 fusion-flex-container nonhundred-percent-fullwidth non-hundred-percent-height-scrolling\" style=\"--awb-border-radius-top-left:0px;--awb-border-radius-top-right:0px;--awb-border-radius-bottom-right:0px;--awb-border-radius-bottom-left:0px;--awb-flex-wrap:wrap;\" ><div class=\"fusion-builder-row fusion-row fusion-flex-align-items-flex-start fusion-flex-content-wrap\" style=\"max-width:1248px;margin-left: calc(-4% \/ 2 );margin-right: calc(-4% \/ 2 );\"><div class=\"fusion-layout-column fusion_builder_column fusion-builder-column-4 fusion_builder_column_1_1 1_1 fusion-flex-column\" style=\"--awb-bg-size:cover;--awb-width-large:100%;--awb-margin-top-large:0px;--awb-spacing-right-large:1.92%;--awb-margin-bottom-large:20px;--awb-spacing-left-large:1.92%;--awb-width-medium:100%;--awb-order-medium:0;--awb-spacing-right-medium:1.92%;--awb-spacing-left-medium:1.92%;--awb-width-small:100%;--awb-order-small:0;--awb-spacing-right-small:1.92%;--awb-spacing-left-small:1.92%;\"><div class=\"fusion-column-wrapper fusion-column-has-shadow fusion-flex-justify-content-flex-start fusion-content-layout-column\"><div class=\"fusion-text fusion-text-5\"><h3>Imagens<\/h3>\n<\/div><div class=\"fusion-image-carousel fusion-image-carousel-auto fusion-image-carousel-1 lightbox-enabled fusion-carousel-border\"><div class=\"awb-carousel awb-swiper awb-swiper-carousel awb-carousel--carousel awb-swiper-dots-position-bottom\" data-layout=\"carousel\" data-autoplay=\"no\" data-autoplayspeed=\"3500\" data-autoplaypause=\"no\" data-columns=\"2\" data-columnsmedium=\"1\" data-columnssmall=\"1\" data-itemmargin=\"15\" data-itemwidth=\"180\" data-touchscroll=\"no\" data-freemode=\"no\" data-imagesize=\"auto\" data-scrollitems=\"0\" data-centeredslides=\"no\" data-rotationangle=\"50\" data-depth=\"100\" data-speed=\"500\" data-shadow=\"no\" data-pagination=\"bullets\" style=\"--awb-columns:2;--awb-column-spacing:15px;--awb-border-width:1px;--awb-border-color:#e9eaee;\"><div class=\"swiper-wrapper awb-image-carousel-wrapper fusion-flex-align-items-center\"><div class=\"swiper-slide\"><div class=\"fusion-carousel-item-wrapper\"><div class=\"fusion-image-wrapper hover-type-none\"><a data-rel=\"iLightbox[image_carousel_1]\" data-caption=\"Melting of Placer Gold with induction heating\" data-title=\"Melting of Placer Gold with induction heating\" aria-label=\"Melting of Placer Gold with induction heating\" href=\"https:\/\/www.focoinduction.com\/wp-content\/uploads\/2022\/05\/Melting-of-Placer-Gold-with-induction-heating.jpg\" target=\"_self\"><img decoding=\"async\" width=\"600\" height=\"400\" src=\"https:\/\/www.focoinduction.com\/wp-content\/uploads\/2022\/05\/Melting-of-Placer-Gold-with-induction-heating.jpg\" class=\"attachment-full size-full\" alt=\"Melting of Placer Gold with induction heating\" srcset=\"https:\/\/www.focoinduction.com\/wp-content\/uploads\/2022\/05\/Melting-of-Placer-Gold-with-induction-heating-200x133.jpg 200w, https:\/\/www.focoinduction.com\/wp-content\/uploads\/2022\/05\/Melting-of-Placer-Gold-with-induction-heating-400x267.jpg 400w, https:\/\/www.focoinduction.com\/wp-content\/uploads\/2022\/05\/Melting-of-Placer-Gold-with-induction-heating.jpg 600w\" sizes=\"(min-width: 2200px) 100vw, (min-width: 712px) 593px, (min-width: 640px) 712px, \" \/><\/a><\/div><\/div><\/div><div class=\"swiper-slide\"><div class=\"fusion-carousel-item-wrapper\"><div class=\"fusion-image-wrapper hover-type-none\"><a data-rel=\"iLightbox[image_carousel_1]\" data-caption=\"induction melting of 50kg placer gold\" data-title=\"induction melting of 50kg placer gold\" aria-label=\"induction melting of 50kg placer gold\" href=\"https:\/\/www.focoinduction.com\/wp-content\/uploads\/2022\/05\/induction-melting-of-50kg-placer-gold.jpg\" target=\"_self\"><img decoding=\"async\" width=\"600\" height=\"400\" src=\"https:\/\/www.focoinduction.com\/wp-content\/uploads\/2022\/05\/induction-melting-of-50kg-placer-gold.jpg\" class=\"attachment-full size-full\" alt=\"induction melting of 50kg placer gold\" srcset=\"https:\/\/www.focoinduction.com\/wp-content\/uploads\/2022\/05\/induction-melting-of-50kg-placer-gold-200x133.jpg 200w, https:\/\/www.focoinduction.com\/wp-content\/uploads\/2022\/05\/induction-melting-of-50kg-placer-gold-400x267.jpg 400w, https:\/\/www.focoinduction.com\/wp-content\/uploads\/2022\/05\/induction-melting-of-50kg-placer-gold.jpg 600w\" sizes=\"(min-width: 2200px) 100vw, (min-width: 712px) 593px, (min-width: 640px) 712px, \" \/><\/a><\/div><\/div><\/div><\/div><div class=\"awb-swiper-button awb-swiper-button-prev\"><i class=\"awb-icon-angle-left\" aria-hidden=\"true\"><\/i><\/div><div class=\"awb-swiper-button awb-swiper-button-next\"><i class=\"awb-icon-angle-right\" aria-hidden=\"true\"><\/i><\/div><\/div><\/div><\/div><\/div><\/div><\/div><\/p>\n","protected":false},"excerpt":{"rendered":"","protected":false},"author":1,"featured_media":3952,"parent":5757,"menu_order":0,"comment_status":"closed","ping_status":"closed","template":"","meta":{"footnotes":""},"class_list":["post-5708","page","type-page","status-publish","has-post-thumbnail","hentry"],"_links":{"self":[{"href":"https:\/\/www.focoinduction.com\/pt-br\/wp-json\/wp\/v2\/pages\/5708","targetHints":{"allow":["GET"]}}],"collection":[{"href":"https:\/\/www.focoinduction.com\/pt-br\/wp-json\/wp\/v2\/pages"}],"about":[{"href":"https:\/\/www.focoinduction.com\/pt-br\/wp-json\/wp\/v2\/types\/page"}],"author":[{"embeddable":true,"href":"https:\/\/www.focoinduction.com\/pt-br\/wp-json\/wp\/v2\/users\/1"}],"replies":[{"embeddable":true,"href":"https:\/\/www.focoinduction.com\/pt-br\/wp-json\/wp\/v2\/comments?post=5708"}],"version-history":[{"count":0,"href":"https:\/\/www.focoinduction.com\/pt-br\/wp-json\/wp\/v2\/pages\/5708\/revisions"}],"up":[{"embeddable":true,"href":"https:\/\/www.focoinduction.com\/pt-br\/wp-json\/wp\/v2\/pages\/5757"}],"wp:featuredmedia":[{"embeddable":true,"href":"https:\/\/www.focoinduction.com\/pt-br\/wp-json\/wp\/v2\/media\/3952"}],"wp:attachment":[{"href":"https:\/\/www.focoinduction.com\/pt-br\/wp-json\/wp\/v2\/media?parent=5708"}],"curies":[{"name":"wp","href":"https:\/\/api.w.org\/{rel}","templated":true}]}}