{"id":5896,"date":"2022-04-09T14:01:11","date_gmt":"2022-04-09T06:01:11","guid":{"rendered":"https:\/\/www.focoinduction.com\/aplicacoes\/endurecimento-por-inducao\/endurecimento-por-inducao-de-veios\/"},"modified":"2023-05-16T09:08:36","modified_gmt":"2023-05-16T01:08:36","slug":"endurecimento-por-inducao-de-veios","status":"publish","type":"page","link":"https:\/\/www.focoinduction.com\/pt-br\/aplicacoes\/endurecimento-por-inducao\/endurecimento-por-inducao-de-veios\/","title":{"rendered":"Endurecimento por indu\u00e7\u00e3o de veios"},"content":{"rendered":"<p><div class=\"fusion-fullwidth fullwidth-box fusion-builder-row-1 fusion-flex-container nonhundred-percent-fullwidth non-hundred-percent-height-scrolling\" style=\"--awb-border-radius-top-left:0px;--awb-border-radius-top-right:0px;--awb-border-radius-bottom-right:0px;--awb-border-radius-bottom-left:0px;--awb-flex-wrap:wrap;\" ><div class=\"fusion-builder-row fusion-row fusion-flex-align-items-flex-start fusion-flex-content-wrap\" style=\"max-width:1248px;margin-left: calc(-4% \/ 2 );margin-right: calc(-4% \/ 2 );\"><div class=\"fusion-layout-column fusion_builder_column fusion-builder-column-0 fusion_builder_column_1_1 1_1 fusion-flex-column\" style=\"--awb-bg-size:cover;--awb-width-large:100%;--awb-margin-top-large:0px;--awb-spacing-right-large:1.92%;--awb-margin-bottom-large:20px;--awb-spacing-left-large:1.92%;--awb-width-medium:100%;--awb-order-medium:0;--awb-spacing-right-medium:1.92%;--awb-spacing-left-medium:1.92%;--awb-width-small:100%;--awb-order-small:0;--awb-spacing-right-small:1.92%;--awb-spacing-left-small:1.92%;\"><div class=\"fusion-column-wrapper fusion-column-has-shadow fusion-flex-justify-content-flex-start fusion-content-layout-column\"><div class=\"fusion-text fusion-text-1\" style=\"--awb-text-transform:none;\"><p>O aquecimento por indu\u00e7\u00e3o tornou-se o <a href=\"https:\/\/www.focoinduction.com\/heating-methods-for-induction-hardening\/\" target=\"_blank\" rel=\"noopener\">m\u00e9todo<\/a> mais comum <a href=\"https:\/\/www.focoinduction.com\/heating-methods-for-induction-hardening\/\" target=\"_blank\" rel=\"noopener\">para a t\u00eampera de<\/a> v\u00e1rios veios. O aquecimento por indu\u00e7\u00e3o \u00e9 utilizado para aquecer rapidamente o veio de a\u00e7o a 800-1.000 \u00b0C em poucos segundos, seguido de um arrefecimento imediato para endurecer a superf\u00edcie do veio, aumentando a dureza e a resist\u00eancia ao desgaste.<\/p>\n<p><strong>Equipamento:  <\/strong><\/p>\n<p><span style=\"color: #0000ff;\"><a style=\"color: #0000ff;\" href=\"https:\/\/www.focoinduction.com\/pt-br\/produtos\/maquinas-de-endurecimento-por-inducao\/maquina-de-endurecimento-por-inducao-vertical\/\" target=\"_blank\" rel=\"noopener\">M\u00e1quina de endurecimento por indu\u00e7\u00e3o vertical<\/a><\/span><\/p>\n<p>De acordo com os requisitos de profundidade da camada endurecida, utilizaremos uma fonte de alimenta\u00e7\u00e3o de aquecimento por indu\u00e7\u00e3o de <a href=\"https:\/\/www.focoinduction.com\/pt-br\/produtos\/maquinas-de-aquecimento-por-inducao\/maquina-de-aquecimento-por-inducao-de-alta-frequencia\/\" target=\"_blank\" rel=\"noopener\">alta frequ\u00eancia<\/a>, uma <a href=\"https:\/\/www.focoinduction.com\/pt-br\/produtos\/maquinas-de-aquecimento-por-inducao\/maquina-de-aquecimento-por-inducao-de-alta-frequencia\/\" target=\"_blank\" rel=\"noopener\">fonte de alimenta\u00e7\u00e3o de aquecimento por indu\u00e7\u00e3o de m\u00e9dia frequ\u00eancia<\/a> ou uma <a href=\"https:\/\/www.focoinduction.com\/pt-br\/produtos\/maquinas-de-aquecimento-por-inducao\/maquina-de-aquecimento-por-inducao-de-frequencia-ultra-alta\/\" target=\"_blank\" rel=\"noopener\">fonte de alimenta\u00e7\u00e3o de aquecimento por indu\u00e7\u00e3o de frequ\u00eancia ultra-alta<\/a>.<\/p>\n<p>Al\u00e9m disso, podemos equip\u00e1-lo com um sistema de arrefecimento a \u00e1gua incorporado.<\/p>\n<p><strong>Benef\u00edcios:<\/strong><\/p>\n<ul>\n<li>Em compara\u00e7\u00e3o com os fornos convencionais, o endurecimento por indu\u00e7\u00e3o \u00e9 mais r\u00e1pido, em m\u00e9dia, com apenas alguns segundos ou minutos por eixo.<\/li>\n<li>Os sistemas de endurecimento por indu\u00e7\u00e3o podem ser integrados na linha de produ\u00e7\u00e3o para automatizar todo o processo de produ\u00e7\u00e3o.<\/li>\n<li>Garantia de repetibilidade e de coer\u00eancia dos resultados.<\/li>\n<li>Todo o processo de aquecimento \u00e9 control\u00e1vel.<\/li>\n<\/ul>\n<p>Leia mais sobre <a href=\"https:\/\/www.focoinduction.com\/pt-br\/aplicacoes\/endurecimento-por-inducao\/\" target=\"_blank\" rel=\"noopener\">as aplica\u00e7\u00f5es de endurecimento por indu\u00e7\u00e3o<\/a>.<\/p>\n<\/div><\/div><\/div><\/div><\/div><div class=\"fusion-fullwidth fullwidth-box fusion-builder-row-2 fusion-flex-container nonhundred-percent-fullwidth non-hundred-percent-height-scrolling\" style=\"--awb-border-radius-top-left:0px;--awb-border-radius-top-right:0px;--awb-border-radius-bottom-right:0px;--awb-border-radius-bottom-left:0px;--awb-flex-wrap:wrap;\" ><div class=\"fusion-builder-row fusion-row fusion-flex-align-items-flex-start fusion-flex-content-wrap\" style=\"max-width:1248px;margin-left: calc(-4% \/ 2 );margin-right: calc(-4% \/ 2 );\"><div class=\"fusion-layout-column fusion_builder_column fusion-builder-column-1 fusion_builder_column_1_1 1_1 fusion-flex-column\" style=\"--awb-bg-size:cover;--awb-width-large:100%;--awb-margin-top-large:0px;--awb-spacing-right-large:1.92%;--awb-margin-bottom-large:0px;--awb-spacing-left-large:1.92%;--awb-width-medium:100%;--awb-order-medium:0;--awb-spacing-right-medium:1.92%;--awb-spacing-left-medium:1.92%;--awb-width-small:100%;--awb-order-small:0;--awb-spacing-right-small:1.92%;--awb-spacing-left-small:1.92%;\"><div class=\"fusion-column-wrapper fusion-column-has-shadow fusion-flex-justify-content-flex-start fusion-content-layout-column\"><div class=\"fusion-text fusion-text-2\" style=\"--awb-font-size:24px;--awb-text-transform:none;\"><p><strong>Galeria de eixos de endurecimento por indu\u00e7\u00e3o<\/strong><\/p>\n<\/div><\/div><\/div><div class=\"fusion-layout-column fusion_builder_column fusion-builder-column-2 fusion_builder_column_1_3 1_3 fusion-flex-column\" style=\"--awb-bg-size:cover;--awb-width-large:33.333333333333%;--awb-margin-top-large:0px;--awb-spacing-right-large:15px;--awb-margin-bottom-large:0px;--awb-spacing-left-large:0px;--awb-width-medium:33.333333333333%;--awb-order-medium:0;--awb-spacing-right-medium:15px;--awb-spacing-left-medium:0px;--awb-width-small:100%;--awb-order-small:0;--awb-spacing-right-small:1.92%;--awb-spacing-left-small:1.92%;\"><div class=\"fusion-column-wrapper fusion-column-has-shadow fusion-flex-justify-content-flex-start fusion-content-layout-column\"><div class=\"fusion-image-element \" style=\"text-align:center;--awb-max-width:270px;--awb-caption-title-font-family:var(--h2_typography-font-family);--awb-caption-title-font-weight:var(--h2_typography-font-weight);--awb-caption-title-font-style:var(--h2_typography-font-style);--awb-caption-title-size:var(--h2_typography-font-size);--awb-caption-title-transform:var(--h2_typography-text-transform);--awb-caption-title-line-height:var(--h2_typography-line-height);--awb-caption-title-letter-spacing:var(--h2_typography-letter-spacing);\"><span class=\" fusion-imageframe imageframe-none imageframe-1 hover-type-none\"><a href=\"https:\/\/www.focoinduction.com\/wp-content\/uploads\/2022\/04\/hardening-of-large-steel-shaft.jpg\" class=\"fusion-lightbox\" data-rel=\"iLightbox[endurecimento de grandes veios de a\u00e7o]\" data-caption=\"hardening of large steel shaft\" data-title=\"hardening of large steel shaft\" title=\"hardening of large steel shaft\"><img decoding=\"async\" width=\"600\" height=\"400\" alt=\"endurecimento de grandes veios de a\u00e7o\" src=\"https:\/\/www.focoinduction.com\/wp-content\/uploads\/2022\/04\/hardening-of-large-steel-shaft.jpg\" class=\"img-responsive wp-image-3864\" srcset=\"https:\/\/www.focoinduction.com\/wp-content\/uploads\/2022\/04\/hardening-of-large-steel-shaft-200x133.jpg 200w, https:\/\/www.focoinduction.com\/wp-content\/uploads\/2022\/04\/hardening-of-large-steel-shaft-400x267.jpg 400w, https:\/\/www.focoinduction.com\/wp-content\/uploads\/2022\/04\/hardening-of-large-steel-shaft.jpg 600w\" sizes=\"(max-width: 768px) 100vw, 400px\" \/><\/a><\/span><\/div><div class=\"fusion-text fusion-text-3\" style=\"--awb-font-size:14px;--awb-text-transform:none;\"><p>Endurecimento de grandes veios de a\u00e7o<\/p>\n<\/div><\/div><\/div><div class=\"fusion-layout-column fusion_builder_column fusion-builder-column-3 fusion_builder_column_1_3 1_3 fusion-flex-column\" style=\"--awb-bg-size:cover;--awb-width-large:33.333333333333%;--awb-margin-top-large:0px;--awb-spacing-right-large:15px;--awb-margin-bottom-large:0px;--awb-spacing-left-large:0px;--awb-width-medium:33.333333333333%;--awb-order-medium:0;--awb-spacing-right-medium:15px;--awb-spacing-left-medium:0px;--awb-width-small:100%;--awb-order-small:0;--awb-spacing-right-small:1.92%;--awb-spacing-left-small:1.92%;\"><div class=\"fusion-column-wrapper fusion-column-has-shadow fusion-flex-justify-content-flex-start fusion-content-layout-column\"><div class=\"fusion-image-element \" style=\"text-align:center;--awb-max-width:270px;--awb-caption-title-font-family:var(--h2_typography-font-family);--awb-caption-title-font-weight:var(--h2_typography-font-weight);--awb-caption-title-font-style:var(--h2_typography-font-style);--awb-caption-title-size:var(--h2_typography-font-size);--awb-caption-title-transform:var(--h2_typography-text-transform);--awb-caption-title-line-height:var(--h2_typography-line-height);--awb-caption-title-letter-spacing:var(--h2_typography-letter-spacing);\"><span class=\" fusion-imageframe imageframe-none imageframe-2 hover-type-none\"><a href=\"https:\/\/www.focoinduction.com\/wp-content\/uploads\/2022\/04\/hardening-of-shaft-with-induction-heating.jpg\" class=\"fusion-lightbox\" data-rel=\"iLightbox[endurecimento do veio com aquecimento por indu\u00e7\u00e3o]\" data-caption=\"hardening of shaft with induction heating\" data-title=\"hardening of shaft with induction heating\" title=\"hardening of shaft with induction heating\"><img decoding=\"async\" width=\"600\" height=\"400\" alt=\"endurecimento do veio com aquecimento por indu\u00e7\u00e3o\" src=\"https:\/\/www.focoinduction.com\/wp-content\/uploads\/2022\/04\/hardening-of-shaft-with-induction-heating.jpg\" class=\"img-responsive wp-image-3868\" srcset=\"https:\/\/www.focoinduction.com\/wp-content\/uploads\/2022\/04\/hardening-of-shaft-with-induction-heating-200x133.jpg 200w, https:\/\/www.focoinduction.com\/wp-content\/uploads\/2022\/04\/hardening-of-shaft-with-induction-heating-400x267.jpg 400w, https:\/\/www.focoinduction.com\/wp-content\/uploads\/2022\/04\/hardening-of-shaft-with-induction-heating.jpg 600w\" sizes=\"(max-width: 768px) 100vw, 400px\" \/><\/a><\/span><\/div><div class=\"fusion-text fusion-text-4\" style=\"--awb-font-size:14px;--awb-text-transform:none;\"><p>Endurecimento do veio com aquecimento por indu\u00e7\u00e3o<\/p>\n<\/div><\/div><\/div><div class=\"fusion-layout-column fusion_builder_column fusion-builder-column-4 fusion_builder_column_1_3 1_3 fusion-flex-column\" style=\"--awb-bg-size:cover;--awb-width-large:33.333333333333%;--awb-margin-top-large:0px;--awb-spacing-right-large:15px;--awb-margin-bottom-large:0px;--awb-spacing-left-large:0px;--awb-width-medium:33.333333333333%;--awb-order-medium:0;--awb-spacing-right-medium:15px;--awb-spacing-left-medium:0px;--awb-width-small:100%;--awb-order-small:0;--awb-spacing-right-small:1.92%;--awb-spacing-left-small:1.92%;\"><div class=\"fusion-column-wrapper fusion-column-has-shadow fusion-flex-justify-content-flex-start fusion-content-layout-column\"><div class=\"fusion-image-element \" style=\"text-align:center;--awb-max-width:270px;--awb-caption-title-font-family:var(--h2_typography-font-family);--awb-caption-title-font-weight:var(--h2_typography-font-weight);--awb-caption-title-font-style:var(--h2_typography-font-style);--awb-caption-title-size:var(--h2_typography-font-size);--awb-caption-title-transform:var(--h2_typography-text-transform);--awb-caption-title-line-height:var(--h2_typography-line-height);--awb-caption-title-letter-spacing:var(--h2_typography-letter-spacing);\"><span class=\" fusion-imageframe imageframe-none imageframe-3 hover-type-none\"><a href=\"https:\/\/www.focoinduction.com\/wp-content\/uploads\/2022\/04\/hardening-of-steel-shaft.jpg\" class=\"fusion-lightbox\" data-rel=\"iLightbox[endurecimento do veio de a\u00e7o]\" data-caption=\"hardening of steel shaft\" data-title=\"hardening of steel shaft\" title=\"hardening of steel shaft\"><img decoding=\"async\" width=\"600\" height=\"400\" alt=\"endurecimento do veio de a\u00e7o\" src=\"https:\/\/www.focoinduction.com\/wp-content\/uploads\/2022\/04\/hardening-of-steel-shaft.jpg\" class=\"img-responsive wp-image-3872\" srcset=\"https:\/\/www.focoinduction.com\/wp-content\/uploads\/2022\/04\/hardening-of-steel-shaft-200x133.jpg 200w, https:\/\/www.focoinduction.com\/wp-content\/uploads\/2022\/04\/hardening-of-steel-shaft-400x267.jpg 400w, https:\/\/www.focoinduction.com\/wp-content\/uploads\/2022\/04\/hardening-of-steel-shaft.jpg 600w\" sizes=\"(max-width: 768px) 100vw, 400px\" \/><\/a><\/span><\/div><div class=\"fusion-text fusion-text-5\" style=\"--awb-font-size:14px;--awb-text-transform:none;\"><p>Endurecimento do veio de a\u00e7o<\/p>\n<\/div><\/div><\/div><div class=\"fusion-layout-column fusion_builder_column fusion-builder-column-5 fusion_builder_column_1_3 1_3 fusion-flex-column\" style=\"--awb-bg-size:cover;--awb-width-large:33.333333333333%;--awb-margin-top-large:0px;--awb-spacing-right-large:15px;--awb-margin-bottom-large:0px;--awb-spacing-left-large:0px;--awb-width-medium:33.333333333333%;--awb-order-medium:0;--awb-spacing-right-medium:15px;--awb-spacing-left-medium:0px;--awb-width-small:100%;--awb-order-small:0;--awb-spacing-right-small:1.92%;--awb-spacing-left-small:1.92%;\"><div class=\"fusion-column-wrapper fusion-column-has-shadow fusion-flex-justify-content-flex-start fusion-content-layout-column\"><div class=\"fusion-image-element \" style=\"text-align:center;--awb-max-width:270px;--awb-caption-title-font-family:var(--h2_typography-font-family);--awb-caption-title-font-weight:var(--h2_typography-font-weight);--awb-caption-title-font-style:var(--h2_typography-font-style);--awb-caption-title-size:var(--h2_typography-font-size);--awb-caption-title-transform:var(--h2_typography-text-transform);--awb-caption-title-line-height:var(--h2_typography-line-height);--awb-caption-title-letter-spacing:var(--h2_typography-letter-spacing);\"><span class=\" fusion-imageframe imageframe-none imageframe-4 hover-type-none\"><a href=\"https:\/\/www.focoinduction.com\/wp-content\/uploads\/2022\/04\/shaft-scan-hardening.jpg\" class=\"fusion-lightbox\" data-rel=\"iLightbox[endurecimento por varrimento do veio]\" data-caption=\"shaft scan hardening\" data-title=\"shaft scan hardening\" title=\"shaft scan hardening\"><img decoding=\"async\" width=\"600\" height=\"400\" alt=\"endurecimento por varrimento do veio\" src=\"https:\/\/www.focoinduction.com\/wp-content\/uploads\/2022\/04\/shaft-scan-hardening.jpg\" class=\"img-responsive wp-image-3876\" srcset=\"https:\/\/www.focoinduction.com\/wp-content\/uploads\/2022\/04\/shaft-scan-hardening-200x133.jpg 200w, https:\/\/www.focoinduction.com\/wp-content\/uploads\/2022\/04\/shaft-scan-hardening-400x267.jpg 400w, https:\/\/www.focoinduction.com\/wp-content\/uploads\/2022\/04\/shaft-scan-hardening.jpg 600w\" sizes=\"(max-width: 768px) 100vw, 400px\" \/><\/a><\/span><\/div><div class=\"fusion-text fusion-text-6\" style=\"--awb-font-size:14px;--awb-text-transform:none;\"><p>Endurecimento por varrimento do veio<\/p>\n<\/div><\/div><\/div><div class=\"fusion-layout-column fusion_builder_column fusion-builder-column-6 fusion_builder_column_1_3 1_3 fusion-flex-column\" style=\"--awb-bg-size:cover;--awb-width-large:33.333333333333%;--awb-margin-top-large:0px;--awb-spacing-right-large:15px;--awb-margin-bottom-large:0px;--awb-spacing-left-large:0px;--awb-width-medium:33.333333333333%;--awb-order-medium:0;--awb-spacing-right-medium:15px;--awb-spacing-left-medium:0px;--awb-width-small:100%;--awb-order-small:0;--awb-spacing-right-small:1.92%;--awb-spacing-left-small:1.92%;\"><div class=\"fusion-column-wrapper fusion-column-has-shadow fusion-flex-justify-content-flex-start fusion-content-layout-column\"><div class=\"fusion-image-element \" style=\"text-align:center;--awb-max-width:270px;--awb-caption-title-font-family:var(--h2_typography-font-family);--awb-caption-title-font-weight:var(--h2_typography-font-weight);--awb-caption-title-font-style:var(--h2_typography-font-style);--awb-caption-title-size:var(--h2_typography-font-size);--awb-caption-title-transform:var(--h2_typography-text-transform);--awb-caption-title-line-height:var(--h2_typography-line-height);--awb-caption-title-letter-spacing:var(--h2_typography-letter-spacing);\"><span class=\" fusion-imageframe imageframe-none imageframe-5 hover-type-none\"><a href=\"https:\/\/www.focoinduction.com\/wp-content\/uploads\/2022\/04\/shaft-hardening-with-horizontal-induction-hardening-machine.jpg\" class=\"fusion-lightbox\" data-rel=\"iLightbox[endurecimento de eixos com m\u00e1quina de endurecimento por indu\u00e7\u00e3o horizontal]\" data-caption=\"shaft hardening with horizontal induction hardening machine\" data-title=\"shaft hardening with horizontal induction hardening machine\" title=\"shaft hardening with horizontal induction hardening machine\"><img decoding=\"async\" width=\"600\" height=\"400\" alt=\"endurecimento de eixos com m\u00e1quina de endurecimento por indu\u00e7\u00e3o horizontal\" src=\"https:\/\/www.focoinduction.com\/wp-content\/uploads\/2022\/04\/shaft-hardening-with-horizontal-induction-hardening-machine.jpg\" class=\"img-responsive wp-image-3880\" srcset=\"https:\/\/www.focoinduction.com\/wp-content\/uploads\/2022\/04\/shaft-hardening-with-horizontal-induction-hardening-machine-200x133.jpg 200w, https:\/\/www.focoinduction.com\/wp-content\/uploads\/2022\/04\/shaft-hardening-with-horizontal-induction-hardening-machine-400x267.jpg 400w, https:\/\/www.focoinduction.com\/wp-content\/uploads\/2022\/04\/shaft-hardening-with-horizontal-induction-hardening-machine.jpg 600w\" sizes=\"(max-width: 768px) 100vw, 400px\" \/><\/a><\/span><\/div><div class=\"fusion-text fusion-text-7\" style=\"--awb-font-size:14px;--awb-text-transform:none;\"><p>Endurecimento de eixos com m\u00e1quina de endurecimento por indu\u00e7\u00e3o horizontal<\/p>\n<\/div><\/div><\/div><\/div><\/div><\/p>\n","protected":false},"excerpt":{"rendered":"","protected":false},"author":1,"featured_media":3860,"parent":5837,"menu_order":0,"comment_status":"closed","ping_status":"closed","template":"","meta":{"footnotes":""},"class_list":["post-5896","page","type-page","status-publish","has-post-thumbnail","hentry"],"_links":{"self":[{"href":"https:\/\/www.focoinduction.com\/pt-br\/wp-json\/wp\/v2\/pages\/5896","targetHints":{"allow":["GET"]}}],"collection":[{"href":"https:\/\/www.focoinduction.com\/pt-br\/wp-json\/wp\/v2\/pages"}],"about":[{"href":"https:\/\/www.focoinduction.com\/pt-br\/wp-json\/wp\/v2\/types\/page"}],"author":[{"embeddable":true,"href":"https:\/\/www.focoinduction.com\/pt-br\/wp-json\/wp\/v2\/users\/1"}],"replies":[{"embeddable":true,"href":"https:\/\/www.focoinduction.com\/pt-br\/wp-json\/wp\/v2\/comments?post=5896"}],"version-history":[{"count":0,"href":"https:\/\/www.focoinduction.com\/pt-br\/wp-json\/wp\/v2\/pages\/5896\/revisions"}],"up":[{"embeddable":true,"href":"https:\/\/www.focoinduction.com\/pt-br\/wp-json\/wp\/v2\/pages\/5837"}],"wp:featuredmedia":[{"embeddable":true,"href":"https:\/\/www.focoinduction.com\/pt-br\/wp-json\/wp\/v2\/media\/3860"}],"wp:attachment":[{"href":"https:\/\/www.focoinduction.com\/pt-br\/wp-json\/wp\/v2\/media?parent=5896"}],"curies":[{"name":"wp","href":"https:\/\/api.w.org\/{rel}","templated":true}]}}